{"id":35,"date":"2021-05-04T08:14:24","date_gmt":"2021-05-04T06:14:24","guid":{"rendered":"https:\/\/portale.unime.it\/modellopersona\/?page_id=35"},"modified":"2026-02-16T14:40:13","modified_gmt":"2026-02-16T13:40:13","slug":"contatti","status":"publish","type":"page","link":"https:\/\/portale2.unime.it\/pluralismi\/contatti\/","title":{"rendered":"CONTATTI"},"content":{"rendered":"\t\t<div data-elementor-type=\"wp-page\" data-elementor-id=\"35\" class=\"elementor elementor-35\">\n\t\t\t\t\t\t<section class=\"elementor-section elementor-top-section elementor-element elementor-element-4e28ad8a elementor-section-boxed elementor-section-height-default elementor-section-height-default\" data-id=\"4e28ad8a\" data-element_type=\"section\" data-e-type=\"section\" data-settings=\"{&quot;background_background&quot;:&quot;classic&quot;}\">\n\t\t\t\t\t\t\t<div class=\"elementor-background-overlay\"><\/div>\n\t\t\t\t\t\t\t<div class=\"elementor-container elementor-column-gap-default\">\n\t\t\t\t\t<div class=\"elementor-column elementor-col-100 elementor-top-column elementor-element elementor-element-2a7225c6\" data-id=\"2a7225c6\" data-element_type=\"column\" data-e-type=\"column\">\n\t\t\t<div class=\"elementor-widget-wrap elementor-element-populated\">\n\t\t\t\t\t\t<div class=\"elementor-element elementor-element-50019e58 elementor-invisible elementor-widget elementor-widget-heading\" data-id=\"50019e58\" data-element_type=\"widget\" data-e-type=\"widget\" data-settings=\"{&quot;_animation&quot;:&quot;fadeInDown&quot;}\" data-widget_type=\"heading.default\">\n\t\t\t\t<div class=\"elementor-widget-container\">\n\t\t\t\t\t<h2 class=\"elementor-heading-title elementor-size-default\"><br><br>   CONTATTI<br><br><br><\/h2>\t\t\t\t<\/div>\n\t\t\t\t<\/div>\n\t\t\t\t\t<\/div>\n\t\t<\/div>\n\t\t\t\t\t<\/div>\n\t\t<\/section>\n\t\t\t\t<section class=\"elementor-section elementor-top-section elementor-element elementor-element-140efe3a elementor-section-boxed elementor-section-height-default elementor-section-height-default\" data-id=\"140efe3a\" data-element_type=\"section\" data-e-type=\"section\">\n\t\t\t\t\t\t<div class=\"elementor-container elementor-column-gap-default\">\n\t\t\t\t\t<div class=\"elementor-column elementor-col-100 elementor-top-column elementor-element elementor-element-5813c687\" data-id=\"5813c687\" data-element_type=\"column\" data-e-type=\"column\">\n\t\t\t<div class=\"elementor-widget-wrap elementor-element-populated\">\n\t\t\t\t\t\t<section class=\"elementor-section elementor-inner-section elementor-element elementor-element-95308d1 elementor-section-boxed elementor-section-height-default elementor-section-height-default\" data-id=\"95308d1\" data-element_type=\"section\" data-e-type=\"section\">\n\t\t\t\t\t\t\t<div class=\"elementor-background-overlay\"><\/div>\n\t\t\t\t\t\t\t<div class=\"elementor-container elementor-column-gap-default\">\n\t\t\t\t\t<div class=\"elementor-column elementor-col-100 elementor-inner-column elementor-element elementor-element-32bc9ad7\" data-id=\"32bc9ad7\" data-element_type=\"column\" data-e-type=\"column\">\n\t\t\t<div class=\"elementor-widget-wrap elementor-element-populated\">\n\t\t\t\t\t\t<div class=\"elementor-element elementor-element-39b592dd elementor-widget elementor-widget-heading\" data-id=\"39b592dd\" data-element_type=\"widget\" data-e-type=\"widget\" data-widget_type=\"heading.default\">\n\t\t\t\t<div class=\"elementor-widget-container\">\n\t\t\t\t\t<h3 class=\"elementor-heading-title elementor-size-default\">PARTECIPA<\/h3>\t\t\t\t<\/div>\n\t\t\t\t<\/div>\n\t\t\t\t<div class=\"elementor-element elementor-element-3a8113e5 elementor-widget elementor-widget-text-editor\" data-id=\"3a8113e5\" data-element_type=\"widget\" data-e-type=\"widget\" data-widget_type=\"text-editor.default\">\n\t\t\t\t<div class=\"elementor-widget-container\">\n\t\t\t\t\t\t\t\t\t<p><span style=\"font-size: 12pt\">La partecipazione agli incontri \u00e8 &nbsp;aperta a tutte e a tutti gli interessati al tema, prevista nelle modalit\u00e0 in presenza e\/o on-line (previa iscrizione).<\/span><\/p>\n<ul>\n<li><span style=\"font-size: 12pt\">Gli eventi previsti on-line si svolgeranno sulla piattaforma Microsoft Teams dell\u2019&nbsp;<a href=\"https:\/\/www.unime.it\/it\">Universit\u00e0 di Messina<\/a>,&nbsp;per seguire le attivit\u00e0 seminariali baster\u00e0 collegarsi tramite i link dei singoli incontri indicati nella sezione programma.<\/span><br><span style=\"font-size: 12pt\">Tutte le news saranno pubblicate sulla pagina&nbsp;<a href=\"https:\/\/www.facebook.com\/Pluralismi-347332496339191\">Facebook Pluralismi<\/a>&nbsp;dedicata all\u201diniziativa e sulla sezione \u201cagenda \u2013 tutti gli eventi\u201d del&nbsp;<a href=\"https:\/\/www.unime.it\/it\/dipartimenti\/cospecs\">Dipartimento di Scienze Cognitive, Psic<span style=\"font-size: 12pt\">ologiche, Pedagogiche e Studi Culturali<\/span><\/a>.<\/span><\/li>\n<li><span style=\"font-size: 12pt\">Le\/gli Assistenti sociali iscritte\/i all&#8217;&nbsp;<a href=\"https:\/\/www.croas-sicilia.it\" target=\"_blank\" rel=\"noopener\">Ordine professionale<\/a>&nbsp;interessate\/i a iscriversi possono fare richiesta tramite mail comunicando Nome\/Cognome e Codice Fiscale&nbsp;<\/span><span style=\"font-size: 16px\">alla dott.ssa Antonella Cardile&nbsp;<\/span><span style=\"font-size: 16px\">al seguente indirizzo: acardile@unime.it.<\/span><\/li>\n<\/ul>\n<ul>\n<li><span style=\"font-size: 12pt\">Gli studenti e le studentesse del Dipartimento COSPECS interessati\/e a partecipare possono fare richiesta tramite mail alla dott.ssa Antonella Cardile al seguente indirizzo: acardile@unime.it. Il riconoscimento CFU avviene secondo le modalit\u00e0 stabilite dalla Commissione didattica del Dipartimento COSPECS.<\/span><\/li>\n<li><font size=\"3\">Per partecipare agli incontri previsti on-line \u00e8 necessario accedere alla piattaforma Microsoft Teams (i link sono disponibili sul sito di Pluralismi).<\/font><br><span style=\"font-size: 12pt\">Non sar\u00e0 possibile verificare la presenza se si accede da altri canali o senza preliminare registrazione che va effettuata solo una volta e non ripetuta per ogni incontro.<\/span><\/li>\n<\/ul>\n<div><span style=\"font-family: -apple-system, BlinkMacSystemFont, Segoe UI, Roboto, Oxygen-Sans, Ubuntu, Cantarell, Helvetica Neue, sans-serif;font-size: medium\">&nbsp;<\/span><\/div>\n<div><span style=\"font-size: 14pt\"><span style=\"font-family: -apple-system, BlinkMacSystemFont, 'Segoe UI', Roboto, Oxygen-Sans, Ubuntu, Cantarell, 'Helvetica Neue', sans-serif\">&nbsp;<\/span><\/span><\/div>\t\t\t\t\t\t\t\t<\/div>\n\t\t\t\t<\/div>\n\t\t\t\t\t<\/div>\n\t\t<\/div>\n\t\t\t\t\t<\/div>\n\t\t<\/section>\n\t\t\t\t\t<\/div>\n\t\t<\/div>\n\t\t\t\t\t<\/div>\n\t\t<\/section>\n\t\t\t\t<\/div>\n\t\t","protected":false},"excerpt":{"rendered":"<p>CONTATTI PARTECIPA La partecipazione agli incontri \u00e8 &nbsp;aperta a tutte e a tutti gli interessati al tema, prevista nelle modalit\u00e0 in presenza e\/o on-line (previa iscrizione). Gli eventi previsti on-line si svolgeranno sulla piattaforma Microsoft Teams dell\u2019&nbsp;Universit\u00e0 di Messina,&nbsp;per seguire le attivit\u00e0 seminariali baster\u00e0 collegarsi tramite i link dei singoli incontri indicati nella sezione programma.Tutte&hellip; <a class=\"more-link\" href=\"https:\/\/portale2.unime.it\/pluralismi\/contatti\/\">Continua a leggere <span class=\"screen-reader-text\">CONTATTI<\/span><\/a><\/p>\n","protected":false},"author":1,"featured_media":0,"parent":0,"menu_order":0,"comment_status":"closed","ping_status":"closed","template":"elementor_header_footer","meta":{"footnotes":""},"class_list":["post-35","page","type-page","status-publish","hentry","entry"],"yoast_head":"<!-- This site is optimized with the Yoast SEO plugin v27.4 - https:\/\/yoast.com\/product\/yoast-seo-wordpress\/ -->\n<title>CONTATTI - Pluralismi<\/title>\n<meta name=\"robots\" content=\"index, follow, max-snippet:-1, max-image-preview:large, max-video-preview:-1\" \/>\n<link rel=\"canonical\" href=\"https:\/\/portale2.unime.it\/pluralismi\/contatti\/\" \/>\n<meta property=\"og:locale\" content=\"it_IT\" \/>\n<meta property=\"og:type\" content=\"article\" \/>\n<meta property=\"og:title\" content=\"CONTATTI - Pluralismi\" \/>\n<meta property=\"og:description\" content=\"CONTATTI PARTECIPA La partecipazione agli incontri \u00e8 &nbsp;aperta a tutte e a tutti gli interessati al tema, prevista nelle modalit\u00e0 in presenza e\/o on-line (previa iscrizione). Gli eventi previsti on-line si svolgeranno sulla piattaforma Microsoft Teams dell\u2019&nbsp;Universit\u00e0 di Messina,&nbsp;per seguire le attivit\u00e0 seminariali baster\u00e0 collegarsi tramite i link dei singoli incontri indicati nella sezione programma.Tutte&hellip; Continua a leggere CONTATTI\" \/>\n<meta property=\"og:url\" content=\"https:\/\/portale2.unime.it\/pluralismi\/contatti\/\" \/>\n<meta property=\"og:site_name\" content=\"Pluralismi\" \/>\n<meta property=\"article:modified_time\" content=\"2026-02-16T13:40:13+00:00\" \/>\n<meta name=\"twitter:card\" content=\"summary_large_image\" \/>\n<meta name=\"twitter:label1\" content=\"Tempo di lettura stimato\" \/>\n\t<meta name=\"twitter:data1\" content=\"2 minuti\" \/>\n<script type=\"application\/ld+json\" class=\"yoast-schema-graph\">{\"@context\":\"https:\\\/\\\/schema.org\",\"@graph\":[{\"@type\":\"WebPage\",\"@id\":\"https:\\\/\\\/portale2.unime.it\\\/pluralismi\\\/contatti\\\/\",\"url\":\"https:\\\/\\\/portale2.unime.it\\\/pluralismi\\\/contatti\\\/\",\"name\":\"CONTATTI - Pluralismi\",\"isPartOf\":{\"@id\":\"https:\\\/\\\/pluralismi.unime.it\\\/#website\"},\"datePublished\":\"2021-05-04T06:14:24+00:00\",\"dateModified\":\"2026-02-16T13:40:13+00:00\",\"breadcrumb\":{\"@id\":\"https:\\\/\\\/portale2.unime.it\\\/pluralismi\\\/contatti\\\/#breadcrumb\"},\"inLanguage\":\"it-IT\",\"potentialAction\":[{\"@type\":\"ReadAction\",\"target\":[\"https:\\\/\\\/portale2.unime.it\\\/pluralismi\\\/contatti\\\/\"]}]},{\"@type\":\"BreadcrumbList\",\"@id\":\"https:\\\/\\\/portale2.unime.it\\\/pluralismi\\\/contatti\\\/#breadcrumb\",\"itemListElement\":[{\"@type\":\"ListItem\",\"position\":1,\"name\":\"Home\",\"item\":\"https:\\\/\\\/portale2.unime.it\\\/pluralismi\\\/\"},{\"@type\":\"ListItem\",\"position\":2,\"name\":\"CONTATTI\"}]},{\"@type\":\"WebSite\",\"@id\":\"https:\\\/\\\/pluralismi.unime.it\\\/#website\",\"url\":\"https:\\\/\\\/pluralismi.unime.it\\\/\",\"name\":\"Pluralismi\",\"description\":\"\",\"publisher\":{\"@id\":\"https:\\\/\\\/pluralismi.unime.it\\\/#organization\"},\"potentialAction\":[{\"@type\":\"SearchAction\",\"target\":{\"@type\":\"EntryPoint\",\"urlTemplate\":\"https:\\\/\\\/pluralismi.unime.it\\\/?s={search_term_string}\"},\"query-input\":{\"@type\":\"PropertyValueSpecification\",\"valueRequired\":true,\"valueName\":\"search_term_string\"}}],\"inLanguage\":\"it-IT\"},{\"@type\":\"Organization\",\"@id\":\"https:\\\/\\\/pluralismi.unime.it\\\/#organization\",\"name\":\"Pluralismi\",\"url\":\"https:\\\/\\\/pluralismi.unime.it\\\/\",\"logo\":{\"@type\":\"ImageObject\",\"inLanguage\":\"it-IT\",\"@id\":\"https:\\\/\\\/pluralismi.unime.it\\\/#\\\/schema\\\/logo\\\/image\\\/\",\"url\":\"https:\\\/\\\/portale2.unime.it\\\/pluralismi\\\/wp-content\\\/uploads\\\/sites\\\/18\\\/2023\\\/04\\\/logo-pluralismi.png\",\"contentUrl\":\"https:\\\/\\\/portale2.unime.it\\\/pluralismi\\\/wp-content\\\/uploads\\\/sites\\\/18\\\/2023\\\/04\\\/logo-pluralismi.png\",\"width\":386,\"height\":124,\"caption\":\"Pluralismi\"},\"image\":{\"@id\":\"https:\\\/\\\/pluralismi.unime.it\\\/#\\\/schema\\\/logo\\\/image\\\/\"}}]}<\/script>\n<!-- \/ Yoast SEO plugin. -->","yoast_head_json":{"title":"CONTATTI - Pluralismi","robots":{"index":"index","follow":"follow","max-snippet":"max-snippet:-1","max-image-preview":"max-image-preview:large","max-video-preview":"max-video-preview:-1"},"canonical":"https:\/\/portale2.unime.it\/pluralismi\/contatti\/","og_locale":"it_IT","og_type":"article","og_title":"CONTATTI - Pluralismi","og_description":"CONTATTI PARTECIPA La partecipazione agli incontri \u00e8 &nbsp;aperta a tutte e a tutti gli interessati al tema, prevista nelle modalit\u00e0 in presenza e\/o on-line (previa iscrizione). Gli eventi previsti on-line si svolgeranno sulla piattaforma Microsoft Teams dell\u2019&nbsp;Universit\u00e0 di Messina,&nbsp;per seguire le attivit\u00e0 seminariali baster\u00e0 collegarsi tramite i link dei singoli incontri indicati nella sezione programma.Tutte&hellip; Continua a leggere CONTATTI","og_url":"https:\/\/portale2.unime.it\/pluralismi\/contatti\/","og_site_name":"Pluralismi","article_modified_time":"2026-02-16T13:40:13+00:00","twitter_card":"summary_large_image","twitter_misc":{"Tempo di lettura stimato":"2 minuti"},"schema":{"@context":"https:\/\/schema.org","@graph":[{"@type":"WebPage","@id":"https:\/\/portale2.unime.it\/pluralismi\/contatti\/","url":"https:\/\/portale2.unime.it\/pluralismi\/contatti\/","name":"CONTATTI - Pluralismi","isPartOf":{"@id":"https:\/\/pluralismi.unime.it\/#website"},"datePublished":"2021-05-04T06:14:24+00:00","dateModified":"2026-02-16T13:40:13+00:00","breadcrumb":{"@id":"https:\/\/portale2.unime.it\/pluralismi\/contatti\/#breadcrumb"},"inLanguage":"it-IT","potentialAction":[{"@type":"ReadAction","target":["https:\/\/portale2.unime.it\/pluralismi\/contatti\/"]}]},{"@type":"BreadcrumbList","@id":"https:\/\/portale2.unime.it\/pluralismi\/contatti\/#breadcrumb","itemListElement":[{"@type":"ListItem","position":1,"name":"Home","item":"https:\/\/portale2.unime.it\/pluralismi\/"},{"@type":"ListItem","position":2,"name":"CONTATTI"}]},{"@type":"WebSite","@id":"https:\/\/pluralismi.unime.it\/#website","url":"https:\/\/pluralismi.unime.it\/","name":"Pluralismi","description":"","publisher":{"@id":"https:\/\/pluralismi.unime.it\/#organization"},"potentialAction":[{"@type":"SearchAction","target":{"@type":"EntryPoint","urlTemplate":"https:\/\/pluralismi.unime.it\/?s={search_term_string}"},"query-input":{"@type":"PropertyValueSpecification","valueRequired":true,"valueName":"search_term_string"}}],"inLanguage":"it-IT"},{"@type":"Organization","@id":"https:\/\/pluralismi.unime.it\/#organization","name":"Pluralismi","url":"https:\/\/pluralismi.unime.it\/","logo":{"@type":"ImageObject","inLanguage":"it-IT","@id":"https:\/\/pluralismi.unime.it\/#\/schema\/logo\/image\/","url":"https:\/\/portale2.unime.it\/pluralismi\/wp-content\/uploads\/sites\/18\/2023\/04\/logo-pluralismi.png","contentUrl":"https:\/\/portale2.unime.it\/pluralismi\/wp-content\/uploads\/sites\/18\/2023\/04\/logo-pluralismi.png","width":386,"height":124,"caption":"Pluralismi"},"image":{"@id":"https:\/\/pluralismi.unime.it\/#\/schema\/logo\/image\/"}}]}},"_links":{"self":[{"href":"https:\/\/portale2.unime.it\/pluralismi\/wp-json\/wp\/v2\/pages\/35","targetHints":{"allow":["GET"]}}],"collection":[{"href":"https:\/\/portale2.unime.it\/pluralismi\/wp-json\/wp\/v2\/pages"}],"about":[{"href":"https:\/\/portale2.unime.it\/pluralismi\/wp-json\/wp\/v2\/types\/page"}],"author":[{"embeddable":true,"href":"https:\/\/portale2.unime.it\/pluralismi\/wp-json\/wp\/v2\/users\/1"}],"replies":[{"embeddable":true,"href":"https:\/\/portale2.unime.it\/pluralismi\/wp-json\/wp\/v2\/comments?post=35"}],"version-history":[{"count":47,"href":"https:\/\/portale2.unime.it\/pluralismi\/wp-json\/wp\/v2\/pages\/35\/revisions"}],"predecessor-version":[{"id":3627,"href":"https:\/\/portale2.unime.it\/pluralismi\/wp-json\/wp\/v2\/pages\/35\/revisions\/3627"}],"wp:attachment":[{"href":"https:\/\/portale2.unime.it\/pluralismi\/wp-json\/wp\/v2\/media?parent=35"}],"curies":[{"name":"wp","href":"https:\/\/api.w.org\/{rel}","templated":true}]}}