{"id":2728,"date":"2025-01-07T19:59:06","date_gmt":"2025-01-07T18:59:06","guid":{"rendered":"https:\/\/portale2.unime.it\/prinrimigra2017\/?page_id=2728"},"modified":"2025-01-07T19:59:06","modified_gmt":"2025-01-07T18:59:06","slug":"padiglione-vincenzo","status":"publish","type":"page","link":"https:\/\/portale2.unime.it\/prinmidiwork\/padiglione-vincenzo\/","title":{"rendered":"Padiglione Vincenzo"},"content":{"rendered":"\t\t<div data-elementor-type=\"wp-page\" data-elementor-id=\"2728\" class=\"elementor elementor-2728\">\n\t\t\t\t\t\t<section class=\"elementor-section elementor-top-section elementor-element elementor-element-cb36390 elementor-section-boxed elementor-section-height-default elementor-section-height-default\" data-id=\"cb36390\" data-element_type=\"section\" data-e-type=\"section\">\n\t\t\t\t\t\t<div class=\"elementor-container elementor-column-gap-default\">\n\t\t\t\t\t<div class=\"elementor-column elementor-col-100 elementor-top-column elementor-element elementor-element-7ec0c9e\" data-id=\"7ec0c9e\" data-element_type=\"column\" data-e-type=\"column\">\n\t\t\t<div class=\"elementor-widget-wrap\">\n\t\t\t\t\t\t\t<\/div>\n\t\t<\/div>\n\t\t\t\t\t<\/div>\n\t\t<\/section>\n\t\t\t\t<section class=\"elementor-section elementor-top-section elementor-element elementor-element-23fee20 elementor-section-boxed elementor-section-height-default elementor-section-height-default\" data-id=\"23fee20\" data-element_type=\"section\" data-e-type=\"section\" data-settings=\"{&quot;background_background&quot;:&quot;classic&quot;}\">\n\t\t\t\t\t\t\t<div class=\"elementor-background-overlay\"><\/div>\n\t\t\t\t\t\t\t<div class=\"elementor-container elementor-column-gap-default\">\n\t\t\t\t\t<div class=\"elementor-column elementor-col-100 elementor-top-column elementor-element elementor-element-5e60ff1\" data-id=\"5e60ff1\" data-element_type=\"column\" data-e-type=\"column\">\n\t\t\t<div class=\"elementor-widget-wrap elementor-element-populated\">\n\t\t\t\t\t\t<div class=\"elementor-element elementor-element-29f4caa elementor-invisible elementor-widget elementor-widget-heading\" data-id=\"29f4caa\" data-element_type=\"widget\" data-e-type=\"widget\" data-settings=\"{&quot;_animation&quot;:&quot;fadeInDown&quot;}\" data-widget_type=\"heading.default\">\n\t\t\t\t<div class=\"elementor-widget-container\">\n\t\t\t\t\t<h2 class=\"elementor-heading-title elementor-size-default\"><br><br>VINCENZO <span>PADIGLIONE<\/span><br><br><\/h2>\t\t\t\t<\/div>\n\t\t\t\t<\/div>\n\t\t\t\t\t<\/div>\n\t\t<\/div>\n\t\t\t\t\t<\/div>\n\t\t<\/section>\n\t\t\t\t<section class=\"elementor-section elementor-top-section elementor-element elementor-element-c26f4a1 elementor-section-boxed elementor-section-height-default elementor-section-height-default\" data-id=\"c26f4a1\" data-element_type=\"section\" data-e-type=\"section\">\n\t\t\t\t\t\t<div class=\"elementor-container elementor-column-gap-default\">\n\t\t\t\t\t<div class=\"elementor-column elementor-col-50 elementor-top-column elementor-element elementor-element-ccd0b80\" data-id=\"ccd0b80\" data-element_type=\"column\" data-e-type=\"column\">\n\t\t\t<div class=\"elementor-widget-wrap elementor-element-populated\">\n\t\t\t\t\t\t<div class=\"elementor-element elementor-element-2f49aa4 elementor-widget elementor-widget-image\" data-id=\"2f49aa4\" data-element_type=\"widget\" data-e-type=\"widget\" data-widget_type=\"image.default\">\n\t\t\t\t<div class=\"elementor-widget-container\">\n\t\t\t\t\t\t\t\t\t\t\t\t\t\t\t<img decoding=\"async\" src=\"https:\/\/portale2.unime.it\/prinrimigra2017\/wp-content\/uploads\/sites\/73\/2025\/01\/14-Padiglione.jpg\" title=\"\" alt=\"\" loading=\"lazy\" \/>\t\t\t\t\t\t\t\t\t\t\t\t\t\t\t<\/div>\n\t\t\t\t<\/div>\n\t\t\t\t<section class=\"elementor-section elementor-inner-section elementor-element elementor-element-f5e9b62 elementor-section-boxed elementor-section-height-default elementor-section-height-default\" data-id=\"f5e9b62\" data-element_type=\"section\" data-e-type=\"section\">\n\t\t\t\t\t\t<div class=\"elementor-container elementor-column-gap-default\">\n\t\t\t\t\t<div class=\"elementor-column elementor-col-50 elementor-inner-column elementor-element elementor-element-3a668dc\" data-id=\"3a668dc\" data-element_type=\"column\" data-e-type=\"column\">\n\t\t\t<div class=\"elementor-widget-wrap elementor-element-populated\">\n\t\t\t\t\t\t<div class=\"elementor-element elementor-element-3827ade elementor-view-default elementor-widget elementor-widget-icon\" data-id=\"3827ade\" data-element_type=\"widget\" data-e-type=\"widget\" data-widget_type=\"icon.default\">\n\t\t\t\t<div class=\"elementor-widget-container\">\n\t\t\t\t\t\t\t<div class=\"elementor-icon-wrapper\">\n\t\t\t<div class=\"elementor-icon\">\n\t\t\t<svg aria-hidden=\"true\" class=\"e-font-icon-svg e-far-envelope\" viewBox=\"0 0 512 512\" xmlns=\"http:\/\/www.w3.org\/2000\/svg\"><path d=\"M464 64H48C21.49 64 0 85.49 0 112v288c0 26.51 21.49 48 48 48h416c26.51 0 48-21.49 48-48V112c0-26.51-21.49-48-48-48zm0 48v40.805c-22.422 18.259-58.168 46.651-134.587 106.49-16.841 13.247-50.201 45.072-73.413 44.701-23.208.375-56.579-31.459-73.413-44.701C106.18 199.465 70.425 171.067 48 152.805V112h416zM48 400V214.398c22.914 18.251 55.409 43.862 104.938 82.646 21.857 17.205 60.134 55.186 103.062 54.955 42.717.231 80.509-37.199 103.053-54.947 49.528-38.783 82.032-64.401 104.947-82.653V400H48z\"><\/path><\/svg>\t\t\t<\/div>\n\t\t<\/div>\n\t\t\t\t\t\t<\/div>\n\t\t\t\t<\/div>\n\t\t\t\t\t<\/div>\n\t\t<\/div>\n\t\t\t\t<div class=\"elementor-column elementor-col-50 elementor-inner-column elementor-element elementor-element-d05c99a\" data-id=\"d05c99a\" data-element_type=\"column\" data-e-type=\"column\">\n\t\t\t<div class=\"elementor-widget-wrap elementor-element-populated\">\n\t\t\t\t\t\t<div class=\"elementor-element elementor-element-bf5e8aa elementor-widget elementor-widget-heading\" data-id=\"bf5e8aa\" data-element_type=\"widget\" data-e-type=\"widget\" data-widget_type=\"heading.default\">\n\t\t\t\t<div class=\"elementor-widget-container\">\n\t\t\t\t\t<h2 class=\"elementor-heading-title elementor-size-default\"><a href=\"mailto:vincenzo.padiglione@fondazione.uniroma1.it\">vincenzo.padiglione@fondazione.uniroma1.it<\/a><\/h2>\t\t\t\t<\/div>\n\t\t\t\t<\/div>\n\t\t\t\t\t<\/div>\n\t\t<\/div>\n\t\t\t\t\t<\/div>\n\t\t<\/section>\n\t\t\t\t\t<\/div>\n\t\t<\/div>\n\t\t\t\t<div class=\"elementor-column elementor-col-50 elementor-top-column elementor-element elementor-element-256aae9\" data-id=\"256aae9\" data-element_type=\"column\" data-e-type=\"column\">\n\t\t\t<div class=\"elementor-widget-wrap elementor-element-populated\">\n\t\t\t\t\t\t<div class=\"elementor-element elementor-element-b76df65 elementor-widget elementor-widget-text-editor\" data-id=\"b76df65\" data-element_type=\"widget\" data-e-type=\"widget\" data-widget_type=\"text-editor.default\">\n\t\t\t\t<div class=\"elementor-widget-container\">\n\t\t\t\t\t\t\t\t\t<p><strong>Vincenzo Padiglione<\/strong> \u00e8 stato professore ordinario di discipline demoetnoantropologiche alla Sapienza Universit\u00e0 di Roma sino al 2020, e ha insegnato Antropologia culturale, Antropologia museale, Etnografia della comunicazione, Antropologia del patrimonio. Ha tenuto corsi di antropologia e musei presso universit\u00e0 straniere (Brasile, Usa, Spagna, Francia). Ha svolto ricerche nell\u2019area del Mediterraneo sull\u2019identit\u00e0 locale e il patrimonio. \u0116 attualmente docente di Antropologia museale presso la Scuola di Specializzazione in Beni DEA della Facolt\u00e0 di Lettere e Filosofia della Sapienza Universit\u00e0 di Roma e docente di Scenografia e allestimento presso la Scuola di Specializzazione in Beni DEA dell\u2019Universit\u00e0 di Perugia.<\/p><p>Ha progettato e curato l\u2019allestimento dei seguenti musei: <em>l\u2019EtnoMuseo Monti Lepini<\/em> (Roccagorga, Latina); <em>il Museo del Brigantaggio<\/em> (Itri, Latina), <em>Ludus, Il Museo Etnografico del Giocattolo<\/em> (Sezze, Latina), Il <em>Museo delle Scritture<\/em> (Bassiano, Latina), il <em>Museo dell\u2019Infiorata<\/em> (Genzano, Roma). In collaborazione con Fulvia Caruso, il <em>Museo del Brigantaggio dell\u2019Alto Lazio<\/em> (Cellere, Viterbo), e con Vito Lattanzi, il <em>Museo delle Terre di confine<\/em> (Sonnino, Latina).<\/p><p>\u00c8 direttore sin dalla fondazione (2001) della rivista quadrimestrale <em>Antropologia museale<\/em>. Ha realizzato video etnografici e pubblicato numerosi saggi e libri oltre ad aver curato diverse mostre. Nel giugno 2024, ha realizzato l\u2019installazione \u201cAltrove \u00e8 qui\u201d\u00a0per<em> Iper festival delle periferie <\/em>(Testaccio, Roma).<\/p><p>\u00a0<\/p><p><strong>Vincenzo Padiglione<\/strong> was a full professor of demoethnoanthropological disciplines at the University of Rome \u201cLa Sapienza\u201d until 2020, where he taught Cultural Anthropology, Museum Anthropology, Ethnography of Communication, and Anthropology of Heritage. He taught anthropology and museums at foreign universities (Brazil, USA, Spain, France). He has conducted research in the Mediterranean region on local identity and heritage. He is currently a professor of Museum Anthropology at the School of Specialization in DEA Heritage at the Faculty of Arts and Philosophy of the University of Rome \u201cLa Sapienza\u201d and a professor of Stage Design and Exhibition at the School of Specialization in DEA Heritage at the University of Perugia. He has designed and curated exhibitions for the following museums: the EthnoMuseum of Monti Lepini (Roccagorga, Latina); the Museum of Brigandage (Itri, Latina); Ludus, the Museum of Toy Ethnography (Sezze, Latina); the Museum of Writing (Bassiano, Latina); the Museum of Infiorata (Genzano, Rome). In collaboration with Fulvia Caruso, he curated the Museum of Brigandage of Alto Lazio (Cellere, Viterbo), and with Vito Lattanzi, the Museum of Borderlands (Sonnino, Latina). Since its foundation in 2001, he has been the director of the quarterly journal <em>Antropologia Museale<\/em>. He has produced ethnographic videos and published numerous essays and books and curated several exhibitions. In June 2024, he created the installation <em>Altrove \u00e8 qui<\/em> for the Iper Festival of the Peripheries (Testaccio, Rome).<\/p>\t\t\t\t\t\t\t\t<\/div>\n\t\t\t\t<\/div>\n\t\t\t\t\t<\/div>\n\t\t<\/div>\n\t\t\t\t\t<\/div>\n\t\t<\/section>\n\t\t\t\t<\/div>\n\t\t","protected":false},"excerpt":{"rendered":"<p>VINCENZO PADIGLIONE vincenzo.padiglione@fondazione.uniroma1.it Vincenzo Padiglione \u00e8 stato professore ordinario di discipline demoetnoantropologiche alla Sapienza Universit\u00e0 di Roma sino al 2020, e ha insegnato Antropologia culturale, Antropologia museale, Etnografia della comunicazione, Antropologia del patrimonio. Ha tenuto corsi di antropologia e musei presso universit\u00e0 straniere (Brasile, Usa, Spagna, Francia). Ha svolto ricerche nell\u2019area del Mediterraneo sull\u2019identit\u00e0 locale&hellip; <a class=\"more-link\" href=\"https:\/\/portale2.unime.it\/prinmidiwork\/padiglione-vincenzo\/\">Continua a leggere <span class=\"screen-reader-text\">Padiglione Vincenzo<\/span><\/a><\/p>\n","protected":false},"author":1,"featured_media":0,"parent":0,"menu_order":0,"comment_status":"closed","ping_status":"closed","template":"elementor_header_footer","meta":{"footnotes":""},"class_list":["post-2728","page","type-page","status-publish","hentry","entry"],"yoast_head":"<!-- This site is optimized with the Yoast SEO plugin v27.3 - https:\/\/yoast.com\/product\/yoast-seo-wordpress\/ -->\n<title>Padiglione Vincenzo - PRIN MIDI WORK<\/title>\n<meta name=\"robots\" content=\"index, follow, max-snippet:-1, max-image-preview:large, max-video-preview:-1\" \/>\n<link rel=\"canonical\" href=\"https:\/\/portale2.unime.it\/prinmidiwork\/padiglione-vincenzo\/\" \/>\n<meta property=\"og:locale\" content=\"it_IT\" \/>\n<meta property=\"og:type\" content=\"article\" \/>\n<meta property=\"og:title\" content=\"Padiglione Vincenzo - PRIN MIDI WORK\" \/>\n<meta property=\"og:description\" content=\"VINCENZO PADIGLIONE vincenzo.padiglione@fondazione.uniroma1.it Vincenzo Padiglione \u00e8 stato professore ordinario di discipline demoetnoantropologiche alla Sapienza Universit\u00e0 di Roma sino al 2020, e ha insegnato Antropologia culturale, Antropologia museale, Etnografia della comunicazione, Antropologia del patrimonio. Ha tenuto corsi di antropologia e musei presso universit\u00e0 straniere (Brasile, Usa, Spagna, Francia). Ha svolto ricerche nell\u2019area del Mediterraneo sull\u2019identit\u00e0 locale&hellip; Continua a leggere Padiglione Vincenzo\" \/>\n<meta property=\"og:url\" content=\"https:\/\/portale2.unime.it\/prinmidiwork\/padiglione-vincenzo\/\" \/>\n<meta property=\"og:site_name\" content=\"PRIN MIDI WORK\" \/>\n<meta property=\"og:image\" content=\"https:\/\/portale2.unime.it\/prinrimigra2017\/wp-content\/uploads\/sites\/73\/2025\/01\/14-Padiglione.jpg\" \/>\n<meta name=\"twitter:card\" content=\"summary_large_image\" \/>\n<meta name=\"twitter:label1\" content=\"Tempo di lettura stimato\" \/>\n\t<meta name=\"twitter:data1\" content=\"3 minuti\" \/>\n<script type=\"application\/ld+json\" class=\"yoast-schema-graph\">{\"@context\":\"https:\\\/\\\/schema.org\",\"@graph\":[{\"@type\":\"WebPage\",\"@id\":\"https:\\\/\\\/portale2.unime.it\\\/prinmidiwork\\\/padiglione-vincenzo\\\/\",\"url\":\"https:\\\/\\\/portale2.unime.it\\\/prinmidiwork\\\/padiglione-vincenzo\\\/\",\"name\":\"Padiglione Vincenzo - PRIN MIDI WORK\",\"isPartOf\":{\"@id\":\"https:\\\/\\\/portale2.unime.it\\\/prinmidiwork\\\/#website\"},\"primaryImageOfPage\":{\"@id\":\"https:\\\/\\\/portale2.unime.it\\\/prinmidiwork\\\/padiglione-vincenzo\\\/#primaryimage\"},\"image\":{\"@id\":\"https:\\\/\\\/portale2.unime.it\\\/prinmidiwork\\\/padiglione-vincenzo\\\/#primaryimage\"},\"thumbnailUrl\":\"https:\\\/\\\/portale2.unime.it\\\/prinrimigra2017\\\/wp-content\\\/uploads\\\/sites\\\/73\\\/2025\\\/01\\\/14-Padiglione.jpg\",\"datePublished\":\"2025-01-07T18:59:06+00:00\",\"breadcrumb\":{\"@id\":\"https:\\\/\\\/portale2.unime.it\\\/prinmidiwork\\\/padiglione-vincenzo\\\/#breadcrumb\"},\"inLanguage\":\"it-IT\",\"potentialAction\":[{\"@type\":\"ReadAction\",\"target\":[\"https:\\\/\\\/portale2.unime.it\\\/prinmidiwork\\\/padiglione-vincenzo\\\/\"]}]},{\"@type\":\"ImageObject\",\"inLanguage\":\"it-IT\",\"@id\":\"https:\\\/\\\/portale2.unime.it\\\/prinmidiwork\\\/padiglione-vincenzo\\\/#primaryimage\",\"url\":\"https:\\\/\\\/portale2.unime.it\\\/prinrimigra2017\\\/wp-content\\\/uploads\\\/sites\\\/73\\\/2025\\\/01\\\/14-Padiglione.jpg\",\"contentUrl\":\"https:\\\/\\\/portale2.unime.it\\\/prinrimigra2017\\\/wp-content\\\/uploads\\\/sites\\\/73\\\/2025\\\/01\\\/14-Padiglione.jpg\"},{\"@type\":\"BreadcrumbList\",\"@id\":\"https:\\\/\\\/portale2.unime.it\\\/prinmidiwork\\\/padiglione-vincenzo\\\/#breadcrumb\",\"itemListElement\":[{\"@type\":\"ListItem\",\"position\":1,\"name\":\"Home\",\"item\":\"https:\\\/\\\/prinmidiwork.unime.it\\\/\"},{\"@type\":\"ListItem\",\"position\":2,\"name\":\"Padiglione Vincenzo\"}]},{\"@type\":\"WebSite\",\"@id\":\"https:\\\/\\\/portale2.unime.it\\\/prinmidiwork\\\/#website\",\"url\":\"https:\\\/\\\/portale2.unime.it\\\/prinmidiwork\\\/\",\"name\":\"PRIN MIDI WORK\",\"description\":\"\",\"publisher\":{\"@id\":\"https:\\\/\\\/portale2.unime.it\\\/prinmidiwork\\\/#organization\"},\"potentialAction\":[{\"@type\":\"SearchAction\",\"target\":{\"@type\":\"EntryPoint\",\"urlTemplate\":\"https:\\\/\\\/portale2.unime.it\\\/prinmidiwork\\\/?s={search_term_string}\"},\"query-input\":{\"@type\":\"PropertyValueSpecification\",\"valueRequired\":true,\"valueName\":\"search_term_string\"}}],\"inLanguage\":\"it-IT\"},{\"@type\":\"Organization\",\"@id\":\"https:\\\/\\\/portale2.unime.it\\\/prinmidiwork\\\/#organization\",\"name\":\"PRIN MIDI WORK\",\"url\":\"https:\\\/\\\/portale2.unime.it\\\/prinmidiwork\\\/\",\"logo\":{\"@type\":\"ImageObject\",\"inLanguage\":\"it-IT\",\"@id\":\"https:\\\/\\\/portale2.unime.it\\\/prinmidiwork\\\/#\\\/schema\\\/logo\\\/image\\\/\",\"url\":\"https:\\\/\\\/portale2.unime.it\\\/prinmidiwork\\\/wp-content\\\/uploads\\\/sites\\\/83\\\/2025\\\/05\\\/midiwork.png\",\"contentUrl\":\"https:\\\/\\\/portale2.unime.it\\\/prinmidiwork\\\/wp-content\\\/uploads\\\/sites\\\/83\\\/2025\\\/05\\\/midiwork.png\",\"width\":1200,\"height\":69,\"caption\":\"PRIN MIDI WORK\"},\"image\":{\"@id\":\"https:\\\/\\\/portale2.unime.it\\\/prinmidiwork\\\/#\\\/schema\\\/logo\\\/image\\\/\"}}]}<\/script>\n<!-- \/ Yoast SEO plugin. -->","yoast_head_json":{"title":"Padiglione Vincenzo - PRIN MIDI WORK","robots":{"index":"index","follow":"follow","max-snippet":"max-snippet:-1","max-image-preview":"max-image-preview:large","max-video-preview":"max-video-preview:-1"},"canonical":"https:\/\/portale2.unime.it\/prinmidiwork\/padiglione-vincenzo\/","og_locale":"it_IT","og_type":"article","og_title":"Padiglione Vincenzo - PRIN MIDI WORK","og_description":"VINCENZO PADIGLIONE vincenzo.padiglione@fondazione.uniroma1.it Vincenzo Padiglione \u00e8 stato professore ordinario di discipline demoetnoantropologiche alla Sapienza Universit\u00e0 di Roma sino al 2020, e ha insegnato Antropologia culturale, Antropologia museale, Etnografia della comunicazione, Antropologia del patrimonio. Ha tenuto corsi di antropologia e musei presso universit\u00e0 straniere (Brasile, Usa, Spagna, Francia). Ha svolto ricerche nell\u2019area del Mediterraneo sull\u2019identit\u00e0 locale&hellip; Continua a leggere Padiglione Vincenzo","og_url":"https:\/\/portale2.unime.it\/prinmidiwork\/padiglione-vincenzo\/","og_site_name":"PRIN MIDI WORK","og_image":[{"url":"https:\/\/portale2.unime.it\/prinrimigra2017\/wp-content\/uploads\/sites\/73\/2025\/01\/14-Padiglione.jpg","type":"","width":"","height":""}],"twitter_card":"summary_large_image","twitter_misc":{"Tempo di lettura stimato":"3 minuti"},"schema":{"@context":"https:\/\/schema.org","@graph":[{"@type":"WebPage","@id":"https:\/\/portale2.unime.it\/prinmidiwork\/padiglione-vincenzo\/","url":"https:\/\/portale2.unime.it\/prinmidiwork\/padiglione-vincenzo\/","name":"Padiglione Vincenzo - PRIN MIDI WORK","isPartOf":{"@id":"https:\/\/portale2.unime.it\/prinmidiwork\/#website"},"primaryImageOfPage":{"@id":"https:\/\/portale2.unime.it\/prinmidiwork\/padiglione-vincenzo\/#primaryimage"},"image":{"@id":"https:\/\/portale2.unime.it\/prinmidiwork\/padiglione-vincenzo\/#primaryimage"},"thumbnailUrl":"https:\/\/portale2.unime.it\/prinrimigra2017\/wp-content\/uploads\/sites\/73\/2025\/01\/14-Padiglione.jpg","datePublished":"2025-01-07T18:59:06+00:00","breadcrumb":{"@id":"https:\/\/portale2.unime.it\/prinmidiwork\/padiglione-vincenzo\/#breadcrumb"},"inLanguage":"it-IT","potentialAction":[{"@type":"ReadAction","target":["https:\/\/portale2.unime.it\/prinmidiwork\/padiglione-vincenzo\/"]}]},{"@type":"ImageObject","inLanguage":"it-IT","@id":"https:\/\/portale2.unime.it\/prinmidiwork\/padiglione-vincenzo\/#primaryimage","url":"https:\/\/portale2.unime.it\/prinrimigra2017\/wp-content\/uploads\/sites\/73\/2025\/01\/14-Padiglione.jpg","contentUrl":"https:\/\/portale2.unime.it\/prinrimigra2017\/wp-content\/uploads\/sites\/73\/2025\/01\/14-Padiglione.jpg"},{"@type":"BreadcrumbList","@id":"https:\/\/portale2.unime.it\/prinmidiwork\/padiglione-vincenzo\/#breadcrumb","itemListElement":[{"@type":"ListItem","position":1,"name":"Home","item":"https:\/\/prinmidiwork.unime.it\/"},{"@type":"ListItem","position":2,"name":"Padiglione Vincenzo"}]},{"@type":"WebSite","@id":"https:\/\/portale2.unime.it\/prinmidiwork\/#website","url":"https:\/\/portale2.unime.it\/prinmidiwork\/","name":"PRIN MIDI WORK","description":"","publisher":{"@id":"https:\/\/portale2.unime.it\/prinmidiwork\/#organization"},"potentialAction":[{"@type":"SearchAction","target":{"@type":"EntryPoint","urlTemplate":"https:\/\/portale2.unime.it\/prinmidiwork\/?s={search_term_string}"},"query-input":{"@type":"PropertyValueSpecification","valueRequired":true,"valueName":"search_term_string"}}],"inLanguage":"it-IT"},{"@type":"Organization","@id":"https:\/\/portale2.unime.it\/prinmidiwork\/#organization","name":"PRIN MIDI WORK","url":"https:\/\/portale2.unime.it\/prinmidiwork\/","logo":{"@type":"ImageObject","inLanguage":"it-IT","@id":"https:\/\/portale2.unime.it\/prinmidiwork\/#\/schema\/logo\/image\/","url":"https:\/\/portale2.unime.it\/prinmidiwork\/wp-content\/uploads\/sites\/83\/2025\/05\/midiwork.png","contentUrl":"https:\/\/portale2.unime.it\/prinmidiwork\/wp-content\/uploads\/sites\/83\/2025\/05\/midiwork.png","width":1200,"height":69,"caption":"PRIN MIDI WORK"},"image":{"@id":"https:\/\/portale2.unime.it\/prinmidiwork\/#\/schema\/logo\/image\/"}}]}},"_links":{"self":[{"href":"https:\/\/portale2.unime.it\/prinmidiwork\/wp-json\/wp\/v2\/pages\/2728","targetHints":{"allow":["GET"]}}],"collection":[{"href":"https:\/\/portale2.unime.it\/prinmidiwork\/wp-json\/wp\/v2\/pages"}],"about":[{"href":"https:\/\/portale2.unime.it\/prinmidiwork\/wp-json\/wp\/v2\/types\/page"}],"author":[{"embeddable":true,"href":"https:\/\/portale2.unime.it\/prinmidiwork\/wp-json\/wp\/v2\/users\/1"}],"replies":[{"embeddable":true,"href":"https:\/\/portale2.unime.it\/prinmidiwork\/wp-json\/wp\/v2\/comments?post=2728"}],"version-history":[{"count":0,"href":"https:\/\/portale2.unime.it\/prinmidiwork\/wp-json\/wp\/v2\/pages\/2728\/revisions"}],"wp:attachment":[{"href":"https:\/\/portale2.unime.it\/prinmidiwork\/wp-json\/wp\/v2\/media?parent=2728"}],"curies":[{"name":"wp","href":"https:\/\/api.w.org\/{rel}","templated":true}]}}