{"id":1370,"date":"2021-05-03T15:01:25","date_gmt":"2021-05-03T13:01:25","guid":{"rendered":"https:\/\/portale.unime.it\/modellopersona\/?page_id=12"},"modified":"2025-01-14T14:57:46","modified_gmt":"2025-01-14T13:57:46","slug":"home","status":"publish","type":"page","link":"https:\/\/portale2.unime.it\/prinrimigra2017\/","title":{"rendered":"HOME"},"content":{"rendered":"\t\t<div data-elementor-type=\"wp-page\" data-elementor-id=\"1370\" class=\"elementor elementor-1370\">\n\t\t\t\t\t\t<section class=\"elementor-section elementor-top-section elementor-element elementor-element-7bfd5b3 elementor-section-boxed elementor-section-height-default elementor-section-height-default\" data-id=\"7bfd5b3\" data-element_type=\"section\" data-e-type=\"section\" data-settings=\"{&quot;background_background&quot;:&quot;classic&quot;}\">\n\t\t\t\t\t\t<div class=\"elementor-container elementor-column-gap-default\">\n\t\t\t\t\t<div class=\"elementor-column elementor-col-100 elementor-top-column elementor-element elementor-element-2add13a\" data-id=\"2add13a\" data-element_type=\"column\" data-e-type=\"column\" data-settings=\"{&quot;background_background&quot;:&quot;classic&quot;}\">\n\t\t\t<div class=\"elementor-widget-wrap elementor-element-populated\">\n\t\t\t\t\t\t<div class=\"elementor-element elementor-element-e93046b elementor-invisible elementor-widget elementor-widget-heading\" data-id=\"e93046b\" data-element_type=\"widget\" data-e-type=\"widget\" data-settings=\"{&quot;_animation&quot;:&quot;fadeInDown&quot;}\" data-widget_type=\"heading.default\">\n\t\t\t\t<div class=\"elementor-widget-container\">\n\t\t\t\t\t<h2 class=\"elementor-heading-title elementor-size-default\">Progetto di Rilevante interesse Nazionale PRIN_201773AHHL<br><\/h2>\t\t\t\t<\/div>\n\t\t\t\t<\/div>\n\t\t\t\t<div class=\"elementor-element elementor-element-f76cd07 elementor-invisible elementor-widget elementor-widget-heading\" data-id=\"f76cd07\" data-element_type=\"widget\" data-e-type=\"widget\" data-settings=\"{&quot;_animation&quot;:&quot;fadeInDown&quot;}\" data-widget_type=\"heading.default\">\n\t\t\t\t<div class=\"elementor-widget-container\">\n\t\t\t\t\t<h2 class=\"elementor-heading-title elementor-size-default\">Migrazioni, spaesamento e appaesamento: letture antropologiche del nesso rituali\/migrazioni in contesti di Italia meridionale<br><br>Migrations, blurring boundaries, and home-making: Anthropological analysis of the rituals\/migrations nexus in Southern Italy<\/h2>\t\t\t\t<\/div>\n\t\t\t\t<\/div>\n\t\t\t\t\t<\/div>\n\t\t<\/div>\n\t\t\t\t\t<\/div>\n\t\t<\/section>\n\t\t\t\t<section class=\"elementor-section elementor-top-section elementor-element elementor-element-f91f5ac elementor-section-height-min-height elementor-section-boxed elementor-section-height-default elementor-section-items-middle\" data-id=\"f91f5ac\" data-element_type=\"section\" data-e-type=\"section\">\n\t\t\t\t\t\t\t<div class=\"elementor-background-overlay\"><\/div>\n\t\t\t\t\t\t\t<div class=\"elementor-container elementor-column-gap-default\">\n\t\t\t\t\t<div class=\"elementor-column elementor-col-66 elementor-top-column elementor-element elementor-element-6e12ce9\" data-id=\"6e12ce9\" data-element_type=\"column\" data-e-type=\"column\">\n\t\t\t<div class=\"elementor-widget-wrap elementor-element-populated\">\n\t\t\t\t\t\t<div class=\"elementor-element elementor-element-2e09b13 elementor-widget elementor-widget-image\" data-id=\"2e09b13\" data-element_type=\"widget\" data-e-type=\"widget\" data-widget_type=\"image.default\">\n\t\t\t\t<div class=\"elementor-widget-container\">\n\t\t\t\t\t\t\t\t\t\t\t\t\t\t\t<img fetchpriority=\"high\" decoding=\"async\" width=\"636\" height=\"477\" src=\"https:\/\/portale2.unime.it\/prinrimigra2017\/wp-content\/uploads\/sites\/73\/2025\/01\/Home_01.png\" class=\"attachment-medium_large size-medium_large wp-image-1992\" alt=\"\" srcset=\"https:\/\/portale2.unime.it\/prinrimigra2017\/wp-content\/uploads\/sites\/73\/2025\/01\/Home_01.png 636w, https:\/\/portale2.unime.it\/prinrimigra2017\/wp-content\/uploads\/sites\/73\/2025\/01\/Home_01-300x225.png 300w\" sizes=\"(max-width: 636px) 100vw, 636px\" style=\"width:100%;height:75%;max-width:636px\" \/>\t\t\t\t\t\t\t\t\t\t\t\t\t\t\t<\/div>\n\t\t\t\t<\/div>\n\t\t\t\t\t<\/div>\n\t\t<\/div>\n\t\t\t\t<div class=\"elementor-column elementor-col-33 elementor-top-column elementor-element elementor-element-ddc07a9 elementor-invisible\" data-id=\"ddc07a9\" data-element_type=\"column\" data-e-type=\"column\" data-settings=\"{&quot;animation&quot;:&quot;fadeInRight&quot;}\">\n\t\t\t<div class=\"elementor-widget-wrap elementor-element-populated\">\n\t\t\t\t\t\t<div class=\"elementor-element elementor-element-b6ba526 elementor-widget elementor-widget-heading\" data-id=\"b6ba526\" data-element_type=\"widget\" data-e-type=\"widget\" data-widget_type=\"heading.default\">\n\t\t\t\t<div class=\"elementor-widget-container\">\n\t\t\t\t\t<h2 class=\"elementor-heading-title elementor-size-default\">IL PROGETTO DI RICERCA<\/h2>\t\t\t\t<\/div>\n\t\t\t\t<\/div>\n\t\t\t\t<div class=\"elementor-element elementor-element-72a8ebb elementor-widget elementor-widget-text-editor\" data-id=\"72a8ebb\" data-element_type=\"widget\" data-e-type=\"widget\" data-widget_type=\"text-editor.default\">\n\t\t\t\t<div class=\"elementor-widget-container\">\n\t\t\t\t\t\t\t\t\t<h5 class=\"elementor-heading-title elementor-size-default elementor-inline-editing pen\" style=\"font-family: Montserrat, sans-serif;font-weight: 400;font-size: 16px;letter-spacing: -0.9px;line-height: 1.4em;max-width: var(--global--spacing-measure);color: #3f3f3f\" data-elementor-setting-key=\"title\" data-pen-placeholder=\"Digita qui...\">Il progetto, incluso tra i PRIN 2017, esplora i rituali legati alla <strong>migrazione nei contesti urbani dell\u2019Italia meridionale<\/strong>, con l\u2019obiettivo di comprendere come questi fenomeni contribuiscano alla socialit\u00e0, all\u2019integrazione, o alla polarizzazione socio-politica. <br style=\"max-width: var(--global--spacing-measure)\" \/><br style=\"max-width: var(--global--spacing-measure)\" \/>Attraverso ricerche sul campo in <strong>Sicilia<\/strong> e <strong>Basilicata<\/strong>, il progetto indaga tre aspetti principali: le dinamiche dei rituali religiosi pubblici che coinvolgono migranti, le pratiche rituali emergenti specifiche alla condizione migrante, e le ritualizzazioni istituzionali legate all\u2019accoglienza.<br style=\"max-width: var(--global--spacing-measure)\" \/><br style=\"max-width: var(--global--spacing-measure)\" \/>Combinando approcci interdisciplinari e strumenti multimediali innovativi, l\u2019iniziativa punta a <strong>superare stereotipi e favorire una comprensione pi\u00f9 profonda<\/strong> e sensoriale del rapporto tra <strong>migrazione<\/strong> e <strong>ritualit\u00e0<\/strong>.<br style=\"max-width: var(--global--spacing-measure)\" \/><br style=\"max-width: var(--global--spacing-measure)\" \/>I risultati includeranno un <strong>archivio multimediale<\/strong> accessibile online e una <strong>mostra itinerante.<\/strong><\/h5>\t\t\t\t\t\t\t\t<\/div>\n\t\t\t\t<\/div>\n\t\t\t\t\t<\/div>\n\t\t<\/div>\n\t\t\t\t\t<\/div>\n\t\t<\/section>\n\t\t\t\t<section class=\"elementor-section elementor-top-section elementor-element elementor-element-a181bd8 elementor-section-boxed elementor-section-height-default elementor-section-height-default\" data-id=\"a181bd8\" data-element_type=\"section\" data-e-type=\"section\" data-settings=\"{&quot;background_background&quot;:&quot;classic&quot;}\">\n\t\t\t\t\t\t<div class=\"elementor-container elementor-column-gap-default\">\n\t\t\t\t\t<div class=\"elementor-column elementor-col-33 elementor-top-column elementor-element elementor-element-229b811 elementor-invisible\" data-id=\"229b811\" data-element_type=\"column\" data-e-type=\"column\" data-settings=\"{&quot;animation&quot;:&quot;slideInRight&quot;}\">\n\t\t\t<div class=\"elementor-widget-wrap elementor-element-populated\">\n\t\t\t\t\t\t<div class=\"elementor-element elementor-element-c118ea3 elementor-widget__width-initial elementor-invisible elementor-widget elementor-widget-heading\" data-id=\"c118ea3\" data-element_type=\"widget\" data-e-type=\"widget\" data-settings=\"{&quot;_animation&quot;:&quot;slideInUp&quot;}\" data-widget_type=\"heading.default\">\n\t\t\t\t<div class=\"elementor-widget-container\">\n\t\t\t\t\t<h4 class=\"elementor-heading-title elementor-size-default\">QUATTRO UNIT\u00c0 DI RICERCA<\/h4>\t\t\t\t<\/div>\n\t\t\t\t<\/div>\n\t\t\t\t<div class=\"elementor-element elementor-element-6689343 elementor-invisible elementor-widget elementor-widget-heading\" data-id=\"6689343\" data-element_type=\"widget\" data-e-type=\"widget\" data-settings=\"{&quot;_animation&quot;:&quot;slideInUp&quot;}\" data-widget_type=\"heading.default\">\n\t\t\t\t<div class=\"elementor-widget-container\">\n\t\t\t\t\t<h4 class=\"elementor-heading-title elementor-size-default\">Tre unit\u00e0 di ricerca in Sicilia e una in Basilicata<\/h4>\t\t\t\t<\/div>\n\t\t\t\t<\/div>\n\t\t\t\t<div class=\"elementor-element elementor-element-074dd72 elementor-widget elementor-widget-text-editor\" data-id=\"074dd72\" data-element_type=\"widget\" data-e-type=\"widget\" data-widget_type=\"text-editor.default\">\n\t\t\t\t<div class=\"elementor-widget-container\">\n\t\t\t\t\t\t\t\t\t<p><strong>Unit\u00e0 di Messina<\/strong>:&nbsp;<span style=\"background-color: var(--global--color-background)\">si concentra sull\u2019analisi etnografica dei rituali dei lavoratori di origine straniera, in particolare la Festa del Magal celebrata dalla confraternita senegalese muride all\u2019interno del ghetto rurale di braccianti agricoli migranti nei pressi di Campobello di Mazara (TP), e i riti della comunit\u00e0 cingalese nel Rione Sanit\u00e0 di Napoli. L\u2019osservazione etnografica dei riti viene inquadrata all\u2019interno delle dinamiche economiche, sociali e politiche che legano i fenomeni migratori ai territori di arrivo.<\/span><\/p><p><span style=\"background-color: var(--global--color-background)\"><br><\/span><\/p>\n<p><strong>Unit\u00e0 di Palermo<\/strong>: indaga le pratiche religiose di comunit\u00e0 tamil e mauriziane (ind\u00f9 e cattoliche) in relazione agli spazi urbani e alle temporalit\u00e0 di Palermo, con particolare attenzione al pellegrinaggio al Santuario di Santa Rosalia. L&#8217;unit\u00e0 ricostruisce calendari festivi, modalit\u00e0 di culto e interazioni con cerimonie locali come il Festino di Santa Rosalia.<\/p><p><br><\/p>\n<p><strong>Unit\u00e0 di Catania<\/strong>: esamina le comunit\u00e0 singalesi di diverse religioni (cattolica, ind\u00f9 e buddista) in Sicilia orientale, indagandone le connessioni transnazionali con lo Sri Lanka, le forme ordinarie di ritualizzazione nonch\u00e9 il coinvolgimento nei principali complessi rituali e devozionali locali, attivati da feste patronali (Sant&#8217;Agata a Catania) e non solo (Madonna del Tindari nel Messinese).<\/p><p><br><\/p>\n<p><strong>Unit\u00e0 di Matera<\/strong>: analizza i rituali dei migranti in Basilicata, sia laici che quotidiani, e studia pratiche di adattamento culturale, con focus etnografico sui contesti del Metapontino e dei gruppi islamici di Bari. L\u2019unit\u00e0 cura inoltre la progettazione della mostra sui temi del progetto, grazie alle competenze museografiche interne.<\/p>\t\t\t\t\t\t\t\t<\/div>\n\t\t\t\t<\/div>\n\t\t\t\t\t<\/div>\n\t\t<\/div>\n\t\t\t\t<div class=\"elementor-column elementor-col-33 elementor-top-column elementor-element elementor-element-9633162\" data-id=\"9633162\" data-element_type=\"column\" data-e-type=\"column\">\n\t\t\t<div class=\"elementor-widget-wrap elementor-element-populated\">\n\t\t\t\t\t\t<div class=\"elementor-element elementor-element-0c58b2e elementor-widget elementor-widget-spacer\" data-id=\"0c58b2e\" data-element_type=\"widget\" data-e-type=\"widget\" data-widget_type=\"spacer.default\">\n\t\t\t\t<div class=\"elementor-widget-container\">\n\t\t\t\t\t\t\t<div class=\"elementor-spacer\">\n\t\t\t<div class=\"elementor-spacer-inner\"><\/div>\n\t\t<\/div>\n\t\t\t\t\t\t<\/div>\n\t\t\t\t<\/div>\n\t\t\t\t\t<\/div>\n\t\t<\/div>\n\t\t\t\t<div class=\"elementor-column elementor-col-33 elementor-top-column elementor-element elementor-element-3fb2d11\" data-id=\"3fb2d11\" data-element_type=\"column\" data-e-type=\"column\">\n\t\t\t<div class=\"elementor-widget-wrap elementor-element-populated\">\n\t\t\t\t\t\t<div class=\"elementor-element elementor-element-53ed1ee elementor-widget elementor-widget-image\" data-id=\"53ed1ee\" data-element_type=\"widget\" data-e-type=\"widget\" data-widget_type=\"image.default\">\n\t\t\t\t<div class=\"elementor-widget-container\">\n\t\t\t\t\t\t\t\t\t\t\t\t\t\t\t<img decoding=\"async\" width=\"869\" height=\"1024\" src=\"https:\/\/portale2.unime.it\/prinrimigra2017\/wp-content\/uploads\/sites\/73\/2025\/01\/Risorsa-2-869x1024.png\" class=\"attachment-large size-large wp-image-1996\" alt=\"\" srcset=\"https:\/\/portale2.unime.it\/prinrimigra2017\/wp-content\/uploads\/sites\/73\/2025\/01\/Risorsa-2-869x1024.png 869w, https:\/\/portale2.unime.it\/prinrimigra2017\/wp-content\/uploads\/sites\/73\/2025\/01\/Risorsa-2-254x300.png 254w, https:\/\/portale2.unime.it\/prinrimigra2017\/wp-content\/uploads\/sites\/73\/2025\/01\/Risorsa-2-768x905.png 768w, https:\/\/portale2.unime.it\/prinrimigra2017\/wp-content\/uploads\/sites\/73\/2025\/01\/Risorsa-2-1303x1536.png 1303w, https:\/\/portale2.unime.it\/prinrimigra2017\/wp-content\/uploads\/sites\/73\/2025\/01\/Risorsa-2.png 1531w\" sizes=\"(max-width: 869px) 100vw, 869px\" style=\"width:100%;height:117.9%;max-width:1531px\" \/>\t\t\t\t\t\t\t\t\t\t\t\t\t\t\t<\/div>\n\t\t\t\t<\/div>\n\t\t\t\t\t<\/div>\n\t\t<\/div>\n\t\t\t\t\t<\/div>\n\t\t<\/section>\n\t\t\t\t<\/div>\n\t\t","protected":false},"excerpt":{"rendered":"<p>Progetto di Rilevante interesse Nazionale PRIN_201773AHHL Migrazioni, spaesamento e appaesamento: letture antropologiche del nesso rituali\/migrazioni in contesti di Italia meridionale Migrations, blurring boundaries, and home-making: Anthropological analysis of the rituals\/migrations nexus in Southern Italy IL PROGETTO DI RICERCA Il progetto, incluso tra i PRIN 2017, esplora i rituali legati alla migrazione nei contesti urbani dell\u2019Italia&hellip; <a class=\"more-link\" href=\"https:\/\/portale2.unime.it\/prinrimigra2017\/\">Continua a leggere <span class=\"screen-reader-text\">HOME<\/span><\/a><\/p>\n","protected":false},"author":1,"featured_media":0,"parent":0,"menu_order":0,"comment_status":"closed","ping_status":"closed","template":"elementor_header_footer","meta":{"footnotes":""},"class_list":["post-1370","page","type-page","status-publish","hentry","entry"],"yoast_head":"<!-- This site is optimized with the Yoast SEO plugin v27.3 - https:\/\/yoast.com\/product\/yoast-seo-wordpress\/ -->\n<title>HOME - PRIN RIMIGRA 2017<\/title>\n<meta name=\"robots\" content=\"index, follow, max-snippet:-1, max-image-preview:large, max-video-preview:-1\" \/>\n<link rel=\"canonical\" href=\"https:\/\/portale2.unime.it\/prinrimigra2017\/\" \/>\n<meta property=\"og:locale\" content=\"it_IT\" \/>\n<meta property=\"og:type\" content=\"article\" \/>\n<meta property=\"og:title\" content=\"HOME - PRIN RIMIGRA 2017\" \/>\n<meta property=\"og:description\" content=\"Progetto di Rilevante interesse Nazionale PRIN_201773AHHL Migrazioni, spaesamento e appaesamento: letture antropologiche del nesso rituali\/migrazioni in contesti di Italia meridionale Migrations, blurring boundaries, and home-making: Anthropological analysis of the rituals\/migrations nexus in Southern Italy IL PROGETTO DI RICERCA Il progetto, incluso tra i PRIN 2017, esplora i rituali legati alla migrazione nei contesti urbani dell\u2019Italia&hellip; Continua a leggere HOME\" \/>\n<meta property=\"og:url\" content=\"https:\/\/portale2.unime.it\/prinrimigra2017\/\" \/>\n<meta property=\"og:site_name\" content=\"PRIN RIMIGRA 2017\" \/>\n<meta property=\"article:modified_time\" content=\"2025-01-14T13:57:46+00:00\" \/>\n<meta property=\"og:image\" content=\"https:\/\/portale2.unime.it\/prinrimigra2017\/wp-content\/uploads\/sites\/73\/2025\/01\/Home_01.png\" \/>\n\t<meta property=\"og:image:width\" content=\"636\" \/>\n\t<meta property=\"og:image:height\" content=\"477\" \/>\n\t<meta property=\"og:image:type\" content=\"image\/png\" \/>\n<meta name=\"twitter:card\" content=\"summary_large_image\" \/>\n<meta name=\"twitter:label1\" content=\"Tempo di lettura stimato\" \/>\n\t<meta name=\"twitter:data1\" content=\"3 minuti\" \/>\n<script type=\"application\/ld+json\" class=\"yoast-schema-graph\">{\"@context\":\"https:\\\/\\\/schema.org\",\"@graph\":[{\"@type\":\"WebPage\",\"@id\":\"https:\\\/\\\/portale2.unime.it\\\/prinrimigra2017\\\/\",\"url\":\"https:\\\/\\\/portale2.unime.it\\\/prinrimigra2017\\\/\",\"name\":\"HOME - PRIN RIMIGRA 2017\",\"isPartOf\":{\"@id\":\"https:\\\/\\\/portale2.unime.it\\\/prinrimigra2017\\\/#website\"},\"primaryImageOfPage\":{\"@id\":\"https:\\\/\\\/portale2.unime.it\\\/prinrimigra2017\\\/#primaryimage\"},\"image\":{\"@id\":\"https:\\\/\\\/portale2.unime.it\\\/prinrimigra2017\\\/#primaryimage\"},\"thumbnailUrl\":\"https:\\\/\\\/portale2.unime.it\\\/prinrimigra2017\\\/wp-content\\\/uploads\\\/sites\\\/73\\\/2025\\\/01\\\/Home_01.png\",\"datePublished\":\"2021-05-03T13:01:25+00:00\",\"dateModified\":\"2025-01-14T13:57:46+00:00\",\"breadcrumb\":{\"@id\":\"https:\\\/\\\/portale2.unime.it\\\/prinrimigra2017\\\/#breadcrumb\"},\"inLanguage\":\"it-IT\",\"potentialAction\":[{\"@type\":\"ReadAction\",\"target\":[\"https:\\\/\\\/portale2.unime.it\\\/prinrimigra2017\\\/\"]}]},{\"@type\":\"ImageObject\",\"inLanguage\":\"it-IT\",\"@id\":\"https:\\\/\\\/portale2.unime.it\\\/prinrimigra2017\\\/#primaryimage\",\"url\":\"https:\\\/\\\/portale2.unime.it\\\/prinrimigra2017\\\/wp-content\\\/uploads\\\/sites\\\/73\\\/2025\\\/01\\\/Home_01.png\",\"contentUrl\":\"https:\\\/\\\/portale2.unime.it\\\/prinrimigra2017\\\/wp-content\\\/uploads\\\/sites\\\/73\\\/2025\\\/01\\\/Home_01.png\",\"width\":636,\"height\":477},{\"@type\":\"BreadcrumbList\",\"@id\":\"https:\\\/\\\/portale2.unime.it\\\/prinrimigra2017\\\/#breadcrumb\",\"itemListElement\":[{\"@type\":\"ListItem\",\"position\":1,\"name\":\"Home\",\"item\":\"https:\\\/\\\/portale2.unime.it\\\/prinrimigra2017\\\/\"},{\"@type\":\"ListItem\",\"position\":2,\"name\":\"HOME\"}]},{\"@type\":\"WebSite\",\"@id\":\"https:\\\/\\\/portale2.unime.it\\\/prinrimigra2017\\\/#website\",\"url\":\"https:\\\/\\\/portale2.unime.it\\\/prinrimigra2017\\\/\",\"name\":\"PRIN RIMIGRA 2017\",\"description\":\"\",\"publisher\":{\"@id\":\"https:\\\/\\\/portale2.unime.it\\\/prinrimigra2017\\\/#organization\"},\"potentialAction\":[{\"@type\":\"SearchAction\",\"target\":{\"@type\":\"EntryPoint\",\"urlTemplate\":\"https:\\\/\\\/portale2.unime.it\\\/prinrimigra2017\\\/?s={search_term_string}\"},\"query-input\":{\"@type\":\"PropertyValueSpecification\",\"valueRequired\":true,\"valueName\":\"search_term_string\"}}],\"inLanguage\":\"it-IT\"},{\"@type\":\"Organization\",\"@id\":\"https:\\\/\\\/portale2.unime.it\\\/prinrimigra2017\\\/#organization\",\"name\":\"PRIN RIMIGRA 2017\",\"url\":\"https:\\\/\\\/portale2.unime.it\\\/prinrimigra2017\\\/\",\"logo\":{\"@type\":\"ImageObject\",\"inLanguage\":\"it-IT\",\"@id\":\"https:\\\/\\\/portale2.unime.it\\\/prinrimigra2017\\\/#\\\/schema\\\/logo\\\/image\\\/\",\"url\":\"https:\\\/\\\/portale2.unime.it\\\/prinrimigra2017\\\/wp-content\\\/uploads\\\/sites\\\/73\\\/2024\\\/12\\\/emigra-logo.png\",\"contentUrl\":\"https:\\\/\\\/portale2.unime.it\\\/prinrimigra2017\\\/wp-content\\\/uploads\\\/sites\\\/73\\\/2024\\\/12\\\/emigra-logo.png\",\"width\":3330,\"height\":842,\"caption\":\"PRIN RIMIGRA 2017\"},\"image\":{\"@id\":\"https:\\\/\\\/portale2.unime.it\\\/prinrimigra2017\\\/#\\\/schema\\\/logo\\\/image\\\/\"}}]}<\/script>\n<!-- \/ Yoast SEO plugin. -->","yoast_head_json":{"title":"HOME - PRIN RIMIGRA 2017","robots":{"index":"index","follow":"follow","max-snippet":"max-snippet:-1","max-image-preview":"max-image-preview:large","max-video-preview":"max-video-preview:-1"},"canonical":"https:\/\/portale2.unime.it\/prinrimigra2017\/","og_locale":"it_IT","og_type":"article","og_title":"HOME - PRIN RIMIGRA 2017","og_description":"Progetto di Rilevante interesse Nazionale PRIN_201773AHHL Migrazioni, spaesamento e appaesamento: letture antropologiche del nesso rituali\/migrazioni in contesti di Italia meridionale Migrations, blurring boundaries, and home-making: Anthropological analysis of the rituals\/migrations nexus in Southern Italy IL PROGETTO DI RICERCA Il progetto, incluso tra i PRIN 2017, esplora i rituali legati alla migrazione nei contesti urbani dell\u2019Italia&hellip; Continua a leggere HOME","og_url":"https:\/\/portale2.unime.it\/prinrimigra2017\/","og_site_name":"PRIN RIMIGRA 2017","article_modified_time":"2025-01-14T13:57:46+00:00","og_image":[{"width":636,"height":477,"url":"https:\/\/portale2.unime.it\/prinrimigra2017\/wp-content\/uploads\/sites\/73\/2025\/01\/Home_01.png","type":"image\/png"}],"twitter_card":"summary_large_image","twitter_misc":{"Tempo di lettura stimato":"3 minuti"},"schema":{"@context":"https:\/\/schema.org","@graph":[{"@type":"WebPage","@id":"https:\/\/portale2.unime.it\/prinrimigra2017\/","url":"https:\/\/portale2.unime.it\/prinrimigra2017\/","name":"HOME - PRIN RIMIGRA 2017","isPartOf":{"@id":"https:\/\/portale2.unime.it\/prinrimigra2017\/#website"},"primaryImageOfPage":{"@id":"https:\/\/portale2.unime.it\/prinrimigra2017\/#primaryimage"},"image":{"@id":"https:\/\/portale2.unime.it\/prinrimigra2017\/#primaryimage"},"thumbnailUrl":"https:\/\/portale2.unime.it\/prinrimigra2017\/wp-content\/uploads\/sites\/73\/2025\/01\/Home_01.png","datePublished":"2021-05-03T13:01:25+00:00","dateModified":"2025-01-14T13:57:46+00:00","breadcrumb":{"@id":"https:\/\/portale2.unime.it\/prinrimigra2017\/#breadcrumb"},"inLanguage":"it-IT","potentialAction":[{"@type":"ReadAction","target":["https:\/\/portale2.unime.it\/prinrimigra2017\/"]}]},{"@type":"ImageObject","inLanguage":"it-IT","@id":"https:\/\/portale2.unime.it\/prinrimigra2017\/#primaryimage","url":"https:\/\/portale2.unime.it\/prinrimigra2017\/wp-content\/uploads\/sites\/73\/2025\/01\/Home_01.png","contentUrl":"https:\/\/portale2.unime.it\/prinrimigra2017\/wp-content\/uploads\/sites\/73\/2025\/01\/Home_01.png","width":636,"height":477},{"@type":"BreadcrumbList","@id":"https:\/\/portale2.unime.it\/prinrimigra2017\/#breadcrumb","itemListElement":[{"@type":"ListItem","position":1,"name":"Home","item":"https:\/\/portale2.unime.it\/prinrimigra2017\/"},{"@type":"ListItem","position":2,"name":"HOME"}]},{"@type":"WebSite","@id":"https:\/\/portale2.unime.it\/prinrimigra2017\/#website","url":"https:\/\/portale2.unime.it\/prinrimigra2017\/","name":"PRIN RIMIGRA 2017","description":"","publisher":{"@id":"https:\/\/portale2.unime.it\/prinrimigra2017\/#organization"},"potentialAction":[{"@type":"SearchAction","target":{"@type":"EntryPoint","urlTemplate":"https:\/\/portale2.unime.it\/prinrimigra2017\/?s={search_term_string}"},"query-input":{"@type":"PropertyValueSpecification","valueRequired":true,"valueName":"search_term_string"}}],"inLanguage":"it-IT"},{"@type":"Organization","@id":"https:\/\/portale2.unime.it\/prinrimigra2017\/#organization","name":"PRIN RIMIGRA 2017","url":"https:\/\/portale2.unime.it\/prinrimigra2017\/","logo":{"@type":"ImageObject","inLanguage":"it-IT","@id":"https:\/\/portale2.unime.it\/prinrimigra2017\/#\/schema\/logo\/image\/","url":"https:\/\/portale2.unime.it\/prinrimigra2017\/wp-content\/uploads\/sites\/73\/2024\/12\/emigra-logo.png","contentUrl":"https:\/\/portale2.unime.it\/prinrimigra2017\/wp-content\/uploads\/sites\/73\/2024\/12\/emigra-logo.png","width":3330,"height":842,"caption":"PRIN RIMIGRA 2017"},"image":{"@id":"https:\/\/portale2.unime.it\/prinrimigra2017\/#\/schema\/logo\/image\/"}}]}},"_links":{"self":[{"href":"https:\/\/portale2.unime.it\/prinrimigra2017\/wp-json\/wp\/v2\/pages\/1370","targetHints":{"allow":["GET"]}}],"collection":[{"href":"https:\/\/portale2.unime.it\/prinrimigra2017\/wp-json\/wp\/v2\/pages"}],"about":[{"href":"https:\/\/portale2.unime.it\/prinrimigra2017\/wp-json\/wp\/v2\/types\/page"}],"author":[{"embeddable":true,"href":"https:\/\/portale2.unime.it\/prinrimigra2017\/wp-json\/wp\/v2\/users\/1"}],"replies":[{"embeddable":true,"href":"https:\/\/portale2.unime.it\/prinrimigra2017\/wp-json\/wp\/v2\/comments?post=1370"}],"version-history":[{"count":60,"href":"https:\/\/portale2.unime.it\/prinrimigra2017\/wp-json\/wp\/v2\/pages\/1370\/revisions"}],"predecessor-version":[{"id":3043,"href":"https:\/\/portale2.unime.it\/prinrimigra2017\/wp-json\/wp\/v2\/pages\/1370\/revisions\/3043"}],"wp:attachment":[{"href":"https:\/\/portale2.unime.it\/prinrimigra2017\/wp-json\/wp\/v2\/media?parent=1370"}],"curies":[{"name":"wp","href":"https:\/\/api.w.org\/{rel}","templated":true}]}}