{"id":2626,"date":"2025-01-07T17:27:56","date_gmt":"2025-01-07T16:27:56","guid":{"rendered":"https:\/\/portale2.unime.it\/prinrimigra2017\/?page_id=2626"},"modified":"2025-01-16T19:12:32","modified_gmt":"2025-01-16T18:12:32","slug":"benadusi-mara","status":"publish","type":"page","link":"https:\/\/portale2.unime.it\/prinrimigra2017\/benadusi-mara\/","title":{"rendered":"Benadusi Mara"},"content":{"rendered":"\t\t<div data-elementor-type=\"wp-page\" data-elementor-id=\"2626\" class=\"elementor elementor-2626\">\n\t\t\t\t\t\t<section class=\"elementor-section elementor-top-section elementor-element elementor-element-cb36390 elementor-section-boxed elementor-section-height-default elementor-section-height-default\" data-id=\"cb36390\" data-element_type=\"section\" data-e-type=\"section\">\n\t\t\t\t\t\t<div class=\"elementor-container elementor-column-gap-default\">\n\t\t\t\t\t<div class=\"elementor-column elementor-col-100 elementor-top-column elementor-element elementor-element-7ec0c9e\" data-id=\"7ec0c9e\" data-element_type=\"column\" data-e-type=\"column\">\n\t\t\t<div class=\"elementor-widget-wrap\">\n\t\t\t\t\t\t\t<\/div>\n\t\t<\/div>\n\t\t\t\t\t<\/div>\n\t\t<\/section>\n\t\t\t\t<section class=\"elementor-section elementor-top-section elementor-element elementor-element-23fee20 elementor-section-boxed elementor-section-height-default elementor-section-height-default\" data-id=\"23fee20\" data-element_type=\"section\" data-e-type=\"section\" data-settings=\"{&quot;background_background&quot;:&quot;classic&quot;}\">\n\t\t\t\t\t\t\t<div class=\"elementor-background-overlay\"><\/div>\n\t\t\t\t\t\t\t<div class=\"elementor-container elementor-column-gap-default\">\n\t\t\t\t\t<div class=\"elementor-column elementor-col-100 elementor-top-column elementor-element elementor-element-5e60ff1\" data-id=\"5e60ff1\" data-element_type=\"column\" data-e-type=\"column\">\n\t\t\t<div class=\"elementor-widget-wrap elementor-element-populated\">\n\t\t\t\t\t\t<div class=\"elementor-element elementor-element-29f4caa elementor-invisible elementor-widget elementor-widget-heading\" data-id=\"29f4caa\" data-element_type=\"widget\" data-e-type=\"widget\" data-settings=\"{&quot;_animation&quot;:&quot;fadeInDown&quot;}\" data-widget_type=\"heading.default\">\n\t\t\t\t<div class=\"elementor-widget-container\">\n\t\t\t\t\t<h2 class=\"elementor-heading-title elementor-size-default\"><br><br>MARA <span>BENADUSI<\/span><br><br><\/h2>\t\t\t\t<\/div>\n\t\t\t\t<\/div>\n\t\t\t\t\t<\/div>\n\t\t<\/div>\n\t\t\t\t\t<\/div>\n\t\t<\/section>\n\t\t\t\t<section class=\"elementor-section elementor-top-section elementor-element elementor-element-c26f4a1 elementor-section-boxed elementor-section-height-default elementor-section-height-default\" data-id=\"c26f4a1\" data-element_type=\"section\" data-e-type=\"section\">\n\t\t\t\t\t\t<div class=\"elementor-container elementor-column-gap-default\">\n\t\t\t\t\t<div class=\"elementor-column elementor-col-50 elementor-top-column elementor-element elementor-element-ccd0b80\" data-id=\"ccd0b80\" data-element_type=\"column\" data-e-type=\"column\">\n\t\t\t<div class=\"elementor-widget-wrap elementor-element-populated\">\n\t\t\t\t\t\t<div class=\"elementor-element elementor-element-2f49aa4 elementor-widget elementor-widget-image\" data-id=\"2f49aa4\" data-element_type=\"widget\" data-e-type=\"widget\" data-widget_type=\"image.default\">\n\t\t\t\t<div class=\"elementor-widget-container\">\n\t\t\t\t\t\t\t\t\t\t\t\t\t\t\t<img fetchpriority=\"high\" decoding=\"async\" width=\"477\" height=\"635\" src=\"https:\/\/portale2.unime.it\/prinrimigra2017\/wp-content\/uploads\/sites\/73\/2025\/01\/10-Mara-Benadusi.jpg\" class=\"attachment-large size-large wp-image-2043\" alt=\"\" srcset=\"https:\/\/portale2.unime.it\/prinrimigra2017\/wp-content\/uploads\/sites\/73\/2025\/01\/10-Mara-Benadusi.jpg 477w, https:\/\/portale2.unime.it\/prinrimigra2017\/wp-content\/uploads\/sites\/73\/2025\/01\/10-Mara-Benadusi-225x300.jpg 225w\" sizes=\"(max-width: 477px) 100vw, 477px\" style=\"width:100%;height:133.12%;max-width:477px\" \/>\t\t\t\t\t\t\t\t\t\t\t\t\t\t\t<\/div>\n\t\t\t\t<\/div>\n\t\t\t\t<section class=\"elementor-section elementor-inner-section elementor-element elementor-element-f5e9b62 elementor-section-boxed elementor-section-height-default elementor-section-height-default\" data-id=\"f5e9b62\" data-element_type=\"section\" data-e-type=\"section\">\n\t\t\t\t\t\t<div class=\"elementor-container elementor-column-gap-default\">\n\t\t\t\t\t<div class=\"elementor-column elementor-col-50 elementor-inner-column elementor-element elementor-element-3a668dc\" data-id=\"3a668dc\" data-element_type=\"column\" data-e-type=\"column\">\n\t\t\t<div class=\"elementor-widget-wrap elementor-element-populated\">\n\t\t\t\t\t\t<div class=\"elementor-element elementor-element-3827ade elementor-view-default elementor-widget elementor-widget-icon\" data-id=\"3827ade\" data-element_type=\"widget\" data-e-type=\"widget\" data-widget_type=\"icon.default\">\n\t\t\t\t<div class=\"elementor-widget-container\">\n\t\t\t\t\t\t\t<div class=\"elementor-icon-wrapper\">\n\t\t\t<div class=\"elementor-icon\">\n\t\t\t<svg aria-hidden=\"true\" class=\"e-font-icon-svg e-far-envelope\" viewBox=\"0 0 512 512\" xmlns=\"http:\/\/www.w3.org\/2000\/svg\"><path d=\"M464 64H48C21.49 64 0 85.49 0 112v288c0 26.51 21.49 48 48 48h416c26.51 0 48-21.49 48-48V112c0-26.51-21.49-48-48-48zm0 48v40.805c-22.422 18.259-58.168 46.651-134.587 106.49-16.841 13.247-50.201 45.072-73.413 44.701-23.208.375-56.579-31.459-73.413-44.701C106.18 199.465 70.425 171.067 48 152.805V112h416zM48 400V214.398c22.914 18.251 55.409 43.862 104.938 82.646 21.857 17.205 60.134 55.186 103.062 54.955 42.717.231 80.509-37.199 103.053-54.947 49.528-38.783 82.032-64.401 104.947-82.653V400H48z\"><\/path><\/svg>\t\t\t<\/div>\n\t\t<\/div>\n\t\t\t\t\t\t<\/div>\n\t\t\t\t<\/div>\n\t\t\t\t\t<\/div>\n\t\t<\/div>\n\t\t\t\t<div class=\"elementor-column elementor-col-50 elementor-inner-column elementor-element elementor-element-d05c99a\" data-id=\"d05c99a\" data-element_type=\"column\" data-e-type=\"column\">\n\t\t\t<div class=\"elementor-widget-wrap elementor-element-populated\">\n\t\t\t\t\t\t<div class=\"elementor-element elementor-element-bf5e8aa elementor-widget elementor-widget-heading\" data-id=\"bf5e8aa\" data-element_type=\"widget\" data-e-type=\"widget\" data-widget_type=\"heading.default\">\n\t\t\t\t<div class=\"elementor-widget-container\">\n\t\t\t\t\t<h2 class=\"elementor-heading-title elementor-size-default\"><a href=\"mailto:mara.benadusi@unict.it\">mara.benadusi@unict.it<\/a><\/h2>\t\t\t\t<\/div>\n\t\t\t\t<\/div>\n\t\t\t\t\t<\/div>\n\t\t<\/div>\n\t\t\t\t\t<\/div>\n\t\t<\/section>\n\t\t\t\t\t<\/div>\n\t\t<\/div>\n\t\t\t\t<div class=\"elementor-column elementor-col-50 elementor-top-column elementor-element elementor-element-256aae9\" data-id=\"256aae9\" data-element_type=\"column\" data-e-type=\"column\">\n\t\t\t<div class=\"elementor-widget-wrap elementor-element-populated\">\n\t\t\t\t\t\t<div class=\"elementor-element elementor-element-b76df65 elementor-widget elementor-widget-text-editor\" data-id=\"b76df65\" data-element_type=\"widget\" data-e-type=\"widget\" data-widget_type=\"text-editor.default\">\n\t\t\t\t<div class=\"elementor-widget-container\">\n\t\t\t\t\t\t\t\t\t<p><strong>Mara Benadusi <\/strong>(PhD) \u00e8 professoressa associata in discipline demoetnoantropologiche nell\u2019Universit\u00e0 degli Studi di Catania dal 2014, dopo essere stata Ricercatrice nell\u2019Universit\u00e0 degli Studi di Bergamo. Dal 2015 al 2017 ha fatto parte del Consiglio direttivo della Societ\u00e0 Italiana di Antropologia Applicata (SIAA) di cui \u00e8 stata Presidente dal 2018 al 2020. Dirige, con Marco Bassi, la rivista Antropologia Pubblica. Negli anni, i suoi interessi di ricerca si sono incanalati nello studio di disastri, crisi ambientali e altri sconvolgimenti territoriali, tra Oceano Indiano e Mediterraneo, su cui ha pubblicato monografie, curatele e diversi saggi, apparsi in volumi e riviste nazionali e internazionali. Ha condotto un\u2019indagine etnografica a seguito dello tsunami asiatico del 2004, in Sri Lanka, per ricostruire le pratiche del dono umanitario e analizzarne le cause profonde e gli effetti di lunga durata nel tessuto locale. Successivamente, il lavoro in Sicilia l\u2019ha spinta a concentrare i suoi interessi sulle frizioni ecologiche che investono il corridoio petrolchimico siracusano nell\u2019attuale fase di tardo industrialismo (2015-2019). A partire dal 2020, si occupa di religiosit\u00e0 popolare connessa ai flussi migratori nel Mediterraneo e alle pratiche di accoglienza, con particolare riferimento alle espressioni devozionali che danno forma allo spazio transnazionale della diaspora cingalese tra Sicilia e Sri Lanka.<\/p><p>\u00a0<\/p><p><strong>Mara Benadusi<\/strong> (PhD) has been an Associate Professor in demo-ethno-anthropological disciplines at the University of Catania since 2014, after serving as a researcher at the University of Bergamo. From 2015 to 2017, she was a board member of the Italian Society of Applied Anthropology (SIAA), where she served as President from 2018 to 2020. She co-edits the journal <em>Antropologia Pubblica<\/em> with Marco Bassi. Over the years, her research interests have focused on disasters, environmental crises, and other territorial disruptions in the Indian Ocean and the Mediterranean. She has published monographs, edited volumes, and essays in national and international journals. She conducted ethnographic research following the 2004 Asian tsunami in Sri Lanka, reconstructing humanitarian gift practices and analysing their root causes and long-term effects on local communities. Later, her work in Sicily led her to focus on ecological tensions affecting the petrochemical corridor of Syracuse in the late industrialism phase (2015\u20132019). Since 2020, she has studied popular religiosity linked to migration flows in the Mediterranean and hospitality practices, with particular attention to devotional expressions shaping the transnational diaspora space of Sri Lankan communities between Sicily and Sri Lanka.<\/p>\t\t\t\t\t\t\t\t<\/div>\n\t\t\t\t<\/div>\n\t\t\t\t\t<\/div>\n\t\t<\/div>\n\t\t\t\t\t<\/div>\n\t\t<\/section>\n\t\t\t\t<\/div>\n\t\t","protected":false},"excerpt":{"rendered":"<p>MARA BENADUSI mara.benadusi@unict.it Mara Benadusi (PhD) \u00e8 professoressa associata in discipline demoetnoantropologiche nell\u2019Universit\u00e0 degli Studi di Catania dal 2014, dopo essere stata Ricercatrice nell\u2019Universit\u00e0 degli Studi di Bergamo. Dal 2015 al 2017 ha fatto parte del Consiglio direttivo della Societ\u00e0 Italiana di Antropologia Applicata (SIAA) di cui \u00e8 stata Presidente dal 2018 al 2020. Dirige,&hellip; <a class=\"more-link\" href=\"https:\/\/portale2.unime.it\/prinrimigra2017\/benadusi-mara\/\">Continua a leggere <span class=\"screen-reader-text\">Benadusi Mara<\/span><\/a><\/p>\n","protected":false},"author":84,"featured_media":0,"parent":0,"menu_order":0,"comment_status":"closed","ping_status":"closed","template":"elementor_header_footer","meta":{"footnotes":""},"class_list":["post-2626","page","type-page","status-publish","hentry","entry"],"yoast_head":"<!-- This site is optimized with the Yoast SEO plugin v27.3 - https:\/\/yoast.com\/product\/yoast-seo-wordpress\/ -->\n<title>Benadusi Mara - PRIN RIMIGRA 2017<\/title>\n<meta name=\"robots\" content=\"index, follow, max-snippet:-1, max-image-preview:large, max-video-preview:-1\" \/>\n<link rel=\"canonical\" href=\"https:\/\/portale2.unime.it\/prinrimigra2017\/benadusi-mara\/\" \/>\n<meta property=\"og:locale\" content=\"it_IT\" \/>\n<meta property=\"og:type\" content=\"article\" \/>\n<meta property=\"og:title\" content=\"Benadusi Mara - PRIN RIMIGRA 2017\" \/>\n<meta property=\"og:description\" content=\"MARA BENADUSI mara.benadusi@unict.it Mara Benadusi (PhD) \u00e8 professoressa associata in discipline demoetnoantropologiche nell\u2019Universit\u00e0 degli Studi di Catania dal 2014, dopo essere stata Ricercatrice nell\u2019Universit\u00e0 degli Studi di Bergamo. Dal 2015 al 2017 ha fatto parte del Consiglio direttivo della Societ\u00e0 Italiana di Antropologia Applicata (SIAA) di cui \u00e8 stata Presidente dal 2018 al 2020. Dirige,&hellip; Continua a leggere Benadusi Mara\" \/>\n<meta property=\"og:url\" content=\"https:\/\/portale2.unime.it\/prinrimigra2017\/benadusi-mara\/\" \/>\n<meta property=\"og:site_name\" content=\"PRIN RIMIGRA 2017\" \/>\n<meta property=\"article:modified_time\" content=\"2025-01-16T18:12:32+00:00\" \/>\n<meta property=\"og:image\" content=\"https:\/\/portale2.unime.it\/prinrimigra2017\/wp-content\/uploads\/sites\/73\/2025\/01\/10-Mara-Benadusi.jpg\" \/>\n\t<meta property=\"og:image:width\" content=\"477\" \/>\n\t<meta property=\"og:image:height\" content=\"635\" \/>\n\t<meta property=\"og:image:type\" content=\"image\/jpeg\" \/>\n<meta name=\"twitter:card\" content=\"summary_large_image\" \/>\n<meta name=\"twitter:label1\" content=\"Tempo di lettura stimato\" \/>\n\t<meta name=\"twitter:data1\" content=\"3 minuti\" \/>\n<script type=\"application\/ld+json\" class=\"yoast-schema-graph\">{\"@context\":\"https:\\\/\\\/schema.org\",\"@graph\":[{\"@type\":\"WebPage\",\"@id\":\"https:\\\/\\\/portale2.unime.it\\\/prinrimigra2017\\\/benadusi-mara\\\/\",\"url\":\"https:\\\/\\\/portale2.unime.it\\\/prinrimigra2017\\\/benadusi-mara\\\/\",\"name\":\"Benadusi Mara - PRIN RIMIGRA 2017\",\"isPartOf\":{\"@id\":\"https:\\\/\\\/portale2.unime.it\\\/prinrimigra2017\\\/#website\"},\"primaryImageOfPage\":{\"@id\":\"https:\\\/\\\/portale2.unime.it\\\/prinrimigra2017\\\/benadusi-mara\\\/#primaryimage\"},\"image\":{\"@id\":\"https:\\\/\\\/portale2.unime.it\\\/prinrimigra2017\\\/benadusi-mara\\\/#primaryimage\"},\"thumbnailUrl\":\"https:\\\/\\\/portale2.unime.it\\\/prinrimigra2017\\\/wp-content\\\/uploads\\\/sites\\\/73\\\/2025\\\/01\\\/10-Mara-Benadusi.jpg\",\"datePublished\":\"2025-01-07T16:27:56+00:00\",\"dateModified\":\"2025-01-16T18:12:32+00:00\",\"breadcrumb\":{\"@id\":\"https:\\\/\\\/portale2.unime.it\\\/prinrimigra2017\\\/benadusi-mara\\\/#breadcrumb\"},\"inLanguage\":\"it-IT\",\"potentialAction\":[{\"@type\":\"ReadAction\",\"target\":[\"https:\\\/\\\/portale2.unime.it\\\/prinrimigra2017\\\/benadusi-mara\\\/\"]}]},{\"@type\":\"ImageObject\",\"inLanguage\":\"it-IT\",\"@id\":\"https:\\\/\\\/portale2.unime.it\\\/prinrimigra2017\\\/benadusi-mara\\\/#primaryimage\",\"url\":\"https:\\\/\\\/portale2.unime.it\\\/prinrimigra2017\\\/wp-content\\\/uploads\\\/sites\\\/73\\\/2025\\\/01\\\/10-Mara-Benadusi.jpg\",\"contentUrl\":\"https:\\\/\\\/portale2.unime.it\\\/prinrimigra2017\\\/wp-content\\\/uploads\\\/sites\\\/73\\\/2025\\\/01\\\/10-Mara-Benadusi.jpg\",\"width\":477,\"height\":635},{\"@type\":\"BreadcrumbList\",\"@id\":\"https:\\\/\\\/portale2.unime.it\\\/prinrimigra2017\\\/benadusi-mara\\\/#breadcrumb\",\"itemListElement\":[{\"@type\":\"ListItem\",\"position\":1,\"name\":\"Home\",\"item\":\"https:\\\/\\\/portale2.unime.it\\\/prinrimigra2017\\\/\"},{\"@type\":\"ListItem\",\"position\":2,\"name\":\"Benadusi Mara\"}]},{\"@type\":\"WebSite\",\"@id\":\"https:\\\/\\\/portale2.unime.it\\\/prinrimigra2017\\\/#website\",\"url\":\"https:\\\/\\\/portale2.unime.it\\\/prinrimigra2017\\\/\",\"name\":\"PRIN RIMIGRA 2017\",\"description\":\"\",\"publisher\":{\"@id\":\"https:\\\/\\\/portale2.unime.it\\\/prinrimigra2017\\\/#organization\"},\"potentialAction\":[{\"@type\":\"SearchAction\",\"target\":{\"@type\":\"EntryPoint\",\"urlTemplate\":\"https:\\\/\\\/portale2.unime.it\\\/prinrimigra2017\\\/?s={search_term_string}\"},\"query-input\":{\"@type\":\"PropertyValueSpecification\",\"valueRequired\":true,\"valueName\":\"search_term_string\"}}],\"inLanguage\":\"it-IT\"},{\"@type\":\"Organization\",\"@id\":\"https:\\\/\\\/portale2.unime.it\\\/prinrimigra2017\\\/#organization\",\"name\":\"PRIN RIMIGRA 2017\",\"url\":\"https:\\\/\\\/portale2.unime.it\\\/prinrimigra2017\\\/\",\"logo\":{\"@type\":\"ImageObject\",\"inLanguage\":\"it-IT\",\"@id\":\"https:\\\/\\\/portale2.unime.it\\\/prinrimigra2017\\\/#\\\/schema\\\/logo\\\/image\\\/\",\"url\":\"https:\\\/\\\/portale2.unime.it\\\/prinrimigra2017\\\/wp-content\\\/uploads\\\/sites\\\/73\\\/2024\\\/12\\\/emigra-logo.png\",\"contentUrl\":\"https:\\\/\\\/portale2.unime.it\\\/prinrimigra2017\\\/wp-content\\\/uploads\\\/sites\\\/73\\\/2024\\\/12\\\/emigra-logo.png\",\"width\":3330,\"height\":842,\"caption\":\"PRIN RIMIGRA 2017\"},\"image\":{\"@id\":\"https:\\\/\\\/portale2.unime.it\\\/prinrimigra2017\\\/#\\\/schema\\\/logo\\\/image\\\/\"}}]}<\/script>\n<!-- \/ Yoast SEO plugin. -->","yoast_head_json":{"title":"Benadusi Mara - PRIN RIMIGRA 2017","robots":{"index":"index","follow":"follow","max-snippet":"max-snippet:-1","max-image-preview":"max-image-preview:large","max-video-preview":"max-video-preview:-1"},"canonical":"https:\/\/portale2.unime.it\/prinrimigra2017\/benadusi-mara\/","og_locale":"it_IT","og_type":"article","og_title":"Benadusi Mara - PRIN RIMIGRA 2017","og_description":"MARA BENADUSI mara.benadusi@unict.it Mara Benadusi (PhD) \u00e8 professoressa associata in discipline demoetnoantropologiche nell\u2019Universit\u00e0 degli Studi di Catania dal 2014, dopo essere stata Ricercatrice nell\u2019Universit\u00e0 degli Studi di Bergamo. Dal 2015 al 2017 ha fatto parte del Consiglio direttivo della Societ\u00e0 Italiana di Antropologia Applicata (SIAA) di cui \u00e8 stata Presidente dal 2018 al 2020. Dirige,&hellip; Continua a leggere Benadusi Mara","og_url":"https:\/\/portale2.unime.it\/prinrimigra2017\/benadusi-mara\/","og_site_name":"PRIN RIMIGRA 2017","article_modified_time":"2025-01-16T18:12:32+00:00","og_image":[{"width":477,"height":635,"url":"https:\/\/portale2.unime.it\/prinrimigra2017\/wp-content\/uploads\/sites\/73\/2025\/01\/10-Mara-Benadusi.jpg","type":"image\/jpeg"}],"twitter_card":"summary_large_image","twitter_misc":{"Tempo di lettura stimato":"3 minuti"},"schema":{"@context":"https:\/\/schema.org","@graph":[{"@type":"WebPage","@id":"https:\/\/portale2.unime.it\/prinrimigra2017\/benadusi-mara\/","url":"https:\/\/portale2.unime.it\/prinrimigra2017\/benadusi-mara\/","name":"Benadusi Mara - PRIN RIMIGRA 2017","isPartOf":{"@id":"https:\/\/portale2.unime.it\/prinrimigra2017\/#website"},"primaryImageOfPage":{"@id":"https:\/\/portale2.unime.it\/prinrimigra2017\/benadusi-mara\/#primaryimage"},"image":{"@id":"https:\/\/portale2.unime.it\/prinrimigra2017\/benadusi-mara\/#primaryimage"},"thumbnailUrl":"https:\/\/portale2.unime.it\/prinrimigra2017\/wp-content\/uploads\/sites\/73\/2025\/01\/10-Mara-Benadusi.jpg","datePublished":"2025-01-07T16:27:56+00:00","dateModified":"2025-01-16T18:12:32+00:00","breadcrumb":{"@id":"https:\/\/portale2.unime.it\/prinrimigra2017\/benadusi-mara\/#breadcrumb"},"inLanguage":"it-IT","potentialAction":[{"@type":"ReadAction","target":["https:\/\/portale2.unime.it\/prinrimigra2017\/benadusi-mara\/"]}]},{"@type":"ImageObject","inLanguage":"it-IT","@id":"https:\/\/portale2.unime.it\/prinrimigra2017\/benadusi-mara\/#primaryimage","url":"https:\/\/portale2.unime.it\/prinrimigra2017\/wp-content\/uploads\/sites\/73\/2025\/01\/10-Mara-Benadusi.jpg","contentUrl":"https:\/\/portale2.unime.it\/prinrimigra2017\/wp-content\/uploads\/sites\/73\/2025\/01\/10-Mara-Benadusi.jpg","width":477,"height":635},{"@type":"BreadcrumbList","@id":"https:\/\/portale2.unime.it\/prinrimigra2017\/benadusi-mara\/#breadcrumb","itemListElement":[{"@type":"ListItem","position":1,"name":"Home","item":"https:\/\/portale2.unime.it\/prinrimigra2017\/"},{"@type":"ListItem","position":2,"name":"Benadusi Mara"}]},{"@type":"WebSite","@id":"https:\/\/portale2.unime.it\/prinrimigra2017\/#website","url":"https:\/\/portale2.unime.it\/prinrimigra2017\/","name":"PRIN RIMIGRA 2017","description":"","publisher":{"@id":"https:\/\/portale2.unime.it\/prinrimigra2017\/#organization"},"potentialAction":[{"@type":"SearchAction","target":{"@type":"EntryPoint","urlTemplate":"https:\/\/portale2.unime.it\/prinrimigra2017\/?s={search_term_string}"},"query-input":{"@type":"PropertyValueSpecification","valueRequired":true,"valueName":"search_term_string"}}],"inLanguage":"it-IT"},{"@type":"Organization","@id":"https:\/\/portale2.unime.it\/prinrimigra2017\/#organization","name":"PRIN RIMIGRA 2017","url":"https:\/\/portale2.unime.it\/prinrimigra2017\/","logo":{"@type":"ImageObject","inLanguage":"it-IT","@id":"https:\/\/portale2.unime.it\/prinrimigra2017\/#\/schema\/logo\/image\/","url":"https:\/\/portale2.unime.it\/prinrimigra2017\/wp-content\/uploads\/sites\/73\/2024\/12\/emigra-logo.png","contentUrl":"https:\/\/portale2.unime.it\/prinrimigra2017\/wp-content\/uploads\/sites\/73\/2024\/12\/emigra-logo.png","width":3330,"height":842,"caption":"PRIN RIMIGRA 2017"},"image":{"@id":"https:\/\/portale2.unime.it\/prinrimigra2017\/#\/schema\/logo\/image\/"}}]}},"_links":{"self":[{"href":"https:\/\/portale2.unime.it\/prinrimigra2017\/wp-json\/wp\/v2\/pages\/2626","targetHints":{"allow":["GET"]}}],"collection":[{"href":"https:\/\/portale2.unime.it\/prinrimigra2017\/wp-json\/wp\/v2\/pages"}],"about":[{"href":"https:\/\/portale2.unime.it\/prinrimigra2017\/wp-json\/wp\/v2\/types\/page"}],"author":[{"embeddable":true,"href":"https:\/\/portale2.unime.it\/prinrimigra2017\/wp-json\/wp\/v2\/users\/84"}],"replies":[{"embeddable":true,"href":"https:\/\/portale2.unime.it\/prinrimigra2017\/wp-json\/wp\/v2\/comments?post=2626"}],"version-history":[{"count":28,"href":"https:\/\/portale2.unime.it\/prinrimigra2017\/wp-json\/wp\/v2\/pages\/2626\/revisions"}],"predecessor-version":[{"id":3168,"href":"https:\/\/portale2.unime.it\/prinrimigra2017\/wp-json\/wp\/v2\/pages\/2626\/revisions\/3168"}],"wp:attachment":[{"href":"https:\/\/portale2.unime.it\/prinrimigra2017\/wp-json\/wp\/v2\/media?parent=2626"}],"curies":[{"name":"wp","href":"https:\/\/api.w.org\/{rel}","templated":true}]}}