{"id":2692,"date":"2025-01-07T19:47:46","date_gmt":"2025-01-07T18:47:46","guid":{"rendered":"https:\/\/portale2.unime.it\/prinrimigra2017\/?page_id=2692"},"modified":"2025-01-14T17:12:11","modified_gmt":"2025-01-14T16:12:11","slug":"fava-ferdinando","status":"publish","type":"page","link":"https:\/\/portale2.unime.it\/prinrimigra2017\/fava-ferdinando\/","title":{"rendered":"Fava Ferdinando"},"content":{"rendered":"\t\t<div data-elementor-type=\"wp-page\" data-elementor-id=\"2692\" class=\"elementor elementor-2692\">\n\t\t\t\t\t\t<section class=\"elementor-section elementor-top-section elementor-element elementor-element-cb36390 elementor-section-boxed elementor-section-height-default elementor-section-height-default\" data-id=\"cb36390\" data-element_type=\"section\" data-e-type=\"section\">\n\t\t\t\t\t\t<div class=\"elementor-container elementor-column-gap-default\">\n\t\t\t\t\t<div class=\"elementor-column elementor-col-100 elementor-top-column elementor-element elementor-element-7ec0c9e\" data-id=\"7ec0c9e\" data-element_type=\"column\" data-e-type=\"column\">\n\t\t\t<div class=\"elementor-widget-wrap\">\n\t\t\t\t\t\t\t<\/div>\n\t\t<\/div>\n\t\t\t\t\t<\/div>\n\t\t<\/section>\n\t\t\t\t<section class=\"elementor-section elementor-top-section elementor-element elementor-element-23fee20 elementor-section-boxed elementor-section-height-default elementor-section-height-default\" data-id=\"23fee20\" data-element_type=\"section\" data-e-type=\"section\" data-settings=\"{&quot;background_background&quot;:&quot;classic&quot;}\">\n\t\t\t\t\t\t\t<div class=\"elementor-background-overlay\"><\/div>\n\t\t\t\t\t\t\t<div class=\"elementor-container elementor-column-gap-default\">\n\t\t\t\t\t<div class=\"elementor-column elementor-col-100 elementor-top-column elementor-element elementor-element-5e60ff1\" data-id=\"5e60ff1\" data-element_type=\"column\" data-e-type=\"column\">\n\t\t\t<div class=\"elementor-widget-wrap elementor-element-populated\">\n\t\t\t\t\t\t<div class=\"elementor-element elementor-element-29f4caa elementor-invisible elementor-widget elementor-widget-heading\" data-id=\"29f4caa\" data-element_type=\"widget\" data-e-type=\"widget\" data-settings=\"{&quot;_animation&quot;:&quot;fadeInDown&quot;}\" data-widget_type=\"heading.default\">\n\t\t\t\t<div class=\"elementor-widget-container\">\n\t\t\t\t\t<h2 class=\"elementor-heading-title elementor-size-default\"><br><br>FERDINANDO <span>FAVA<\/span><br><br><\/h2>\t\t\t\t<\/div>\n\t\t\t\t<\/div>\n\t\t\t\t\t<\/div>\n\t\t<\/div>\n\t\t\t\t\t<\/div>\n\t\t<\/section>\n\t\t\t\t<section class=\"elementor-section elementor-top-section elementor-element elementor-element-c26f4a1 elementor-section-boxed elementor-section-height-default elementor-section-height-default\" data-id=\"c26f4a1\" data-element_type=\"section\" data-e-type=\"section\">\n\t\t\t\t\t\t<div class=\"elementor-container elementor-column-gap-default\">\n\t\t\t\t\t<div class=\"elementor-column elementor-col-50 elementor-top-column elementor-element elementor-element-ccd0b80\" data-id=\"ccd0b80\" data-element_type=\"column\" data-e-type=\"column\">\n\t\t\t<div class=\"elementor-widget-wrap elementor-element-populated\">\n\t\t\t\t\t\t<div class=\"elementor-element elementor-element-2f49aa4 elementor-widget elementor-widget-image\" data-id=\"2f49aa4\" data-element_type=\"widget\" data-e-type=\"widget\" data-widget_type=\"image.default\">\n\t\t\t\t<div class=\"elementor-widget-container\">\n\t\t\t\t\t\t\t\t\t\t\t\t\t\t\t<img fetchpriority=\"high\" decoding=\"async\" width=\"477\" height=\"635\" src=\"https:\/\/portale2.unime.it\/prinrimigra2017\/wp-content\/uploads\/sites\/73\/2025\/01\/08-Ferdinando-Fava.jpg\" class=\"attachment-large size-large wp-image-2041\" alt=\"\" srcset=\"https:\/\/portale2.unime.it\/prinrimigra2017\/wp-content\/uploads\/sites\/73\/2025\/01\/08-Ferdinando-Fava.jpg 477w, https:\/\/portale2.unime.it\/prinrimigra2017\/wp-content\/uploads\/sites\/73\/2025\/01\/08-Ferdinando-Fava-225x300.jpg 225w\" sizes=\"(max-width: 477px) 100vw, 477px\" style=\"width:100%;height:133.12%;max-width:477px\" \/>\t\t\t\t\t\t\t\t\t\t\t\t\t\t\t<\/div>\n\t\t\t\t<\/div>\n\t\t\t\t<section class=\"elementor-section elementor-inner-section elementor-element elementor-element-f5e9b62 elementor-section-boxed elementor-section-height-default elementor-section-height-default\" data-id=\"f5e9b62\" data-element_type=\"section\" data-e-type=\"section\">\n\t\t\t\t\t\t<div class=\"elementor-container elementor-column-gap-default\">\n\t\t\t\t\t<div class=\"elementor-column elementor-col-50 elementor-inner-column elementor-element elementor-element-3a668dc\" data-id=\"3a668dc\" data-element_type=\"column\" data-e-type=\"column\">\n\t\t\t<div class=\"elementor-widget-wrap elementor-element-populated\">\n\t\t\t\t\t\t<div class=\"elementor-element elementor-element-3827ade elementor-view-default elementor-widget elementor-widget-icon\" data-id=\"3827ade\" data-element_type=\"widget\" data-e-type=\"widget\" data-widget_type=\"icon.default\">\n\t\t\t\t<div class=\"elementor-widget-container\">\n\t\t\t\t\t\t\t<div class=\"elementor-icon-wrapper\">\n\t\t\t<div class=\"elementor-icon\">\n\t\t\t<svg aria-hidden=\"true\" class=\"e-font-icon-svg e-far-envelope\" viewBox=\"0 0 512 512\" xmlns=\"http:\/\/www.w3.org\/2000\/svg\"><path d=\"M464 64H48C21.49 64 0 85.49 0 112v288c0 26.51 21.49 48 48 48h416c26.51 0 48-21.49 48-48V112c0-26.51-21.49-48-48-48zm0 48v40.805c-22.422 18.259-58.168 46.651-134.587 106.49-16.841 13.247-50.201 45.072-73.413 44.701-23.208.375-56.579-31.459-73.413-44.701C106.18 199.465 70.425 171.067 48 152.805V112h416zM48 400V214.398c22.914 18.251 55.409 43.862 104.938 82.646 21.857 17.205 60.134 55.186 103.062 54.955 42.717.231 80.509-37.199 103.053-54.947 49.528-38.783 82.032-64.401 104.947-82.653V400H48z\"><\/path><\/svg>\t\t\t<\/div>\n\t\t<\/div>\n\t\t\t\t\t\t<\/div>\n\t\t\t\t<\/div>\n\t\t\t\t\t<\/div>\n\t\t<\/div>\n\t\t\t\t<div class=\"elementor-column elementor-col-50 elementor-inner-column elementor-element elementor-element-d05c99a\" data-id=\"d05c99a\" data-element_type=\"column\" data-e-type=\"column\">\n\t\t\t<div class=\"elementor-widget-wrap elementor-element-populated\">\n\t\t\t\t\t\t<div class=\"elementor-element elementor-element-bf5e8aa elementor-widget elementor-widget-heading\" data-id=\"bf5e8aa\" data-element_type=\"widget\" data-e-type=\"widget\" data-widget_type=\"heading.default\">\n\t\t\t\t<div class=\"elementor-widget-container\">\n\t\t\t\t\t<h2 class=\"elementor-heading-title elementor-size-default\"><a href=\"mailto:ferdinando.fava@unipd.it\">ferdinando.fava@unipd.it<\/a><\/h2>\t\t\t\t<\/div>\n\t\t\t\t<\/div>\n\t\t\t\t\t<\/div>\n\t\t<\/div>\n\t\t\t\t\t<\/div>\n\t\t<\/section>\n\t\t\t\t\t<\/div>\n\t\t<\/div>\n\t\t\t\t<div class=\"elementor-column elementor-col-50 elementor-top-column elementor-element elementor-element-256aae9\" data-id=\"256aae9\" data-element_type=\"column\" data-e-type=\"column\">\n\t\t\t<div class=\"elementor-widget-wrap elementor-element-populated\">\n\t\t\t\t\t\t<div class=\"elementor-element elementor-element-b76df65 elementor-widget elementor-widget-text-editor\" data-id=\"b76df65\" data-element_type=\"widget\" data-e-type=\"widget\" data-widget_type=\"text-editor.default\">\n\t\t\t\t<div class=\"elementor-widget-container\">\n\t\t\t\t\t\t\t\t\t<p><strong>Ferdinando Fava<\/strong> <strong>(PhD)<\/strong> \u00e8 professore ordinario di Antropologia urbana nell\u2019Universit\u00e0 di Padova. Ricercatore titolare nel \u201cLaboratoire Anthropologie\/Architecture (LAA)\u201d dell\u2019\u00c9cole Nationale Sup\u00e9rieure d\u2019Architecture de Paris-La Villette dove coordina il progetto \u00ab\u00catre Habitant\u00bb, \u00e8 anche\u00a0membro\u00a0del \u201cLaboratorie Architecture Ville Urbanisme Environnement (LAVUE)\u201d del CNRS e dell\u2019\u201cInstituto de Altos Estudios Sociales (IDAES)\u201d dell\u2019Universidad Nacional de San Martin di Buenos Aires.<\/p><p>La sua ricerca si concentra sui processi socio-istituzionali di produzione delle aree marginali urbane come anche sull\u2019epistemologia, l\u2019etica e la politica della ricerca. Tra le sue ultime pubblicazioni: \u201cCovid19: invisible et intouchable comme nos liens\u201d in Selim M. (\u00e9d.) <em>Anthropologie d\u2019une pand\u00e9mie<\/em> (2020); <em>El antrop\u00f3logo en la escena etnogr\u00e1fica.\u00a0Implicaci\u00f3n y lazo emergente<\/em> (2021); \u201cIllusion of Immediate Knowledge or Spiritual Exercise? The Dialogic Exchange and Pierre Bourdieu\u2019s Ethnography\u201d, in Biscaldi A., Matera V. (eds.), <em>Ethnography. A Theoretically Oriented Practice<\/em> (2021).<\/p><p>\u00a0<\/p><p><strong>Ferdinando Fava<\/strong> (PhD) is a full professor of Urban Anthropology at the University of Padua. He is a research fellow at the \u201cLaboratoire Anthropologie\/Architecture (LAA)\u201d of the \u00c9cole Nationale Sup\u00e9rieure d\u2019Architecture de Paris-La Villette, where he coordinates the project \u00ab\u00catre Habitant\u00bb. He is also a member of the \u201cLaboratoire Architecture Ville Urbanisme Environnement (LAVUE)\u201d at CNRS and the \u201cInstituto de Altos Estudios Sociales (IDAES)\u201d at the Universidad Nacional de San Martin in Buenos Aires. His research focuses on the socio-institutional processes that shape marginal urban areas as well as the epistemology, ethics, and politics of research. Among his recent publications: \u201cCovid19: invisible et intouchable comme nos liens\u201d in Selim M. (ed.), <em>Anthropologie d\u2019une pand\u00e9mie<\/em> (2020); <em>El antrop\u00f3logo en la escena etnogr\u00e1fica. Implicaci\u00f3n y lazo emergente<\/em> (2021); \u201cIllusion of Immediate Knowledge or Spiritual Exercise? The Dialogic Exchange and Pierre Bourdieu\u2019s Ethnography,\u201d in Biscaldi A., Matera V. (eds.), <em>Ethnography. A Theoretically Oriented Practice<\/em> (2021).<\/p>\t\t\t\t\t\t\t\t<\/div>\n\t\t\t\t<\/div>\n\t\t\t\t\t<\/div>\n\t\t<\/div>\n\t\t\t\t\t<\/div>\n\t\t<\/section>\n\t\t\t\t<\/div>\n\t\t","protected":false},"excerpt":{"rendered":"<p>FERDINANDO FAVA ferdinando.fava@unipd.it Ferdinando Fava (PhD) \u00e8 professore ordinario di Antropologia urbana nell\u2019Universit\u00e0 di Padova. Ricercatore titolare nel \u201cLaboratoire Anthropologie\/Architecture (LAA)\u201d dell\u2019\u00c9cole Nationale Sup\u00e9rieure d\u2019Architecture de Paris-La Villette dove coordina il progetto \u00ab\u00catre Habitant\u00bb, \u00e8 anche\u00a0membro\u00a0del \u201cLaboratorie Architecture Ville Urbanisme Environnement (LAVUE)\u201d del CNRS e dell\u2019\u201cInstituto de Altos Estudios Sociales (IDAES)\u201d dell\u2019Universidad Nacional de San&hellip; <a class=\"more-link\" href=\"https:\/\/portale2.unime.it\/prinrimigra2017\/fava-ferdinando\/\">Continua a leggere <span class=\"screen-reader-text\">Fava Ferdinando<\/span><\/a><\/p>\n","protected":false},"author":84,"featured_media":0,"parent":0,"menu_order":0,"comment_status":"closed","ping_status":"closed","template":"elementor_header_footer","meta":{"footnotes":""},"class_list":["post-2692","page","type-page","status-publish","hentry","entry"],"yoast_head":"<!-- This site is optimized with the Yoast SEO plugin v27.3 - https:\/\/yoast.com\/product\/yoast-seo-wordpress\/ -->\n<title>Fava Ferdinando - PRIN RIMIGRA 2017<\/title>\n<meta name=\"robots\" content=\"index, follow, max-snippet:-1, max-image-preview:large, max-video-preview:-1\" \/>\n<link rel=\"canonical\" href=\"https:\/\/portale2.unime.it\/prinrimigra2017\/fava-ferdinando\/\" \/>\n<meta property=\"og:locale\" content=\"it_IT\" \/>\n<meta property=\"og:type\" content=\"article\" \/>\n<meta property=\"og:title\" content=\"Fava Ferdinando - PRIN RIMIGRA 2017\" \/>\n<meta property=\"og:description\" content=\"FERDINANDO FAVA ferdinando.fava@unipd.it Ferdinando Fava (PhD) \u00e8 professore ordinario di Antropologia urbana nell\u2019Universit\u00e0 di Padova. Ricercatore titolare nel \u201cLaboratoire Anthropologie\/Architecture (LAA)\u201d dell\u2019\u00c9cole Nationale Sup\u00e9rieure d\u2019Architecture de Paris-La Villette dove coordina il progetto \u00ab\u00catre Habitant\u00bb, \u00e8 anche\u00a0membro\u00a0del \u201cLaboratorie Architecture Ville Urbanisme Environnement (LAVUE)\u201d del CNRS e dell\u2019\u201cInstituto de Altos Estudios Sociales (IDAES)\u201d dell\u2019Universidad Nacional de San&hellip; Continua a leggere Fava Ferdinando\" \/>\n<meta property=\"og:url\" content=\"https:\/\/portale2.unime.it\/prinrimigra2017\/fava-ferdinando\/\" \/>\n<meta property=\"og:site_name\" content=\"PRIN RIMIGRA 2017\" \/>\n<meta property=\"article:modified_time\" content=\"2025-01-14T16:12:11+00:00\" \/>\n<meta property=\"og:image\" content=\"https:\/\/portale2.unime.it\/prinrimigra2017\/wp-content\/uploads\/sites\/73\/2025\/01\/08-Ferdinando-Fava.jpg\" \/>\n\t<meta property=\"og:image:width\" content=\"477\" \/>\n\t<meta property=\"og:image:height\" content=\"635\" \/>\n\t<meta property=\"og:image:type\" content=\"image\/jpeg\" \/>\n<meta name=\"twitter:card\" content=\"summary_large_image\" \/>\n<meta name=\"twitter:label1\" content=\"Tempo di lettura stimato\" \/>\n\t<meta name=\"twitter:data1\" content=\"2 minuti\" \/>\n<script type=\"application\/ld+json\" class=\"yoast-schema-graph\">{\"@context\":\"https:\\\/\\\/schema.org\",\"@graph\":[{\"@type\":\"WebPage\",\"@id\":\"https:\\\/\\\/portale2.unime.it\\\/prinrimigra2017\\\/fava-ferdinando\\\/\",\"url\":\"https:\\\/\\\/portale2.unime.it\\\/prinrimigra2017\\\/fava-ferdinando\\\/\",\"name\":\"Fava Ferdinando - PRIN RIMIGRA 2017\",\"isPartOf\":{\"@id\":\"https:\\\/\\\/portale2.unime.it\\\/prinrimigra2017\\\/#website\"},\"primaryImageOfPage\":{\"@id\":\"https:\\\/\\\/portale2.unime.it\\\/prinrimigra2017\\\/fava-ferdinando\\\/#primaryimage\"},\"image\":{\"@id\":\"https:\\\/\\\/portale2.unime.it\\\/prinrimigra2017\\\/fava-ferdinando\\\/#primaryimage\"},\"thumbnailUrl\":\"https:\\\/\\\/portale2.unime.it\\\/prinrimigra2017\\\/wp-content\\\/uploads\\\/sites\\\/73\\\/2025\\\/01\\\/08-Ferdinando-Fava.jpg\",\"datePublished\":\"2025-01-07T18:47:46+00:00\",\"dateModified\":\"2025-01-14T16:12:11+00:00\",\"breadcrumb\":{\"@id\":\"https:\\\/\\\/portale2.unime.it\\\/prinrimigra2017\\\/fava-ferdinando\\\/#breadcrumb\"},\"inLanguage\":\"it-IT\",\"potentialAction\":[{\"@type\":\"ReadAction\",\"target\":[\"https:\\\/\\\/portale2.unime.it\\\/prinrimigra2017\\\/fava-ferdinando\\\/\"]}]},{\"@type\":\"ImageObject\",\"inLanguage\":\"it-IT\",\"@id\":\"https:\\\/\\\/portale2.unime.it\\\/prinrimigra2017\\\/fava-ferdinando\\\/#primaryimage\",\"url\":\"https:\\\/\\\/portale2.unime.it\\\/prinrimigra2017\\\/wp-content\\\/uploads\\\/sites\\\/73\\\/2025\\\/01\\\/08-Ferdinando-Fava.jpg\",\"contentUrl\":\"https:\\\/\\\/portale2.unime.it\\\/prinrimigra2017\\\/wp-content\\\/uploads\\\/sites\\\/73\\\/2025\\\/01\\\/08-Ferdinando-Fava.jpg\",\"width\":477,\"height\":635},{\"@type\":\"BreadcrumbList\",\"@id\":\"https:\\\/\\\/portale2.unime.it\\\/prinrimigra2017\\\/fava-ferdinando\\\/#breadcrumb\",\"itemListElement\":[{\"@type\":\"ListItem\",\"position\":1,\"name\":\"Home\",\"item\":\"https:\\\/\\\/portale2.unime.it\\\/prinrimigra2017\\\/\"},{\"@type\":\"ListItem\",\"position\":2,\"name\":\"Fava Ferdinando\"}]},{\"@type\":\"WebSite\",\"@id\":\"https:\\\/\\\/portale2.unime.it\\\/prinrimigra2017\\\/#website\",\"url\":\"https:\\\/\\\/portale2.unime.it\\\/prinrimigra2017\\\/\",\"name\":\"PRIN RIMIGRA 2017\",\"description\":\"\",\"publisher\":{\"@id\":\"https:\\\/\\\/portale2.unime.it\\\/prinrimigra2017\\\/#organization\"},\"potentialAction\":[{\"@type\":\"SearchAction\",\"target\":{\"@type\":\"EntryPoint\",\"urlTemplate\":\"https:\\\/\\\/portale2.unime.it\\\/prinrimigra2017\\\/?s={search_term_string}\"},\"query-input\":{\"@type\":\"PropertyValueSpecification\",\"valueRequired\":true,\"valueName\":\"search_term_string\"}}],\"inLanguage\":\"it-IT\"},{\"@type\":\"Organization\",\"@id\":\"https:\\\/\\\/portale2.unime.it\\\/prinrimigra2017\\\/#organization\",\"name\":\"PRIN RIMIGRA 2017\",\"url\":\"https:\\\/\\\/portale2.unime.it\\\/prinrimigra2017\\\/\",\"logo\":{\"@type\":\"ImageObject\",\"inLanguage\":\"it-IT\",\"@id\":\"https:\\\/\\\/portale2.unime.it\\\/prinrimigra2017\\\/#\\\/schema\\\/logo\\\/image\\\/\",\"url\":\"https:\\\/\\\/portale2.unime.it\\\/prinrimigra2017\\\/wp-content\\\/uploads\\\/sites\\\/73\\\/2024\\\/12\\\/emigra-logo.png\",\"contentUrl\":\"https:\\\/\\\/portale2.unime.it\\\/prinrimigra2017\\\/wp-content\\\/uploads\\\/sites\\\/73\\\/2024\\\/12\\\/emigra-logo.png\",\"width\":3330,\"height\":842,\"caption\":\"PRIN RIMIGRA 2017\"},\"image\":{\"@id\":\"https:\\\/\\\/portale2.unime.it\\\/prinrimigra2017\\\/#\\\/schema\\\/logo\\\/image\\\/\"}}]}<\/script>\n<!-- \/ Yoast SEO plugin. -->","yoast_head_json":{"title":"Fava Ferdinando - PRIN RIMIGRA 2017","robots":{"index":"index","follow":"follow","max-snippet":"max-snippet:-1","max-image-preview":"max-image-preview:large","max-video-preview":"max-video-preview:-1"},"canonical":"https:\/\/portale2.unime.it\/prinrimigra2017\/fava-ferdinando\/","og_locale":"it_IT","og_type":"article","og_title":"Fava Ferdinando - PRIN RIMIGRA 2017","og_description":"FERDINANDO FAVA ferdinando.fava@unipd.it Ferdinando Fava (PhD) \u00e8 professore ordinario di Antropologia urbana nell\u2019Universit\u00e0 di Padova. Ricercatore titolare nel \u201cLaboratoire Anthropologie\/Architecture (LAA)\u201d dell\u2019\u00c9cole Nationale Sup\u00e9rieure d\u2019Architecture de Paris-La Villette dove coordina il progetto \u00ab\u00catre Habitant\u00bb, \u00e8 anche\u00a0membro\u00a0del \u201cLaboratorie Architecture Ville Urbanisme Environnement (LAVUE)\u201d del CNRS e dell\u2019\u201cInstituto de Altos Estudios Sociales (IDAES)\u201d dell\u2019Universidad Nacional de San&hellip; Continua a leggere Fava Ferdinando","og_url":"https:\/\/portale2.unime.it\/prinrimigra2017\/fava-ferdinando\/","og_site_name":"PRIN RIMIGRA 2017","article_modified_time":"2025-01-14T16:12:11+00:00","og_image":[{"width":477,"height":635,"url":"https:\/\/portale2.unime.it\/prinrimigra2017\/wp-content\/uploads\/sites\/73\/2025\/01\/08-Ferdinando-Fava.jpg","type":"image\/jpeg"}],"twitter_card":"summary_large_image","twitter_misc":{"Tempo di lettura stimato":"2 minuti"},"schema":{"@context":"https:\/\/schema.org","@graph":[{"@type":"WebPage","@id":"https:\/\/portale2.unime.it\/prinrimigra2017\/fava-ferdinando\/","url":"https:\/\/portale2.unime.it\/prinrimigra2017\/fava-ferdinando\/","name":"Fava Ferdinando - PRIN RIMIGRA 2017","isPartOf":{"@id":"https:\/\/portale2.unime.it\/prinrimigra2017\/#website"},"primaryImageOfPage":{"@id":"https:\/\/portale2.unime.it\/prinrimigra2017\/fava-ferdinando\/#primaryimage"},"image":{"@id":"https:\/\/portale2.unime.it\/prinrimigra2017\/fava-ferdinando\/#primaryimage"},"thumbnailUrl":"https:\/\/portale2.unime.it\/prinrimigra2017\/wp-content\/uploads\/sites\/73\/2025\/01\/08-Ferdinando-Fava.jpg","datePublished":"2025-01-07T18:47:46+00:00","dateModified":"2025-01-14T16:12:11+00:00","breadcrumb":{"@id":"https:\/\/portale2.unime.it\/prinrimigra2017\/fava-ferdinando\/#breadcrumb"},"inLanguage":"it-IT","potentialAction":[{"@type":"ReadAction","target":["https:\/\/portale2.unime.it\/prinrimigra2017\/fava-ferdinando\/"]}]},{"@type":"ImageObject","inLanguage":"it-IT","@id":"https:\/\/portale2.unime.it\/prinrimigra2017\/fava-ferdinando\/#primaryimage","url":"https:\/\/portale2.unime.it\/prinrimigra2017\/wp-content\/uploads\/sites\/73\/2025\/01\/08-Ferdinando-Fava.jpg","contentUrl":"https:\/\/portale2.unime.it\/prinrimigra2017\/wp-content\/uploads\/sites\/73\/2025\/01\/08-Ferdinando-Fava.jpg","width":477,"height":635},{"@type":"BreadcrumbList","@id":"https:\/\/portale2.unime.it\/prinrimigra2017\/fava-ferdinando\/#breadcrumb","itemListElement":[{"@type":"ListItem","position":1,"name":"Home","item":"https:\/\/portale2.unime.it\/prinrimigra2017\/"},{"@type":"ListItem","position":2,"name":"Fava Ferdinando"}]},{"@type":"WebSite","@id":"https:\/\/portale2.unime.it\/prinrimigra2017\/#website","url":"https:\/\/portale2.unime.it\/prinrimigra2017\/","name":"PRIN RIMIGRA 2017","description":"","publisher":{"@id":"https:\/\/portale2.unime.it\/prinrimigra2017\/#organization"},"potentialAction":[{"@type":"SearchAction","target":{"@type":"EntryPoint","urlTemplate":"https:\/\/portale2.unime.it\/prinrimigra2017\/?s={search_term_string}"},"query-input":{"@type":"PropertyValueSpecification","valueRequired":true,"valueName":"search_term_string"}}],"inLanguage":"it-IT"},{"@type":"Organization","@id":"https:\/\/portale2.unime.it\/prinrimigra2017\/#organization","name":"PRIN RIMIGRA 2017","url":"https:\/\/portale2.unime.it\/prinrimigra2017\/","logo":{"@type":"ImageObject","inLanguage":"it-IT","@id":"https:\/\/portale2.unime.it\/prinrimigra2017\/#\/schema\/logo\/image\/","url":"https:\/\/portale2.unime.it\/prinrimigra2017\/wp-content\/uploads\/sites\/73\/2024\/12\/emigra-logo.png","contentUrl":"https:\/\/portale2.unime.it\/prinrimigra2017\/wp-content\/uploads\/sites\/73\/2024\/12\/emigra-logo.png","width":3330,"height":842,"caption":"PRIN RIMIGRA 2017"},"image":{"@id":"https:\/\/portale2.unime.it\/prinrimigra2017\/#\/schema\/logo\/image\/"}}]}},"_links":{"self":[{"href":"https:\/\/portale2.unime.it\/prinrimigra2017\/wp-json\/wp\/v2\/pages\/2692","targetHints":{"allow":["GET"]}}],"collection":[{"href":"https:\/\/portale2.unime.it\/prinrimigra2017\/wp-json\/wp\/v2\/pages"}],"about":[{"href":"https:\/\/portale2.unime.it\/prinrimigra2017\/wp-json\/wp\/v2\/types\/page"}],"author":[{"embeddable":true,"href":"https:\/\/portale2.unime.it\/prinrimigra2017\/wp-json\/wp\/v2\/users\/84"}],"replies":[{"embeddable":true,"href":"https:\/\/portale2.unime.it\/prinrimigra2017\/wp-json\/wp\/v2\/comments?post=2692"}],"version-history":[{"count":10,"href":"https:\/\/portale2.unime.it\/prinrimigra2017\/wp-json\/wp\/v2\/pages\/2692\/revisions"}],"predecessor-version":[{"id":3098,"href":"https:\/\/portale2.unime.it\/prinrimigra2017\/wp-json\/wp\/v2\/pages\/2692\/revisions\/3098"}],"wp:attachment":[{"href":"https:\/\/portale2.unime.it\/prinrimigra2017\/wp-json\/wp\/v2\/media?parent=2692"}],"curies":[{"name":"wp","href":"https:\/\/api.w.org\/{rel}","templated":true}]}}