{"id":2719,"date":"2025-01-07T19:57:02","date_gmt":"2025-01-07T18:57:02","guid":{"rendered":"https:\/\/portale2.unime.it\/prinrimigra2017\/?page_id=2719"},"modified":"2025-01-14T17:14:33","modified_gmt":"2025-01-14T16:14:33","slug":"mirizzi-ferdinando","status":"publish","type":"page","link":"https:\/\/portale2.unime.it\/prinrimigra2017\/mirizzi-ferdinando\/","title":{"rendered":"Mirizzi Ferdinando"},"content":{"rendered":"\t\t<div data-elementor-type=\"wp-page\" data-elementor-id=\"2719\" class=\"elementor elementor-2719\">\n\t\t\t\t\t\t<section class=\"elementor-section elementor-top-section elementor-element elementor-element-cb36390 elementor-section-boxed elementor-section-height-default elementor-section-height-default\" data-id=\"cb36390\" data-element_type=\"section\" data-e-type=\"section\">\n\t\t\t\t\t\t<div class=\"elementor-container elementor-column-gap-default\">\n\t\t\t\t\t<div class=\"elementor-column elementor-col-100 elementor-top-column elementor-element elementor-element-7ec0c9e\" data-id=\"7ec0c9e\" data-element_type=\"column\" data-e-type=\"column\">\n\t\t\t<div class=\"elementor-widget-wrap\">\n\t\t\t\t\t\t\t<\/div>\n\t\t<\/div>\n\t\t\t\t\t<\/div>\n\t\t<\/section>\n\t\t\t\t<section class=\"elementor-section elementor-top-section elementor-element elementor-element-23fee20 elementor-section-boxed elementor-section-height-default elementor-section-height-default\" data-id=\"23fee20\" data-element_type=\"section\" data-e-type=\"section\" data-settings=\"{&quot;background_background&quot;:&quot;classic&quot;}\">\n\t\t\t\t\t\t\t<div class=\"elementor-background-overlay\"><\/div>\n\t\t\t\t\t\t\t<div class=\"elementor-container elementor-column-gap-default\">\n\t\t\t\t\t<div class=\"elementor-column elementor-col-100 elementor-top-column elementor-element elementor-element-5e60ff1\" data-id=\"5e60ff1\" data-element_type=\"column\" data-e-type=\"column\">\n\t\t\t<div class=\"elementor-widget-wrap elementor-element-populated\">\n\t\t\t\t\t\t<div class=\"elementor-element elementor-element-29f4caa elementor-invisible elementor-widget elementor-widget-heading\" data-id=\"29f4caa\" data-element_type=\"widget\" data-e-type=\"widget\" data-settings=\"{&quot;_animation&quot;:&quot;fadeInDown&quot;}\" data-widget_type=\"heading.default\">\n\t\t\t\t<div class=\"elementor-widget-container\">\n\t\t\t\t\t<h2 class=\"elementor-heading-title elementor-size-default\"><br><br>FERDINANDO <span>MIRIZZI<\/span><br><br><\/h2>\t\t\t\t<\/div>\n\t\t\t\t<\/div>\n\t\t\t\t\t<\/div>\n\t\t<\/div>\n\t\t\t\t\t<\/div>\n\t\t<\/section>\n\t\t\t\t<section class=\"elementor-section elementor-top-section elementor-element elementor-element-c26f4a1 elementor-section-boxed elementor-section-height-default elementor-section-height-default\" data-id=\"c26f4a1\" data-element_type=\"section\" data-e-type=\"section\">\n\t\t\t\t\t\t<div class=\"elementor-container elementor-column-gap-default\">\n\t\t\t\t\t<div class=\"elementor-column elementor-col-50 elementor-top-column elementor-element elementor-element-ccd0b80\" data-id=\"ccd0b80\" data-element_type=\"column\" data-e-type=\"column\">\n\t\t\t<div class=\"elementor-widget-wrap elementor-element-populated\">\n\t\t\t\t\t\t<div class=\"elementor-element elementor-element-2f49aa4 elementor-widget elementor-widget-image\" data-id=\"2f49aa4\" data-element_type=\"widget\" data-e-type=\"widget\" data-widget_type=\"image.default\">\n\t\t\t\t<div class=\"elementor-widget-container\">\n\t\t\t\t\t\t\t\t\t\t\t\t\t\t\t<img fetchpriority=\"high\" decoding=\"async\" width=\"477\" height=\"635\" src=\"https:\/\/portale2.unime.it\/prinrimigra2017\/wp-content\/uploads\/sites\/73\/2025\/01\/11-Mirizzi.jpg\" class=\"attachment-large size-large wp-image-2044\" alt=\"\" srcset=\"https:\/\/portale2.unime.it\/prinrimigra2017\/wp-content\/uploads\/sites\/73\/2025\/01\/11-Mirizzi.jpg 477w, https:\/\/portale2.unime.it\/prinrimigra2017\/wp-content\/uploads\/sites\/73\/2025\/01\/11-Mirizzi-225x300.jpg 225w\" sizes=\"(max-width: 477px) 100vw, 477px\" style=\"width:100%;height:133.12%;max-width:477px\" \/>\t\t\t\t\t\t\t\t\t\t\t\t\t\t\t<\/div>\n\t\t\t\t<\/div>\n\t\t\t\t<section class=\"elementor-section elementor-inner-section elementor-element elementor-element-f5e9b62 elementor-section-boxed elementor-section-height-default elementor-section-height-default\" data-id=\"f5e9b62\" data-element_type=\"section\" data-e-type=\"section\">\n\t\t\t\t\t\t<div class=\"elementor-container elementor-column-gap-default\">\n\t\t\t\t\t<div class=\"elementor-column elementor-col-50 elementor-inner-column elementor-element elementor-element-3a668dc\" data-id=\"3a668dc\" data-element_type=\"column\" data-e-type=\"column\">\n\t\t\t<div class=\"elementor-widget-wrap elementor-element-populated\">\n\t\t\t\t\t\t<div class=\"elementor-element elementor-element-3827ade elementor-view-default elementor-widget elementor-widget-icon\" data-id=\"3827ade\" data-element_type=\"widget\" data-e-type=\"widget\" data-widget_type=\"icon.default\">\n\t\t\t\t<div class=\"elementor-widget-container\">\n\t\t\t\t\t\t\t<div class=\"elementor-icon-wrapper\">\n\t\t\t<div class=\"elementor-icon\">\n\t\t\t<svg aria-hidden=\"true\" class=\"e-font-icon-svg e-far-envelope\" viewBox=\"0 0 512 512\" xmlns=\"http:\/\/www.w3.org\/2000\/svg\"><path d=\"M464 64H48C21.49 64 0 85.49 0 112v288c0 26.51 21.49 48 48 48h416c26.51 0 48-21.49 48-48V112c0-26.51-21.49-48-48-48zm0 48v40.805c-22.422 18.259-58.168 46.651-134.587 106.49-16.841 13.247-50.201 45.072-73.413 44.701-23.208.375-56.579-31.459-73.413-44.701C106.18 199.465 70.425 171.067 48 152.805V112h416zM48 400V214.398c22.914 18.251 55.409 43.862 104.938 82.646 21.857 17.205 60.134 55.186 103.062 54.955 42.717.231 80.509-37.199 103.053-54.947 49.528-38.783 82.032-64.401 104.947-82.653V400H48z\"><\/path><\/svg>\t\t\t<\/div>\n\t\t<\/div>\n\t\t\t\t\t\t<\/div>\n\t\t\t\t<\/div>\n\t\t\t\t\t<\/div>\n\t\t<\/div>\n\t\t\t\t<div class=\"elementor-column elementor-col-50 elementor-inner-column elementor-element elementor-element-d05c99a\" data-id=\"d05c99a\" data-element_type=\"column\" data-e-type=\"column\">\n\t\t\t<div class=\"elementor-widget-wrap elementor-element-populated\">\n\t\t\t\t\t\t<div class=\"elementor-element elementor-element-bf5e8aa elementor-widget elementor-widget-heading\" data-id=\"bf5e8aa\" data-element_type=\"widget\" data-e-type=\"widget\" data-widget_type=\"heading.default\">\n\t\t\t\t<div class=\"elementor-widget-container\">\n\t\t\t\t\t<h2 class=\"elementor-heading-title elementor-size-default\"><a href=\"mailto:ferdinando.mirizzi@unibas.it\">ferdinando.mirizzi@unibas.it<\/a><\/h2>\t\t\t\t<\/div>\n\t\t\t\t<\/div>\n\t\t\t\t\t<\/div>\n\t\t<\/div>\n\t\t\t\t\t<\/div>\n\t\t<\/section>\n\t\t\t\t\t<\/div>\n\t\t<\/div>\n\t\t\t\t<div class=\"elementor-column elementor-col-50 elementor-top-column elementor-element elementor-element-256aae9\" data-id=\"256aae9\" data-element_type=\"column\" data-e-type=\"column\">\n\t\t\t<div class=\"elementor-widget-wrap elementor-element-populated\">\n\t\t\t\t\t\t<div class=\"elementor-element elementor-element-b76df65 elementor-widget elementor-widget-text-editor\" data-id=\"b76df65\" data-element_type=\"widget\" data-e-type=\"widget\" data-widget_type=\"text-editor.default\">\n\t\t\t\t<div class=\"elementor-widget-container\">\n\t\t\t\t\t\t\t\t\t<p><strong>Ferdinando Mirizzi<\/strong> \u00e8 professore ordinario di Discipline demoetnoantropologiche nel Dipartimento di Innovazione Umanistica, Scientifica e Sociale (DIUSS) dell\u2019Universit\u00e0 degli Studi della Basilicata, dove dal 2012 al 2020 \u00e8 stato direttore del Dipartimento delle Culture Europee e del Mediterraneo (DiCEM). \u00c8 componente dei collegi docenti del Dottorato di Ricerca \u201cCities and Landscapes: Architecture, Archeology, Cultural Heritage, History and Resources\u201d e del Dottorato Nazionale \u201cPASAP_Med &#8211; Patrimoni archeologici storici architettonici paesaggistici mediterranei\u201d. \u0116 presidente della Societ\u00e0 Italiana di Antropologia Culturale (SIAC) ed \u00e8 socio fondatore della Societ\u00e0 Italiana per la Museografia e i Beni Demoetnoantropologici (SIMBDEA) e del Centro Internazionale di Ricerca e Studi sul Carnevale, la Maschera e la Satira.&nbsp;<\/p>\n<p><\/p>\n<p>\u00c8 direttore responsabile della rivista \u00abArchivio di Etnografia\u00bb e della Collana \u00abEtnografie\u00bb, pubblicate entrambe dalla Casa Editrice Edizioni di Pagina, ed \u00e8 componente dei Comitati Scientifici delle riviste \u00abAntropologia\u00bb, \u00abLares\u00bb, \u00abVisual Ethnography\u00bb, \u00abAntropologia Museale\u00bb e \u00abIl De Martino\u00bb. \u00c8 stato presidente dell\u2019Osservatorio Scientifico Regionale \u201cEdward C. Banfield\u201d per la salvaguardia del patrimonio etno-antropologico della Basilicata e attualmente presiede il Comitato Tecnico Scientifico del Museo della Cultura arb\u00ebreshe di San Paolo Albanese (Pz). Ha fatto parte del Comitato Tecnico Scientifico per la redazione delle Linee Guida finalizzate alla progettazione del Museo Demoetnoantropologico dei Sassi a Matera. I suoi interessi di ricerca sono prevalentemente incentrati su temi di Antropologia dell\u2019Italia e, in particolare, su questioni di antropologia museale e dei patrimoni culturali, di storia della cultura materiale, del territorio e degli insediamenti rurali; sui culti santuariali, i pellegrinaggi e gli ex voto; sulle feste arboree e i Carnevali in area meridionale; su aspetti e problemi relativi alla storia degli studi demoetnoantropologici, alle dinamiche culturali in area meridionale e ai rapporti tra scrittura e costruzione della tradizione; sulle relazioni tra patrimoni culturali e turismo; sulla fotografia etnografica; sulle forme di autorappresentazione e la scrittura autobiografica e popolare.<\/p><p><br><\/p>\n<p><\/p>\n<p><strong>Ferdinando Mirizzi<\/strong> is a full professor of Demoethnoanthropological Disciplines at the Department of Humanistic, Scientific, and Social Innovation (DIUSS) at the University of Basilicata, where from 2012 to 2020 he was the director of the Department of European and Mediterranean Cultures (DiCEM). He is a member of the doctoral boards for the \u201cCities and Landscapes: Architecture, Archaeology, Cultural Heritage, History and Resources\u201d program and the National Doctorate \u201cPASAP_Med \u2013 Mediterranean Archaeological, Historical, Architectural, and Landscape Heritage.\u201d He is the president of the Italian Society of Cultural Anthropology (SIAC) and a founding member of the Italian Society for Museography and Demoethnoanthropological Heritage (SIMBDEA) and the International Research Center for Studies on Carnival, Masks, and Satire. He is the editor-in-chief of the journal <em>Archivio di Etnografia<\/em> and the book series <em>Etnografie<\/em>, both published by Edizioni di Pagina, and a member of the scientific committees of the journals <em>Antropologia<\/em>, <em>Lares<\/em>, <em>Visual Ethnography<\/em>, <em>Antropologia Museale<\/em>, and <em>Il De Martino<\/em>. He was the president of the \u201cEdward C. Banfield\u201d Regional Scientific Observatory for the safeguarding of the ethno-anthropological heritage of Basilicata and currently presides over the Technical Scientific Committee of the Museum of Arb\u00ebresh Culture in San Paolo Albanese (Pz). His research interests are mainly focused on themes of Anthropology in Italy, particularly on issues related to museum anthropology, cultural heritage, the history of material culture, rural settlements, sanctuary cults, pilgrimages, and ex-voto, as well as southern Italy festivals such as tree festivals and carnivals. Other research topics include the history of demoethnoanthropological studies, cultural dynamics in southern Italy, and the relationship between writing and tradition-building, as well as the relationships between cultural heritage and tourism, ethnographic photography, self-representation, and autobiographical and popular writing.<\/p>\t\t\t\t\t\t\t\t<\/div>\n\t\t\t\t<\/div>\n\t\t\t\t\t<\/div>\n\t\t<\/div>\n\t\t\t\t\t<\/div>\n\t\t<\/section>\n\t\t\t\t<\/div>\n\t\t","protected":false},"excerpt":{"rendered":"<p>FERDINANDO MIRIZZI ferdinando.mirizzi@unibas.it Ferdinando Mirizzi \u00e8 professore ordinario di Discipline demoetnoantropologiche nel Dipartimento di Innovazione Umanistica, Scientifica e Sociale (DIUSS) dell\u2019Universit\u00e0 degli Studi della Basilicata, dove dal 2012 al 2020 \u00e8 stato direttore del Dipartimento delle Culture Europee e del Mediterraneo (DiCEM). \u00c8 componente dei collegi docenti del Dottorato di Ricerca \u201cCities and Landscapes: Architecture,&hellip; <a class=\"more-link\" href=\"https:\/\/portale2.unime.it\/prinrimigra2017\/mirizzi-ferdinando\/\">Continua a leggere <span class=\"screen-reader-text\">Mirizzi Ferdinando<\/span><\/a><\/p>\n","protected":false},"author":84,"featured_media":0,"parent":0,"menu_order":0,"comment_status":"closed","ping_status":"closed","template":"elementor_header_footer","meta":{"footnotes":""},"class_list":["post-2719","page","type-page","status-publish","hentry","entry"],"yoast_head":"<!-- This site is optimized with the Yoast SEO plugin v27.3 - https:\/\/yoast.com\/product\/yoast-seo-wordpress\/ -->\n<title>Mirizzi Ferdinando - PRIN RIMIGRA 2017<\/title>\n<meta name=\"robots\" content=\"index, follow, max-snippet:-1, max-image-preview:large, max-video-preview:-1\" \/>\n<link rel=\"canonical\" href=\"https:\/\/portale2.unime.it\/prinrimigra2017\/mirizzi-ferdinando\/\" \/>\n<meta property=\"og:locale\" content=\"it_IT\" \/>\n<meta property=\"og:type\" content=\"article\" \/>\n<meta property=\"og:title\" content=\"Mirizzi Ferdinando - PRIN RIMIGRA 2017\" \/>\n<meta property=\"og:description\" content=\"FERDINANDO MIRIZZI ferdinando.mirizzi@unibas.it Ferdinando Mirizzi \u00e8 professore ordinario di Discipline demoetnoantropologiche nel Dipartimento di Innovazione Umanistica, Scientifica e Sociale (DIUSS) dell\u2019Universit\u00e0 degli Studi della Basilicata, dove dal 2012 al 2020 \u00e8 stato direttore del Dipartimento delle Culture Europee e del Mediterraneo (DiCEM). \u00c8 componente dei collegi docenti del Dottorato di Ricerca \u201cCities and Landscapes: Architecture,&hellip; Continua a leggere Mirizzi Ferdinando\" \/>\n<meta property=\"og:url\" content=\"https:\/\/portale2.unime.it\/prinrimigra2017\/mirizzi-ferdinando\/\" \/>\n<meta property=\"og:site_name\" content=\"PRIN RIMIGRA 2017\" \/>\n<meta property=\"article:modified_time\" content=\"2025-01-14T16:14:33+00:00\" \/>\n<meta property=\"og:image\" content=\"https:\/\/portale2.unime.it\/prinrimigra2017\/wp-content\/uploads\/sites\/73\/2025\/01\/11-Mirizzi.jpg\" \/>\n\t<meta property=\"og:image:width\" content=\"477\" \/>\n\t<meta property=\"og:image:height\" content=\"635\" \/>\n\t<meta property=\"og:image:type\" content=\"image\/jpeg\" \/>\n<meta name=\"twitter:card\" content=\"summary_large_image\" \/>\n<meta name=\"twitter:label1\" content=\"Tempo di lettura stimato\" \/>\n\t<meta name=\"twitter:data1\" content=\"4 minuti\" \/>\n<script type=\"application\/ld+json\" class=\"yoast-schema-graph\">{\"@context\":\"https:\\\/\\\/schema.org\",\"@graph\":[{\"@type\":\"WebPage\",\"@id\":\"https:\\\/\\\/portale2.unime.it\\\/prinrimigra2017\\\/mirizzi-ferdinando\\\/\",\"url\":\"https:\\\/\\\/portale2.unime.it\\\/prinrimigra2017\\\/mirizzi-ferdinando\\\/\",\"name\":\"Mirizzi Ferdinando - PRIN RIMIGRA 2017\",\"isPartOf\":{\"@id\":\"https:\\\/\\\/portale2.unime.it\\\/prinrimigra2017\\\/#website\"},\"primaryImageOfPage\":{\"@id\":\"https:\\\/\\\/portale2.unime.it\\\/prinrimigra2017\\\/mirizzi-ferdinando\\\/#primaryimage\"},\"image\":{\"@id\":\"https:\\\/\\\/portale2.unime.it\\\/prinrimigra2017\\\/mirizzi-ferdinando\\\/#primaryimage\"},\"thumbnailUrl\":\"https:\\\/\\\/portale2.unime.it\\\/prinrimigra2017\\\/wp-content\\\/uploads\\\/sites\\\/73\\\/2025\\\/01\\\/11-Mirizzi.jpg\",\"datePublished\":\"2025-01-07T18:57:02+00:00\",\"dateModified\":\"2025-01-14T16:14:33+00:00\",\"breadcrumb\":{\"@id\":\"https:\\\/\\\/portale2.unime.it\\\/prinrimigra2017\\\/mirizzi-ferdinando\\\/#breadcrumb\"},\"inLanguage\":\"it-IT\",\"potentialAction\":[{\"@type\":\"ReadAction\",\"target\":[\"https:\\\/\\\/portale2.unime.it\\\/prinrimigra2017\\\/mirizzi-ferdinando\\\/\"]}]},{\"@type\":\"ImageObject\",\"inLanguage\":\"it-IT\",\"@id\":\"https:\\\/\\\/portale2.unime.it\\\/prinrimigra2017\\\/mirizzi-ferdinando\\\/#primaryimage\",\"url\":\"https:\\\/\\\/portale2.unime.it\\\/prinrimigra2017\\\/wp-content\\\/uploads\\\/sites\\\/73\\\/2025\\\/01\\\/11-Mirizzi.jpg\",\"contentUrl\":\"https:\\\/\\\/portale2.unime.it\\\/prinrimigra2017\\\/wp-content\\\/uploads\\\/sites\\\/73\\\/2025\\\/01\\\/11-Mirizzi.jpg\",\"width\":477,\"height\":635},{\"@type\":\"BreadcrumbList\",\"@id\":\"https:\\\/\\\/portale2.unime.it\\\/prinrimigra2017\\\/mirizzi-ferdinando\\\/#breadcrumb\",\"itemListElement\":[{\"@type\":\"ListItem\",\"position\":1,\"name\":\"Home\",\"item\":\"https:\\\/\\\/portale2.unime.it\\\/prinrimigra2017\\\/\"},{\"@type\":\"ListItem\",\"position\":2,\"name\":\"Mirizzi Ferdinando\"}]},{\"@type\":\"WebSite\",\"@id\":\"https:\\\/\\\/portale2.unime.it\\\/prinrimigra2017\\\/#website\",\"url\":\"https:\\\/\\\/portale2.unime.it\\\/prinrimigra2017\\\/\",\"name\":\"PRIN RIMIGRA 2017\",\"description\":\"\",\"publisher\":{\"@id\":\"https:\\\/\\\/portale2.unime.it\\\/prinrimigra2017\\\/#organization\"},\"potentialAction\":[{\"@type\":\"SearchAction\",\"target\":{\"@type\":\"EntryPoint\",\"urlTemplate\":\"https:\\\/\\\/portale2.unime.it\\\/prinrimigra2017\\\/?s={search_term_string}\"},\"query-input\":{\"@type\":\"PropertyValueSpecification\",\"valueRequired\":true,\"valueName\":\"search_term_string\"}}],\"inLanguage\":\"it-IT\"},{\"@type\":\"Organization\",\"@id\":\"https:\\\/\\\/portale2.unime.it\\\/prinrimigra2017\\\/#organization\",\"name\":\"PRIN RIMIGRA 2017\",\"url\":\"https:\\\/\\\/portale2.unime.it\\\/prinrimigra2017\\\/\",\"logo\":{\"@type\":\"ImageObject\",\"inLanguage\":\"it-IT\",\"@id\":\"https:\\\/\\\/portale2.unime.it\\\/prinrimigra2017\\\/#\\\/schema\\\/logo\\\/image\\\/\",\"url\":\"https:\\\/\\\/portale2.unime.it\\\/prinrimigra2017\\\/wp-content\\\/uploads\\\/sites\\\/73\\\/2024\\\/12\\\/emigra-logo.png\",\"contentUrl\":\"https:\\\/\\\/portale2.unime.it\\\/prinrimigra2017\\\/wp-content\\\/uploads\\\/sites\\\/73\\\/2024\\\/12\\\/emigra-logo.png\",\"width\":3330,\"height\":842,\"caption\":\"PRIN RIMIGRA 2017\"},\"image\":{\"@id\":\"https:\\\/\\\/portale2.unime.it\\\/prinrimigra2017\\\/#\\\/schema\\\/logo\\\/image\\\/\"}}]}<\/script>\n<!-- \/ Yoast SEO plugin. -->","yoast_head_json":{"title":"Mirizzi Ferdinando - PRIN RIMIGRA 2017","robots":{"index":"index","follow":"follow","max-snippet":"max-snippet:-1","max-image-preview":"max-image-preview:large","max-video-preview":"max-video-preview:-1"},"canonical":"https:\/\/portale2.unime.it\/prinrimigra2017\/mirizzi-ferdinando\/","og_locale":"it_IT","og_type":"article","og_title":"Mirizzi Ferdinando - PRIN RIMIGRA 2017","og_description":"FERDINANDO MIRIZZI ferdinando.mirizzi@unibas.it Ferdinando Mirizzi \u00e8 professore ordinario di Discipline demoetnoantropologiche nel Dipartimento di Innovazione Umanistica, Scientifica e Sociale (DIUSS) dell\u2019Universit\u00e0 degli Studi della Basilicata, dove dal 2012 al 2020 \u00e8 stato direttore del Dipartimento delle Culture Europee e del Mediterraneo (DiCEM). \u00c8 componente dei collegi docenti del Dottorato di Ricerca \u201cCities and Landscapes: Architecture,&hellip; Continua a leggere Mirizzi Ferdinando","og_url":"https:\/\/portale2.unime.it\/prinrimigra2017\/mirizzi-ferdinando\/","og_site_name":"PRIN RIMIGRA 2017","article_modified_time":"2025-01-14T16:14:33+00:00","og_image":[{"width":477,"height":635,"url":"https:\/\/portale2.unime.it\/prinrimigra2017\/wp-content\/uploads\/sites\/73\/2025\/01\/11-Mirizzi.jpg","type":"image\/jpeg"}],"twitter_card":"summary_large_image","twitter_misc":{"Tempo di lettura stimato":"4 minuti"},"schema":{"@context":"https:\/\/schema.org","@graph":[{"@type":"WebPage","@id":"https:\/\/portale2.unime.it\/prinrimigra2017\/mirizzi-ferdinando\/","url":"https:\/\/portale2.unime.it\/prinrimigra2017\/mirizzi-ferdinando\/","name":"Mirizzi Ferdinando - PRIN RIMIGRA 2017","isPartOf":{"@id":"https:\/\/portale2.unime.it\/prinrimigra2017\/#website"},"primaryImageOfPage":{"@id":"https:\/\/portale2.unime.it\/prinrimigra2017\/mirizzi-ferdinando\/#primaryimage"},"image":{"@id":"https:\/\/portale2.unime.it\/prinrimigra2017\/mirizzi-ferdinando\/#primaryimage"},"thumbnailUrl":"https:\/\/portale2.unime.it\/prinrimigra2017\/wp-content\/uploads\/sites\/73\/2025\/01\/11-Mirizzi.jpg","datePublished":"2025-01-07T18:57:02+00:00","dateModified":"2025-01-14T16:14:33+00:00","breadcrumb":{"@id":"https:\/\/portale2.unime.it\/prinrimigra2017\/mirizzi-ferdinando\/#breadcrumb"},"inLanguage":"it-IT","potentialAction":[{"@type":"ReadAction","target":["https:\/\/portale2.unime.it\/prinrimigra2017\/mirizzi-ferdinando\/"]}]},{"@type":"ImageObject","inLanguage":"it-IT","@id":"https:\/\/portale2.unime.it\/prinrimigra2017\/mirizzi-ferdinando\/#primaryimage","url":"https:\/\/portale2.unime.it\/prinrimigra2017\/wp-content\/uploads\/sites\/73\/2025\/01\/11-Mirizzi.jpg","contentUrl":"https:\/\/portale2.unime.it\/prinrimigra2017\/wp-content\/uploads\/sites\/73\/2025\/01\/11-Mirizzi.jpg","width":477,"height":635},{"@type":"BreadcrumbList","@id":"https:\/\/portale2.unime.it\/prinrimigra2017\/mirizzi-ferdinando\/#breadcrumb","itemListElement":[{"@type":"ListItem","position":1,"name":"Home","item":"https:\/\/portale2.unime.it\/prinrimigra2017\/"},{"@type":"ListItem","position":2,"name":"Mirizzi Ferdinando"}]},{"@type":"WebSite","@id":"https:\/\/portale2.unime.it\/prinrimigra2017\/#website","url":"https:\/\/portale2.unime.it\/prinrimigra2017\/","name":"PRIN RIMIGRA 2017","description":"","publisher":{"@id":"https:\/\/portale2.unime.it\/prinrimigra2017\/#organization"},"potentialAction":[{"@type":"SearchAction","target":{"@type":"EntryPoint","urlTemplate":"https:\/\/portale2.unime.it\/prinrimigra2017\/?s={search_term_string}"},"query-input":{"@type":"PropertyValueSpecification","valueRequired":true,"valueName":"search_term_string"}}],"inLanguage":"it-IT"},{"@type":"Organization","@id":"https:\/\/portale2.unime.it\/prinrimigra2017\/#organization","name":"PRIN RIMIGRA 2017","url":"https:\/\/portale2.unime.it\/prinrimigra2017\/","logo":{"@type":"ImageObject","inLanguage":"it-IT","@id":"https:\/\/portale2.unime.it\/prinrimigra2017\/#\/schema\/logo\/image\/","url":"https:\/\/portale2.unime.it\/prinrimigra2017\/wp-content\/uploads\/sites\/73\/2024\/12\/emigra-logo.png","contentUrl":"https:\/\/portale2.unime.it\/prinrimigra2017\/wp-content\/uploads\/sites\/73\/2024\/12\/emigra-logo.png","width":3330,"height":842,"caption":"PRIN RIMIGRA 2017"},"image":{"@id":"https:\/\/portale2.unime.it\/prinrimigra2017\/#\/schema\/logo\/image\/"}}]}},"_links":{"self":[{"href":"https:\/\/portale2.unime.it\/prinrimigra2017\/wp-json\/wp\/v2\/pages\/2719","targetHints":{"allow":["GET"]}}],"collection":[{"href":"https:\/\/portale2.unime.it\/prinrimigra2017\/wp-json\/wp\/v2\/pages"}],"about":[{"href":"https:\/\/portale2.unime.it\/prinrimigra2017\/wp-json\/wp\/v2\/types\/page"}],"author":[{"embeddable":true,"href":"https:\/\/portale2.unime.it\/prinrimigra2017\/wp-json\/wp\/v2\/users\/84"}],"replies":[{"embeddable":true,"href":"https:\/\/portale2.unime.it\/prinrimigra2017\/wp-json\/wp\/v2\/comments?post=2719"}],"version-history":[{"count":10,"href":"https:\/\/portale2.unime.it\/prinrimigra2017\/wp-json\/wp\/v2\/pages\/2719\/revisions"}],"predecessor-version":[{"id":3107,"href":"https:\/\/portale2.unime.it\/prinrimigra2017\/wp-json\/wp\/v2\/pages\/2719\/revisions\/3107"}],"wp:attachment":[{"href":"https:\/\/portale2.unime.it\/prinrimigra2017\/wp-json\/wp\/v2\/media?parent=2719"}],"curies":[{"name":"wp","href":"https:\/\/api.w.org\/{rel}","templated":true}]}}