{"id":2770,"date":"2025-01-07T20:09:42","date_gmt":"2025-01-07T19:09:42","guid":{"rendered":"https:\/\/portale2.unime.it\/prinrimigra2017\/?page_id=2770"},"modified":"2025-01-14T17:20:48","modified_gmt":"2025-01-14T16:20:48","slug":"schirripa-pino","status":"publish","type":"page","link":"https:\/\/portale2.unime.it\/prinrimigra2017\/schirripa-pino\/","title":{"rendered":"Schirripa Pino"},"content":{"rendered":"\t\t<div data-elementor-type=\"wp-page\" data-elementor-id=\"2770\" class=\"elementor elementor-2770\">\n\t\t\t\t\t\t<section class=\"elementor-section elementor-top-section elementor-element elementor-element-cb36390 elementor-section-boxed elementor-section-height-default elementor-section-height-default\" data-id=\"cb36390\" data-element_type=\"section\" data-e-type=\"section\">\n\t\t\t\t\t\t<div class=\"elementor-container elementor-column-gap-default\">\n\t\t\t\t\t<div class=\"elementor-column elementor-col-100 elementor-top-column elementor-element elementor-element-7ec0c9e\" data-id=\"7ec0c9e\" data-element_type=\"column\" data-e-type=\"column\">\n\t\t\t<div class=\"elementor-widget-wrap\">\n\t\t\t\t\t\t\t<\/div>\n\t\t<\/div>\n\t\t\t\t\t<\/div>\n\t\t<\/section>\n\t\t\t\t<section class=\"elementor-section elementor-top-section elementor-element elementor-element-23fee20 elementor-section-boxed elementor-section-height-default elementor-section-height-default\" data-id=\"23fee20\" data-element_type=\"section\" data-e-type=\"section\" data-settings=\"{&quot;background_background&quot;:&quot;classic&quot;}\">\n\t\t\t\t\t\t\t<div class=\"elementor-background-overlay\"><\/div>\n\t\t\t\t\t\t\t<div class=\"elementor-container elementor-column-gap-default\">\n\t\t\t\t\t<div class=\"elementor-column elementor-col-100 elementor-top-column elementor-element elementor-element-5e60ff1\" data-id=\"5e60ff1\" data-element_type=\"column\" data-e-type=\"column\">\n\t\t\t<div class=\"elementor-widget-wrap elementor-element-populated\">\n\t\t\t\t\t\t<div class=\"elementor-element elementor-element-29f4caa elementor-invisible elementor-widget elementor-widget-heading\" data-id=\"29f4caa\" data-element_type=\"widget\" data-e-type=\"widget\" data-settings=\"{&quot;_animation&quot;:&quot;fadeInDown&quot;}\" data-widget_type=\"heading.default\">\n\t\t\t\t<div class=\"elementor-widget-container\">\n\t\t\t\t\t<h2 class=\"elementor-heading-title elementor-size-default\"><br><br>PINO <span>SCHIRRIPA<\/span><br><br><\/h2>\t\t\t\t<\/div>\n\t\t\t\t<\/div>\n\t\t\t\t\t<\/div>\n\t\t<\/div>\n\t\t\t\t\t<\/div>\n\t\t<\/section>\n\t\t\t\t<section class=\"elementor-section elementor-top-section elementor-element elementor-element-c26f4a1 elementor-section-boxed elementor-section-height-default elementor-section-height-default\" data-id=\"c26f4a1\" data-element_type=\"section\" data-e-type=\"section\">\n\t\t\t\t\t\t<div class=\"elementor-container elementor-column-gap-default\">\n\t\t\t\t\t<div class=\"elementor-column elementor-col-50 elementor-top-column elementor-element elementor-element-ccd0b80\" data-id=\"ccd0b80\" data-element_type=\"column\" data-e-type=\"column\">\n\t\t\t<div class=\"elementor-widget-wrap elementor-element-populated\">\n\t\t\t\t\t\t<div class=\"elementor-element elementor-element-2f49aa4 elementor-widget elementor-widget-image\" data-id=\"2f49aa4\" data-element_type=\"widget\" data-e-type=\"widget\" data-widget_type=\"image.default\">\n\t\t\t\t<div class=\"elementor-widget-container\">\n\t\t\t\t\t\t\t\t\t\t\t\t\t\t\t<img fetchpriority=\"high\" decoding=\"async\" width=\"477\" height=\"635\" src=\"https:\/\/portale2.unime.it\/prinrimigra2017\/wp-content\/uploads\/sites\/73\/2025\/01\/04-Schirripa.jpg\" class=\"attachment-large size-large wp-image-2037\" alt=\"\" srcset=\"https:\/\/portale2.unime.it\/prinrimigra2017\/wp-content\/uploads\/sites\/73\/2025\/01\/04-Schirripa.jpg 477w, https:\/\/portale2.unime.it\/prinrimigra2017\/wp-content\/uploads\/sites\/73\/2025\/01\/04-Schirripa-225x300.jpg 225w\" sizes=\"(max-width: 477px) 100vw, 477px\" style=\"width:100%;height:133.12%;max-width:477px\" \/>\t\t\t\t\t\t\t\t\t\t\t\t\t\t\t<\/div>\n\t\t\t\t<\/div>\n\t\t\t\t<section class=\"elementor-section elementor-inner-section elementor-element elementor-element-f5e9b62 elementor-section-boxed elementor-section-height-default elementor-section-height-default\" data-id=\"f5e9b62\" data-element_type=\"section\" data-e-type=\"section\">\n\t\t\t\t\t\t<div class=\"elementor-container elementor-column-gap-default\">\n\t\t\t\t\t<div class=\"elementor-column elementor-col-50 elementor-inner-column elementor-element elementor-element-3a668dc\" data-id=\"3a668dc\" data-element_type=\"column\" data-e-type=\"column\">\n\t\t\t<div class=\"elementor-widget-wrap elementor-element-populated\">\n\t\t\t\t\t\t<div class=\"elementor-element elementor-element-3827ade elementor-view-default elementor-widget elementor-widget-icon\" data-id=\"3827ade\" data-element_type=\"widget\" data-e-type=\"widget\" data-widget_type=\"icon.default\">\n\t\t\t\t<div class=\"elementor-widget-container\">\n\t\t\t\t\t\t\t<div class=\"elementor-icon-wrapper\">\n\t\t\t<div class=\"elementor-icon\">\n\t\t\t<svg aria-hidden=\"true\" class=\"e-font-icon-svg e-far-envelope\" viewBox=\"0 0 512 512\" xmlns=\"http:\/\/www.w3.org\/2000\/svg\"><path d=\"M464 64H48C21.49 64 0 85.49 0 112v288c0 26.51 21.49 48 48 48h416c26.51 0 48-21.49 48-48V112c0-26.51-21.49-48-48-48zm0 48v40.805c-22.422 18.259-58.168 46.651-134.587 106.49-16.841 13.247-50.201 45.072-73.413 44.701-23.208.375-56.579-31.459-73.413-44.701C106.18 199.465 70.425 171.067 48 152.805V112h416zM48 400V214.398c22.914 18.251 55.409 43.862 104.938 82.646 21.857 17.205 60.134 55.186 103.062 54.955 42.717.231 80.509-37.199 103.053-54.947 49.528-38.783 82.032-64.401 104.947-82.653V400H48z\"><\/path><\/svg>\t\t\t<\/div>\n\t\t<\/div>\n\t\t\t\t\t\t<\/div>\n\t\t\t\t<\/div>\n\t\t\t\t\t<\/div>\n\t\t<\/div>\n\t\t\t\t<div class=\"elementor-column elementor-col-50 elementor-inner-column elementor-element elementor-element-d05c99a\" data-id=\"d05c99a\" data-element_type=\"column\" data-e-type=\"column\">\n\t\t\t<div class=\"elementor-widget-wrap elementor-element-populated\">\n\t\t\t\t\t\t<div class=\"elementor-element elementor-element-bf5e8aa elementor-widget elementor-widget-heading\" data-id=\"bf5e8aa\" data-element_type=\"widget\" data-e-type=\"widget\" data-widget_type=\"heading.default\">\n\t\t\t\t<div class=\"elementor-widget-container\">\n\t\t\t\t\t<h2 class=\"elementor-heading-title elementor-size-default\"><a href=\"mailto:gischirripa@unime.it\">gischirripa@unime.it<\/a><\/h2>\t\t\t\t<\/div>\n\t\t\t\t<\/div>\n\t\t\t\t\t<\/div>\n\t\t<\/div>\n\t\t\t\t\t<\/div>\n\t\t<\/section>\n\t\t\t\t\t<\/div>\n\t\t<\/div>\n\t\t\t\t<div class=\"elementor-column elementor-col-50 elementor-top-column elementor-element elementor-element-256aae9\" data-id=\"256aae9\" data-element_type=\"column\" data-e-type=\"column\">\n\t\t\t<div class=\"elementor-widget-wrap elementor-element-populated\">\n\t\t\t\t\t\t<div class=\"elementor-element elementor-element-b76df65 elementor-widget elementor-widget-text-editor\" data-id=\"b76df65\" data-element_type=\"widget\" data-e-type=\"widget\" data-widget_type=\"text-editor.default\">\n\t\t\t\t<div class=\"elementor-widget-container\">\n\t\t\t\t\t\t\t\t\t<p><strong>Pino Schirripa <\/strong>(PhD), \u00e8 Professore ordinario di Antropologia Culturale nell\u2019Universit\u00e0 degli Studi di Messina dove \u00e8 responsabile del Laboratorio di Antropologia Sociale (LabAS). Dal 2007 \u00e8 direttore della\u00a0<a href=\"https:\/\/cospecs.unime.it\/it\/node\/439\">Missione Etnologica Italiana in Tigray-Etiopia<\/a>\u00a0e dal 2014 della\u00a0<a href=\"https:\/\/cospecs.unime.it\/it\/servizi\/laboratori\/laboratorio-di-antropologia-sociale-labas\/etnografia-sperimentale\/missione\">Missione Etnologica Italiana in Ghana<\/a>. Dal 2014 al 2018 \u00e8 stato presidente di Medical Anthropology Europe (MAE). Conduce ricerca in Etiopia, Ghana e Italia, sviluppando temi che intrecciano Antropologia medica, Etnopsichiatria, Antropologia religiosa e migrazioni.<\/p><p>Ha pubblicato monografie (<em>Le politiche della cura. Terapie, potere e tradizione nel Ghana contemporaneo<\/em>, 2005; <em>Terapie religiose. Neoliberismo, cura, cittadinanza nel pentecostalismo contemporaneo<\/em>, 2012;\u00a0<em>La vita sociale dei farmaci. Produzione, circolazione, consumo degli oggetti materiali della cura<\/em>, 2015). Oltre alla pubblicazione di saggi in riviste nazionali e internazionali, ha curato\u00a0i volumi <em>L\u2019ambulatorio del guaritore. Forme e pratiche del confronto tra biomedicina e medicine tradizionali in Africa e nelle Americhe<\/em>\u00a0(2000), con Pietro Vulpiani; <em>Health System, Sickness and Social Suffering in Mekelle (Tigray &#8211; Ethiopia)<\/em> (2010); <em>In Ghana. Etnografie dallo Nzema<\/em>\u00a0(2019) con Matteo Aria e Elisa Vasconi. \u00c8 autore, con Berardino Palumbo e Giovanni Pizza, di\u00a0<em>Antropologia Culturale e Sociale. Concetti &#8211; Storia &#8211; Prospettive<\/em>\u00a0(2023).<\/p><p>\u00a0<\/p><p><strong>Pino Schirripa<\/strong> (PhD) is a Full Professor of Cultural Anthropology at the University of Messina, where he is responsible for the Social Anthropology Laboratory (LabAS). Since 2007, he has been the director of the Italian Ethnological Mission in Tigray-Ethiopia, and since 2014, the director of the Italian Ethnological Mission in Ghana. From 2014 to 2018, he was the president of Medical Anthropology Europe (MAE). He conducts research in Ethiopia, Ghana, and Italy, focusing on themes that intertwine medical anthropology, ethnopsychiatry, religious anthropology, and migration. He has published monographs, including <em>Le politiche della cura. Terapie, potere e tradizione nel Ghana contemporaneo<\/em> (2005), <em>Terapie religiose. Neoliberismo, cura, cittadinanza nel pentecostalismo contemporaneo<\/em> (2012), and <em>La vita sociale dei farmaci. Produzione, circolazione, consumo degli oggetti materiali della cura<\/em> (2015). In addition to publishing essays in national and international journals, he has edited volumes such as <em>L\u2019ambulatorio del guaritore. Forme e pratiche del confronto tra biomedicina e medicine tradizionali in Africa e nelle Americhe<\/em> (2000, with Pietro Vulpiani), <em>Health System, Sickness and Social Suffering in Mekelle (Tigray \u2013 Ethiopia)<\/em> (2010), <em>In Ghana. Etnografie dallo Nzema<\/em> (2019, with Matteo Aria and Elisa Vasconi), and, with Berardino Palumbo and Giovanni Pizza, <em>Antropologia Culturale e Sociale. <\/em><em>Concetti \u2013 Storia \u2013 Prospettive<\/em> (2023).<\/p>\t\t\t\t\t\t\t\t<\/div>\n\t\t\t\t<\/div>\n\t\t\t\t\t<\/div>\n\t\t<\/div>\n\t\t\t\t\t<\/div>\n\t\t<\/section>\n\t\t\t\t<\/div>\n\t\t","protected":false},"excerpt":{"rendered":"<p>PINO SCHIRRIPA gischirripa@unime.it Pino Schirripa (PhD), \u00e8 Professore ordinario di Antropologia Culturale nell\u2019Universit\u00e0 degli Studi di Messina dove \u00e8 responsabile del Laboratorio di Antropologia Sociale (LabAS). Dal 2007 \u00e8 direttore della\u00a0Missione Etnologica Italiana in Tigray-Etiopia\u00a0e dal 2014 della\u00a0Missione Etnologica Italiana in Ghana. Dal 2014 al 2018 \u00e8 stato presidente di Medical Anthropology Europe (MAE). Conduce&hellip; <a class=\"more-link\" href=\"https:\/\/portale2.unime.it\/prinrimigra2017\/schirripa-pino\/\">Continua a leggere <span class=\"screen-reader-text\">Schirripa Pino<\/span><\/a><\/p>\n","protected":false},"author":84,"featured_media":0,"parent":0,"menu_order":0,"comment_status":"closed","ping_status":"closed","template":"elementor_header_footer","meta":{"footnotes":""},"class_list":["post-2770","page","type-page","status-publish","hentry","entry"],"yoast_head":"<!-- This site is optimized with the Yoast SEO plugin v27.3 - https:\/\/yoast.com\/product\/yoast-seo-wordpress\/ -->\n<title>Schirripa Pino - PRIN RIMIGRA 2017<\/title>\n<meta name=\"robots\" content=\"index, follow, max-snippet:-1, max-image-preview:large, max-video-preview:-1\" \/>\n<link rel=\"canonical\" href=\"https:\/\/portale2.unime.it\/prinrimigra2017\/schirripa-pino\/\" \/>\n<meta property=\"og:locale\" content=\"it_IT\" \/>\n<meta property=\"og:type\" content=\"article\" \/>\n<meta property=\"og:title\" content=\"Schirripa Pino - PRIN RIMIGRA 2017\" \/>\n<meta property=\"og:description\" content=\"PINO SCHIRRIPA gischirripa@unime.it Pino Schirripa (PhD), \u00e8 Professore ordinario di Antropologia Culturale nell\u2019Universit\u00e0 degli Studi di Messina dove \u00e8 responsabile del Laboratorio di Antropologia Sociale (LabAS). Dal 2007 \u00e8 direttore della\u00a0Missione Etnologica Italiana in Tigray-Etiopia\u00a0e dal 2014 della\u00a0Missione Etnologica Italiana in Ghana. Dal 2014 al 2018 \u00e8 stato presidente di Medical Anthropology Europe (MAE). Conduce&hellip; Continua a leggere Schirripa Pino\" \/>\n<meta property=\"og:url\" content=\"https:\/\/portale2.unime.it\/prinrimigra2017\/schirripa-pino\/\" \/>\n<meta property=\"og:site_name\" content=\"PRIN RIMIGRA 2017\" \/>\n<meta property=\"article:modified_time\" content=\"2025-01-14T16:20:48+00:00\" \/>\n<meta property=\"og:image\" content=\"https:\/\/portale2.unime.it\/prinrimigra2017\/wp-content\/uploads\/sites\/73\/2025\/01\/04-Schirripa.jpg\" \/>\n\t<meta property=\"og:image:width\" content=\"477\" \/>\n\t<meta property=\"og:image:height\" content=\"635\" \/>\n\t<meta property=\"og:image:type\" content=\"image\/jpeg\" \/>\n<meta name=\"twitter:card\" content=\"summary_large_image\" \/>\n<meta name=\"twitter:label1\" content=\"Tempo di lettura stimato\" \/>\n\t<meta name=\"twitter:data1\" content=\"3 minuti\" \/>\n<script type=\"application\/ld+json\" class=\"yoast-schema-graph\">{\"@context\":\"https:\\\/\\\/schema.org\",\"@graph\":[{\"@type\":\"WebPage\",\"@id\":\"https:\\\/\\\/portale2.unime.it\\\/prinrimigra2017\\\/schirripa-pino\\\/\",\"url\":\"https:\\\/\\\/portale2.unime.it\\\/prinrimigra2017\\\/schirripa-pino\\\/\",\"name\":\"Schirripa Pino - PRIN RIMIGRA 2017\",\"isPartOf\":{\"@id\":\"https:\\\/\\\/portale2.unime.it\\\/prinrimigra2017\\\/#website\"},\"primaryImageOfPage\":{\"@id\":\"https:\\\/\\\/portale2.unime.it\\\/prinrimigra2017\\\/schirripa-pino\\\/#primaryimage\"},\"image\":{\"@id\":\"https:\\\/\\\/portale2.unime.it\\\/prinrimigra2017\\\/schirripa-pino\\\/#primaryimage\"},\"thumbnailUrl\":\"https:\\\/\\\/portale2.unime.it\\\/prinrimigra2017\\\/wp-content\\\/uploads\\\/sites\\\/73\\\/2025\\\/01\\\/04-Schirripa.jpg\",\"datePublished\":\"2025-01-07T19:09:42+00:00\",\"dateModified\":\"2025-01-14T16:20:48+00:00\",\"breadcrumb\":{\"@id\":\"https:\\\/\\\/portale2.unime.it\\\/prinrimigra2017\\\/schirripa-pino\\\/#breadcrumb\"},\"inLanguage\":\"it-IT\",\"potentialAction\":[{\"@type\":\"ReadAction\",\"target\":[\"https:\\\/\\\/portale2.unime.it\\\/prinrimigra2017\\\/schirripa-pino\\\/\"]}]},{\"@type\":\"ImageObject\",\"inLanguage\":\"it-IT\",\"@id\":\"https:\\\/\\\/portale2.unime.it\\\/prinrimigra2017\\\/schirripa-pino\\\/#primaryimage\",\"url\":\"https:\\\/\\\/portale2.unime.it\\\/prinrimigra2017\\\/wp-content\\\/uploads\\\/sites\\\/73\\\/2025\\\/01\\\/04-Schirripa.jpg\",\"contentUrl\":\"https:\\\/\\\/portale2.unime.it\\\/prinrimigra2017\\\/wp-content\\\/uploads\\\/sites\\\/73\\\/2025\\\/01\\\/04-Schirripa.jpg\",\"width\":477,\"height\":635},{\"@type\":\"BreadcrumbList\",\"@id\":\"https:\\\/\\\/portale2.unime.it\\\/prinrimigra2017\\\/schirripa-pino\\\/#breadcrumb\",\"itemListElement\":[{\"@type\":\"ListItem\",\"position\":1,\"name\":\"Home\",\"item\":\"https:\\\/\\\/portale2.unime.it\\\/prinrimigra2017\\\/\"},{\"@type\":\"ListItem\",\"position\":2,\"name\":\"Schirripa Pino\"}]},{\"@type\":\"WebSite\",\"@id\":\"https:\\\/\\\/portale2.unime.it\\\/prinrimigra2017\\\/#website\",\"url\":\"https:\\\/\\\/portale2.unime.it\\\/prinrimigra2017\\\/\",\"name\":\"PRIN RIMIGRA 2017\",\"description\":\"\",\"publisher\":{\"@id\":\"https:\\\/\\\/portale2.unime.it\\\/prinrimigra2017\\\/#organization\"},\"potentialAction\":[{\"@type\":\"SearchAction\",\"target\":{\"@type\":\"EntryPoint\",\"urlTemplate\":\"https:\\\/\\\/portale2.unime.it\\\/prinrimigra2017\\\/?s={search_term_string}\"},\"query-input\":{\"@type\":\"PropertyValueSpecification\",\"valueRequired\":true,\"valueName\":\"search_term_string\"}}],\"inLanguage\":\"it-IT\"},{\"@type\":\"Organization\",\"@id\":\"https:\\\/\\\/portale2.unime.it\\\/prinrimigra2017\\\/#organization\",\"name\":\"PRIN RIMIGRA 2017\",\"url\":\"https:\\\/\\\/portale2.unime.it\\\/prinrimigra2017\\\/\",\"logo\":{\"@type\":\"ImageObject\",\"inLanguage\":\"it-IT\",\"@id\":\"https:\\\/\\\/portale2.unime.it\\\/prinrimigra2017\\\/#\\\/schema\\\/logo\\\/image\\\/\",\"url\":\"https:\\\/\\\/portale2.unime.it\\\/prinrimigra2017\\\/wp-content\\\/uploads\\\/sites\\\/73\\\/2024\\\/12\\\/emigra-logo.png\",\"contentUrl\":\"https:\\\/\\\/portale2.unime.it\\\/prinrimigra2017\\\/wp-content\\\/uploads\\\/sites\\\/73\\\/2024\\\/12\\\/emigra-logo.png\",\"width\":3330,\"height\":842,\"caption\":\"PRIN RIMIGRA 2017\"},\"image\":{\"@id\":\"https:\\\/\\\/portale2.unime.it\\\/prinrimigra2017\\\/#\\\/schema\\\/logo\\\/image\\\/\"}}]}<\/script>\n<!-- \/ Yoast SEO plugin. -->","yoast_head_json":{"title":"Schirripa Pino - PRIN RIMIGRA 2017","robots":{"index":"index","follow":"follow","max-snippet":"max-snippet:-1","max-image-preview":"max-image-preview:large","max-video-preview":"max-video-preview:-1"},"canonical":"https:\/\/portale2.unime.it\/prinrimigra2017\/schirripa-pino\/","og_locale":"it_IT","og_type":"article","og_title":"Schirripa Pino - PRIN RIMIGRA 2017","og_description":"PINO SCHIRRIPA gischirripa@unime.it Pino Schirripa (PhD), \u00e8 Professore ordinario di Antropologia Culturale nell\u2019Universit\u00e0 degli Studi di Messina dove \u00e8 responsabile del Laboratorio di Antropologia Sociale (LabAS). Dal 2007 \u00e8 direttore della\u00a0Missione Etnologica Italiana in Tigray-Etiopia\u00a0e dal 2014 della\u00a0Missione Etnologica Italiana in Ghana. Dal 2014 al 2018 \u00e8 stato presidente di Medical Anthropology Europe (MAE). Conduce&hellip; Continua a leggere Schirripa Pino","og_url":"https:\/\/portale2.unime.it\/prinrimigra2017\/schirripa-pino\/","og_site_name":"PRIN RIMIGRA 2017","article_modified_time":"2025-01-14T16:20:48+00:00","og_image":[{"width":477,"height":635,"url":"https:\/\/portale2.unime.it\/prinrimigra2017\/wp-content\/uploads\/sites\/73\/2025\/01\/04-Schirripa.jpg","type":"image\/jpeg"}],"twitter_card":"summary_large_image","twitter_misc":{"Tempo di lettura stimato":"3 minuti"},"schema":{"@context":"https:\/\/schema.org","@graph":[{"@type":"WebPage","@id":"https:\/\/portale2.unime.it\/prinrimigra2017\/schirripa-pino\/","url":"https:\/\/portale2.unime.it\/prinrimigra2017\/schirripa-pino\/","name":"Schirripa Pino - PRIN RIMIGRA 2017","isPartOf":{"@id":"https:\/\/portale2.unime.it\/prinrimigra2017\/#website"},"primaryImageOfPage":{"@id":"https:\/\/portale2.unime.it\/prinrimigra2017\/schirripa-pino\/#primaryimage"},"image":{"@id":"https:\/\/portale2.unime.it\/prinrimigra2017\/schirripa-pino\/#primaryimage"},"thumbnailUrl":"https:\/\/portale2.unime.it\/prinrimigra2017\/wp-content\/uploads\/sites\/73\/2025\/01\/04-Schirripa.jpg","datePublished":"2025-01-07T19:09:42+00:00","dateModified":"2025-01-14T16:20:48+00:00","breadcrumb":{"@id":"https:\/\/portale2.unime.it\/prinrimigra2017\/schirripa-pino\/#breadcrumb"},"inLanguage":"it-IT","potentialAction":[{"@type":"ReadAction","target":["https:\/\/portale2.unime.it\/prinrimigra2017\/schirripa-pino\/"]}]},{"@type":"ImageObject","inLanguage":"it-IT","@id":"https:\/\/portale2.unime.it\/prinrimigra2017\/schirripa-pino\/#primaryimage","url":"https:\/\/portale2.unime.it\/prinrimigra2017\/wp-content\/uploads\/sites\/73\/2025\/01\/04-Schirripa.jpg","contentUrl":"https:\/\/portale2.unime.it\/prinrimigra2017\/wp-content\/uploads\/sites\/73\/2025\/01\/04-Schirripa.jpg","width":477,"height":635},{"@type":"BreadcrumbList","@id":"https:\/\/portale2.unime.it\/prinrimigra2017\/schirripa-pino\/#breadcrumb","itemListElement":[{"@type":"ListItem","position":1,"name":"Home","item":"https:\/\/portale2.unime.it\/prinrimigra2017\/"},{"@type":"ListItem","position":2,"name":"Schirripa Pino"}]},{"@type":"WebSite","@id":"https:\/\/portale2.unime.it\/prinrimigra2017\/#website","url":"https:\/\/portale2.unime.it\/prinrimigra2017\/","name":"PRIN RIMIGRA 2017","description":"","publisher":{"@id":"https:\/\/portale2.unime.it\/prinrimigra2017\/#organization"},"potentialAction":[{"@type":"SearchAction","target":{"@type":"EntryPoint","urlTemplate":"https:\/\/portale2.unime.it\/prinrimigra2017\/?s={search_term_string}"},"query-input":{"@type":"PropertyValueSpecification","valueRequired":true,"valueName":"search_term_string"}}],"inLanguage":"it-IT"},{"@type":"Organization","@id":"https:\/\/portale2.unime.it\/prinrimigra2017\/#organization","name":"PRIN RIMIGRA 2017","url":"https:\/\/portale2.unime.it\/prinrimigra2017\/","logo":{"@type":"ImageObject","inLanguage":"it-IT","@id":"https:\/\/portale2.unime.it\/prinrimigra2017\/#\/schema\/logo\/image\/","url":"https:\/\/portale2.unime.it\/prinrimigra2017\/wp-content\/uploads\/sites\/73\/2024\/12\/emigra-logo.png","contentUrl":"https:\/\/portale2.unime.it\/prinrimigra2017\/wp-content\/uploads\/sites\/73\/2024\/12\/emigra-logo.png","width":3330,"height":842,"caption":"PRIN RIMIGRA 2017"},"image":{"@id":"https:\/\/portale2.unime.it\/prinrimigra2017\/#\/schema\/logo\/image\/"}}]}},"_links":{"self":[{"href":"https:\/\/portale2.unime.it\/prinrimigra2017\/wp-json\/wp\/v2\/pages\/2770","targetHints":{"allow":["GET"]}}],"collection":[{"href":"https:\/\/portale2.unime.it\/prinrimigra2017\/wp-json\/wp\/v2\/pages"}],"about":[{"href":"https:\/\/portale2.unime.it\/prinrimigra2017\/wp-json\/wp\/v2\/types\/page"}],"author":[{"embeddable":true,"href":"https:\/\/portale2.unime.it\/prinrimigra2017\/wp-json\/wp\/v2\/users\/84"}],"replies":[{"embeddable":true,"href":"https:\/\/portale2.unime.it\/prinrimigra2017\/wp-json\/wp\/v2\/comments?post=2770"}],"version-history":[{"count":10,"href":"https:\/\/portale2.unime.it\/prinrimigra2017\/wp-json\/wp\/v2\/pages\/2770\/revisions"}],"predecessor-version":[{"id":3125,"href":"https:\/\/portale2.unime.it\/prinrimigra2017\/wp-json\/wp\/v2\/pages\/2770\/revisions\/3125"}],"wp:attachment":[{"href":"https:\/\/portale2.unime.it\/prinrimigra2017\/wp-json\/wp\/v2\/media?parent=2770"}],"curies":[{"name":"wp","href":"https:\/\/api.w.org\/{rel}","templated":true}]}}