{"id":76,"date":"2024-09-25T12:53:32","date_gmt":"2024-09-25T10:53:32","guid":{"rendered":"https:\/\/portale2.unime.it\/safeu\/?page_id=76"},"modified":"2024-10-23T01:08:25","modified_gmt":"2024-10-22T23:08:25","slug":"safe-education","status":"publish","type":"page","link":"https:\/\/portale2.unime.it\/safeu\/safe-education\/","title":{"rendered":"SAFE Education"},"content":{"rendered":"\t\t<div data-elementor-type=\"wp-page\" data-elementor-id=\"76\" class=\"elementor elementor-76\">\n\t\t\t\t\t\t<section class=\"elementor-section elementor-top-section elementor-element elementor-element-bfc423b elementor-section-content-middle elementor-section-stretched elementor-reverse-tablet elementor-reverse-mobile elementor-section-boxed elementor-section-height-default elementor-section-height-default\" data-id=\"bfc423b\" data-element_type=\"section\" data-e-type=\"section\" data-settings=\"{&quot;stretch_section&quot;:&quot;section-stretched&quot;,&quot;background_background&quot;:&quot;gradient&quot;}\">\n\t\t\t\t\t\t<div class=\"elementor-container elementor-column-gap-default\">\n\t\t\t\t\t<div class=\"elementor-column elementor-col-50 elementor-top-column elementor-element elementor-element-fb61c72\" data-id=\"fb61c72\" data-element_type=\"column\" data-e-type=\"column\">\n\t\t\t<div class=\"elementor-widget-wrap elementor-element-populated\">\n\t\t\t\t\t\t<div class=\"elementor-element elementor-element-3e70baf elementor-widget elementor-widget-spacer\" data-id=\"3e70baf\" data-element_type=\"widget\" data-e-type=\"widget\" data-widget_type=\"spacer.default\">\n\t\t\t\t<div class=\"elementor-widget-container\">\n\t\t\t\t\t\t\t<div class=\"elementor-spacer\">\n\t\t\t<div class=\"elementor-spacer-inner\"><\/div>\n\t\t<\/div>\n\t\t\t\t\t\t<\/div>\n\t\t\t\t<\/div>\n\t\t\t\t<div class=\"elementor-element elementor-element-2f120fd elementor-widget__width-initial elementor-widget-mobile__width-inherit elementor-widget elementor-widget-image\" data-id=\"2f120fd\" data-element_type=\"widget\" data-e-type=\"widget\" data-widget_type=\"image.default\">\n\t\t\t\t<div class=\"elementor-widget-container\">\n\t\t\t\t\t\t\t\t\t\t\t\t\t\t\t<img fetchpriority=\"high\" decoding=\"async\" width=\"995\" height=\"1024\" src=\"https:\/\/portale2.unime.it\/safeu\/wp-content\/uploads\/sites\/61\/2024\/09\/sex-995x1024.png\" class=\"attachment-large size-large wp-image-250\" alt=\"\" srcset=\"https:\/\/portale2.unime.it\/safeu\/wp-content\/uploads\/sites\/61\/2024\/09\/sex-995x1024.png 995w, https:\/\/portale2.unime.it\/safeu\/wp-content\/uploads\/sites\/61\/2024\/09\/sex-291x300.png 291w, https:\/\/portale2.unime.it\/safeu\/wp-content\/uploads\/sites\/61\/2024\/09\/sex-768x791.png 768w, https:\/\/portale2.unime.it\/safeu\/wp-content\/uploads\/sites\/61\/2024\/09\/sex.png 1048w\" sizes=\"(max-width: 995px) 100vw, 995px\" style=\"width:100%;height:102.96%;max-width:1048px\" \/>\t\t\t\t\t\t\t\t\t\t\t\t\t\t\t<\/div>\n\t\t\t\t<\/div>\n\t\t\t\t\t<\/div>\n\t\t<\/div>\n\t\t\t\t<div class=\"elementor-column elementor-col-50 elementor-top-column elementor-element elementor-element-011bf62\" data-id=\"011bf62\" data-element_type=\"column\" data-e-type=\"column\">\n\t\t\t<div class=\"elementor-widget-wrap elementor-element-populated\">\n\t\t\t\t\t\t<div class=\"elementor-element elementor-element-7a1297b elementor-widget elementor-widget-heading\" data-id=\"7a1297b\" data-element_type=\"widget\" data-e-type=\"widget\" data-widget_type=\"heading.default\">\n\t\t\t\t<div class=\"elementor-widget-container\">\n\t\t\t\t\t<h2 class=\"elementor-heading-title elementor-size-default\">SAFE Education<\/h2>\t\t\t\t<\/div>\n\t\t\t\t<\/div>\n\t\t\t\t<div class=\"elementor-element elementor-element-62619b7 elementor-widget elementor-widget-text-editor\" data-id=\"62619b7\" data-element_type=\"widget\" data-e-type=\"widget\" data-widget_type=\"text-editor.default\">\n\t\t\t\t<div class=\"elementor-widget-container\">\n\t\t\t\t\t\t\t\t\t<p>La salute sessuale \u00e8 una parte fondamentale del benessere e della qualit\u00e0 della vita di ciascuno di noi. I comportamenti a rischio possono compromettere la tua salute sessuale e quella dei tuoi partner. \u00c8 fondamentale essere consapevoli delle scelte che fai e delle loro possibili conseguenze.<\/p>\t\t\t\t\t\t\t\t<\/div>\n\t\t\t\t<\/div>\n\t\t\t\t\t<\/div>\n\t\t<\/div>\n\t\t\t\t\t<\/div>\n\t\t<\/section>\n\t\t<div class=\"elementor-element elementor-element-9d5d980 e-flex e-con-boxed e-con e-parent\" data-id=\"9d5d980\" data-element_type=\"container\" data-e-type=\"container\" data-settings=\"{&quot;background_background&quot;:&quot;gradient&quot;}\">\n\t\t\t\t\t<div class=\"e-con-inner\">\n\t\t\t\t<div class=\"elementor-element elementor-element-711fe85 elementor-widget elementor-widget-spacer\" data-id=\"711fe85\" data-element_type=\"widget\" data-e-type=\"widget\" data-widget_type=\"spacer.default\">\n\t\t\t\t<div class=\"elementor-widget-container\">\n\t\t\t\t\t\t\t<div class=\"elementor-spacer\">\n\t\t\t<div class=\"elementor-spacer-inner\"><\/div>\n\t\t<\/div>\n\t\t\t\t\t\t<\/div>\n\t\t\t\t<\/div>\n\t\t\t\t<div class=\"elementor-element elementor-element-075f7a7 elementor-widget elementor-widget-text-editor\" data-id=\"075f7a7\" data-element_type=\"widget\" data-e-type=\"widget\" data-widget_type=\"text-editor.default\">\n\t\t\t\t<div class=\"elementor-widget-container\">\n\t\t\t\t\t\t\t\t\t<p><strong>S.A.F.E. U.<\/strong> \u00e8 qui per guidarti in questo percorso, offrendo informazioni chiare e consigli pratici per ridurre al minimo i rischi associati alle infezioni sessualmente trasmissibili (IST) e per promuovere comportamenti sessuali responsabili.<\/p><p>In questa pagina, troverai tutto ci\u00f2 che devi sapere sull\u2019uso corretto del preservativo, sulle vaccinazioni disponibili, sulle pratiche sessuali sicure e su come adottare abitudini salutari per vivere al meglio la tua sessualit\u00e0. <u>La conoscenza \u00e8 il primo passo per proteggersi: scopri di pi\u00f9 e diventa protagonista della tua salute!<\/u><\/p>\t\t\t\t\t\t\t\t<\/div>\n\t\t\t\t<\/div>\n\t\t\t\t<div class=\"elementor-element elementor-element-44d6372 elementor-widget elementor-widget-spacer\" data-id=\"44d6372\" data-element_type=\"widget\" data-e-type=\"widget\" data-widget_type=\"spacer.default\">\n\t\t\t\t<div class=\"elementor-widget-container\">\n\t\t\t\t\t\t\t<div class=\"elementor-spacer\">\n\t\t\t<div class=\"elementor-spacer-inner\"><\/div>\n\t\t<\/div>\n\t\t\t\t\t\t<\/div>\n\t\t\t\t<\/div>\n\t\t\t\t\t<\/div>\n\t\t\t\t<\/div>\n\t\t<div class=\"elementor-element elementor-element-af2fbfb e-flex e-con-boxed e-con e-parent\" data-id=\"af2fbfb\" data-element_type=\"container\" data-e-type=\"container\" data-settings=\"{&quot;background_background&quot;:&quot;classic&quot;}\">\n\t\t\t\t\t<div class=\"e-con-inner\">\n\t\t<div class=\"elementor-element elementor-element-6899b33 e-con-full e-flex e-con e-child\" data-id=\"6899b33\" data-element_type=\"container\" data-e-type=\"container\">\n\t\t\t\t<div class=\"elementor-element elementor-element-3b1e1ed elementor-widget elementor-widget-spacer\" data-id=\"3b1e1ed\" data-element_type=\"widget\" data-e-type=\"widget\" data-widget_type=\"spacer.default\">\n\t\t\t\t<div class=\"elementor-widget-container\">\n\t\t\t\t\t\t\t<div class=\"elementor-spacer\">\n\t\t\t<div class=\"elementor-spacer-inner\"><\/div>\n\t\t<\/div>\n\t\t\t\t\t\t<\/div>\n\t\t\t\t<\/div>\n\t\t\t\t<div class=\"elementor-element elementor-element-f82b046 elementor-widget elementor-widget-heading\" data-id=\"f82b046\" data-element_type=\"widget\" data-e-type=\"widget\" data-widget_type=\"heading.default\">\n\t\t\t\t<div class=\"elementor-widget-container\">\n\t\t\t\t\t<h2 class=\"elementor-heading-title elementor-size-default\">L'importanza dell'Uso del Preservativo<\/h2>\t\t\t\t<\/div>\n\t\t\t\t<\/div>\n\t\t\t\t<div class=\"elementor-element elementor-element-17b6c15 elementor-widget elementor-widget-text-editor\" data-id=\"17b6c15\" data-element_type=\"widget\" data-e-type=\"widget\" data-widget_type=\"text-editor.default\">\n\t\t\t\t<div class=\"elementor-widget-container\">\n\t\t\t\t\t\t\t\t\t<p>Il <strong>preservativo<\/strong> \u00e8 uno dei metodi pi\u00f9 efficaci per prevenire la trasmissione delle IST, inclusi l&#8217;HIV, la clamidia, la gonorrea e l&#8217;herpes genitale. Utilizzarlo correttamente in ogni rapporto sessuale, vaginale, anale o orale, \u00e8 essenziale per ridurre i rischi. Ricordati di:<\/p>\n<ul>\n<li>Controllare la data di scadenza e assicurarti che l&#8217;involucro non sia danneggiato.<\/li>\n<li>Indossare il preservativo fin dall&#8217;inizio del rapporto e utilizzarne uno nuovo per ogni rapporto sessuale.<\/li>\n<li>Conservare i preservativi correttamente, evitando fonti di calore e la luce diretta del sole.<\/li>\n<\/ul>\t\t\t\t\t\t\t\t<\/div>\n\t\t\t\t<\/div>\n\t\t\t\t<\/div>\n\t\t<div class=\"elementor-element elementor-element-6111c34 e-con-full e-flex e-con e-child\" data-id=\"6111c34\" data-element_type=\"container\" data-e-type=\"container\">\n\t\t\t\t<div class=\"elementor-element elementor-element-be713d1 elementor-widget elementor-widget-image\" data-id=\"be713d1\" data-element_type=\"widget\" data-e-type=\"widget\" data-widget_type=\"image.default\">\n\t\t\t\t<div class=\"elementor-widget-container\">\n\t\t\t\t\t\t\t\t\t\t\t\t\t\t\t<img decoding=\"async\" width=\"919\" height=\"935\" src=\"https:\/\/portale2.unime.it\/safeu\/wp-content\/uploads\/sites\/61\/2024\/09\/preservativo-1.png\" class=\"attachment-large size-large wp-image-260\" alt=\"\" srcset=\"https:\/\/portale2.unime.it\/safeu\/wp-content\/uploads\/sites\/61\/2024\/09\/preservativo-1.png 919w, https:\/\/portale2.unime.it\/safeu\/wp-content\/uploads\/sites\/61\/2024\/09\/preservativo-1-295x300.png 295w, https:\/\/portale2.unime.it\/safeu\/wp-content\/uploads\/sites\/61\/2024\/09\/preservativo-1-768x781.png 768w\" sizes=\"(max-width: 919px) 100vw, 919px\" style=\"width:100%;height:101.74%;max-width:919px\" \/>\t\t\t\t\t\t\t\t\t\t\t\t\t\t\t<\/div>\n\t\t\t\t<\/div>\n\t\t\t\t<\/div>\n\t\t\t\t\t<\/div>\n\t\t\t\t<\/div>\n\t\t<div class=\"elementor-element elementor-element-ae4282a e-flex e-con-boxed e-con e-parent\" data-id=\"ae4282a\" data-element_type=\"container\" data-e-type=\"container\">\n\t\t\t\t\t<div class=\"e-con-inner\">\n\t\t\t\t\t<\/div>\n\t\t\t\t<\/div>\n\t\t<div class=\"elementor-element elementor-element-c40c32a e-flex e-con-boxed e-con e-parent\" data-id=\"c40c32a\" data-element_type=\"container\" data-e-type=\"container\">\n\t\t\t\t\t<div class=\"e-con-inner\">\n\t\t<div class=\"elementor-element elementor-element-7d016d7 e-con-full e-flex e-con e-child\" data-id=\"7d016d7\" data-element_type=\"container\" data-e-type=\"container\">\n\t\t\t\t<div class=\"elementor-element elementor-element-0a4ecf6 elementor-widget elementor-widget-text-editor\" data-id=\"0a4ecf6\" data-element_type=\"widget\" data-e-type=\"widget\" data-widget_type=\"text-editor.default\">\n\t\t\t\t<div class=\"elementor-widget-container\">\n\t\t\t\t\t\t\t\t\t<p style=\"text-align: right\"><strong>Vaccinazioni: proteggiti con una prevenzione efficace<\/strong><\/p><p style=\"text-align: right\">Alcune IST, come l&#8217;HPV (Papillomavirus Umano) e l&#8217;epatite B, possono essere prevenute grazie alla vaccinazione. Verifica con il tuo medico se sei in regola con le vaccinazioni raccomandate. La vaccinazione \u00e8 un gesto semplice ma potente per proteggerti e proteggere chi ti sta accanto.<\/p>\t\t\t\t\t\t\t\t<\/div>\n\t\t\t\t<\/div>\n\t\t\t\t<\/div>\n\t\t\t\t\t<\/div>\n\t\t\t\t<\/div>\n\t\t<div class=\"elementor-element elementor-element-94eb791 e-flex e-con-boxed e-con e-parent\" data-id=\"94eb791\" data-element_type=\"container\" data-e-type=\"container\" data-settings=\"{&quot;background_background&quot;:&quot;classic&quot;}\">\n\t\t\t\t\t<div class=\"e-con-inner\">\n\t\t\t\t<div class=\"elementor-element elementor-element-e2fda3f elementor-widget elementor-widget-text-editor\" data-id=\"e2fda3f\" data-element_type=\"widget\" data-e-type=\"widget\" data-widget_type=\"text-editor.default\">\n\t\t\t\t<div class=\"elementor-widget-container\">\n\t\t\t\t\t\t\t\t\t<p><strong>Pratiche sessuali sicure<\/strong><\/p><p>Adottare pratiche sessuali sicure \u00e8 fondamentale per ridurre i rischi di IST. Ecco alcune buone abitudini:<\/p><p>&#8211; Limitare il numero di partner e conoscere il proprio stato di salute e quello del partner.<\/p><p>&#8211; Utilizzare metodi di barriera (come preservativi e dighe dentali) in ogni tipo di rapporto sessuale.<\/p><p>&#8211; Effettuare controlli regolari: \u00e8 importante fare test per le IST periodicamente, soprattutto se hai rapporti sessuali con pi\u00f9 partner.<\/p>\t\t\t\t\t\t\t\t<\/div>\n\t\t\t\t<\/div>\n\t\t\t\t\t<\/div>\n\t\t\t\t<\/div>\n\t\t<div class=\"elementor-element elementor-element-80425ec e-flex e-con-boxed e-con e-parent\" data-id=\"80425ec\" data-element_type=\"container\" data-e-type=\"container\">\n\t\t\t\t\t<div class=\"e-con-inner\">\n\t\t\t\t<div class=\"elementor-element elementor-element-1c132ed elementor-widget elementor-widget-text-editor\" data-id=\"1c132ed\" data-element_type=\"widget\" data-e-type=\"widget\" data-widget_type=\"text-editor.default\">\n\t\t\t\t<div class=\"elementor-widget-container\">\n\t\t\t\t\t\t\t\t\t<p style=\"text-align: right\"><strong>Consigli Pratici per una Salute Sessuale Consapevole<\/strong><\/p><p style=\"text-align: right\">1. Dialoga apertamente con il tuo partner riguardo alla salute sessuale e alla prevenzione.<\/p><p style=\"text-align: right\">2. Impara a riconoscere i sintomi delle IST, come irritazioni, secrezioni anomale o dolore, e consulta subito un medico se hai dubbi.<\/p><p style=\"text-align: right\">3. Non condividere oggetti personali, come spazzolini da denti o lamette da barba, che potrebbero essere contaminati.<\/p>\t\t\t\t\t\t\t\t<\/div>\n\t\t\t\t<\/div>\n\t\t\t\t\t<\/div>\n\t\t\t\t<\/div>\n\t\t\t\t<\/div>\n\t\t","protected":false},"excerpt":{"rendered":"<p>SAFE Education La salute sessuale \u00e8 una parte fondamentale del benessere e della qualit\u00e0 della vita di ciascuno di noi. I comportamenti a rischio possono compromettere la tua salute sessuale e quella dei tuoi partner. \u00c8 fondamentale essere consapevoli delle scelte che fai e delle loro possibili conseguenze. S.A.F.E. U. \u00e8 qui per guidarti in&hellip; <a class=\"more-link\" href=\"https:\/\/portale2.unime.it\/safeu\/safe-education\/\">Continua a leggere <span class=\"screen-reader-text\">SAFE Education<\/span><\/a><\/p>\n","protected":false},"author":1,"featured_media":0,"parent":0,"menu_order":0,"comment_status":"closed","ping_status":"closed","template":"tw-header-transparent.php","meta":{"footnotes":""},"class_list":["post-76","page","type-page","status-publish","hentry","entry"],"yoast_head":"<!-- This site is optimized with the Yoast SEO plugin v27.3 - https:\/\/yoast.com\/product\/yoast-seo-wordpress\/ -->\n<title>SAFE Education - SAFE U: Sexual Awareness for Everyone at University<\/title>\n<meta name=\"robots\" content=\"index, follow, max-snippet:-1, max-image-preview:large, max-video-preview:-1\" \/>\n<link rel=\"canonical\" href=\"https:\/\/portale2.unime.it\/safeu\/safe-education\/\" \/>\n<meta property=\"og:locale\" content=\"it_IT\" \/>\n<meta property=\"og:type\" content=\"article\" \/>\n<meta property=\"og:title\" content=\"SAFE Education - SAFE U: Sexual Awareness for Everyone at University\" \/>\n<meta property=\"og:description\" content=\"SAFE Education La salute sessuale \u00e8 una parte fondamentale del benessere e della qualit\u00e0 della vita di ciascuno di noi. I comportamenti a rischio possono compromettere la tua salute sessuale e quella dei tuoi partner. \u00c8 fondamentale essere consapevoli delle scelte che fai e delle loro possibili conseguenze. S.A.F.E. U. \u00e8 qui per guidarti in&hellip; Continua a leggere SAFE Education\" \/>\n<meta property=\"og:url\" content=\"https:\/\/portale2.unime.it\/safeu\/safe-education\/\" \/>\n<meta property=\"og:site_name\" content=\"SAFE U: Sexual Awareness for Everyone at University\" \/>\n<meta property=\"article:modified_time\" content=\"2024-10-22T23:08:25+00:00\" \/>\n<meta property=\"og:image\" content=\"https:\/\/portale2.unime.it\/safeu\/wp-content\/uploads\/sites\/61\/2024\/09\/sex.png\" \/>\n\t<meta property=\"og:image:width\" content=\"1048\" \/>\n\t<meta property=\"og:image:height\" content=\"1079\" \/>\n\t<meta property=\"og:image:type\" content=\"image\/png\" \/>\n<meta name=\"twitter:card\" content=\"summary_large_image\" \/>\n<meta name=\"twitter:label1\" content=\"Tempo di lettura stimato\" \/>\n\t<meta name=\"twitter:data1\" content=\"2 minuti\" \/>\n<script type=\"application\/ld+json\" class=\"yoast-schema-graph\">{\"@context\":\"https:\\\/\\\/schema.org\",\"@graph\":[{\"@type\":\"WebPage\",\"@id\":\"https:\\\/\\\/portale2.unime.it\\\/safeu\\\/safe-education\\\/\",\"url\":\"https:\\\/\\\/portale2.unime.it\\\/safeu\\\/safe-education\\\/\",\"name\":\"SAFE Education - SAFE U: Sexual Awareness for Everyone at University\",\"isPartOf\":{\"@id\":\"https:\\\/\\\/portale2.unime.it\\\/safeu\\\/#website\"},\"primaryImageOfPage\":{\"@id\":\"https:\\\/\\\/portale2.unime.it\\\/safeu\\\/safe-education\\\/#primaryimage\"},\"image\":{\"@id\":\"https:\\\/\\\/portale2.unime.it\\\/safeu\\\/safe-education\\\/#primaryimage\"},\"thumbnailUrl\":\"https:\\\/\\\/portale2.unime.it\\\/safeu\\\/wp-content\\\/uploads\\\/sites\\\/61\\\/2024\\\/09\\\/sex-995x1024.png\",\"datePublished\":\"2024-09-25T10:53:32+00:00\",\"dateModified\":\"2024-10-22T23:08:25+00:00\",\"breadcrumb\":{\"@id\":\"https:\\\/\\\/portale2.unime.it\\\/safeu\\\/safe-education\\\/#breadcrumb\"},\"inLanguage\":\"it-IT\",\"potentialAction\":[{\"@type\":\"ReadAction\",\"target\":[\"https:\\\/\\\/portale2.unime.it\\\/safeu\\\/safe-education\\\/\"]}]},{\"@type\":\"ImageObject\",\"inLanguage\":\"it-IT\",\"@id\":\"https:\\\/\\\/portale2.unime.it\\\/safeu\\\/safe-education\\\/#primaryimage\",\"url\":\"https:\\\/\\\/portale2.unime.it\\\/safeu\\\/wp-content\\\/uploads\\\/sites\\\/61\\\/2024\\\/09\\\/sex.png\",\"contentUrl\":\"https:\\\/\\\/portale2.unime.it\\\/safeu\\\/wp-content\\\/uploads\\\/sites\\\/61\\\/2024\\\/09\\\/sex.png\",\"width\":1048,\"height\":1079},{\"@type\":\"BreadcrumbList\",\"@id\":\"https:\\\/\\\/portale2.unime.it\\\/safeu\\\/safe-education\\\/#breadcrumb\",\"itemListElement\":[{\"@type\":\"ListItem\",\"position\":1,\"name\":\"Home\",\"item\":\"https:\\\/\\\/portale2.unime.it\\\/safeu\\\/\"},{\"@type\":\"ListItem\",\"position\":2,\"name\":\"SAFE Education\"}]},{\"@type\":\"WebSite\",\"@id\":\"https:\\\/\\\/portale2.unime.it\\\/safeu\\\/#website\",\"url\":\"https:\\\/\\\/portale2.unime.it\\\/safeu\\\/\",\"name\":\"SAFE U: Sexual Awareness for Everyone at University\",\"description\":\"\",\"publisher\":{\"@id\":\"https:\\\/\\\/portale2.unime.it\\\/safeu\\\/#organization\"},\"potentialAction\":[{\"@type\":\"SearchAction\",\"target\":{\"@type\":\"EntryPoint\",\"urlTemplate\":\"https:\\\/\\\/portale2.unime.it\\\/safeu\\\/?s={search_term_string}\"},\"query-input\":{\"@type\":\"PropertyValueSpecification\",\"valueRequired\":true,\"valueName\":\"search_term_string\"}}],\"inLanguage\":\"it-IT\"},{\"@type\":\"Organization\",\"@id\":\"https:\\\/\\\/portale2.unime.it\\\/safeu\\\/#organization\",\"name\":\"SAFE U: Sexual Awareness for Everyone at University\",\"url\":\"https:\\\/\\\/portale2.unime.it\\\/safeu\\\/\",\"logo\":{\"@type\":\"ImageObject\",\"inLanguage\":\"it-IT\",\"@id\":\"https:\\\/\\\/portale2.unime.it\\\/safeu\\\/#\\\/schema\\\/logo\\\/image\\\/\",\"url\":\"https:\\\/\\\/portale2.unime.it\\\/safeu\\\/wp-content\\\/uploads\\\/sites\\\/61\\\/2024\\\/09\\\/safeu-web-.png\",\"contentUrl\":\"https:\\\/\\\/portale2.unime.it\\\/safeu\\\/wp-content\\\/uploads\\\/sites\\\/61\\\/2024\\\/09\\\/safeu-web-.png\",\"width\":599,\"height\":212,\"caption\":\"SAFE U: Sexual Awareness for Everyone at University\"},\"image\":{\"@id\":\"https:\\\/\\\/portale2.unime.it\\\/safeu\\\/#\\\/schema\\\/logo\\\/image\\\/\"}}]}<\/script>\n<!-- \/ Yoast SEO plugin. -->","yoast_head_json":{"title":"SAFE Education - SAFE U: Sexual Awareness for Everyone at University","robots":{"index":"index","follow":"follow","max-snippet":"max-snippet:-1","max-image-preview":"max-image-preview:large","max-video-preview":"max-video-preview:-1"},"canonical":"https:\/\/portale2.unime.it\/safeu\/safe-education\/","og_locale":"it_IT","og_type":"article","og_title":"SAFE Education - SAFE U: Sexual Awareness for Everyone at University","og_description":"SAFE Education La salute sessuale \u00e8 una parte fondamentale del benessere e della qualit\u00e0 della vita di ciascuno di noi. I comportamenti a rischio possono compromettere la tua salute sessuale e quella dei tuoi partner. \u00c8 fondamentale essere consapevoli delle scelte che fai e delle loro possibili conseguenze. S.A.F.E. U. \u00e8 qui per guidarti in&hellip; Continua a leggere SAFE Education","og_url":"https:\/\/portale2.unime.it\/safeu\/safe-education\/","og_site_name":"SAFE U: Sexual Awareness for Everyone at University","article_modified_time":"2024-10-22T23:08:25+00:00","og_image":[{"width":1048,"height":1079,"url":"https:\/\/portale2.unime.it\/safeu\/wp-content\/uploads\/sites\/61\/2024\/09\/sex.png","type":"image\/png"}],"twitter_card":"summary_large_image","twitter_misc":{"Tempo di lettura stimato":"2 minuti"},"schema":{"@context":"https:\/\/schema.org","@graph":[{"@type":"WebPage","@id":"https:\/\/portale2.unime.it\/safeu\/safe-education\/","url":"https:\/\/portale2.unime.it\/safeu\/safe-education\/","name":"SAFE Education - SAFE U: Sexual Awareness for Everyone at University","isPartOf":{"@id":"https:\/\/portale2.unime.it\/safeu\/#website"},"primaryImageOfPage":{"@id":"https:\/\/portale2.unime.it\/safeu\/safe-education\/#primaryimage"},"image":{"@id":"https:\/\/portale2.unime.it\/safeu\/safe-education\/#primaryimage"},"thumbnailUrl":"https:\/\/portale2.unime.it\/safeu\/wp-content\/uploads\/sites\/61\/2024\/09\/sex-995x1024.png","datePublished":"2024-09-25T10:53:32+00:00","dateModified":"2024-10-22T23:08:25+00:00","breadcrumb":{"@id":"https:\/\/portale2.unime.it\/safeu\/safe-education\/#breadcrumb"},"inLanguage":"it-IT","potentialAction":[{"@type":"ReadAction","target":["https:\/\/portale2.unime.it\/safeu\/safe-education\/"]}]},{"@type":"ImageObject","inLanguage":"it-IT","@id":"https:\/\/portale2.unime.it\/safeu\/safe-education\/#primaryimage","url":"https:\/\/portale2.unime.it\/safeu\/wp-content\/uploads\/sites\/61\/2024\/09\/sex.png","contentUrl":"https:\/\/portale2.unime.it\/safeu\/wp-content\/uploads\/sites\/61\/2024\/09\/sex.png","width":1048,"height":1079},{"@type":"BreadcrumbList","@id":"https:\/\/portale2.unime.it\/safeu\/safe-education\/#breadcrumb","itemListElement":[{"@type":"ListItem","position":1,"name":"Home","item":"https:\/\/portale2.unime.it\/safeu\/"},{"@type":"ListItem","position":2,"name":"SAFE Education"}]},{"@type":"WebSite","@id":"https:\/\/portale2.unime.it\/safeu\/#website","url":"https:\/\/portale2.unime.it\/safeu\/","name":"SAFE U: Sexual Awareness for Everyone at University","description":"","publisher":{"@id":"https:\/\/portale2.unime.it\/safeu\/#organization"},"potentialAction":[{"@type":"SearchAction","target":{"@type":"EntryPoint","urlTemplate":"https:\/\/portale2.unime.it\/safeu\/?s={search_term_string}"},"query-input":{"@type":"PropertyValueSpecification","valueRequired":true,"valueName":"search_term_string"}}],"inLanguage":"it-IT"},{"@type":"Organization","@id":"https:\/\/portale2.unime.it\/safeu\/#organization","name":"SAFE U: Sexual Awareness for Everyone at University","url":"https:\/\/portale2.unime.it\/safeu\/","logo":{"@type":"ImageObject","inLanguage":"it-IT","@id":"https:\/\/portale2.unime.it\/safeu\/#\/schema\/logo\/image\/","url":"https:\/\/portale2.unime.it\/safeu\/wp-content\/uploads\/sites\/61\/2024\/09\/safeu-web-.png","contentUrl":"https:\/\/portale2.unime.it\/safeu\/wp-content\/uploads\/sites\/61\/2024\/09\/safeu-web-.png","width":599,"height":212,"caption":"SAFE U: Sexual Awareness for Everyone at University"},"image":{"@id":"https:\/\/portale2.unime.it\/safeu\/#\/schema\/logo\/image\/"}}]}},"_links":{"self":[{"href":"https:\/\/portale2.unime.it\/safeu\/wp-json\/wp\/v2\/pages\/76","targetHints":{"allow":["GET"]}}],"collection":[{"href":"https:\/\/portale2.unime.it\/safeu\/wp-json\/wp\/v2\/pages"}],"about":[{"href":"https:\/\/portale2.unime.it\/safeu\/wp-json\/wp\/v2\/types\/page"}],"author":[{"embeddable":true,"href":"https:\/\/portale2.unime.it\/safeu\/wp-json\/wp\/v2\/users\/1"}],"replies":[{"embeddable":true,"href":"https:\/\/portale2.unime.it\/safeu\/wp-json\/wp\/v2\/comments?post=76"}],"version-history":[{"count":38,"href":"https:\/\/portale2.unime.it\/safeu\/wp-json\/wp\/v2\/pages\/76\/revisions"}],"predecessor-version":[{"id":385,"href":"https:\/\/portale2.unime.it\/safeu\/wp-json\/wp\/v2\/pages\/76\/revisions\/385"}],"wp:attachment":[{"href":"https:\/\/portale2.unime.it\/safeu\/wp-json\/wp\/v2\/media?parent=76"}],"curies":[{"name":"wp","href":"https:\/\/api.w.org\/{rel}","templated":true}]}}