{"id":44,"date":"2021-05-04T08:16:53","date_gmt":"2021-05-04T06:16:53","guid":{"rendered":"https:\/\/portale.unime.it\/modellopersona\/?page_id=44"},"modified":"2023-02-28T06:48:55","modified_gmt":"2023-02-28T05:48:55","slug":"collaborazioni-2","status":"publish","type":"page","link":"https:\/\/portale2.unime.it\/sepsci\/it\/collaborazioni-2\/","title":{"rendered":"Collaborazioni"},"content":{"rendered":"\t\t<div data-elementor-type=\"wp-page\" data-elementor-id=\"44\" class=\"elementor elementor-44\">\n\t\t\t\t\t\t<section class=\"elementor-section elementor-top-section elementor-element elementor-element-20d0a7a elementor-section-boxed elementor-section-height-default elementor-section-height-default\" data-id=\"20d0a7a\" data-element_type=\"section\" data-e-type=\"section\">\n\t\t\t\t\t\t<div class=\"elementor-container elementor-column-gap-default\">\n\t\t\t\t\t<div class=\"elementor-column elementor-col-100 elementor-top-column elementor-element elementor-element-d7091ef\" data-id=\"d7091ef\" data-element_type=\"column\" data-e-type=\"column\">\n\t\t\t<div class=\"elementor-widget-wrap\">\n\t\t\t\t\t\t\t<\/div>\n\t\t<\/div>\n\t\t\t\t\t<\/div>\n\t\t<\/section>\n\t\t\t\t<section class=\"elementor-section elementor-top-section elementor-element elementor-element-68e794f elementor-section-boxed elementor-section-height-default elementor-section-height-default\" data-id=\"68e794f\" data-element_type=\"section\" data-e-type=\"section\" data-settings=\"{&quot;background_background&quot;:&quot;classic&quot;}\">\n\t\t\t\t\t\t<div class=\"elementor-container elementor-column-gap-default\">\n\t\t\t\t\t<div class=\"elementor-column elementor-col-100 elementor-top-column elementor-element elementor-element-05760b5\" data-id=\"05760b5\" data-element_type=\"column\" data-e-type=\"column\">\n\t\t\t<div class=\"elementor-widget-wrap elementor-element-populated\">\n\t\t\t\t\t\t<div class=\"elementor-element elementor-element-d5fbb37 elementor-invisible elementor-widget elementor-widget-heading\" data-id=\"d5fbb37\" data-element_type=\"widget\" data-e-type=\"widget\" data-settings=\"{&quot;_animation&quot;:&quot;fadeInDown&quot;}\" data-widget_type=\"heading.default\">\n\t\t\t\t<div class=\"elementor-widget-container\">\n\t\t\t\t\t<h2 class=\"elementor-heading-title elementor-size-default\"><br><br>   COLLABORAZIONI<br><br><br><\/h2>\t\t\t\t<\/div>\n\t\t\t\t<\/div>\n\t\t\t\t\t<\/div>\n\t\t<\/div>\n\t\t\t\t\t<\/div>\n\t\t<\/section>\n\t\t\t\t<section class=\"elementor-section elementor-top-section elementor-element elementor-element-307f302 elementor-section-boxed elementor-section-height-default elementor-section-height-default\" data-id=\"307f302\" data-element_type=\"section\" data-e-type=\"section\">\n\t\t\t\t\t\t<div class=\"elementor-container elementor-column-gap-default\">\n\t\t\t\t\t<div class=\"elementor-column elementor-col-100 elementor-top-column elementor-element elementor-element-bdfee4f\" data-id=\"bdfee4f\" data-element_type=\"column\" data-e-type=\"column\">\n\t\t\t<div class=\"elementor-widget-wrap elementor-element-populated\">\n\t\t\t\t\t\t<div class=\"elementor-element elementor-element-97b2643 elementor-widget elementor-widget-spacer\" data-id=\"97b2643\" data-element_type=\"widget\" data-e-type=\"widget\" data-widget_type=\"spacer.default\">\n\t\t\t\t<div class=\"elementor-widget-container\">\n\t\t\t\t\t\t\t<div class=\"elementor-spacer\">\n\t\t\t<div class=\"elementor-spacer-inner\"><\/div>\n\t\t<\/div>\n\t\t\t\t\t\t<\/div>\n\t\t\t\t<\/div>\n\t\t\t\t\t<\/div>\n\t\t<\/div>\n\t\t\t\t\t<\/div>\n\t\t<\/section>\n\t\t\t\t<section class=\"elementor-section elementor-top-section elementor-element elementor-element-8c08977 elementor-section-boxed elementor-section-height-default elementor-section-height-default\" data-id=\"8c08977\" data-element_type=\"section\" data-e-type=\"section\">\n\t\t\t\t\t\t<div class=\"elementor-container elementor-column-gap-default\">\n\t\t\t\t\t<div class=\"elementor-column elementor-col-50 elementor-top-column elementor-element elementor-element-4f2471c elementor-invisible\" data-id=\"4f2471c\" data-element_type=\"column\" data-e-type=\"column\" data-settings=\"{&quot;background_background&quot;:&quot;classic&quot;,&quot;animation&quot;:&quot;fadeInLeft&quot;}\">\n\t\t\t<div class=\"elementor-widget-wrap elementor-element-populated\">\n\t\t\t\t\t\t<div class=\"elementor-element elementor-element-5220a50 elementor-widget elementor-widget-heading\" data-id=\"5220a50\" data-element_type=\"widget\" data-e-type=\"widget\" data-widget_type=\"heading.default\">\n\t\t\t\t<div class=\"elementor-widget-container\">\n\t\t\t\t\t<h4 class=\"elementor-heading-title elementor-size-default\"><a href=\"https:\/\/portale.unime.it\/modellopersona\/ricerca\/\">COLLABORAZIONI SCIENTIFICHE<\/a><\/h4>\t\t\t\t<\/div>\n\t\t\t\t<\/div>\n\t\t\t\t<div class=\"elementor-element elementor-element-f59079e elementor-view-default elementor-widget elementor-widget-icon\" data-id=\"f59079e\" data-element_type=\"widget\" data-e-type=\"widget\" data-widget_type=\"icon.default\">\n\t\t\t\t<div class=\"elementor-widget-container\">\n\t\t\t\t\t\t\t<div class=\"elementor-icon-wrapper\">\n\t\t\t<div class=\"elementor-icon\">\n\t\t\t<svg aria-hidden=\"true\" class=\"e-font-icon-svg e-fas-people-arrows\" viewBox=\"0 0 576 512\" xmlns=\"http:\/\/www.w3.org\/2000\/svg\"><path d=\"M96,128A64,64,0,1,0,32,64,64,64,0,0,0,96,128Zm0,176.08a44.11,44.11,0,0,1,13.64-32L181.77,204c1.65-1.55,3.77-2.31,5.61-3.57A63.91,63.91,0,0,0,128,160H64A64,64,0,0,0,0,224v96a32,32,0,0,0,32,32V480a32,32,0,0,0,32,32h64a32,32,0,0,0,32-32V383.61l-50.36-47.53A44.08,44.08,0,0,1,96,304.08ZM480,128a64,64,0,1,0-64-64A64,64,0,0,0,480,128Zm32,32H448a63.91,63.91,0,0,0-59.38,40.42c1.84,1.27,4,2,5.62,3.59l72.12,68.06a44.37,44.37,0,0,1,0,64L416,383.62V480a32,32,0,0,0,32,32h64a32,32,0,0,0,32-32V352a32,32,0,0,0,32-32V224A64,64,0,0,0,512,160ZM444.4,295.34l-72.12-68.06A12,12,0,0,0,352,236v36H224V236a12,12,0,0,0-20.28-8.73L131.6,295.34a12.4,12.4,0,0,0,0,17.47l72.12,68.07A12,12,0,0,0,224,372.14V336H352v36.14a12,12,0,0,0,20.28,8.74l72.12-68.07A12.4,12.4,0,0,0,444.4,295.34Z\"><\/path><\/svg>\t\t\t<\/div>\n\t\t<\/div>\n\t\t\t\t\t\t<\/div>\n\t\t\t\t<\/div>\n\t\t\t\t\t<\/div>\n\t\t<\/div>\n\t\t\t\t<div class=\"elementor-column elementor-col-50 elementor-top-column elementor-element elementor-element-a732f3a\" data-id=\"a732f3a\" data-element_type=\"column\" data-e-type=\"column\">\n\t\t\t<div class=\"elementor-widget-wrap elementor-element-populated\">\n\t\t\t\t\t\t<div class=\"elementor-element elementor-element-5df939a elementor-widget elementor-widget-text-editor\" data-id=\"5df939a\" data-element_type=\"widget\" data-e-type=\"widget\" data-widget_type=\"text-editor.default\">\n\t\t\t\t<div class=\"elementor-widget-container\">\n\t\t\t\t\t\t\t\t\t<ul>\n<li>Australian Centre of Research on Separation Science, School of Chemistry, Monash University, Clayton, Australia.<\/li>\n<li>Chromaleont s.r.l., a Start-up of the University of Messina, Messina, Itali<\/li>\n<li>College of Clinical Pharmacy, Albaha University, Kingdom of Saudi Arabia.<\/li>\n<li>Departamento de Bioquimica, Facultad de Ciencias Naturales Exactas y Tecnologia, Universidad de Panama, Panama, Panama.<\/li>\n<li>Department of Biomedical, Dental, and of Morphological and Functional Images Sciences, University of Messina, V.le F. Stagno d\u2019Alcontres 31, 98166- Messina, Italy.<\/li>\n<li>Department of Chemistry, 200 University Avenue, West, Waterloo, Ontario, Canada.<\/li>\n<li>Department of Chemistry &amp; Biochemistry, The University of Texas at Arlington, Arlington, TX 76019-0065, USA.<\/li>\n<li>Department of Pharmacodynamics and Molecular Pharmacology, Faculty of Pharmacy, Collegium Medicum in Bydgoszcz, Nicolaus Copernicus University in Torun, Poland.<\/li>\n<li>Department of Pharmacy, University of Salerno, Fisciano, Salerno, Italy.<\/li>\n<li>Department of Veterinary Sciences, University of Messina, Messina, Italy.<\/li>\n<li>Diabetes Research Institute, Division of Cellular Transplantation of Surgery, University of Miami, Miami, FL, USA.<\/li>\n<li>Dipartimento di Chimica &amp; Centro Interdipartimentale SMART, Universit\u00e0 degli Studi di Bari Aldo Moro, Campus Universitario, Via E. Orabona, 4, 70125 Bari, Italy.<\/li>\n<li>Dipartimento di Medicina Clinica e Sperimentale, University of Messina, Padiglione B, I piano \u2013 AOU Policlinico G. Martino \u2013 Viale Gazzi, Messina, Italy.<\/li>\n<li>Dipartimento di Scienze Biologiche e Ambientali (DiSBA), University of Messina, Viale Stagno d\u2019Alcontres, 98166 Messina, Italy.<\/li>\n<li>Dipartimento di Scienze Biomediche, Odontoiatriche e delle Immagini Morfologiche e Funzionali, University of Messina, Polo Annunziata, c\/o PanLab, viale Annunziata, 98168 Messina, Italy.<\/li>\n<li>Dipartimento di Scienze Biomolecolari, University of Urbino, via Saffi 2, 61029 Urbino, Italy.<\/li>\n<li>Dipartimento di Scienze degli Alimenti, University of Udine, Via Sondrio 2\/A, 33100 Udine, Italy.<\/li>\n<li>Dipartimento di Scienze della Salute, Universit\u00e0 degli Studi \u201cMagna Graecia\u201d di Catanzaro, Viale Europa, 88100 Catanzaro, Italy.<\/li>\n<li>Division of Food Biotechnology and Microbiology, Department of Biotechnology, Microbiology and Food Evaluation, Faculty of Food Sciences, Warsaw University of Life Sciences SGGW, Warsaw, Poland.<\/li>\n<li>Fondazione Prof. Antonio Imbesi, Piazza Pugliatti 1, 98100 Messina, Italy.<\/li>\n<li>Kroungold Analytical, Inc. 1299 Butler Pike, Blue Bell, PA 19422, USA.<\/li>\n<li>INCT E&amp;A: Instituto Nacional de Ci\u00eancia e Tecnologia em Energia e Ambiente, RS, Brazil.<\/li>\n<li>Instituto de Qu\u00edmica, UFRGS, Porto Alegre, RS, Brasil.<\/li>\n<li>Istituto di Metodologie Chimiche, Consiglio Nazionale delle Ricerche, Monterotondo, Italy.<\/li>\n<li>Laboratoire de valorisation des ressources naturelles et synth\u00e8se de substances bioactives, Universit\u00e9 Mentouri, Route de Ain El Bey, Constantine, 25000, Alg\u00e9rie.<\/li>\n<li>Laboratoire de phytochimie et analyses physico-chimiques et biologiques, Universit\u00e9 Mentouri, Constantine, Alg\u00e9rie.<\/li>\n<li>Laboratory of Beneficial Microorganisms, Functional Food and Health (LMBAFS), Faculty of Natural Sciences and Life, University of Abdelhamid Ibn Badis, 27000 Mostaganem, Algeria.<\/li>\n<\/ul>\n<p style=\"font-weight: 400\">\n<\/p><ul>\n<li>Laboratory of New Herbal Products, Department of Vegetable and Medicinal Plants, Faculty of Horticulture, Biotechnology and Landscape Architecture,Warsaw University of Life Sciences SGGW, 159 Nowoursynowska Street, 02-776 Warsaw, Poland.<\/li>\n<li>Norwegian Institute for Water Research (NIVA), Section of Ecotoxicology and Risk Assessment, Gaustadall\u00e9en 21, N-0349 OSLO, Norway.<\/li>\n<li>\u2018Patologia Umana\u2019 Department, University of Messina, A.O.U. Policlinico \u2018G.Martino\u2019 Via Consolare Valeria 1, Messina 98124, Italy.<\/li>\n<li>P\u00f3s Gradua\u00e7\u00e3o em Biotecnologia, UNIT-ITP, Aracaju, SE, Brasil<\/li>\n<li>Science4life S.r.l. a Spin-Off of the University of Messina, Messina, Italy.<\/li>\n<li>Universit\u00e0 Campus Bio-Medico of Rome, via \u00c1lvaro del Portillo, 21, 00128 Rome, Italy.<\/li>\n<li>VUV Analytics, Inc.,Cedar Park, TX 78613, USA.<\/li>\n<\/ul>\n<p style=\"font-weight: 400\">\n<\/p><p style=\"font-weight: 400\">\n<\/p>\t\t\t\t\t\t\t\t<\/div>\n\t\t\t\t<\/div>\n\t\t\t\t\t<\/div>\n\t\t<\/div>\n\t\t\t\t\t<\/div>\n\t\t<\/section>\n\t\t\t\t<\/div>\n\t\t","protected":false},"excerpt":{"rendered":"<p>COLLABORAZIONI COLLABORAZIONI SCIENTIFICHE Australian Centre of Research on Separation Science, School of Chemistry, Monash University, Clayton, Australia. Chromaleont s.r.l., a Start-up of the University of Messina, Messina, Itali College of Clinical Pharmacy, Albaha University, Kingdom of Saudi Arabia. Departamento de Bioquimica, Facultad de Ciencias Naturales Exactas y Tecnologia, Universidad de Panama, Panama, Panama. Department of&hellip; <a class=\"more-link\" href=\"https:\/\/portale2.unime.it\/sepsci\/it\/collaborazioni-2\/\">Continua a leggere <span class=\"screen-reader-text\">Collaborazioni<\/span><\/a><\/p>\n","protected":false},"author":1,"featured_media":0,"parent":0,"menu_order":0,"comment_status":"closed","ping_status":"closed","template":"elementor_header_footer","meta":{"footnotes":""},"class_list":["post-44","page","type-page","status-publish","hentry","entry"],"yoast_head":"<!-- This site is optimized with the Yoast SEO plugin v27.3 - https:\/\/yoast.com\/product\/yoast-seo-wordpress\/ -->\n<title>Collaborazioni - MeIT<\/title>\n<meta name=\"robots\" content=\"index, follow, max-snippet:-1, max-image-preview:large, max-video-preview:-1\" \/>\n<link rel=\"canonical\" href=\"https:\/\/portale2.unime.it\/sepsci\/it\/collaborazioni-2\/\" \/>\n<meta property=\"og:locale\" content=\"it_IT\" \/>\n<meta property=\"og:type\" content=\"article\" \/>\n<meta property=\"og:title\" content=\"Collaborazioni - MeIT\" \/>\n<meta property=\"og:description\" content=\"COLLABORAZIONI COLLABORAZIONI SCIENTIFICHE Australian Centre of Research on Separation Science, School of Chemistry, Monash University, Clayton, Australia. Chromaleont s.r.l., a Start-up of the University of Messina, Messina, Itali College of Clinical Pharmacy, Albaha University, Kingdom of Saudi Arabia. Departamento de Bioquimica, Facultad de Ciencias Naturales Exactas y Tecnologia, Universidad de Panama, Panama, Panama. Department of&hellip; Continua a leggere Collaborazioni\" \/>\n<meta property=\"og:url\" content=\"https:\/\/portale2.unime.it\/sepsci\/it\/collaborazioni-2\/\" \/>\n<meta property=\"og:site_name\" content=\"MeIT\" \/>\n<meta property=\"article:modified_time\" content=\"2023-02-28T05:48:55+00:00\" \/>\n<meta name=\"twitter:card\" content=\"summary_large_image\" \/>\n<meta name=\"twitter:label1\" content=\"Tempo di lettura stimato\" \/>\n\t<meta name=\"twitter:data1\" content=\"3 minuti\" \/>\n<script type=\"application\/ld+json\" class=\"yoast-schema-graph\">{\"@context\":\"https:\\\/\\\/schema.org\",\"@graph\":[{\"@type\":\"WebPage\",\"@id\":\"https:\\\/\\\/portale2.unime.it\\\/sepsci\\\/it\\\/collaborazioni-2\\\/\",\"url\":\"https:\\\/\\\/portale2.unime.it\\\/sepsci\\\/it\\\/collaborazioni-2\\\/\",\"name\":\"Collaborazioni - MeIT\",\"isPartOf\":{\"@id\":\"https:\\\/\\\/portale2.unime.it\\\/sepsci\\\/#website\"},\"datePublished\":\"2021-05-04T06:16:53+00:00\",\"dateModified\":\"2023-02-28T05:48:55+00:00\",\"breadcrumb\":{\"@id\":\"https:\\\/\\\/portale2.unime.it\\\/sepsci\\\/it\\\/collaborazioni-2\\\/#breadcrumb\"},\"inLanguage\":\"it-IT\",\"potentialAction\":[{\"@type\":\"ReadAction\",\"target\":[\"https:\\\/\\\/portale2.unime.it\\\/sepsci\\\/it\\\/collaborazioni-2\\\/\"]}]},{\"@type\":\"BreadcrumbList\",\"@id\":\"https:\\\/\\\/portale2.unime.it\\\/sepsci\\\/it\\\/collaborazioni-2\\\/#breadcrumb\",\"itemListElement\":[{\"@type\":\"ListItem\",\"position\":1,\"name\":\"Home\",\"item\":\"https:\\\/\\\/meit.unime.it\\\/it\\\/\"},{\"@type\":\"ListItem\",\"position\":2,\"name\":\"Collaborazioni\"}]},{\"@type\":\"WebSite\",\"@id\":\"https:\\\/\\\/portale2.unime.it\\\/sepsci\\\/#website\",\"url\":\"https:\\\/\\\/portale2.unime.it\\\/sepsci\\\/\",\"name\":\"MeIT\",\"description\":\"\",\"publisher\":{\"@id\":\"https:\\\/\\\/portale2.unime.it\\\/sepsci\\\/#organization\"},\"potentialAction\":[{\"@type\":\"SearchAction\",\"target\":{\"@type\":\"EntryPoint\",\"urlTemplate\":\"https:\\\/\\\/portale2.unime.it\\\/sepsci\\\/?s={search_term_string}\"},\"query-input\":{\"@type\":\"PropertyValueSpecification\",\"valueRequired\":true,\"valueName\":\"search_term_string\"}}],\"inLanguage\":\"it-IT\"},{\"@type\":\"Organization\",\"@id\":\"https:\\\/\\\/portale2.unime.it\\\/sepsci\\\/#organization\",\"name\":\"MeIT\",\"url\":\"https:\\\/\\\/portale2.unime.it\\\/sepsci\\\/\",\"logo\":{\"@type\":\"ImageObject\",\"inLanguage\":\"it-IT\",\"@id\":\"https:\\\/\\\/portale2.unime.it\\\/sepsci\\\/#\\\/schema\\\/logo\\\/image\\\/\",\"url\":\"https:\\\/\\\/portale2.unime.it\\\/sepsci\\\/wp-content\\\/uploads\\\/sites\\\/9\\\/2024\\\/02\\\/cropped-Logo-MeIt.png\",\"contentUrl\":\"https:\\\/\\\/portale2.unime.it\\\/sepsci\\\/wp-content\\\/uploads\\\/sites\\\/9\\\/2024\\\/02\\\/cropped-Logo-MeIt.png\",\"width\":423,\"height\":204,\"caption\":\"MeIT\"},\"image\":{\"@id\":\"https:\\\/\\\/portale2.unime.it\\\/sepsci\\\/#\\\/schema\\\/logo\\\/image\\\/\"}}]}<\/script>\n<!-- \/ Yoast SEO plugin. -->","yoast_head_json":{"title":"Collaborazioni - MeIT","robots":{"index":"index","follow":"follow","max-snippet":"max-snippet:-1","max-image-preview":"max-image-preview:large","max-video-preview":"max-video-preview:-1"},"canonical":"https:\/\/portale2.unime.it\/sepsci\/it\/collaborazioni-2\/","og_locale":"it_IT","og_type":"article","og_title":"Collaborazioni - MeIT","og_description":"COLLABORAZIONI COLLABORAZIONI SCIENTIFICHE Australian Centre of Research on Separation Science, School of Chemistry, Monash University, Clayton, Australia. Chromaleont s.r.l., a Start-up of the University of Messina, Messina, Itali College of Clinical Pharmacy, Albaha University, Kingdom of Saudi Arabia. Departamento de Bioquimica, Facultad de Ciencias Naturales Exactas y Tecnologia, Universidad de Panama, Panama, Panama. Department of&hellip; Continua a leggere Collaborazioni","og_url":"https:\/\/portale2.unime.it\/sepsci\/it\/collaborazioni-2\/","og_site_name":"MeIT","article_modified_time":"2023-02-28T05:48:55+00:00","twitter_card":"summary_large_image","twitter_misc":{"Tempo di lettura stimato":"3 minuti"},"schema":{"@context":"https:\/\/schema.org","@graph":[{"@type":"WebPage","@id":"https:\/\/portale2.unime.it\/sepsci\/it\/collaborazioni-2\/","url":"https:\/\/portale2.unime.it\/sepsci\/it\/collaborazioni-2\/","name":"Collaborazioni - MeIT","isPartOf":{"@id":"https:\/\/portale2.unime.it\/sepsci\/#website"},"datePublished":"2021-05-04T06:16:53+00:00","dateModified":"2023-02-28T05:48:55+00:00","breadcrumb":{"@id":"https:\/\/portale2.unime.it\/sepsci\/it\/collaborazioni-2\/#breadcrumb"},"inLanguage":"it-IT","potentialAction":[{"@type":"ReadAction","target":["https:\/\/portale2.unime.it\/sepsci\/it\/collaborazioni-2\/"]}]},{"@type":"BreadcrumbList","@id":"https:\/\/portale2.unime.it\/sepsci\/it\/collaborazioni-2\/#breadcrumb","itemListElement":[{"@type":"ListItem","position":1,"name":"Home","item":"https:\/\/meit.unime.it\/it\/"},{"@type":"ListItem","position":2,"name":"Collaborazioni"}]},{"@type":"WebSite","@id":"https:\/\/portale2.unime.it\/sepsci\/#website","url":"https:\/\/portale2.unime.it\/sepsci\/","name":"MeIT","description":"","publisher":{"@id":"https:\/\/portale2.unime.it\/sepsci\/#organization"},"potentialAction":[{"@type":"SearchAction","target":{"@type":"EntryPoint","urlTemplate":"https:\/\/portale2.unime.it\/sepsci\/?s={search_term_string}"},"query-input":{"@type":"PropertyValueSpecification","valueRequired":true,"valueName":"search_term_string"}}],"inLanguage":"it-IT"},{"@type":"Organization","@id":"https:\/\/portale2.unime.it\/sepsci\/#organization","name":"MeIT","url":"https:\/\/portale2.unime.it\/sepsci\/","logo":{"@type":"ImageObject","inLanguage":"it-IT","@id":"https:\/\/portale2.unime.it\/sepsci\/#\/schema\/logo\/image\/","url":"https:\/\/portale2.unime.it\/sepsci\/wp-content\/uploads\/sites\/9\/2024\/02\/cropped-Logo-MeIt.png","contentUrl":"https:\/\/portale2.unime.it\/sepsci\/wp-content\/uploads\/sites\/9\/2024\/02\/cropped-Logo-MeIt.png","width":423,"height":204,"caption":"MeIT"},"image":{"@id":"https:\/\/portale2.unime.it\/sepsci\/#\/schema\/logo\/image\/"}}]}},"_links":{"self":[{"href":"https:\/\/portale2.unime.it\/sepsci\/wp-json\/wp\/v2\/pages\/44","targetHints":{"allow":["GET"]}}],"collection":[{"href":"https:\/\/portale2.unime.it\/sepsci\/wp-json\/wp\/v2\/pages"}],"about":[{"href":"https:\/\/portale2.unime.it\/sepsci\/wp-json\/wp\/v2\/types\/page"}],"author":[{"embeddable":true,"href":"https:\/\/portale2.unime.it\/sepsci\/wp-json\/wp\/v2\/users\/1"}],"replies":[{"embeddable":true,"href":"https:\/\/portale2.unime.it\/sepsci\/wp-json\/wp\/v2\/comments?post=44"}],"version-history":[{"count":22,"href":"https:\/\/portale2.unime.it\/sepsci\/wp-json\/wp\/v2\/pages\/44\/revisions"}],"predecessor-version":[{"id":4893,"href":"https:\/\/portale2.unime.it\/sepsci\/wp-json\/wp\/v2\/pages\/44\/revisions\/4893"}],"wp:attachment":[{"href":"https:\/\/portale2.unime.it\/sepsci\/wp-json\/wp\/v2\/media?parent=44"}],"curies":[{"name":"wp","href":"https:\/\/api.w.org\/{rel}","templated":true}]}}