{"id":1766,"date":"2026-01-15T10:42:25","date_gmt":"2026-01-15T09:42:25","guid":{"rendered":"https:\/\/portale2.unime.it\/smartcomp2026\/?page_id=1766"},"modified":"2026-03-09T11:40:12","modified_gmt":"2026-03-09T10:40:12","slug":"workshops","status":"publish","type":"page","link":"https:\/\/portale2.unime.it\/smartcomp2026\/workshops\/","title":{"rendered":"WORKSHOPS"},"content":{"rendered":"\t\t<div data-elementor-type=\"wp-page\" data-elementor-id=\"1766\" class=\"elementor elementor-1766\">\n\t\t\t\t\t\t<section class=\"elementor-section elementor-top-section elementor-element elementor-element-0b4c893 elementor-section-boxed elementor-section-height-default elementor-section-height-default\" data-id=\"0b4c893\" data-element_type=\"section\" data-e-type=\"section\" data-settings=\"{&quot;background_background&quot;:&quot;classic&quot;}\">\n\t\t\t\t\t\t<div class=\"elementor-container elementor-column-gap-default\">\n\t\t\t\t\t<div class=\"elementor-column elementor-col-100 elementor-top-column elementor-element elementor-element-e1c2313\" data-id=\"e1c2313\" data-element_type=\"column\" data-e-type=\"column\">\n\t\t\t<div class=\"elementor-widget-wrap elementor-element-populated\">\n\t\t\t\t\t\t<div class=\"elementor-element elementor-element-7d5a752 elementor-invisible elementor-widget elementor-widget-heading\" data-id=\"7d5a752\" data-element_type=\"widget\" data-e-type=\"widget\" data-settings=\"{&quot;_animation&quot;:&quot;fadeInDown&quot;}\" data-widget_type=\"heading.default\">\n\t\t\t\t\t<h2 class=\"elementor-heading-title elementor-size-default\"><br><br>Workshops<br><br><br><\/h2>\t\t\t\t<\/div>\n\t\t\t\t\t<\/div>\n\t\t<\/div>\n\t\t\t\t\t<\/div>\n\t\t<\/section>\n\t\t\t\t<section class=\"elementor-section elementor-top-section elementor-element elementor-element-339a131 elementor-section-boxed elementor-section-height-default elementor-section-height-default\" data-id=\"339a131\" data-element_type=\"section\" data-e-type=\"section\">\n\t\t\t\t\t\t<div class=\"elementor-container elementor-column-gap-default\">\n\t\t\t\t\t<div class=\"elementor-column elementor-col-100 elementor-top-column elementor-element elementor-element-91a52f8 elementor-invisible\" data-id=\"91a52f8\" data-element_type=\"column\" data-e-type=\"column\" data-settings=\"{&quot;animation&quot;:&quot;fadeInRight&quot;}\">\n\t\t\t<div class=\"elementor-widget-wrap elementor-element-populated\">\n\t\t\t\t\t\t<div class=\"elementor-element elementor-element-deb1df3 elementor-widget elementor-widget-text-editor\" data-id=\"deb1df3\" data-element_type=\"widget\" data-e-type=\"widget\" data-widget_type=\"text-editor.default\">\n\t\t\t\t\t\t\t\t\t<div data-olk-copy-source=\"MessageBody\"><strong>Workshop papers submission deadline<\/strong>: <del>9th March 2026<\/del> <span style=\"color: #ff0000\"><strong>23rd March 2026 (FIRM)<\/strong><\/span><\/div><div><strong>Workshop acceptance notification<\/strong>: 29th April 2026<\/div><div>\u00a0<\/div><p style=\"font-weight: 400\"><span style=\"font-size: 18pt\"><strong>Third International Workshop on Digital and Mobile Smart Health Systems (DM-SmartHealth)<\/strong><\/span><\/p><p style=\"font-weight: 400\">Link: <a href=\"https:\/\/dm-smarthealth2026.iit.cnr.it\/\">HERE<\/a><\/p><p style=\"font-weight: 400\"><strong>General Co-Chairs:<\/strong><\/p><ul><li style=\"list-style-type: none\"><ul><li>Mattia Giovanni Campana, National Research Council of Italy, Italy<\/li><li>Nikil Dutt, University of California, Irvine, USA<\/li><li>John Templeton, University of South Florida, USA<\/li><\/ul><\/li><\/ul><p style=\"font-weight: 400\"><span style=\"font-size: 18pt\"><strong>Second International Workshop on Whole-Lifecycle Security for Smart Systems: Methods and Tools (LIFESEC) <\/strong><\/span><\/p><p style=\"font-weight: 400\">Link: <a href=\"https:\/\/telemetry-project.eu\/ieee-smartcomp-2026\/\">HERE<\/a><\/p><p style=\"font-weight: 400\"><strong>General Co-Chairs:<\/strong><\/p><ul><li style=\"list-style-type: none\"><ul><li>Robert Seidl, Nokia Bell Labs<\/li><li>Christian Banse, Fraunhofer-Institut f\u00fcr Angewandte und Integrierte Sicherheit<\/li><li>Georgios Xilouris, National Centre for Scientific Research \u201cDemokritos\u201d<\/li><li>Erol Gelenbe, Institute of Theoretical and Applied Informatics, Polish Academy of Sciences<\/li><\/ul><\/li><\/ul><p style=\"font-weight: 400\"><strong>\u00a0<\/strong><\/p><p style=\"font-weight: 400\"><span style=\"font-size: 18pt\"><strong>First International Workshop on Quantum Computing and Networking for Smart Systems (QCNS)<\/strong><\/span><\/p><p style=\"font-weight: 400\">Link: <a href=\"https:\/\/qcns.iit.cnr.it\/\">HERE<\/a><\/p><p style=\"font-weight: 400\"><strong>General Co-Chairs:<\/strong><\/p><ul><li style=\"list-style-type: none\"><ul><li>Claudio Cicconetti, CNR-IIT<\/li><li>Sara Marzella, CINECA, Italy<\/li><li>Mansur Ziiatdinov, University of Messina, Italy<\/li><li>Luciano Lenzini, University of Pisa, Italy<\/li><\/ul><\/li><\/ul><p style=\"font-weight: 400\"><strong>\u00a0<\/strong><\/p><p style=\"font-weight: 400\"><span style=\"font-size: 18pt\"><strong>Second International Workshop on Smart AI Models and Data Sharing and Monetisation (SmartAIDa)<\/strong><\/span><\/p><p style=\"font-weight: 400\">Link: <a href=\"https:\/\/www.cs.ucc.ie\/smartaida\">HERE<\/a><\/p><p style=\"font-weight: 400\"><strong>General Co-Chairs:<\/strong><\/p><ul><li style=\"list-style-type: none\"><ul><li>Andrea Visentin, University College Cork, Ireland<\/li><li>Martin Serrano, University of Galway, Ireland &amp; Insight SFI Research Centre for Data Analytics<\/li><li>Edward Curry, University of Galway, Ireland<\/li><\/ul><\/li><\/ul><p style=\"font-weight: 400\"><strong>\u00a0<\/strong><\/p><p style=\"font-weight: 400\"><span style=\"font-size: 18pt\"><strong><span data-olk-copy-source=\"MessageBody\">Fifth International Workshop on Smart Agriculture (SmartAgr)<\/span><\/strong><\/span><\/p><p style=\"font-weight: 400\">Link: <a href=\"https:\/\/smartagr.santannapisa.it\">HERE<\/a><\/p><p style=\"font-weight: 400\"><strong>General Co-Chairs:<\/strong><\/p><ul><li style=\"list-style-type: none\"><ul><li>Anna Lina Ruscelli, Scuola Superiore Sant\u2019Anna, Pisa, Italy<\/li><li>Gabriele Cecchetti, Scuola Superiore Sant\u2019Anna, Pisa, Italy<\/li><li>Asiya Khan, University of Plymouth, UK<\/li><li>Nagham Saeed, University of West London, UK<\/li><\/ul><\/li><\/ul><p style=\"font-weight: 400\"><strong>TPC Co-Chairs:<\/strong><\/p><ul><li style=\"list-style-type: none\"><ul><li>Nidal Hussein, University of Petra, Jordan<\/li><li>Lu\u00eds P\u00e1dua, University of Tr\u00e1s-os-Montes e Alto Douro,\u00a0Portugal<\/li><\/ul><\/li><\/ul><p style=\"font-weight: 400\"><span style=\"font-size: 18pt\"><strong>Eleventh Workshop on Smart Service Systems (SmartSys)<\/strong><\/span><\/p><p style=\"font-weight: 400\">Link: <a href=\"https:\/\/smartsys2026.dii.unipi.it\">HERE<\/a><\/p><p style=\"font-weight: 400\"><strong>General Co-Chairs:<\/strong><\/p><ul><li style=\"list-style-type: none\"><ul><li>Nirmalya Roy, University of Maryland, Baltimore County, US<\/li><li>Carlo Vallati, University of Pisa, Italy<\/li><li>Gurdip Singh, <span data-olk-copy-source=\"MessageBody\">George Mason University, US<\/span><\/li><\/ul><\/li><\/ul><p style=\"font-weight: 400\"><strong>TPC Co-Chairs:<\/strong><\/p><ul><li style=\"list-style-type: none\"><ul><li>Mohamed Nafea, Missouri University of Science &amp; Technology, US<\/li><li>Marco Pettorali, University of Pisa, Italy<\/li><\/ul><\/li><\/ul><p style=\"font-weight: 400\"><strong>\u00a0<\/strong><\/p><p style=\"font-weight: 400\"><span style=\"font-size: 18pt\"><strong>Twelfth Workshop on Sensors and Smart Cities (SSC)<\/strong><\/span><\/p><p style=\"font-weight: 400\">Link: <a href=\"https:\/\/portale2.unime.it\/ssc2026\/\">HERE<\/a><\/p><p style=\"font-weight: 400\"><strong>General Co-Chairs:<\/strong><\/p><ul><li style=\"list-style-type: none\"><ul><li>Antonio Puliafito, University of Messina, Italy<\/li><\/ul><\/li><\/ul><p style=\"font-weight: 400\"><strong>TPC Co-Chairs:<\/strong><\/p><ul><li style=\"list-style-type: none\"><ul><li>Fabrizio De Vita, University of Messina, Italy<\/li><li>Giuseppe Tricomi, University of Messina, Italy<\/li><\/ul><\/li><\/ul><p style=\"font-weight: 400\"><strong>\u00a0<\/strong><\/p><p style=\"font-weight: 400\"><span style=\"font-size: 18pt\"><strong>Workshop on Smart Moving (SMVG)<\/strong><\/span><\/p><p style=\"font-weight: 400\">Link: <a href=\"https:\/\/sites.google.com\/view\/smvg26\/home\">HERE<\/a><\/p><p style=\"font-weight: 400\"><strong>General Co-Chairs:<\/strong><\/p><ul><li style=\"list-style-type: none\"><ul><li>Marco Furini, University of Modena and Reggio Emilia, Italy<\/li><li>Manuela Montangero, University of Modena and Reggio Emilia, Italy<\/li><li>Giovanni Delnevo, University of Bologna, Italy<\/li><\/ul><\/li><\/ul><p style=\"font-weight: 400\"><strong>TPC Chair:<\/strong><\/p><ul><li style=\"list-style-type: none\"><ul><li>Silvia Mirri, University of Bologna, Italy<\/li><\/ul><\/li><\/ul>\t\t\t\t\t\t\t\t<\/div>\n\t\t\t\t\t<\/div>\n\t\t<\/div>\n\t\t\t\t\t<\/div>\n\t\t<\/section>\n\t\t\t\t<\/div>\n\t\t","protected":false},"excerpt":{"rendered":"<p>Workshops Workshop papers submission deadline: 9th March 2026 23rd March 2026 (FIRM)Workshop acceptance notification: 29th April 2026\u00a0 Third International Workshop on Digital and Mobile Smart Health Systems (DM-SmartHealth) Link: HERE General Co-Chairs: Mattia Giovanni Campana, National Research Council of Italy, Italy Nikil Dutt, University of California, Irvine, USA John Templeton, University of South Florida, USA&hellip; <a class=\"more-link\" href=\"https:\/\/portale2.unime.it\/smartcomp2026\/workshops\/\">Continue reading <span class=\"screen-reader-text\">WORKSHOPS<\/span><\/a><\/p>\n","protected":false},"author":105,"featured_media":0,"parent":0,"menu_order":0,"comment_status":"closed","ping_status":"closed","template":"elementor_header_footer","meta":{"footnotes":""},"class_list":["post-1766","page","type-page","status-publish","hentry","entry"],"yoast_head":"<!-- This site is optimized with the Yoast SEO plugin v27.3 - https:\/\/yoast.com\/product\/yoast-seo-wordpress\/ -->\n<title>WORKSHOPS - Smartcomp 2026<\/title>\n<meta name=\"robots\" content=\"index, follow, max-snippet:-1, max-image-preview:large, max-video-preview:-1\" \/>\n<link rel=\"canonical\" href=\"https:\/\/portale2.unime.it\/smartcomp2026\/workshops\/\" \/>\n<meta property=\"og:locale\" content=\"en_GB\" \/>\n<meta property=\"og:type\" content=\"article\" \/>\n<meta property=\"og:title\" content=\"WORKSHOPS - Smartcomp 2026\" \/>\n<meta property=\"og:description\" content=\"Workshops Workshop papers submission deadline: 9th March 2026 23rd March 2026 (FIRM)Workshop acceptance notification: 29th April 2026\u00a0 Third International Workshop on Digital and Mobile Smart Health Systems (DM-SmartHealth) Link: HERE General Co-Chairs: Mattia Giovanni Campana, National Research Council of Italy, Italy Nikil Dutt, University of California, Irvine, USA John Templeton, University of South Florida, USA&hellip; Continue reading WORKSHOPS\" \/>\n<meta property=\"og:url\" content=\"https:\/\/portale2.unime.it\/smartcomp2026\/workshops\/\" \/>\n<meta property=\"og:site_name\" content=\"Smartcomp 2026\" \/>\n<meta property=\"article:modified_time\" content=\"2026-03-09T10:40:12+00:00\" \/>\n<meta name=\"twitter:card\" content=\"summary_large_image\" \/>\n<meta name=\"twitter:label1\" content=\"Estimated reading time\" \/>\n\t<meta name=\"twitter:data1\" content=\"2 minutes\" \/>\n<script type=\"application\/ld+json\" class=\"yoast-schema-graph\">{\"@context\":\"https:\\\/\\\/schema.org\",\"@graph\":[{\"@type\":\"WebPage\",\"@id\":\"https:\\\/\\\/portale2.unime.it\\\/smartcomp2026\\\/workshops\\\/\",\"url\":\"https:\\\/\\\/portale2.unime.it\\\/smartcomp2026\\\/workshops\\\/\",\"name\":\"WORKSHOPS - Smartcomp 2026\",\"isPartOf\":{\"@id\":\"https:\\\/\\\/portale2.unime.it\\\/smartcomp2026\\\/#website\"},\"datePublished\":\"2026-01-15T09:42:25+00:00\",\"dateModified\":\"2026-03-09T10:40:12+00:00\",\"breadcrumb\":{\"@id\":\"https:\\\/\\\/portale2.unime.it\\\/smartcomp2026\\\/workshops\\\/#breadcrumb\"},\"inLanguage\":\"en-GB\",\"potentialAction\":[{\"@type\":\"ReadAction\",\"target\":[\"https:\\\/\\\/portale2.unime.it\\\/smartcomp2026\\\/workshops\\\/\"]}]},{\"@type\":\"BreadcrumbList\",\"@id\":\"https:\\\/\\\/portale2.unime.it\\\/smartcomp2026\\\/workshops\\\/#breadcrumb\",\"itemListElement\":[{\"@type\":\"ListItem\",\"position\":1,\"name\":\"Home\",\"item\":\"https:\\\/\\\/portale2.unime.it\\\/smartcomp2026\\\/\"},{\"@type\":\"ListItem\",\"position\":2,\"name\":\"WORKSHOPS\"}]},{\"@type\":\"WebSite\",\"@id\":\"https:\\\/\\\/portale2.unime.it\\\/smartcomp2026\\\/#website\",\"url\":\"https:\\\/\\\/portale2.unime.it\\\/smartcomp2026\\\/\",\"name\":\"Smartcomp 2026\",\"description\":\"\",\"publisher\":{\"@id\":\"https:\\\/\\\/portale2.unime.it\\\/smartcomp2026\\\/#organization\"},\"potentialAction\":[{\"@type\":\"SearchAction\",\"target\":{\"@type\":\"EntryPoint\",\"urlTemplate\":\"https:\\\/\\\/portale2.unime.it\\\/smartcomp2026\\\/?s={search_term_string}\"},\"query-input\":{\"@type\":\"PropertyValueSpecification\",\"valueRequired\":true,\"valueName\":\"search_term_string\"}}],\"inLanguage\":\"en-GB\"},{\"@type\":\"Organization\",\"@id\":\"https:\\\/\\\/portale2.unime.it\\\/smartcomp2026\\\/#organization\",\"name\":\"Smartcomp 2026\",\"url\":\"https:\\\/\\\/portale2.unime.it\\\/smartcomp2026\\\/\",\"logo\":{\"@type\":\"ImageObject\",\"inLanguage\":\"en-GB\",\"@id\":\"https:\\\/\\\/portale2.unime.it\\\/smartcomp2026\\\/#\\\/schema\\\/logo\\\/image\\\/\",\"url\":\"https:\\\/\\\/portale2.unime.it\\\/smartcomp2026\\\/wp-content\\\/uploads\\\/sites\\\/95\\\/2026\\\/01\\\/cropped-EXE_LOGO_SMARTCOMP_raster-1-scaled-1.png\",\"contentUrl\":\"https:\\\/\\\/portale2.unime.it\\\/smartcomp2026\\\/wp-content\\\/uploads\\\/sites\\\/95\\\/2026\\\/01\\\/cropped-EXE_LOGO_SMARTCOMP_raster-1-scaled-1.png\",\"width\":1875,\"height\":2261,\"caption\":\"Smartcomp 2026\"},\"image\":{\"@id\":\"https:\\\/\\\/portale2.unime.it\\\/smartcomp2026\\\/#\\\/schema\\\/logo\\\/image\\\/\"}}]}<\/script>\n<!-- \/ Yoast SEO plugin. -->","yoast_head_json":{"title":"WORKSHOPS - Smartcomp 2026","robots":{"index":"index","follow":"follow","max-snippet":"max-snippet:-1","max-image-preview":"max-image-preview:large","max-video-preview":"max-video-preview:-1"},"canonical":"https:\/\/portale2.unime.it\/smartcomp2026\/workshops\/","og_locale":"en_GB","og_type":"article","og_title":"WORKSHOPS - Smartcomp 2026","og_description":"Workshops Workshop papers submission deadline: 9th March 2026 23rd March 2026 (FIRM)Workshop acceptance notification: 29th April 2026\u00a0 Third International Workshop on Digital and Mobile Smart Health Systems (DM-SmartHealth) Link: HERE General Co-Chairs: Mattia Giovanni Campana, National Research Council of Italy, Italy Nikil Dutt, University of California, Irvine, USA John Templeton, University of South Florida, USA&hellip; Continue reading WORKSHOPS","og_url":"https:\/\/portale2.unime.it\/smartcomp2026\/workshops\/","og_site_name":"Smartcomp 2026","article_modified_time":"2026-03-09T10:40:12+00:00","twitter_card":"summary_large_image","twitter_misc":{"Estimated reading time":"2 minutes"},"schema":{"@context":"https:\/\/schema.org","@graph":[{"@type":"WebPage","@id":"https:\/\/portale2.unime.it\/smartcomp2026\/workshops\/","url":"https:\/\/portale2.unime.it\/smartcomp2026\/workshops\/","name":"WORKSHOPS - Smartcomp 2026","isPartOf":{"@id":"https:\/\/portale2.unime.it\/smartcomp2026\/#website"},"datePublished":"2026-01-15T09:42:25+00:00","dateModified":"2026-03-09T10:40:12+00:00","breadcrumb":{"@id":"https:\/\/portale2.unime.it\/smartcomp2026\/workshops\/#breadcrumb"},"inLanguage":"en-GB","potentialAction":[{"@type":"ReadAction","target":["https:\/\/portale2.unime.it\/smartcomp2026\/workshops\/"]}]},{"@type":"BreadcrumbList","@id":"https:\/\/portale2.unime.it\/smartcomp2026\/workshops\/#breadcrumb","itemListElement":[{"@type":"ListItem","position":1,"name":"Home","item":"https:\/\/portale2.unime.it\/smartcomp2026\/"},{"@type":"ListItem","position":2,"name":"WORKSHOPS"}]},{"@type":"WebSite","@id":"https:\/\/portale2.unime.it\/smartcomp2026\/#website","url":"https:\/\/portale2.unime.it\/smartcomp2026\/","name":"Smartcomp 2026","description":"","publisher":{"@id":"https:\/\/portale2.unime.it\/smartcomp2026\/#organization"},"potentialAction":[{"@type":"SearchAction","target":{"@type":"EntryPoint","urlTemplate":"https:\/\/portale2.unime.it\/smartcomp2026\/?s={search_term_string}"},"query-input":{"@type":"PropertyValueSpecification","valueRequired":true,"valueName":"search_term_string"}}],"inLanguage":"en-GB"},{"@type":"Organization","@id":"https:\/\/portale2.unime.it\/smartcomp2026\/#organization","name":"Smartcomp 2026","url":"https:\/\/portale2.unime.it\/smartcomp2026\/","logo":{"@type":"ImageObject","inLanguage":"en-GB","@id":"https:\/\/portale2.unime.it\/smartcomp2026\/#\/schema\/logo\/image\/","url":"https:\/\/portale2.unime.it\/smartcomp2026\/wp-content\/uploads\/sites\/95\/2026\/01\/cropped-EXE_LOGO_SMARTCOMP_raster-1-scaled-1.png","contentUrl":"https:\/\/portale2.unime.it\/smartcomp2026\/wp-content\/uploads\/sites\/95\/2026\/01\/cropped-EXE_LOGO_SMARTCOMP_raster-1-scaled-1.png","width":1875,"height":2261,"caption":"Smartcomp 2026"},"image":{"@id":"https:\/\/portale2.unime.it\/smartcomp2026\/#\/schema\/logo\/image\/"}}]}},"_links":{"self":[{"href":"https:\/\/portale2.unime.it\/smartcomp2026\/wp-json\/wp\/v2\/pages\/1766","targetHints":{"allow":["GET"]}}],"collection":[{"href":"https:\/\/portale2.unime.it\/smartcomp2026\/wp-json\/wp\/v2\/pages"}],"about":[{"href":"https:\/\/portale2.unime.it\/smartcomp2026\/wp-json\/wp\/v2\/types\/page"}],"author":[{"embeddable":true,"href":"https:\/\/portale2.unime.it\/smartcomp2026\/wp-json\/wp\/v2\/users\/105"}],"replies":[{"embeddable":true,"href":"https:\/\/portale2.unime.it\/smartcomp2026\/wp-json\/wp\/v2\/comments?post=1766"}],"version-history":[{"count":32,"href":"https:\/\/portale2.unime.it\/smartcomp2026\/wp-json\/wp\/v2\/pages\/1766\/revisions"}],"predecessor-version":[{"id":1982,"href":"https:\/\/portale2.unime.it\/smartcomp2026\/wp-json\/wp\/v2\/pages\/1766\/revisions\/1982"}],"wp:attachment":[{"href":"https:\/\/portale2.unime.it\/smartcomp2026\/wp-json\/wp\/v2\/media?parent=1766"}],"curies":[{"name":"wp","href":"https:\/\/api.w.org\/{rel}","templated":true}]}}