{"id":314,"date":"2021-03-03T16:59:33","date_gmt":"2021-03-03T15:59:33","guid":{"rendered":"http:\/\/portale.unime.it\/tmau-messina\/?page_id=314"},"modified":"2021-03-03T16:59:33","modified_gmt":"2021-03-03T15:59:33","slug":"divulgazione-nelle-scuole","status":"publish","type":"page","link":"https:\/\/portale2.unime.it\/tmaumessina\/divulgazione-nelle-scuole\/","title":{"rendered":"Divulgazione nelle Scuole"},"content":{"rendered":"<p><strong>PROGETTO CONSAPEVOLMENTE 2024<\/strong><\/p>\n<p style=\"text-align: justify\">L&#8217;anno 2024 ha visto ulteriormente diffondere i risultati delle pi\u00f9 recenti ricerche sulla TMAU dal nostro Gruppo di Ricerca, grazie allo svolgimento del Progetto &#8220;CONSAPEVOLMENTE&#8221;, finanziato su fondi PNRR dall&#8217;Universit\u00e0 di Messina. I ragazzi degli Istituti Superiori di Messina e Provincia hanno avuto la possibilit\u00e0 di confrontarsi con i ricercatori impegnati nell&#8217;attivit\u00e0 di ricerca su questa patologia rara, e di mettersi alla prova applicando il tipico flusso di lavoro direttamente nei nostri laboratori di Genetica Molecolare e Biologia Applicata.<\/p>\n<p style=\"text-align: justify\">Quest&#8217;esperienza \u00e8 diventata anche oggetto di un bel servizio andato in onda al TG Giovani dell&#8217;Emittente RTP (<em>trovate, a seguire, il video del servizio, a partire dal minuto 7<\/em>).<\/p>\n<p><iframe title=\"Rtp Telegiornale 27 aprile 2024\" frameborder=\"0\" width=\"1240\" height=\"697\" src=\"https:\/\/geo.dailymotion.com\/player.html?video=x8xjtfi&#038;\" allowfullscreen allow=\"autoplay; fullscreen; picture-in-picture; web-share\"><\/iframe><\/p>\n<p><img fetchpriority=\"high\" decoding=\"async\" class=\"alignnone size-medium wp-image-563\" src=\"https:\/\/portale2.unime.it\/tmaumessina\/wp-content\/uploads\/sites\/52\/2024\/06\/2024-06-18-15.33.04-225x300.jpg\" alt=\"\" width=\"225\" height=\"300\" srcset=\"https:\/\/portale2.unime.it\/tmaumessina\/wp-content\/uploads\/sites\/52\/2024\/06\/2024-06-18-15.33.04-225x300.jpg 225w, https:\/\/portale2.unime.it\/tmaumessina\/wp-content\/uploads\/sites\/52\/2024\/06\/2024-06-18-15.33.04-768x1024.jpg 768w, https:\/\/portale2.unime.it\/tmaumessina\/wp-content\/uploads\/sites\/52\/2024\/06\/2024-06-18-15.33.04-9x12.jpg 9w, https:\/\/portale2.unime.it\/tmaumessina\/wp-content\/uploads\/sites\/52\/2024\/06\/2024-06-18-15.33.04.jpg 960w\" sizes=\"(max-width: 225px) 100vw, 225px\" \/> <img decoding=\"async\" class=\"alignnone size-medium wp-image-564\" src=\"https:\/\/portale2.unime.it\/tmaumessina\/wp-content\/uploads\/sites\/52\/2024\/06\/2024-06-18-15.33.09-300x225.jpg\" alt=\"\" width=\"300\" height=\"225\" srcset=\"https:\/\/portale2.unime.it\/tmaumessina\/wp-content\/uploads\/sites\/52\/2024\/06\/2024-06-18-15.33.09-300x225.jpg 300w, https:\/\/portale2.unime.it\/tmaumessina\/wp-content\/uploads\/sites\/52\/2024\/06\/2024-06-18-15.33.09-1024x768.jpg 1024w, https:\/\/portale2.unime.it\/tmaumessina\/wp-content\/uploads\/sites\/52\/2024\/06\/2024-06-18-15.33.09-768x576.jpg 768w, https:\/\/portale2.unime.it\/tmaumessina\/wp-content\/uploads\/sites\/52\/2024\/06\/2024-06-18-15.33.09-16x12.jpg 16w, https:\/\/portale2.unime.it\/tmaumessina\/wp-content\/uploads\/sites\/52\/2024\/06\/2024-06-18-15.33.09.jpg 1280w\" sizes=\"(max-width: 300px) 100vw, 300px\" \/> <img decoding=\"async\" class=\"alignnone size-medium wp-image-565\" src=\"https:\/\/portale2.unime.it\/tmaumessina\/wp-content\/uploads\/sites\/52\/2024\/06\/2024-06-18-15.33.00-225x300.jpg\" alt=\"\" width=\"225\" height=\"300\" srcset=\"https:\/\/portale2.unime.it\/tmaumessina\/wp-content\/uploads\/sites\/52\/2024\/06\/2024-06-18-15.33.00-225x300.jpg 225w, https:\/\/portale2.unime.it\/tmaumessina\/wp-content\/uploads\/sites\/52\/2024\/06\/2024-06-18-15.33.00-768x1024.jpg 768w, https:\/\/portale2.unime.it\/tmaumessina\/wp-content\/uploads\/sites\/52\/2024\/06\/2024-06-18-15.33.00-9x12.jpg 9w, https:\/\/portale2.unime.it\/tmaumessina\/wp-content\/uploads\/sites\/52\/2024\/06\/2024-06-18-15.33.00.jpg 960w\" sizes=\"(max-width: 225px) 100vw, 225px\" \/> <img loading=\"lazy\" decoding=\"async\" class=\"alignnone size-medium wp-image-566\" src=\"https:\/\/portale2.unime.it\/tmaumessina\/wp-content\/uploads\/sites\/52\/2024\/06\/WhatsApp-Image-2024-06-18-at-15.09.48-300x225.jpeg\" alt=\"\" width=\"300\" height=\"225\" srcset=\"https:\/\/portale2.unime.it\/tmaumessina\/wp-content\/uploads\/sites\/52\/2024\/06\/WhatsApp-Image-2024-06-18-at-15.09.48-300x225.jpeg 300w, https:\/\/portale2.unime.it\/tmaumessina\/wp-content\/uploads\/sites\/52\/2024\/06\/WhatsApp-Image-2024-06-18-at-15.09.48-1024x768.jpeg 1024w, https:\/\/portale2.unime.it\/tmaumessina\/wp-content\/uploads\/sites\/52\/2024\/06\/WhatsApp-Image-2024-06-18-at-15.09.48-768x576.jpeg 768w, https:\/\/portale2.unime.it\/tmaumessina\/wp-content\/uploads\/sites\/52\/2024\/06\/WhatsApp-Image-2024-06-18-at-15.09.48-1536x1152.jpeg 1536w, https:\/\/portale2.unime.it\/tmaumessina\/wp-content\/uploads\/sites\/52\/2024\/06\/WhatsApp-Image-2024-06-18-at-15.09.48-16x12.jpeg 16w, https:\/\/portale2.unime.it\/tmaumessina\/wp-content\/uploads\/sites\/52\/2024\/06\/WhatsApp-Image-2024-06-18-at-15.09.48.jpeg 2040w\" sizes=\"(max-width: 300px) 100vw, 300px\" \/> <img loading=\"lazy\" decoding=\"async\" class=\"alignnone size-medium wp-image-567\" src=\"https:\/\/portale2.unime.it\/tmaumessina\/wp-content\/uploads\/sites\/52\/2024\/06\/WhatsApp-Image-2024-06-18-at-15.09.43-300x225.jpeg\" alt=\"\" width=\"300\" height=\"225\" srcset=\"https:\/\/portale2.unime.it\/tmaumessina\/wp-content\/uploads\/sites\/52\/2024\/06\/WhatsApp-Image-2024-06-18-at-15.09.43-300x225.jpeg 300w, https:\/\/portale2.unime.it\/tmaumessina\/wp-content\/uploads\/sites\/52\/2024\/06\/WhatsApp-Image-2024-06-18-at-15.09.43-1024x768.jpeg 1024w, https:\/\/portale2.unime.it\/tmaumessina\/wp-content\/uploads\/sites\/52\/2024\/06\/WhatsApp-Image-2024-06-18-at-15.09.43-768x576.jpeg 768w, https:\/\/portale2.unime.it\/tmaumessina\/wp-content\/uploads\/sites\/52\/2024\/06\/WhatsApp-Image-2024-06-18-at-15.09.43-1536x1152.jpeg 1536w, https:\/\/portale2.unime.it\/tmaumessina\/wp-content\/uploads\/sites\/52\/2024\/06\/WhatsApp-Image-2024-06-18-at-15.09.43-16x12.jpeg 16w, https:\/\/portale2.unime.it\/tmaumessina\/wp-content\/uploads\/sites\/52\/2024\/06\/WhatsApp-Image-2024-06-18-at-15.09.43.jpeg 2040w\" sizes=\"(max-width: 300px) 100vw, 300px\" \/><\/p>\n<p style=\"text-align: justify\">Dal 2015 sino ad oggi, per garantire il giusto impatto traslazionale alla nostra attivit\u00e0 di ricerca, con particolare cura dell\u2019aspetto sociale legato alla TMAU, abbiamo realizzato una campagna formativa e divulgativa, con particolare rilevanza verso i giovani, con lo scopo di sensibilizzare l\u2019opinione pubblica sulla delicata condizione del paziente con TMAU.<\/p>\n<ul style=\"text-align: justify\">\n<li><strong>Istituto di Istruzione Superiore \u201cLa Farina \u2013 Basile\u201d (MESSINA), Febbraio 2017<\/strong><\/li>\n<li><strong>Liceo Scientifico e Linguistico Statale \u201cArchimede\u201d (MESSINA), 13-14 Aprile 2017<\/strong><\/li>\n<li><strong>Istituto Tecnico Tecnologico Statale \u201cE. Majorana\u201d (MILAZZO), 17-19 Maggio 2017<\/strong><\/li>\n<\/ul>\n<p style=\"text-align: justify\">Tra questi, degno di particolare importanza \u00e8 un progetto specifico e prestigioso sviluppato con l\u2019<strong>Istituto Superiore \u201cG. Minutoli\u201d (MESSINA)<\/strong> \u201c dal titolo \u201c<strong>PON TMAU<\/strong>\u201d, svolto 6 e 7 Marzo 2019, 10, 11, 15 Aprile 2019 \u2013 PON. 2014\/2020 3781 del 05\/04\/2017 che ha visto anche il coinvolgimento dell\u2019Istituto di Ricerca Internazionale \u201cI.E.ME.S.T.\u201d di Palermo.<\/p>\n<p style=\"text-align: justify\">Grande impatto anche per quanto concerne le attivit\u00e0 svolte con l&#8217;Istituto &#8220;<strong>La Farina-Basile<\/strong>&#8220;, che ha permesso la produzione dei seguenti elaborati artistici, frutto della presa di coscienza dei ragazzi che, con grande sensibilit\u00e0 e consapevolezza, hanno voluto trasmettere tutte le loro emozioni.<\/p>\n<p><img loading=\"lazy\" decoding=\"async\" class=\"alignnone size-medium wp-image-326\" src=\"http:\/\/portale.unime.it\/tmau-messina\/files\/2021\/03\/IMG_0900-225x300.jpg\" alt=\"\" width=\"225\" height=\"300\" \/> <img loading=\"lazy\" decoding=\"async\" class=\"alignnone size-medium wp-image-327\" src=\"http:\/\/portale.unime.it\/tmau-messina\/files\/2021\/03\/IMG_0903-225x300.jpg\" alt=\"\" width=\"225\" height=\"300\" \/> <img loading=\"lazy\" decoding=\"async\" class=\"alignnone size-medium wp-image-328\" src=\"http:\/\/portale.unime.it\/tmau-messina\/files\/2021\/03\/IMG_0904-225x300.jpg\" alt=\"\" width=\"225\" height=\"300\" \/> <img loading=\"lazy\" decoding=\"async\" class=\"alignnone size-medium wp-image-329\" src=\"https:\/\/portale2.unime.it\/tmaumessina\/wp-content\/uploads\/sites\/52\/2021\/03\/IMG_0901_Reduced-225x300.jpg\" alt=\"\" width=\"225\" height=\"300\" srcset=\"https:\/\/portale2.unime.it\/tmaumessina\/wp-content\/uploads\/sites\/52\/2021\/03\/IMG_0901_Reduced-225x300.jpg 225w, https:\/\/portale2.unime.it\/tmaumessina\/wp-content\/uploads\/sites\/52\/2021\/03\/IMG_0901_Reduced-768x1024.jpg 768w, https:\/\/portale2.unime.it\/tmaumessina\/wp-content\/uploads\/sites\/52\/2021\/03\/IMG_0901_Reduced-1152x1536.jpg 1152w, https:\/\/portale2.unime.it\/tmaumessina\/wp-content\/uploads\/sites\/52\/2021\/03\/IMG_0901_Reduced-1536x2048.jpg 1536w, https:\/\/portale2.unime.it\/tmaumessina\/wp-content\/uploads\/sites\/52\/2021\/03\/IMG_0901_Reduced-9x12.jpg 9w, https:\/\/portale2.unime.it\/tmaumessina\/wp-content\/uploads\/sites\/52\/2021\/03\/IMG_0901_Reduced.jpg 1701w\" sizes=\"(max-width: 225px) 100vw, 225px\" \/> <img loading=\"lazy\" decoding=\"async\" class=\"alignnone size-medium wp-image-330\" src=\"https:\/\/portale2.unime.it\/tmaumessina\/wp-content\/uploads\/sites\/52\/2021\/03\/IMG_0902_Reduced-225x300.jpg\" alt=\"\" width=\"225\" height=\"300\" srcset=\"https:\/\/portale2.unime.it\/tmaumessina\/wp-content\/uploads\/sites\/52\/2021\/03\/IMG_0902_Reduced-225x300.jpg 225w, https:\/\/portale2.unime.it\/tmaumessina\/wp-content\/uploads\/sites\/52\/2021\/03\/IMG_0902_Reduced-768x1024.jpg 768w, https:\/\/portale2.unime.it\/tmaumessina\/wp-content\/uploads\/sites\/52\/2021\/03\/IMG_0902_Reduced-1152x1536.jpg 1152w, https:\/\/portale2.unime.it\/tmaumessina\/wp-content\/uploads\/sites\/52\/2021\/03\/IMG_0902_Reduced-1536x2048.jpg 1536w, https:\/\/portale2.unime.it\/tmaumessina\/wp-content\/uploads\/sites\/52\/2021\/03\/IMG_0902_Reduced-9x12.jpg 9w, https:\/\/portale2.unime.it\/tmaumessina\/wp-content\/uploads\/sites\/52\/2021\/03\/IMG_0902_Reduced.jpg 1701w\" sizes=\"(max-width: 225px) 100vw, 225px\" \/><\/p>\n","protected":false},"excerpt":{"rendered":"<p>PROGETTO CONSAPEVOLMENTE 2024 L&#8217;anno 2024 ha visto ulteriormente diffondere i risultati delle pi\u00f9 recenti ricerche sulla TMAU dal nostro Gruppo di Ricerca, grazie allo svolgimento del Progetto &#8220;CONSAPEVOLMENTE&#8221;, finanziato su fondi PNRR dall&#8217;Universit\u00e0 di Messina. I ragazzi degli Istituti Superiori di Messina e Provincia hanno avuto la possibilit\u00e0 di confrontarsi con i ricercatori impegnati nell&#8217;attivit\u00e0&hellip; <a class=\"more-link\" href=\"https:\/\/portale2.unime.it\/tmaumessina\/divulgazione-nelle-scuole\/\">Continua a leggere <span class=\"screen-reader-text\">Divulgazione nelle Scuole<\/span><\/a><\/p>\n","protected":false},"author":62,"featured_media":0,"parent":0,"menu_order":0,"comment_status":"closed","ping_status":"closed","template":"","meta":{"footnotes":""},"class_list":["post-314","page","type-page","status-publish","hentry","entry"],"yoast_head":"<!-- This site is optimized with the Yoast SEO plugin v27.3 - https:\/\/yoast.com\/product\/yoast-seo-wordpress\/ -->\n<title>Divulgazione nelle Scuole - TMAU - MESSINA<\/title>\n<meta name=\"robots\" content=\"index, follow, max-snippet:-1, max-image-preview:large, max-video-preview:-1\" \/>\n<link rel=\"canonical\" href=\"https:\/\/portale2.unime.it\/tmaumessina\/divulgazione-nelle-scuole\/\" \/>\n<meta property=\"og:locale\" content=\"it_IT\" \/>\n<meta property=\"og:type\" content=\"article\" \/>\n<meta property=\"og:title\" content=\"Divulgazione nelle Scuole - TMAU - MESSINA\" \/>\n<meta property=\"og:description\" content=\"PROGETTO CONSAPEVOLMENTE 2024 L&#8217;anno 2024 ha visto ulteriormente diffondere i risultati delle pi\u00f9 recenti ricerche sulla TMAU dal nostro Gruppo di Ricerca, grazie allo svolgimento del Progetto &#8220;CONSAPEVOLMENTE&#8221;, finanziato su fondi PNRR dall&#8217;Universit\u00e0 di Messina. I ragazzi degli Istituti Superiori di Messina e Provincia hanno avuto la possibilit\u00e0 di confrontarsi con i ricercatori impegnati nell&#8217;attivit\u00e0&hellip; Continua a leggere Divulgazione nelle Scuole\" \/>\n<meta property=\"og:url\" content=\"https:\/\/portale2.unime.it\/tmaumessina\/divulgazione-nelle-scuole\/\" \/>\n<meta property=\"og:site_name\" content=\"TMAU - MESSINA\" \/>\n<meta property=\"og:image\" content=\"https:\/\/portale2.unime.it\/tmaumessina\/wp-content\/uploads\/sites\/52\/2024\/06\/2024-06-18-15.33.04-225x300.jpg\" \/>\n<meta name=\"twitter:card\" content=\"summary_large_image\" \/>\n<meta name=\"twitter:label1\" content=\"Tempo di lettura stimato\" \/>\n\t<meta name=\"twitter:data1\" content=\"1 minuto\" \/>\n<script type=\"application\/ld+json\" class=\"yoast-schema-graph\">{\"@context\":\"https:\\\/\\\/schema.org\",\"@graph\":[{\"@type\":\"WebPage\",\"@id\":\"https:\\\/\\\/portale2.unime.it\\\/tmaumessina\\\/divulgazione-nelle-scuole\\\/\",\"url\":\"https:\\\/\\\/portale2.unime.it\\\/tmaumessina\\\/divulgazione-nelle-scuole\\\/\",\"name\":\"Divulgazione nelle Scuole - TMAU - MESSINA\",\"isPartOf\":{\"@id\":\"https:\\\/\\\/portale2.unime.it\\\/tmaumessina\\\/#website\"},\"primaryImageOfPage\":{\"@id\":\"https:\\\/\\\/portale2.unime.it\\\/tmaumessina\\\/divulgazione-nelle-scuole\\\/#primaryimage\"},\"image\":{\"@id\":\"https:\\\/\\\/portale2.unime.it\\\/tmaumessina\\\/divulgazione-nelle-scuole\\\/#primaryimage\"},\"thumbnailUrl\":\"https:\\\/\\\/portale2.unime.it\\\/tmaumessina\\\/wp-content\\\/uploads\\\/sites\\\/52\\\/2024\\\/06\\\/2024-06-18-15.33.04-225x300.jpg\",\"datePublished\":\"2021-03-03T15:59:33+00:00\",\"breadcrumb\":{\"@id\":\"https:\\\/\\\/portale2.unime.it\\\/tmaumessina\\\/divulgazione-nelle-scuole\\\/#breadcrumb\"},\"inLanguage\":\"it-IT\",\"potentialAction\":[{\"@type\":\"ReadAction\",\"target\":[\"https:\\\/\\\/portale2.unime.it\\\/tmaumessina\\\/divulgazione-nelle-scuole\\\/\"]}]},{\"@type\":\"ImageObject\",\"inLanguage\":\"it-IT\",\"@id\":\"https:\\\/\\\/portale2.unime.it\\\/tmaumessina\\\/divulgazione-nelle-scuole\\\/#primaryimage\",\"url\":\"https:\\\/\\\/portale2.unime.it\\\/tmaumessina\\\/wp-content\\\/uploads\\\/sites\\\/52\\\/2024\\\/06\\\/2024-06-18-15.33.04.jpg\",\"contentUrl\":\"https:\\\/\\\/portale2.unime.it\\\/tmaumessina\\\/wp-content\\\/uploads\\\/sites\\\/52\\\/2024\\\/06\\\/2024-06-18-15.33.04.jpg\",\"width\":960,\"height\":1280},{\"@type\":\"BreadcrumbList\",\"@id\":\"https:\\\/\\\/portale2.unime.it\\\/tmaumessina\\\/divulgazione-nelle-scuole\\\/#breadcrumb\",\"itemListElement\":[{\"@type\":\"ListItem\",\"position\":1,\"name\":\"Home\",\"item\":\"https:\\\/\\\/portale2.unime.it\\\/tmaumessina\\\/\"},{\"@type\":\"ListItem\",\"position\":2,\"name\":\"Divulgazione nelle Scuole\"}]},{\"@type\":\"WebSite\",\"@id\":\"https:\\\/\\\/portale2.unime.it\\\/tmaumessina\\\/#website\",\"url\":\"https:\\\/\\\/portale2.unime.it\\\/tmaumessina\\\/\",\"name\":\"TMAU - MESSINA\",\"description\":\"\",\"publisher\":{\"@id\":\"https:\\\/\\\/portale2.unime.it\\\/tmaumessina\\\/#organization\"},\"potentialAction\":[{\"@type\":\"SearchAction\",\"target\":{\"@type\":\"EntryPoint\",\"urlTemplate\":\"https:\\\/\\\/portale2.unime.it\\\/tmaumessina\\\/?s={search_term_string}\"},\"query-input\":{\"@type\":\"PropertyValueSpecification\",\"valueRequired\":true,\"valueName\":\"search_term_string\"}}],\"inLanguage\":\"it-IT\"},{\"@type\":\"Organization\",\"@id\":\"https:\\\/\\\/portale2.unime.it\\\/tmaumessina\\\/#organization\",\"name\":\"TMAU - MESSINA\",\"url\":\"https:\\\/\\\/portale2.unime.it\\\/tmaumessina\\\/\",\"logo\":{\"@type\":\"ImageObject\",\"inLanguage\":\"it-IT\",\"@id\":\"https:\\\/\\\/portale2.unime.it\\\/tmaumessina\\\/#\\\/schema\\\/logo\\\/image\\\/\",\"url\":\"https:\\\/\\\/portale2.unime.it\\\/tmaumessina\\\/wp-content\\\/uploads\\\/sites\\\/52\\\/2021\\\/03\\\/cropped-Header-TMAU-New.jpg\",\"contentUrl\":\"https:\\\/\\\/portale2.unime.it\\\/tmaumessina\\\/wp-content\\\/uploads\\\/sites\\\/52\\\/2021\\\/03\\\/cropped-Header-TMAU-New.jpg\",\"width\":1000,\"height\":288,\"caption\":\"TMAU - MESSINA\"},\"image\":{\"@id\":\"https:\\\/\\\/portale2.unime.it\\\/tmaumessina\\\/#\\\/schema\\\/logo\\\/image\\\/\"}}]}<\/script>\n<!-- \/ Yoast SEO plugin. -->","yoast_head_json":{"title":"Divulgazione nelle Scuole - TMAU - MESSINA","robots":{"index":"index","follow":"follow","max-snippet":"max-snippet:-1","max-image-preview":"max-image-preview:large","max-video-preview":"max-video-preview:-1"},"canonical":"https:\/\/portale2.unime.it\/tmaumessina\/divulgazione-nelle-scuole\/","og_locale":"it_IT","og_type":"article","og_title":"Divulgazione nelle Scuole - TMAU - MESSINA","og_description":"PROGETTO CONSAPEVOLMENTE 2024 L&#8217;anno 2024 ha visto ulteriormente diffondere i risultati delle pi\u00f9 recenti ricerche sulla TMAU dal nostro Gruppo di Ricerca, grazie allo svolgimento del Progetto &#8220;CONSAPEVOLMENTE&#8221;, finanziato su fondi PNRR dall&#8217;Universit\u00e0 di Messina. I ragazzi degli Istituti Superiori di Messina e Provincia hanno avuto la possibilit\u00e0 di confrontarsi con i ricercatori impegnati nell&#8217;attivit\u00e0&hellip; Continua a leggere Divulgazione nelle Scuole","og_url":"https:\/\/portale2.unime.it\/tmaumessina\/divulgazione-nelle-scuole\/","og_site_name":"TMAU - MESSINA","og_image":[{"url":"https:\/\/portale2.unime.it\/tmaumessina\/wp-content\/uploads\/sites\/52\/2024\/06\/2024-06-18-15.33.04-225x300.jpg","type":"","width":"","height":""}],"twitter_card":"summary_large_image","twitter_misc":{"Tempo di lettura stimato":"1 minuto"},"schema":{"@context":"https:\/\/schema.org","@graph":[{"@type":"WebPage","@id":"https:\/\/portale2.unime.it\/tmaumessina\/divulgazione-nelle-scuole\/","url":"https:\/\/portale2.unime.it\/tmaumessina\/divulgazione-nelle-scuole\/","name":"Divulgazione nelle Scuole - TMAU - MESSINA","isPartOf":{"@id":"https:\/\/portale2.unime.it\/tmaumessina\/#website"},"primaryImageOfPage":{"@id":"https:\/\/portale2.unime.it\/tmaumessina\/divulgazione-nelle-scuole\/#primaryimage"},"image":{"@id":"https:\/\/portale2.unime.it\/tmaumessina\/divulgazione-nelle-scuole\/#primaryimage"},"thumbnailUrl":"https:\/\/portale2.unime.it\/tmaumessina\/wp-content\/uploads\/sites\/52\/2024\/06\/2024-06-18-15.33.04-225x300.jpg","datePublished":"2021-03-03T15:59:33+00:00","breadcrumb":{"@id":"https:\/\/portale2.unime.it\/tmaumessina\/divulgazione-nelle-scuole\/#breadcrumb"},"inLanguage":"it-IT","potentialAction":[{"@type":"ReadAction","target":["https:\/\/portale2.unime.it\/tmaumessina\/divulgazione-nelle-scuole\/"]}]},{"@type":"ImageObject","inLanguage":"it-IT","@id":"https:\/\/portale2.unime.it\/tmaumessina\/divulgazione-nelle-scuole\/#primaryimage","url":"https:\/\/portale2.unime.it\/tmaumessina\/wp-content\/uploads\/sites\/52\/2024\/06\/2024-06-18-15.33.04.jpg","contentUrl":"https:\/\/portale2.unime.it\/tmaumessina\/wp-content\/uploads\/sites\/52\/2024\/06\/2024-06-18-15.33.04.jpg","width":960,"height":1280},{"@type":"BreadcrumbList","@id":"https:\/\/portale2.unime.it\/tmaumessina\/divulgazione-nelle-scuole\/#breadcrumb","itemListElement":[{"@type":"ListItem","position":1,"name":"Home","item":"https:\/\/portale2.unime.it\/tmaumessina\/"},{"@type":"ListItem","position":2,"name":"Divulgazione nelle Scuole"}]},{"@type":"WebSite","@id":"https:\/\/portale2.unime.it\/tmaumessina\/#website","url":"https:\/\/portale2.unime.it\/tmaumessina\/","name":"TMAU - MESSINA","description":"","publisher":{"@id":"https:\/\/portale2.unime.it\/tmaumessina\/#organization"},"potentialAction":[{"@type":"SearchAction","target":{"@type":"EntryPoint","urlTemplate":"https:\/\/portale2.unime.it\/tmaumessina\/?s={search_term_string}"},"query-input":{"@type":"PropertyValueSpecification","valueRequired":true,"valueName":"search_term_string"}}],"inLanguage":"it-IT"},{"@type":"Organization","@id":"https:\/\/portale2.unime.it\/tmaumessina\/#organization","name":"TMAU - MESSINA","url":"https:\/\/portale2.unime.it\/tmaumessina\/","logo":{"@type":"ImageObject","inLanguage":"it-IT","@id":"https:\/\/portale2.unime.it\/tmaumessina\/#\/schema\/logo\/image\/","url":"https:\/\/portale2.unime.it\/tmaumessina\/wp-content\/uploads\/sites\/52\/2021\/03\/cropped-Header-TMAU-New.jpg","contentUrl":"https:\/\/portale2.unime.it\/tmaumessina\/wp-content\/uploads\/sites\/52\/2021\/03\/cropped-Header-TMAU-New.jpg","width":1000,"height":288,"caption":"TMAU - MESSINA"},"image":{"@id":"https:\/\/portale2.unime.it\/tmaumessina\/#\/schema\/logo\/image\/"}}]}},"_links":{"self":[{"href":"https:\/\/portale2.unime.it\/tmaumessina\/wp-json\/wp\/v2\/pages\/314","targetHints":{"allow":["GET"]}}],"collection":[{"href":"https:\/\/portale2.unime.it\/tmaumessina\/wp-json\/wp\/v2\/pages"}],"about":[{"href":"https:\/\/portale2.unime.it\/tmaumessina\/wp-json\/wp\/v2\/types\/page"}],"author":[{"embeddable":true,"href":"https:\/\/portale2.unime.it\/tmaumessina\/wp-json\/wp\/v2\/users\/62"}],"replies":[{"embeddable":true,"href":"https:\/\/portale2.unime.it\/tmaumessina\/wp-json\/wp\/v2\/comments?post=314"}],"version-history":[{"count":0,"href":"https:\/\/portale2.unime.it\/tmaumessina\/wp-json\/wp\/v2\/pages\/314\/revisions"}],"wp:attachment":[{"href":"https:\/\/portale2.unime.it\/tmaumessina\/wp-json\/wp\/v2\/media?parent=314"}],"curies":[{"name":"wp","href":"https:\/\/api.w.org\/{rel}","templated":true}]}}