{"id":33,"date":"2019-02-21T13:07:44","date_gmt":"2019-02-21T12:07:44","guid":{"rendered":"http:\/\/portale.unime.it\/tmau-messina\/?page_id=33"},"modified":"2019-02-21T13:07:44","modified_gmt":"2019-02-21T12:07:44","slug":"cause","status":"publish","type":"page","link":"https:\/\/portale2.unime.it\/tmaumessina\/cause\/","title":{"rendered":"CAUSE"},"content":{"rendered":"<p style=\"text-align: justify\"><span style=\"font-size: 14pt\">Esistono tre forme di trimetilaminuria:<\/span><\/p>\n<p style=\"text-align: center\"><em><strong><span style=\"font-size: 14pt\">TRIMETILAMINURIA PRIMARIA (TMAU1)<\/span><\/strong><\/em><\/p>\n<p style=\"padding-left: 30px;text-align: justify\"><span style=\"font-size: 14pt\">E\u2019dovuta a mutazioni nel gene FMO3, ereditate con modalit\u00e0 autosomica recessiva. Questo significa che entrambe le copie del gene presentano la mutazione. I genitori di un individuo con una condizione autosomica recessiva portano ciascuno una copia del gene mutato, ma in genere non mostrano segni e sintomi della condizione. Tuttavia, pu\u00f2 capitare che i \u00a0portatori di una mutazione in FMO3 in condizione di eterozigosi, possano avere sintomi lievi di trimetilaminuria o sperimentare episodi temporanei di odore corporeo.<\/span><\/p>\n<p style=\"padding-left: 30px;text-align: justify\"><span style=\"font-size: 14pt\">In condizioni normali, la TMAO ed i precursori della TMA, come la colina, assunti con la dieta,\u00a0 vengono \u00a0ridotti a TMA dalla flora batterica anaerobica presente nel colon. La TMA diffonde passivamente attraverso le membrane cellulari ed entra nel circolo enteroepatico per essere metabolizzata nel fegato. In questa sede FMO3 ossida la TMA in TMAO. Negli individui affetti, il deficit funzionale di FMO3 causa un accumulo di trimetilammina conseguente all\u2019introduzione di alimenti ricchi in colina(carne, fegato, uova e fagioli\/piselli), L-carnitina, betaina e lecitina.<\/span><\/p>\n<p style=\"text-align: justify\">\n<p style=\"text-align: center\"><em><strong><span style=\"font-size: 14pt\">TRIMETILAMINURIA SECONDARIA (TMAU2)<\/span><\/strong><\/em><\/p>\n<p style=\"padding-left: 30px;text-align: justify\"><span style=\"font-size: 14pt\">Mentre la forma primaria di trimetilaminuria rappresenta la maggior parte dei casi, esistono anche forme secondarie o acquisite in cui l&#8217;escrezione di TMA \u00e8 elevata anche se l&#8217;attivit\u00e0 dell&#8217;enzima FMO3 \u00e8 normale. La maggior parte dei pazienti affetti da TMAU2 produce elevati livelli di TMA a causa di un&#8217;eccessiva crescita delle specie batteriche che generano la TMA. Questo problema pu\u00f2 essere esacerbato da problemi strutturali intestinali come \u2018anse cieche\u2019 o complicanze post-operatorie.<\/span><\/p>\n<p style=\"padding-left: 30px;text-align: justify\"><span style=\"font-size: 14pt\">La TMAU2 pu\u00f2 anche verificarsi dopo la somministrazione terapeutica di colina per il trattamento della Corea di Huntington e la malattia di Alzheimer. Malattie epatiche, come le epatiti virali possono essere un\u2019altra causa cos\u00ec come lo shunt portosistemico ed una grave compromissione della funzione epatocellulare.<\/span><br \/>\n<span style=\"font-size: 14pt\">Inoltre, la trimetilaminuria pu\u00f2 accompagnarsi a malattie renali croniche od in presenza di infezioni delle vie urinarie che provocano la produzione di TMA direttamente nelle urine, causando un risultato falso positivo.<\/span><\/p>\n<p style=\"text-align: justify\">\n<p style=\"text-align: center\"><em><strong><span style=\"font-size: 14pt\">FORME TRANSITORIE DI TMAU<\/span><\/strong><\/em><\/p>\n<p style=\"padding-left: 30px;text-align: justify\"><span style=\"font-size: 14pt\">Forme transitorie di TMAU possono aversi nell\u2019infanzia quando il livelli di espressione di FMO3sono minimi e nel periodo perimestruale quando gli ormoni steroidei possono causare una riduzione dell&#8217;espressione di FMO3. Forme intermittenti possono essere dovute a sudorazione eccessiva ed esercizio fisico, febbre, stress, turbamento emotivo.<\/span><\/p>\n","protected":false},"excerpt":{"rendered":"<p>Esistono tre forme di trimetilaminuria: TRIMETILAMINURIA PRIMARIA (TMAU1) E\u2019dovuta a mutazioni nel gene FMO3, ereditate con modalit\u00e0 autosomica recessiva. Questo significa che entrambe le copie del gene presentano la mutazione. I genitori di un individuo con una condizione autosomica recessiva portano ciascuno una copia del gene mutato, ma in genere non mostrano segni e sintomi&hellip; <a class=\"more-link\" href=\"https:\/\/portale2.unime.it\/tmaumessina\/cause\/\">Continua a leggere <span class=\"screen-reader-text\">CAUSE<\/span><\/a><\/p>\n","protected":false},"author":62,"featured_media":0,"parent":0,"menu_order":0,"comment_status":"closed","ping_status":"closed","template":"","meta":{"footnotes":""},"class_list":["post-33","page","type-page","status-publish","hentry","entry"],"yoast_head":"<!-- This site is optimized with the Yoast SEO plugin v27.3 - https:\/\/yoast.com\/product\/yoast-seo-wordpress\/ -->\n<title>CAUSE - TMAU - MESSINA<\/title>\n<meta name=\"robots\" content=\"index, follow, max-snippet:-1, max-image-preview:large, max-video-preview:-1\" \/>\n<link rel=\"canonical\" href=\"https:\/\/portale2.unime.it\/tmaumessina\/cause\/\" \/>\n<meta property=\"og:locale\" content=\"it_IT\" \/>\n<meta property=\"og:type\" content=\"article\" \/>\n<meta property=\"og:title\" content=\"CAUSE - TMAU - MESSINA\" \/>\n<meta property=\"og:description\" content=\"Esistono tre forme di trimetilaminuria: TRIMETILAMINURIA PRIMARIA (TMAU1) E\u2019dovuta a mutazioni nel gene FMO3, ereditate con modalit\u00e0 autosomica recessiva. Questo significa che entrambe le copie del gene presentano la mutazione. I genitori di un individuo con una condizione autosomica recessiva portano ciascuno una copia del gene mutato, ma in genere non mostrano segni e sintomi&hellip; Continua a leggere CAUSE\" \/>\n<meta property=\"og:url\" content=\"https:\/\/portale2.unime.it\/tmaumessina\/cause\/\" \/>\n<meta property=\"og:site_name\" content=\"TMAU - MESSINA\" \/>\n<meta name=\"twitter:card\" content=\"summary_large_image\" \/>\n<meta name=\"twitter:label1\" content=\"Tempo di lettura stimato\" \/>\n\t<meta name=\"twitter:data1\" content=\"2 minuti\" \/>\n<script type=\"application\/ld+json\" class=\"yoast-schema-graph\">{\"@context\":\"https:\\\/\\\/schema.org\",\"@graph\":[{\"@type\":\"WebPage\",\"@id\":\"https:\\\/\\\/portale2.unime.it\\\/tmaumessina\\\/cause\\\/\",\"url\":\"https:\\\/\\\/portale2.unime.it\\\/tmaumessina\\\/cause\\\/\",\"name\":\"CAUSE - TMAU - MESSINA\",\"isPartOf\":{\"@id\":\"https:\\\/\\\/portale2.unime.it\\\/tmaumessina\\\/#website\"},\"datePublished\":\"2019-02-21T12:07:44+00:00\",\"breadcrumb\":{\"@id\":\"https:\\\/\\\/portale2.unime.it\\\/tmaumessina\\\/cause\\\/#breadcrumb\"},\"inLanguage\":\"it-IT\",\"potentialAction\":[{\"@type\":\"ReadAction\",\"target\":[\"https:\\\/\\\/portale2.unime.it\\\/tmaumessina\\\/cause\\\/\"]}]},{\"@type\":\"BreadcrumbList\",\"@id\":\"https:\\\/\\\/portale2.unime.it\\\/tmaumessina\\\/cause\\\/#breadcrumb\",\"itemListElement\":[{\"@type\":\"ListItem\",\"position\":1,\"name\":\"Home\",\"item\":\"https:\\\/\\\/portale2.unime.it\\\/tmaumessina\\\/\"},{\"@type\":\"ListItem\",\"position\":2,\"name\":\"CAUSE\"}]},{\"@type\":\"WebSite\",\"@id\":\"https:\\\/\\\/portale2.unime.it\\\/tmaumessina\\\/#website\",\"url\":\"https:\\\/\\\/portale2.unime.it\\\/tmaumessina\\\/\",\"name\":\"TMAU - MESSINA\",\"description\":\"\",\"publisher\":{\"@id\":\"https:\\\/\\\/portale2.unime.it\\\/tmaumessina\\\/#organization\"},\"potentialAction\":[{\"@type\":\"SearchAction\",\"target\":{\"@type\":\"EntryPoint\",\"urlTemplate\":\"https:\\\/\\\/portale2.unime.it\\\/tmaumessina\\\/?s={search_term_string}\"},\"query-input\":{\"@type\":\"PropertyValueSpecification\",\"valueRequired\":true,\"valueName\":\"search_term_string\"}}],\"inLanguage\":\"it-IT\"},{\"@type\":\"Organization\",\"@id\":\"https:\\\/\\\/portale2.unime.it\\\/tmaumessina\\\/#organization\",\"name\":\"TMAU - MESSINA\",\"url\":\"https:\\\/\\\/portale2.unime.it\\\/tmaumessina\\\/\",\"logo\":{\"@type\":\"ImageObject\",\"inLanguage\":\"it-IT\",\"@id\":\"https:\\\/\\\/portale2.unime.it\\\/tmaumessina\\\/#\\\/schema\\\/logo\\\/image\\\/\",\"url\":\"https:\\\/\\\/portale2.unime.it\\\/tmaumessina\\\/wp-content\\\/uploads\\\/sites\\\/52\\\/2021\\\/03\\\/cropped-Header-TMAU-New.jpg\",\"contentUrl\":\"https:\\\/\\\/portale2.unime.it\\\/tmaumessina\\\/wp-content\\\/uploads\\\/sites\\\/52\\\/2021\\\/03\\\/cropped-Header-TMAU-New.jpg\",\"width\":1000,\"height\":288,\"caption\":\"TMAU - MESSINA\"},\"image\":{\"@id\":\"https:\\\/\\\/portale2.unime.it\\\/tmaumessina\\\/#\\\/schema\\\/logo\\\/image\\\/\"}}]}<\/script>\n<!-- \/ Yoast SEO plugin. -->","yoast_head_json":{"title":"CAUSE - TMAU - MESSINA","robots":{"index":"index","follow":"follow","max-snippet":"max-snippet:-1","max-image-preview":"max-image-preview:large","max-video-preview":"max-video-preview:-1"},"canonical":"https:\/\/portale2.unime.it\/tmaumessina\/cause\/","og_locale":"it_IT","og_type":"article","og_title":"CAUSE - TMAU - MESSINA","og_description":"Esistono tre forme di trimetilaminuria: TRIMETILAMINURIA PRIMARIA (TMAU1) E\u2019dovuta a mutazioni nel gene FMO3, ereditate con modalit\u00e0 autosomica recessiva. Questo significa che entrambe le copie del gene presentano la mutazione. I genitori di un individuo con una condizione autosomica recessiva portano ciascuno una copia del gene mutato, ma in genere non mostrano segni e sintomi&hellip; Continua a leggere CAUSE","og_url":"https:\/\/portale2.unime.it\/tmaumessina\/cause\/","og_site_name":"TMAU - MESSINA","twitter_card":"summary_large_image","twitter_misc":{"Tempo di lettura stimato":"2 minuti"},"schema":{"@context":"https:\/\/schema.org","@graph":[{"@type":"WebPage","@id":"https:\/\/portale2.unime.it\/tmaumessina\/cause\/","url":"https:\/\/portale2.unime.it\/tmaumessina\/cause\/","name":"CAUSE - TMAU - MESSINA","isPartOf":{"@id":"https:\/\/portale2.unime.it\/tmaumessina\/#website"},"datePublished":"2019-02-21T12:07:44+00:00","breadcrumb":{"@id":"https:\/\/portale2.unime.it\/tmaumessina\/cause\/#breadcrumb"},"inLanguage":"it-IT","potentialAction":[{"@type":"ReadAction","target":["https:\/\/portale2.unime.it\/tmaumessina\/cause\/"]}]},{"@type":"BreadcrumbList","@id":"https:\/\/portale2.unime.it\/tmaumessina\/cause\/#breadcrumb","itemListElement":[{"@type":"ListItem","position":1,"name":"Home","item":"https:\/\/portale2.unime.it\/tmaumessina\/"},{"@type":"ListItem","position":2,"name":"CAUSE"}]},{"@type":"WebSite","@id":"https:\/\/portale2.unime.it\/tmaumessina\/#website","url":"https:\/\/portale2.unime.it\/tmaumessina\/","name":"TMAU - MESSINA","description":"","publisher":{"@id":"https:\/\/portale2.unime.it\/tmaumessina\/#organization"},"potentialAction":[{"@type":"SearchAction","target":{"@type":"EntryPoint","urlTemplate":"https:\/\/portale2.unime.it\/tmaumessina\/?s={search_term_string}"},"query-input":{"@type":"PropertyValueSpecification","valueRequired":true,"valueName":"search_term_string"}}],"inLanguage":"it-IT"},{"@type":"Organization","@id":"https:\/\/portale2.unime.it\/tmaumessina\/#organization","name":"TMAU - MESSINA","url":"https:\/\/portale2.unime.it\/tmaumessina\/","logo":{"@type":"ImageObject","inLanguage":"it-IT","@id":"https:\/\/portale2.unime.it\/tmaumessina\/#\/schema\/logo\/image\/","url":"https:\/\/portale2.unime.it\/tmaumessina\/wp-content\/uploads\/sites\/52\/2021\/03\/cropped-Header-TMAU-New.jpg","contentUrl":"https:\/\/portale2.unime.it\/tmaumessina\/wp-content\/uploads\/sites\/52\/2021\/03\/cropped-Header-TMAU-New.jpg","width":1000,"height":288,"caption":"TMAU - MESSINA"},"image":{"@id":"https:\/\/portale2.unime.it\/tmaumessina\/#\/schema\/logo\/image\/"}}]}},"_links":{"self":[{"href":"https:\/\/portale2.unime.it\/tmaumessina\/wp-json\/wp\/v2\/pages\/33","targetHints":{"allow":["GET"]}}],"collection":[{"href":"https:\/\/portale2.unime.it\/tmaumessina\/wp-json\/wp\/v2\/pages"}],"about":[{"href":"https:\/\/portale2.unime.it\/tmaumessina\/wp-json\/wp\/v2\/types\/page"}],"author":[{"embeddable":true,"href":"https:\/\/portale2.unime.it\/tmaumessina\/wp-json\/wp\/v2\/users\/62"}],"replies":[{"embeddable":true,"href":"https:\/\/portale2.unime.it\/tmaumessina\/wp-json\/wp\/v2\/comments?post=33"}],"version-history":[{"count":0,"href":"https:\/\/portale2.unime.it\/tmaumessina\/wp-json\/wp\/v2\/pages\/33\/revisions"}],"wp:attachment":[{"href":"https:\/\/portale2.unime.it\/tmaumessina\/wp-json\/wp\/v2\/media?parent=33"}],"curies":[{"name":"wp","href":"https:\/\/api.w.org\/{rel}","templated":true}]}}