{"id":60,"date":"2019-02-22T16:41:33","date_gmt":"2019-02-22T15:41:33","guid":{"rendered":"http:\/\/portale.unime.it\/tmau-messina\/?page_id=60"},"modified":"2024-12-24T16:31:12","modified_gmt":"2024-12-24T15:31:12","slug":"home","status":"publish","type":"page","link":"https:\/\/portale2.unime.it\/tmaumessina\/","title":{"rendered":"Home"},"content":{"rendered":"\t\t<div data-elementor-type=\"wp-page\" data-elementor-id=\"60\" class=\"elementor elementor-60\">\n\t\t\t\t\t\t<section class=\"elementor-section elementor-top-section elementor-element elementor-element-1c94f3d1 elementor-section-boxed elementor-section-height-default elementor-section-height-default\" data-id=\"1c94f3d1\" data-element_type=\"section\" data-e-type=\"section\">\n\t\t\t\t\t\t<div class=\"elementor-container elementor-column-gap-default\">\n\t\t\t\t\t<div class=\"elementor-column elementor-col-100 elementor-top-column elementor-element elementor-element-5990e36f\" data-id=\"5990e36f\" data-element_type=\"column\" data-e-type=\"column\">\n\t\t\t<div class=\"elementor-widget-wrap elementor-element-populated\">\n\t\t\t\t\t\t<div class=\"elementor-element elementor-element-cf3e3be elementor-widget elementor-widget-spacer\" data-id=\"cf3e3be\" data-element_type=\"widget\" data-e-type=\"widget\" data-widget_type=\"spacer.default\">\n\t\t\t\t<div class=\"elementor-widget-container\">\n\t\t\t\t\t\t\t<div class=\"elementor-spacer\">\n\t\t\t<div class=\"elementor-spacer-inner\"><\/div>\n\t\t<\/div>\n\t\t\t\t\t\t<\/div>\n\t\t\t\t<\/div>\n\t\t\t\t<div class=\"elementor-element elementor-element-1ad08d4f elementor-widget elementor-widget-text-editor\" data-id=\"1ad08d4f\" data-element_type=\"widget\" data-e-type=\"widget\" data-widget_type=\"text-editor.default\">\n\t\t\t\t<div class=\"elementor-widget-container\">\n\t\t\t\t\t\t\t\t\t<p style=\"text-align: center\"><span style=\"color: #993300\"><em><strong><span style=\"font-size: 36pt\">LA TRIMETILAMINURIA (TMAU)<\/span><\/strong><\/em><\/span><\/p>\t\t\t\t\t\t\t\t<\/div>\n\t\t\t\t<\/div>\n\t\t\t\t<div class=\"elementor-element elementor-element-1fd81cc elementor-widget elementor-widget-text-editor\" data-id=\"1fd81cc\" data-element_type=\"widget\" data-e-type=\"widget\" data-widget_type=\"text-editor.default\">\n\t\t\t\t<div class=\"elementor-widget-container\">\n\t\t\t\t\t\t\t\t\t<p style=\"text-align: center\"><span style=\"color: #0000ff\"><em><strong><span style=\"font-family: 'comic sans ms', sans-serif;font-size: 18pt\">L&#8217;intero Laboratorio di Genetica Molecolare porge gli auguri di un Sereno e Felice 2025 a tutti voi !!!<\/span><\/strong><\/em><\/span><\/p>\t\t\t\t\t\t\t\t<\/div>\n\t\t\t\t<\/div>\n\t\t\t\t\t<\/div>\n\t\t<\/div>\n\t\t\t\t\t<\/div>\n\t\t<\/section>\n\t\t<div class=\"elementor-element elementor-element-05c4a5e e-flex e-con-boxed e-con e-parent\" data-id=\"05c4a5e\" data-element_type=\"container\" data-e-type=\"container\">\n\t\t\t\t\t<div class=\"e-con-inner\">\n\t\t\t\t<div class=\"elementor-element elementor-element-c282a65 elementor-widget elementor-widget-heading\" data-id=\"c282a65\" data-element_type=\"widget\" data-e-type=\"widget\" data-widget_type=\"heading.default\">\n\t\t\t\t<div class=\"elementor-widget-container\">\n\t\t\t\t\t<h2 class=\"elementor-heading-title elementor-size-default\">Scopri la Sindrome dell'Odore di Pesce: una rara condizione metabolica che merita attenzione<\/h2>\t\t\t\t<\/div>\n\t\t\t\t<\/div>\n\t\t\t\t\t<\/div>\n\t\t\t\t<\/div>\n\t\t<div class=\"elementor-element elementor-element-9bbc565 e-flex e-con-boxed e-con e-parent\" data-id=\"9bbc565\" data-element_type=\"container\" data-e-type=\"container\">\n\t\t\t\t\t<div class=\"e-con-inner\">\n\t\t\t\t<div class=\"elementor-element elementor-element-8080ffc elementor-widget elementor-widget-image\" data-id=\"8080ffc\" data-element_type=\"widget\" data-e-type=\"widget\" data-widget_type=\"image.default\">\n\t\t\t\t<div class=\"elementor-widget-container\">\n\t\t\t\t\t\t\t\t\t\t\t\t\t\t\t<img fetchpriority=\"high\" decoding=\"async\" width=\"1024\" height=\"581\" src=\"https:\/\/portale2.unime.it\/tmaumessina\/wp-content\/uploads\/sites\/52\/2024\/12\/1-1024x581.jpg\" class=\"attachment-large size-large wp-image-691\" alt=\"\" srcset=\"https:\/\/portale2.unime.it\/tmaumessina\/wp-content\/uploads\/sites\/52\/2024\/12\/1-1024x581.jpg 1024w, https:\/\/portale2.unime.it\/tmaumessina\/wp-content\/uploads\/sites\/52\/2024\/12\/1-300x170.jpg 300w, https:\/\/portale2.unime.it\/tmaumessina\/wp-content\/uploads\/sites\/52\/2024\/12\/1-768x435.jpg 768w, https:\/\/portale2.unime.it\/tmaumessina\/wp-content\/uploads\/sites\/52\/2024\/12\/1.jpg 1372w\" sizes=\"(max-width: 1024px) 100vw, 1024px\" style=\"width:100%;height:56.71%;max-width:1372px\" \/>\t\t\t\t\t\t\t\t\t\t\t\t\t\t\t<\/div>\n\t\t\t\t<\/div>\n\t\t\t\t\t<\/div>\n\t\t\t\t<\/div>\n\t\t<div class=\"elementor-element elementor-element-ebe253e e-flex e-con-boxed e-con e-parent\" data-id=\"ebe253e\" data-element_type=\"container\" data-e-type=\"container\">\n\t\t\t\t\t<div class=\"e-con-inner\">\n\t\t\t\t<div class=\"elementor-element elementor-element-c8820a5 elementor-widget elementor-widget-text-editor\" data-id=\"c8820a5\" data-element_type=\"widget\" data-e-type=\"widget\" data-widget_type=\"text-editor.default\">\n\t\t\t\t<div class=\"elementor-widget-container\">\n\t\t\t\t\t\t\t\t\t<div class=\"flex-shrink-0 flex flex-col relative items-end\"><div><div class=\"pt-0\"><div class=\"gizmo-shadow-stroke flex h-8 w-8 items-center justify-center overflow-hidden rounded-full\"><div class=\"h-full w-full\"><span style=\"font-family: var( --e-global-typography-text-font-family ), Sans-serif;font-size: var(--global--font-size-base);text-align: var(--text-align);color: #000000\">La trimetilaminuria, conosciuta anche come &#8220;Fish Odor Syndrome&#8221;, \u00e8 una rara e poco conosciuta sindrome metabolica che pu\u00f2 avere un forte impatto sulla qualit\u00e0 della vita. Un recente articolo scientifico esplora le cause genetiche e ambientali, i meccanismi molecolari, e le strategie terapeutiche emergenti per affrontare questa condizione. Nonostante non sia fisicamente debilitante, questa sindrome rappresenta una sfida sociale e psicologica significativa per chi ne \u00e8 affetto.<\/span><\/div><\/div><\/div><\/div><\/div><div class=\"group\/conversation-turn relative flex w-full min-w-0 flex-col agent-turn\"><div class=\"flex-col gap-1 md:gap-3\"><div class=\"flex max-w-full flex-col flex-grow\"><div class=\"min-h-8 text-message flex w-full flex-col items-end gap-2 whitespace-normal break-words text-start [.text-message+&amp;]:mt-5\" dir=\"auto\" data-message-author-role=\"assistant\" data-message-id=\"ea114412-f434-4210-b5e1-a2a0510c173c\" data-message-model-slug=\"gpt-4o\"><div class=\"flex w-full flex-col gap-1 empty:hidden first:pt-[3px]\"><div class=\"markdown prose w-full break-words dark:prose-invert light\"><p><span style=\"color: #000000\">Se vuoi approfondire i dettagli di questa affascinante ricerca, visita il nostro link e scopri le nuove prospettive diagnostiche e terapeutiche che stanno cambiando il modo in cui comprendiamo questa sindrome.<\/span><\/p><p>\u00a0<\/p><p><strong><a href=\"https:\/\/www.mdpi.com\/2079-7737\/13\/12\/961\" rel=\"noopener\">Leggi l\u2019articolo completo<\/a><\/strong>.<\/p><\/div><\/div><\/div><\/div><\/div><\/div>\t\t\t\t\t\t\t\t<\/div>\n\t\t\t\t<\/div>\n\t\t\t\t\t<\/div>\n\t\t\t\t<\/div>\n\t\t\t\t<section class=\"elementor-section elementor-top-section elementor-element elementor-element-7366816 elementor-section-boxed elementor-section-height-default elementor-section-height-default\" data-id=\"7366816\" data-element_type=\"section\" data-e-type=\"section\">\n\t\t\t\t\t\t<div class=\"elementor-container elementor-column-gap-default\">\n\t\t\t\t\t<div class=\"elementor-column elementor-col-100 elementor-top-column elementor-element elementor-element-234a637\" data-id=\"234a637\" data-element_type=\"column\" data-e-type=\"column\">\n\t\t\t<div class=\"elementor-widget-wrap elementor-element-populated\">\n\t\t\t\t\t\t<div class=\"elementor-element elementor-element-0d3d3cb elementor-widget elementor-widget-image\" data-id=\"0d3d3cb\" data-element_type=\"widget\" data-e-type=\"widget\" data-widget_type=\"image.default\">\n\t\t\t\t<div class=\"elementor-widget-container\">\n\t\t\t\t\t\t\t\t\t\t\t\t<figure class=\"wp-caption\">\n\t\t\t\t\t\t\t\t\t\t\t<a href=\"https:\/\/www.unime.it\/notizie\/studio-incoraggiante-su-un-prodotto-la-cura-della-tmau\">\n\t\t\t\t\t\t\t<img decoding=\"async\" width=\"726\" height=\"1024\" src=\"https:\/\/portale2.unime.it\/tmaumessina\/wp-content\/uploads\/sites\/52\/2023\/01\/photo_2023-01-10-12.42.31-726x1024.jpeg\" class=\"attachment-large size-large wp-image-549\" alt=\"\" srcset=\"https:\/\/portale2.unime.it\/tmaumessina\/wp-content\/uploads\/sites\/52\/2023\/01\/photo_2023-01-10-12.42.31-726x1024.jpeg 726w, https:\/\/portale2.unime.it\/tmaumessina\/wp-content\/uploads\/sites\/52\/2023\/01\/photo_2023-01-10-12.42.31-213x300.jpeg 213w, https:\/\/portale2.unime.it\/tmaumessina\/wp-content\/uploads\/sites\/52\/2023\/01\/photo_2023-01-10-12.42.31-768x1083.jpeg 768w, https:\/\/portale2.unime.it\/tmaumessina\/wp-content\/uploads\/sites\/52\/2023\/01\/photo_2023-01-10-12.42.31-9x12.jpeg 9w, https:\/\/portale2.unime.it\/tmaumessina\/wp-content\/uploads\/sites\/52\/2023\/01\/photo_2023-01-10-12.42.31.jpeg 908w\" sizes=\"(max-width: 726px) 100vw, 726px\" style=\"width:100%;height:140.97%;max-width:908px\" \/>\t\t\t\t\t\t\t\t<\/a>\n\t\t\t\t\t\t\t\t\t\t\t<figcaption class=\"widget-image-caption wp-caption-text\">CLICCA PER MAGGIORI INFO<\/figcaption>\n\t\t\t\t\t\t\t\t\t\t<\/figure>\n\t\t\t\t\t\t\t\t\t<\/div>\n\t\t\t\t<\/div>\n\t\t\t\t\t<\/div>\n\t\t<\/div>\n\t\t\t\t\t<\/div>\n\t\t<\/section>\n\t\t\t\t<section class=\"elementor-section elementor-top-section elementor-element elementor-element-ecdbcac elementor-section-boxed elementor-section-height-default elementor-section-height-default\" data-id=\"ecdbcac\" data-element_type=\"section\" data-e-type=\"section\">\n\t\t\t\t\t\t<div class=\"elementor-container elementor-column-gap-default\">\n\t\t\t\t\t<div class=\"elementor-column elementor-col-100 elementor-top-column elementor-element elementor-element-effdfca\" data-id=\"effdfca\" data-element_type=\"column\" data-e-type=\"column\">\n\t\t\t<div class=\"elementor-widget-wrap elementor-element-populated\">\n\t\t\t\t\t\t<section class=\"elementor-section elementor-inner-section elementor-element elementor-element-a6bad59 elementor-section-content-middle elementor-section-boxed elementor-section-height-default elementor-section-height-default\" data-id=\"a6bad59\" data-element_type=\"section\" data-e-type=\"section\">\n\t\t\t\t\t\t<div class=\"elementor-container elementor-column-gap-default\">\n\t\t\t\t\t<div class=\"elementor-column elementor-col-100 elementor-inner-column elementor-element elementor-element-f504062\" data-id=\"f504062\" data-element_type=\"column\" data-e-type=\"column\">\n\t\t\t<div class=\"elementor-widget-wrap elementor-element-populated\">\n\t\t\t\t\t\t<div class=\"elementor-element elementor-element-5bf8378 elementor-widget elementor-widget-text-editor\" data-id=\"5bf8378\" data-element_type=\"widget\" data-e-type=\"widget\" data-widget_type=\"text-editor.default\">\n\t\t\t\t<div class=\"elementor-widget-container\">\n\t\t\t\t\t\t\t\t\t<p><span style=\"font-family: 'book antiqua', palatino, serif;color: #ff0000;font-size: 14pt\"><em><strong>Una testimonianza importante, come quella di Erica, pu\u00f2 dare il coraggio a tante persone di uscire dal proprio silenzio per trovare una soluzione alle proprie paure&#8230;<\/strong><\/em><\/span><\/p><p>\u00a0<\/p><p><a href=\"https:\/\/www.iene.mediaset.it\/video\/erica-tmau-sindrome-puzza-pesce-marcio-ragazza-sirena_374092.shtml\">Link al video\u00a0<\/a><\/p>\t\t\t\t\t\t\t\t<\/div>\n\t\t\t\t<\/div>\n\t\t\t\t\t<\/div>\n\t\t<\/div>\n\t\t\t\t\t<\/div>\n\t\t<\/section>\n\t\t\t\t\t<\/div>\n\t\t<\/div>\n\t\t\t\t\t<\/div>\n\t\t<\/section>\n\t\t<div class=\"elementor-element elementor-element-0ca88bf e-flex e-con-boxed e-con e-parent\" data-id=\"0ca88bf\" data-element_type=\"container\" data-e-type=\"container\">\n\t\t\t\t\t<div class=\"e-con-inner\">\n\t\t\t\t<div class=\"elementor-element elementor-element-1512de2 elementor-widget elementor-widget-html\" data-id=\"1512de2\" data-element_type=\"widget\" data-e-type=\"widget\" data-widget_type=\"html.default\">\n\t\t\t\t<div class=\"elementor-widget-container\">\n\t\t\t\t\t\n<div class=\"elfsight-app-4aa08506-7807-444c-8b87-bcbf29112637\" data-elfsight-app-lazy><\/div>\t\t\t\t<\/div>\n\t\t\t\t<\/div>\n\t\t\t\t\t<\/div>\n\t\t\t\t<\/div>\n\t\t<div class=\"elementor-element elementor-element-59bf040 e-flex e-con-boxed e-con e-parent\" data-id=\"59bf040\" data-element_type=\"container\" data-e-type=\"container\">\n\t\t\t\t\t<div class=\"e-con-inner\">\n\t\t\t\t<div class=\"elementor-element elementor-element-cf734e1 elementor-widget elementor-widget-html\" data-id=\"cf734e1\" data-element_type=\"widget\" data-e-type=\"widget\" data-widget_type=\"html.default\">\n\t\t\t\t<div class=\"elementor-widget-container\">\n\t\t\t\t\t\n<div class=\"elfsight-app-4aa08506-7807-444c-8b87-bcbf29112637\" data-elfsight-app-lazy><\/div>\t\t\t\t<\/div>\n\t\t\t\t<\/div>\n\t\t\t\t\t<\/div>\n\t\t\t\t<\/div>\n\t\t\t\t<\/div>\n\t\t","protected":false},"excerpt":{"rendered":"<p>LA TRIMETILAMINURIA (TMAU) L&#8217;intero Laboratorio di Genetica Molecolare porge gli auguri di un Sereno e Felice 2025 a tutti voi !!! Scopri la Sindrome dell&#8217;Odore di Pesce: una rara condizione metabolica che merita attenzione La trimetilaminuria, conosciuta anche come &#8220;Fish Odor Syndrome&#8221;, \u00e8 una rara e poco conosciuta sindrome metabolica che pu\u00f2 avere un forte&hellip; <a class=\"more-link\" href=\"https:\/\/portale2.unime.it\/tmaumessina\/\">Continua a leggere <span class=\"screen-reader-text\">Home<\/span><\/a><\/p>\n","protected":false},"author":62,"featured_media":0,"parent":0,"menu_order":0,"comment_status":"closed","ping_status":"closed","template":"","meta":{"footnotes":""},"class_list":["post-60","page","type-page","status-publish","hentry","entry"],"yoast_head":"<!-- This site is optimized with the Yoast SEO plugin v27.3 - https:\/\/yoast.com\/product\/yoast-seo-wordpress\/ -->\n<title>Home - TMAU - MESSINA<\/title>\n<meta name=\"robots\" content=\"index, follow, max-snippet:-1, max-image-preview:large, max-video-preview:-1\" \/>\n<link rel=\"canonical\" href=\"https:\/\/portale2.unime.it\/tmaumessina\/\" \/>\n<meta property=\"og:locale\" content=\"it_IT\" \/>\n<meta property=\"og:type\" content=\"article\" \/>\n<meta property=\"og:title\" content=\"Home - TMAU - MESSINA\" \/>\n<meta property=\"og:description\" content=\"LA TRIMETILAMINURIA (TMAU) L&#8217;intero Laboratorio di Genetica Molecolare porge gli auguri di un Sereno e Felice 2025 a tutti voi !!! Scopri la Sindrome dell&#8217;Odore di Pesce: una rara condizione metabolica che merita attenzione La trimetilaminuria, conosciuta anche come &#8220;Fish Odor Syndrome&#8221;, \u00e8 una rara e poco conosciuta sindrome metabolica che pu\u00f2 avere un forte&hellip; Continua a leggere Home\" \/>\n<meta property=\"og:url\" content=\"https:\/\/portale2.unime.it\/tmaumessina\/\" \/>\n<meta property=\"og:site_name\" content=\"TMAU - MESSINA\" \/>\n<meta property=\"article:modified_time\" content=\"2024-12-24T15:31:12+00:00\" \/>\n<meta property=\"og:image\" content=\"https:\/\/portale2.unime.it\/tmaumessina\/wp-content\/uploads\/sites\/52\/2024\/12\/1.jpg\" \/>\n\t<meta property=\"og:image:width\" content=\"1372\" \/>\n\t<meta property=\"og:image:height\" content=\"778\" \/>\n\t<meta property=\"og:image:type\" content=\"image\/jpeg\" \/>\n<meta name=\"twitter:card\" content=\"summary_large_image\" \/>\n<meta name=\"twitter:label1\" content=\"Tempo di lettura stimato\" \/>\n\t<meta name=\"twitter:data1\" content=\"2 minuti\" \/>\n<script type=\"application\/ld+json\" class=\"yoast-schema-graph\">{\"@context\":\"https:\\\/\\\/schema.org\",\"@graph\":[{\"@type\":\"WebPage\",\"@id\":\"https:\\\/\\\/portale2.unime.it\\\/tmaumessina\\\/\",\"url\":\"https:\\\/\\\/portale2.unime.it\\\/tmaumessina\\\/\",\"name\":\"Home - TMAU - MESSINA\",\"isPartOf\":{\"@id\":\"https:\\\/\\\/portale2.unime.it\\\/tmaumessina\\\/#website\"},\"primaryImageOfPage\":{\"@id\":\"https:\\\/\\\/portale2.unime.it\\\/tmaumessina\\\/#primaryimage\"},\"image\":{\"@id\":\"https:\\\/\\\/portale2.unime.it\\\/tmaumessina\\\/#primaryimage\"},\"thumbnailUrl\":\"https:\\\/\\\/portale2.unime.it\\\/tmaumessina\\\/wp-content\\\/uploads\\\/sites\\\/52\\\/2024\\\/12\\\/1-1024x581.jpg\",\"datePublished\":\"2019-02-22T15:41:33+00:00\",\"dateModified\":\"2024-12-24T15:31:12+00:00\",\"breadcrumb\":{\"@id\":\"https:\\\/\\\/portale2.unime.it\\\/tmaumessina\\\/#breadcrumb\"},\"inLanguage\":\"it-IT\",\"potentialAction\":[{\"@type\":\"ReadAction\",\"target\":[\"https:\\\/\\\/portale2.unime.it\\\/tmaumessina\\\/\"]}]},{\"@type\":\"ImageObject\",\"inLanguage\":\"it-IT\",\"@id\":\"https:\\\/\\\/portale2.unime.it\\\/tmaumessina\\\/#primaryimage\",\"url\":\"https:\\\/\\\/portale2.unime.it\\\/tmaumessina\\\/wp-content\\\/uploads\\\/sites\\\/52\\\/2024\\\/12\\\/1.jpg\",\"contentUrl\":\"https:\\\/\\\/portale2.unime.it\\\/tmaumessina\\\/wp-content\\\/uploads\\\/sites\\\/52\\\/2024\\\/12\\\/1.jpg\",\"width\":1372,\"height\":778},{\"@type\":\"BreadcrumbList\",\"@id\":\"https:\\\/\\\/portale2.unime.it\\\/tmaumessina\\\/#breadcrumb\",\"itemListElement\":[{\"@type\":\"ListItem\",\"position\":1,\"name\":\"Home\",\"item\":\"https:\\\/\\\/portale2.unime.it\\\/tmaumessina\\\/\"},{\"@type\":\"ListItem\",\"position\":2,\"name\":\"Home\"}]},{\"@type\":\"WebSite\",\"@id\":\"https:\\\/\\\/portale2.unime.it\\\/tmaumessina\\\/#website\",\"url\":\"https:\\\/\\\/portale2.unime.it\\\/tmaumessina\\\/\",\"name\":\"TMAU - MESSINA\",\"description\":\"\",\"publisher\":{\"@id\":\"https:\\\/\\\/portale2.unime.it\\\/tmaumessina\\\/#organization\"},\"potentialAction\":[{\"@type\":\"SearchAction\",\"target\":{\"@type\":\"EntryPoint\",\"urlTemplate\":\"https:\\\/\\\/portale2.unime.it\\\/tmaumessina\\\/?s={search_term_string}\"},\"query-input\":{\"@type\":\"PropertyValueSpecification\",\"valueRequired\":true,\"valueName\":\"search_term_string\"}}],\"inLanguage\":\"it-IT\"},{\"@type\":\"Organization\",\"@id\":\"https:\\\/\\\/portale2.unime.it\\\/tmaumessina\\\/#organization\",\"name\":\"TMAU - MESSINA\",\"url\":\"https:\\\/\\\/portale2.unime.it\\\/tmaumessina\\\/\",\"logo\":{\"@type\":\"ImageObject\",\"inLanguage\":\"it-IT\",\"@id\":\"https:\\\/\\\/portale2.unime.it\\\/tmaumessina\\\/#\\\/schema\\\/logo\\\/image\\\/\",\"url\":\"https:\\\/\\\/portale2.unime.it\\\/tmaumessina\\\/wp-content\\\/uploads\\\/sites\\\/52\\\/2021\\\/03\\\/cropped-Header-TMAU-New.jpg\",\"contentUrl\":\"https:\\\/\\\/portale2.unime.it\\\/tmaumessina\\\/wp-content\\\/uploads\\\/sites\\\/52\\\/2021\\\/03\\\/cropped-Header-TMAU-New.jpg\",\"width\":1000,\"height\":288,\"caption\":\"TMAU - MESSINA\"},\"image\":{\"@id\":\"https:\\\/\\\/portale2.unime.it\\\/tmaumessina\\\/#\\\/schema\\\/logo\\\/image\\\/\"}}]}<\/script>\n<!-- \/ Yoast SEO plugin. -->","yoast_head_json":{"title":"Home - TMAU - MESSINA","robots":{"index":"index","follow":"follow","max-snippet":"max-snippet:-1","max-image-preview":"max-image-preview:large","max-video-preview":"max-video-preview:-1"},"canonical":"https:\/\/portale2.unime.it\/tmaumessina\/","og_locale":"it_IT","og_type":"article","og_title":"Home - TMAU - MESSINA","og_description":"LA TRIMETILAMINURIA (TMAU) L&#8217;intero Laboratorio di Genetica Molecolare porge gli auguri di un Sereno e Felice 2025 a tutti voi !!! Scopri la Sindrome dell&#8217;Odore di Pesce: una rara condizione metabolica che merita attenzione La trimetilaminuria, conosciuta anche come &#8220;Fish Odor Syndrome&#8221;, \u00e8 una rara e poco conosciuta sindrome metabolica che pu\u00f2 avere un forte&hellip; Continua a leggere Home","og_url":"https:\/\/portale2.unime.it\/tmaumessina\/","og_site_name":"TMAU - MESSINA","article_modified_time":"2024-12-24T15:31:12+00:00","og_image":[{"width":1372,"height":778,"url":"https:\/\/portale2.unime.it\/tmaumessina\/wp-content\/uploads\/sites\/52\/2024\/12\/1.jpg","type":"image\/jpeg"}],"twitter_card":"summary_large_image","twitter_misc":{"Tempo di lettura stimato":"2 minuti"},"schema":{"@context":"https:\/\/schema.org","@graph":[{"@type":"WebPage","@id":"https:\/\/portale2.unime.it\/tmaumessina\/","url":"https:\/\/portale2.unime.it\/tmaumessina\/","name":"Home - TMAU - MESSINA","isPartOf":{"@id":"https:\/\/portale2.unime.it\/tmaumessina\/#website"},"primaryImageOfPage":{"@id":"https:\/\/portale2.unime.it\/tmaumessina\/#primaryimage"},"image":{"@id":"https:\/\/portale2.unime.it\/tmaumessina\/#primaryimage"},"thumbnailUrl":"https:\/\/portale2.unime.it\/tmaumessina\/wp-content\/uploads\/sites\/52\/2024\/12\/1-1024x581.jpg","datePublished":"2019-02-22T15:41:33+00:00","dateModified":"2024-12-24T15:31:12+00:00","breadcrumb":{"@id":"https:\/\/portale2.unime.it\/tmaumessina\/#breadcrumb"},"inLanguage":"it-IT","potentialAction":[{"@type":"ReadAction","target":["https:\/\/portale2.unime.it\/tmaumessina\/"]}]},{"@type":"ImageObject","inLanguage":"it-IT","@id":"https:\/\/portale2.unime.it\/tmaumessina\/#primaryimage","url":"https:\/\/portale2.unime.it\/tmaumessina\/wp-content\/uploads\/sites\/52\/2024\/12\/1.jpg","contentUrl":"https:\/\/portale2.unime.it\/tmaumessina\/wp-content\/uploads\/sites\/52\/2024\/12\/1.jpg","width":1372,"height":778},{"@type":"BreadcrumbList","@id":"https:\/\/portale2.unime.it\/tmaumessina\/#breadcrumb","itemListElement":[{"@type":"ListItem","position":1,"name":"Home","item":"https:\/\/portale2.unime.it\/tmaumessina\/"},{"@type":"ListItem","position":2,"name":"Home"}]},{"@type":"WebSite","@id":"https:\/\/portale2.unime.it\/tmaumessina\/#website","url":"https:\/\/portale2.unime.it\/tmaumessina\/","name":"TMAU - MESSINA","description":"","publisher":{"@id":"https:\/\/portale2.unime.it\/tmaumessina\/#organization"},"potentialAction":[{"@type":"SearchAction","target":{"@type":"EntryPoint","urlTemplate":"https:\/\/portale2.unime.it\/tmaumessina\/?s={search_term_string}"},"query-input":{"@type":"PropertyValueSpecification","valueRequired":true,"valueName":"search_term_string"}}],"inLanguage":"it-IT"},{"@type":"Organization","@id":"https:\/\/portale2.unime.it\/tmaumessina\/#organization","name":"TMAU - MESSINA","url":"https:\/\/portale2.unime.it\/tmaumessina\/","logo":{"@type":"ImageObject","inLanguage":"it-IT","@id":"https:\/\/portale2.unime.it\/tmaumessina\/#\/schema\/logo\/image\/","url":"https:\/\/portale2.unime.it\/tmaumessina\/wp-content\/uploads\/sites\/52\/2021\/03\/cropped-Header-TMAU-New.jpg","contentUrl":"https:\/\/portale2.unime.it\/tmaumessina\/wp-content\/uploads\/sites\/52\/2021\/03\/cropped-Header-TMAU-New.jpg","width":1000,"height":288,"caption":"TMAU - MESSINA"},"image":{"@id":"https:\/\/portale2.unime.it\/tmaumessina\/#\/schema\/logo\/image\/"}}]}},"_links":{"self":[{"href":"https:\/\/portale2.unime.it\/tmaumessina\/wp-json\/wp\/v2\/pages\/60","targetHints":{"allow":["GET"]}}],"collection":[{"href":"https:\/\/portale2.unime.it\/tmaumessina\/wp-json\/wp\/v2\/pages"}],"about":[{"href":"https:\/\/portale2.unime.it\/tmaumessina\/wp-json\/wp\/v2\/types\/page"}],"author":[{"embeddable":true,"href":"https:\/\/portale2.unime.it\/tmaumessina\/wp-json\/wp\/v2\/users\/62"}],"replies":[{"embeddable":true,"href":"https:\/\/portale2.unime.it\/tmaumessina\/wp-json\/wp\/v2\/comments?post=60"}],"version-history":[{"count":45,"href":"https:\/\/portale2.unime.it\/tmaumessina\/wp-json\/wp\/v2\/pages\/60\/revisions"}],"predecessor-version":[{"id":718,"href":"https:\/\/portale2.unime.it\/tmaumessina\/wp-json\/wp\/v2\/pages\/60\/revisions\/718"}],"wp:attachment":[{"href":"https:\/\/portale2.unime.it\/tmaumessina\/wp-json\/wp\/v2\/media?parent=60"}],"curies":[{"name":"wp","href":"https:\/\/api.w.org\/{rel}","templated":true}]}}