{"id":147,"date":"2023-06-01T07:23:07","date_gmt":"2023-06-01T05:23:07","guid":{"rendered":"https:\/\/portale2.unime.it\/?page_id=147"},"modified":"2024-05-17T11:01:16","modified_gmt":"2024-05-17T09:01:16","slug":"guida","status":"publish","type":"page","link":"https:\/\/portale2.unime.it\/unimetis\/guida-2\/guida\/","title":{"rendered":"Guida per editori"},"content":{"rendered":"\t\t<div data-elementor-type=\"wp-page\" data-elementor-id=\"147\" class=\"elementor elementor-147\">\n\t\t\t\t\t\t<section class=\"elementor-section elementor-top-section elementor-element elementor-element-76746a0 elementor-section-boxed elementor-section-height-default elementor-section-height-default\" data-id=\"76746a0\" data-element_type=\"section\" data-e-type=\"section\" data-settings=\"{&quot;background_background&quot;:&quot;classic&quot;}\">\n\t\t\t\t\t\t<div class=\"elementor-container elementor-column-gap-default\">\n\t\t\t\t\t<div class=\"elementor-column elementor-col-50 elementor-top-column elementor-element elementor-element-f209848\" data-id=\"f209848\" data-element_type=\"column\" data-e-type=\"column\">\n\t\t\t<div class=\"elementor-widget-wrap elementor-element-populated\">\n\t\t\t\t\t\t<div class=\"elementor-element elementor-element-0bbf8cb elementor-widget elementor-widget-image\" data-id=\"0bbf8cb\" data-element_type=\"widget\" data-e-type=\"widget\" data-widget_type=\"image.default\">\n\t\t\t\t<div class=\"elementor-widget-container\">\n\t\t\t\t\t\t\t\t\t\t\t\t\t\t\t<img fetchpriority=\"high\" decoding=\"async\" width=\"1024\" height=\"396\" src=\"https:\/\/portale2.unime.it\/unimetis\/wp-content\/uploads\/sites\/33\/2023\/06\/b44149c2-716b-4506-954a-ba2ba2232225-1024x396.png\" class=\"attachment-large size-large wp-image-162\" alt=\"\" srcset=\"https:\/\/portale2.unime.it\/unimetis\/wp-content\/uploads\/sites\/33\/2023\/06\/b44149c2-716b-4506-954a-ba2ba2232225-1024x396.png 1024w, https:\/\/portale2.unime.it\/unimetis\/wp-content\/uploads\/sites\/33\/2023\/06\/b44149c2-716b-4506-954a-ba2ba2232225-300x116.png 300w, https:\/\/portale2.unime.it\/unimetis\/wp-content\/uploads\/sites\/33\/2023\/06\/b44149c2-716b-4506-954a-ba2ba2232225-768x297.png 768w, https:\/\/portale2.unime.it\/unimetis\/wp-content\/uploads\/sites\/33\/2023\/06\/b44149c2-716b-4506-954a-ba2ba2232225.png 1200w\" sizes=\"(max-width: 1024px) 100vw, 1024px\" style=\"width:100%;height:38.67%;max-width:1200px\" \/>\t\t\t\t\t\t\t\t\t\t\t\t\t\t\t<\/div>\n\t\t\t\t<\/div>\n\t\t\t\t<div class=\"elementor-element elementor-element-c1b30cc elementor-widget elementor-widget-text-editor\" data-id=\"c1b30cc\" data-element_type=\"widget\" data-e-type=\"widget\" data-widget_type=\"text-editor.default\">\n\t\t\t\t<div class=\"elementor-widget-container\">\n\t\t\t\t\t\t\t\t\t<p data-renderer-start-pos=\"17\"><span class=\"fabric-text-color-mark\" data-renderer-mark=\"true\" data-text-custom-color=\"#403294\">Gentile responsabile, se ha scelto questa sezione significa che \u00e8 la prima volta che si approccia al mondo di WordPress. Non si preoccupi, con questa guida potr\u00e0 imparare a gestire velocemente e semplicemente il suo sito web. Non dovr\u00e0 scrivere codici n\u00e8 programmare: il web ormai, attraverso software, applicazioni e plugin \u00e8 diventato sempre di pi\u00f9<\/span><em data-renderer-mark=\"true\"><span class=\"fabric-text-color-mark\" data-renderer-mark=\"true\" data-text-custom-color=\"#403294\"> user-friendly<\/span><\/em><span class=\"fabric-text-color-mark\" data-renderer-mark=\"true\" data-text-custom-color=\"#403294\">.<\/span><\/p>\t\t\t\t\t\t\t\t<\/div>\n\t\t\t\t<\/div>\n\t\t\t\t\t<\/div>\n\t\t<\/div>\n\t\t\t\t<div class=\"elementor-column elementor-col-50 elementor-top-column elementor-element elementor-element-9d106e9\" data-id=\"9d106e9\" data-element_type=\"column\" data-e-type=\"column\" data-settings=\"{&quot;background_background&quot;:&quot;classic&quot;}\">\n\t\t\t<div class=\"elementor-widget-wrap elementor-element-populated\">\n\t\t\t\t\t\t<div class=\"elementor-element elementor-element-efcf6f2 elementor-widget elementor-widget-sidebar\" data-id=\"efcf6f2\" data-element_type=\"widget\" data-e-type=\"widget\" data-widget_type=\"sidebar.default\">\n\t\t\t\t<div class=\"elementor-widget-container\">\n\t\t\t\t\t<section id=\"nav_menu-2\" class=\"widget widget_nav_menu\"><nav class=\"menu-menu-principale-container\" aria-label=\"Menu\"><ul id=\"menu-menu-principale\" class=\"menu\"><li id=\"menu-item-1479\" class=\"menu-item menu-item-type-post_type menu-item-object-page menu-item-has-children menu-item-1479\"><a href=\"https:\/\/portale2.unime.it\/unimetis\/guida-2\/\">GUIDA<\/a>\n<ul class=\"sub-menu\">\n\t<li id=\"menu-item-1652\" class=\"menu-item menu-item-type-post_type menu-item-object-page menu-item-has-children menu-item-1652\"><a href=\"https:\/\/portale2.unime.it\/unimetis\/guida-2\/guida\/\">Guida per editori<\/a>\n\t<ul class=\"sub-menu\">\n\t\t<li id=\"menu-item-1480\" class=\"menu-item menu-item-type-post_type menu-item-object-page menu-item-1480\"><a href=\"https:\/\/portale2.unime.it\/unimetis\/guida-2\/guida\/wordpress-premessa\/\">WordPress Premessa<\/a><\/li>\n\t\t<li id=\"menu-item-1482\" class=\"menu-item menu-item-type-post_type menu-item-object-page menu-item-1482\"><a href=\"https:\/\/portale2.unime.it\/unimetis\/guida-2\/guida\/step-1-2\/\">STEP 1<\/a><\/li>\n\t\t<li id=\"menu-item-1483\" class=\"menu-item menu-item-type-post_type menu-item-object-page menu-item-1483\"><a href=\"https:\/\/portale2.unime.it\/unimetis\/guida-2\/guida\/step-2\/\">STEP 2<\/a><\/li>\n\t\t<li id=\"menu-item-1481\" class=\"menu-item menu-item-type-post_type menu-item-object-page menu-item-1481\"><a href=\"https:\/\/portale2.unime.it\/unimetis\/guida-2\/guida\/step-3\/\">STEP 3<\/a><\/li>\n\t\t<li id=\"menu-item-1484\" class=\"menu-item menu-item-type-post_type menu-item-object-page menu-item-1484\"><a href=\"https:\/\/portale2.unime.it\/unimetis\/guida-2\/guida\/step-4\/\">STEP 4<\/a><\/li>\n\t\t<li id=\"menu-item-1485\" class=\"menu-item menu-item-type-post_type menu-item-object-page menu-item-1485\"><a href=\"https:\/\/portale2.unime.it\/unimetis\/guida-2\/guida\/step-5\/\">STEP 5<\/a><\/li>\n\t\t<li id=\"menu-item-1486\" class=\"menu-item menu-item-type-post_type menu-item-object-page menu-item-1486\"><a href=\"https:\/\/portale2.unime.it\/unimetis\/guida-2\/guida\/step-6\/\">STEP 6<\/a><\/li>\n\t<\/ul>\n<\/li>\n\t<li id=\"menu-item-1655\" class=\"menu-item menu-item-type-post_type menu-item-object-page menu-item-1655\"><a href=\"https:\/\/portale2.unime.it\/unimetis\/guida-2\/guida\/modello-convegno\/\">MODELLO CONVEGNO<\/a><\/li>\n\t<li id=\"menu-item-1654\" class=\"menu-item menu-item-type-post_type menu-item-object-page menu-item-1654\"><a href=\"https:\/\/portale2.unime.it\/unimetis\/guida-2\/guida-per-amministratori\/\">Guida per amministratori<\/a><\/li>\n<\/ul>\n<\/li>\n<li id=\"menu-item-1635\" class=\"menu-item menu-item-type-post_type menu-item-object-page menu-item-1635\"><a href=\"https:\/\/portale2.unime.it\/unimetis\/siti-realizzati\/\">SITI REALIZZATI<\/a><\/li>\n<\/ul><\/nav><\/section>\t\t\t\t<\/div>\n\t\t\t\t<\/div>\n\t\t\t\t\t<\/div>\n\t\t<\/div>\n\t\t\t\t\t<\/div>\n\t\t<\/section>\n\t\t\t\t<section class=\"elementor-section elementor-top-section elementor-element elementor-element-48c7414 elementor-section-boxed elementor-section-height-default elementor-section-height-default\" data-id=\"48c7414\" data-element_type=\"section\" data-e-type=\"section\" data-settings=\"{&quot;background_background&quot;:&quot;classic&quot;}\">\n\t\t\t\t\t\t<div class=\"elementor-container elementor-column-gap-default\">\n\t\t\t\t\t<div class=\"elementor-column elementor-col-100 elementor-top-column elementor-element elementor-element-5065e9b\" data-id=\"5065e9b\" data-element_type=\"column\" data-e-type=\"column\">\n\t\t\t<div class=\"elementor-widget-wrap elementor-element-populated\">\n\t\t\t\t\t\t<div class=\"elementor-element elementor-element-6a7c5b4 elementor-widget elementor-widget-text-editor\" data-id=\"6a7c5b4\" data-element_type=\"widget\" data-e-type=\"widget\" data-widget_type=\"text-editor.default\">\n\t\t\t\t<div class=\"elementor-widget-container\">\n\t\t\t\t\t\t\t\t\t<p data-renderer-start-pos=\"754\">Prima di fornirle le istruzioni su come rendere personale il proprio sito, \u00e8 necessario fare una piccola premessa sul WordPress, il CMS che andremo ad utilizzare, sulle sue caratteristiche e sul suo funzionamento e sul PageBuilder Elementor cha abbiamo utilizzato per costruire le pagine.<\/p>\t\t\t\t\t\t\t\t<\/div>\n\t\t\t\t<\/div>\n\t\t\t\t\t<\/div>\n\t\t<\/div>\n\t\t\t\t\t<\/div>\n\t\t<\/section>\n\t\t\t\t<section class=\"elementor-section elementor-top-section elementor-element elementor-element-86ff097 elementor-section-boxed elementor-section-height-default elementor-section-height-default\" data-id=\"86ff097\" data-element_type=\"section\" data-e-type=\"section\">\n\t\t\t\t\t\t<div class=\"elementor-container elementor-column-gap-default\">\n\t\t\t\t\t<div class=\"elementor-column elementor-col-50 elementor-top-column elementor-element elementor-element-d489533\" data-id=\"d489533\" data-element_type=\"column\" data-e-type=\"column\">\n\t\t\t<div class=\"elementor-widget-wrap elementor-element-populated\">\n\t\t\t\t\t\t<div class=\"elementor-element elementor-element-3011191 elementor-widget elementor-widget-text-editor\" data-id=\"3011191\" data-element_type=\"widget\" data-e-type=\"widget\" data-widget_type=\"text-editor.default\">\n\t\t\t\t<div class=\"elementor-widget-container\">\n\t\t\t\t\t\t\t\t\t<p>La seguente guida sar\u00e0 cos\u00ec articolata: <br \/><a href=\"https:\/\/unimetis.unime.it\/guida-2\/guida\/wordpress-premessa\/\">WORDPRESS PREMESSA<\/a> <br \/><a href=\"https:\/\/unimetis.unime.it\/guida-2\/guida\/step-1-2\/\">STEP 1: PANORAMICA E FUNZIONI\u00a0<\/a><\/p><p><a href=\"https:\/\/unimetis.unime.it\/guida-2\/guida\/step-2\/\">STEP 2: ARTICOLI E PAGINE<\/a> <br \/><a href=\"https:\/\/unimetis.unime.it\/guida-2\/guida\/step-3\/\">STEP 3: PERSONALIZZIAMO LA HOME<\/a><br \/><a href=\"https:\/\/unimetis.unime.it\/guida-2\/guida\/step-4\/\">STEP 4: PAGINA GRUPPO, RICERCA e PUBBICAZIONI<\/a><br \/><a href=\"https:\/\/unimetis.unime.it\/guida-2\/guida\/step-5\/\">STEP 5: PAGINA STAFF<\/a><br \/><a href=\"https:\/\/unimetis.unime.it\/guida-2\/guida\/step-6\/\">STEP 6: INSERIRE GLI ARTICOLI<\/a><\/p>\t\t\t\t\t\t\t\t<\/div>\n\t\t\t\t<\/div>\n\t\t\t\t\t<\/div>\n\t\t<\/div>\n\t\t\t\t<div class=\"elementor-column elementor-col-50 elementor-top-column elementor-element elementor-element-e948ac4\" data-id=\"e948ac4\" data-element_type=\"column\" data-e-type=\"column\">\n\t\t\t<div class=\"elementor-widget-wrap elementor-element-populated\">\n\t\t\t\t\t\t<div class=\"elementor-element elementor-element-8ea4ac0 elementor-widget elementor-widget-text-editor\" data-id=\"8ea4ac0\" data-element_type=\"widget\" data-e-type=\"widget\" data-widget_type=\"text-editor.default\">\n\t\t\t\t<div class=\"elementor-widget-container\">\n\t\t\t\t\t\t\t\t\t<p data-renderer-start-pos=\"993\"><span class=\"fabric-text-color-mark\" data-renderer-mark=\"true\" data-text-custom-color=\"#403294\">Se ha scelto il<\/span><span class=\"fabric-text-color-mark\" data-renderer-mark=\"true\" data-text-custom-color=\"#403294\">\u00a0<\/span><strong data-renderer-mark=\"true\"><span class=\"fabric-text-color-mark\" data-renderer-mark=\"true\" data-text-custom-color=\"#403294\">MODELLO CONVEGNO<\/span><\/strong><span class=\"fabric-text-color-mark\" data-renderer-mark=\"true\" data-text-custom-color=\"#403294\">, le consigliamo di leggere questo ulteriore step per completare la personalizzazione del suo sito.<\/span><\/p><p data-renderer-start-pos=\"1174\"><a class=\"css-tgpl01\" title=\"\/wiki\/spaces\/FAQ1\/pages\/595296257\" href=\"https:\/\/supporto-unime.atlassian.net\/wiki\/spaces\/FAQ1\/pages\/595296257\" data-testid=\"link-with-safety\" data-renderer-mark=\"true\">MODELLO CONVEGNO<\/a><\/p><p data-renderer-start-pos=\"1194\"><span class=\"fabric-text-color-mark\" data-renderer-mark=\"true\" data-text-custom-color=\"#403294\">Inoltre se ha scelto l\u2019opzione <\/span><strong data-renderer-mark=\"true\"><span class=\"fabric-text-color-mark\" data-renderer-mark=\"true\" data-text-custom-color=\"#403294\">sito multilingua, <\/span><\/strong><span class=\"fabric-text-color-mark\" data-renderer-mark=\"true\" data-text-custom-color=\"#403294\">non appena completer\u00e0 la personalizzazione del suo sito,<\/span><strong data-renderer-mark=\"true\"><span class=\"fabric-text-color-mark\" data-renderer-mark=\"true\" data-text-custom-color=\"#403294\"> contatti <a href=\"mailto:ustaff.web@unime.it\">ustaff.web@unime.it<\/a><\/span><\/strong><\/p><p data-renderer-start-pos=\"1336\">\u00a0<\/p>\t\t\t\t\t\t\t\t<\/div>\n\t\t\t\t<\/div>\n\t\t\t\t\t<\/div>\n\t\t<\/div>\n\t\t\t\t\t<\/div>\n\t\t<\/section>\n\t\t\t\t<section class=\"elementor-section elementor-top-section elementor-element elementor-element-35fd968 elementor-section-boxed elementor-section-height-default elementor-section-height-default\" data-id=\"35fd968\" data-element_type=\"section\" data-e-type=\"section\">\n\t\t\t\t\t\t<div class=\"elementor-container elementor-column-gap-default\">\n\t\t\t\t\t<div class=\"elementor-column elementor-col-33 elementor-top-column elementor-element elementor-element-47295af\" data-id=\"47295af\" data-element_type=\"column\" data-e-type=\"column\">\n\t\t\t<div class=\"elementor-widget-wrap\">\n\t\t\t\t\t\t\t<\/div>\n\t\t<\/div>\n\t\t\t\t<div class=\"elementor-column elementor-col-33 elementor-top-column elementor-element elementor-element-a13dd29\" data-id=\"a13dd29\" data-element_type=\"column\" data-e-type=\"column\">\n\t\t\t<div class=\"elementor-widget-wrap\">\n\t\t\t\t\t\t\t<\/div>\n\t\t<\/div>\n\t\t\t\t<div class=\"elementor-column elementor-col-33 elementor-top-column elementor-element elementor-element-918985c\" data-id=\"918985c\" data-element_type=\"column\" data-e-type=\"column\">\n\t\t\t<div class=\"elementor-widget-wrap elementor-element-populated\">\n\t\t\t\t\t\t<div class=\"elementor-element elementor-element-bc9e5ee elementor-align-right elementor-widget elementor-widget-button\" data-id=\"bc9e5ee\" data-element_type=\"widget\" data-e-type=\"widget\" data-widget_type=\"button.default\">\n\t\t\t\t<div class=\"elementor-widget-container\">\n\t\t\t\t\t\t\t\t\t<div class=\"elementor-button-wrapper\">\n\t\t\t\t\t<a class=\"elementor-button elementor-button-link elementor-size-sm\" href=\"https:\/\/unimetis.unime.it\/guida-2\/guida\/wordpress-premessa\/\">\n\t\t\t\t\t\t<span class=\"elementor-button-content-wrapper\">\n\t\t\t\t\t\t\t\t\t<span class=\"elementor-button-text\">Vai a WordPress Premessa<\/span>\n\t\t\t\t\t<\/span>\n\t\t\t\t\t<\/a>\n\t\t\t\t<\/div>\n\t\t\t\t\t\t\t\t<\/div>\n\t\t\t\t<\/div>\n\t\t\t\t\t<\/div>\n\t\t<\/div>\n\t\t\t\t\t<\/div>\n\t\t<\/section>\n\t\t\t\t<\/div>\n\t\t","protected":false},"excerpt":{"rendered":"<p>Gentile responsabile, se ha scelto questa sezione significa che \u00e8 la prima volta che si approccia al mondo di WordPress. Non si preoccupi, con questa guida potr\u00e0 imparare a gestire velocemente e semplicemente il suo sito web. Non dovr\u00e0 scrivere codici n\u00e8 programmare: il web ormai, attraverso software, applicazioni e plugin \u00e8 diventato sempre di&hellip; <a class=\"more-link\" href=\"https:\/\/portale2.unime.it\/unimetis\/guida-2\/guida\/\">Continua a leggere <span class=\"screen-reader-text\">Guida per editori<\/span><\/a><\/p>\n","protected":false},"author":1,"featured_media":0,"parent":160,"menu_order":0,"comment_status":"closed","ping_status":"closed","template":"elementor_header_footer","meta":{"_acf_changed":false,"footnotes":""},"class_list":["post-147","page","type-page","status-publish","hentry","entry"],"yoast_head":"<!-- This site is optimized with the Yoast SEO plugin v27.3 - https:\/\/yoast.com\/product\/yoast-seo-wordpress\/ -->\n<title>Guida per editori - UniMetis<\/title>\n<meta name=\"robots\" content=\"index, follow, max-snippet:-1, max-image-preview:large, max-video-preview:-1\" \/>\n<link rel=\"canonical\" href=\"https:\/\/portale2.unime.it\/unimetis\/guida-2\/guida\/\" \/>\n<meta property=\"og:locale\" content=\"it_IT\" \/>\n<meta property=\"og:type\" content=\"article\" \/>\n<meta property=\"og:title\" content=\"Guida per editori - UniMetis\" \/>\n<meta property=\"og:description\" content=\"Gentile responsabile, se ha scelto questa sezione significa che \u00e8 la prima volta che si approccia al mondo di WordPress. Non si preoccupi, con questa guida potr\u00e0 imparare a gestire velocemente e semplicemente il suo sito web. Non dovr\u00e0 scrivere codici n\u00e8 programmare: il web ormai, attraverso software, applicazioni e plugin \u00e8 diventato sempre di&hellip; Continua a leggere Guida per editori\" \/>\n<meta property=\"og:url\" content=\"https:\/\/portale2.unime.it\/unimetis\/guida-2\/guida\/\" \/>\n<meta property=\"og:site_name\" content=\"UniMetis\" \/>\n<meta property=\"article:modified_time\" content=\"2024-05-17T09:01:16+00:00\" \/>\n<meta property=\"og:image\" content=\"https:\/\/portale2.unime.it\/unimetis\/wp-content\/uploads\/sites\/33\/2023\/06\/b44149c2-716b-4506-954a-ba2ba2232225-1024x396.png\" \/>\n<meta name=\"twitter:card\" content=\"summary_large_image\" \/>\n<meta name=\"twitter:label1\" content=\"Tempo di lettura stimato\" \/>\n\t<meta name=\"twitter:data1\" content=\"2 minuti\" \/>\n<script type=\"application\/ld+json\" class=\"yoast-schema-graph\">{\"@context\":\"https:\\\/\\\/schema.org\",\"@graph\":[{\"@type\":\"WebPage\",\"@id\":\"https:\\\/\\\/portale2.unime.it\\\/unimetis\\\/guida-2\\\/guida\\\/\",\"url\":\"https:\\\/\\\/portale2.unime.it\\\/unimetis\\\/guida-2\\\/guida\\\/\",\"name\":\"Guida per editori - UniMetis\",\"isPartOf\":{\"@id\":\"https:\\\/\\\/unimetis.unime.it\\\/#website\"},\"primaryImageOfPage\":{\"@id\":\"https:\\\/\\\/portale2.unime.it\\\/unimetis\\\/guida-2\\\/guida\\\/#primaryimage\"},\"image\":{\"@id\":\"https:\\\/\\\/portale2.unime.it\\\/unimetis\\\/guida-2\\\/guida\\\/#primaryimage\"},\"thumbnailUrl\":\"https:\\\/\\\/portale2.unime.it\\\/unimetis\\\/wp-content\\\/uploads\\\/sites\\\/33\\\/2023\\\/06\\\/b44149c2-716b-4506-954a-ba2ba2232225-1024x396.png\",\"datePublished\":\"2023-06-01T05:23:07+00:00\",\"dateModified\":\"2024-05-17T09:01:16+00:00\",\"breadcrumb\":{\"@id\":\"https:\\\/\\\/portale2.unime.it\\\/unimetis\\\/guida-2\\\/guida\\\/#breadcrumb\"},\"inLanguage\":\"it-IT\",\"potentialAction\":[{\"@type\":\"ReadAction\",\"target\":[\"https:\\\/\\\/portale2.unime.it\\\/unimetis\\\/guida-2\\\/guida\\\/\"]}]},{\"@type\":\"ImageObject\",\"inLanguage\":\"it-IT\",\"@id\":\"https:\\\/\\\/portale2.unime.it\\\/unimetis\\\/guida-2\\\/guida\\\/#primaryimage\",\"url\":\"https:\\\/\\\/portale2.unime.it\\\/unimetis\\\/wp-content\\\/uploads\\\/sites\\\/33\\\/2023\\\/06\\\/b44149c2-716b-4506-954a-ba2ba2232225.png\",\"contentUrl\":\"https:\\\/\\\/portale2.unime.it\\\/unimetis\\\/wp-content\\\/uploads\\\/sites\\\/33\\\/2023\\\/06\\\/b44149c2-716b-4506-954a-ba2ba2232225.png\",\"width\":1200,\"height\":464},{\"@type\":\"BreadcrumbList\",\"@id\":\"https:\\\/\\\/portale2.unime.it\\\/unimetis\\\/guida-2\\\/guida\\\/#breadcrumb\",\"itemListElement\":[{\"@type\":\"ListItem\",\"position\":1,\"name\":\"Home\",\"item\":\"https:\\\/\\\/portale2.unime.it\\\/unimetis\\\/\"},{\"@type\":\"ListItem\",\"position\":2,\"name\":\"Guida\",\"item\":\"https:\\\/\\\/portale2.unime.it\\\/unimetis\\\/guida-2\\\/\"},{\"@type\":\"ListItem\",\"position\":3,\"name\":\"Guida per editori\"}]},{\"@type\":\"WebSite\",\"@id\":\"https:\\\/\\\/unimetis.unime.it\\\/#website\",\"url\":\"https:\\\/\\\/unimetis.unime.it\\\/\",\"name\":\"UniMetis\",\"description\":\"\",\"publisher\":{\"@id\":\"https:\\\/\\\/unimetis.unime.it\\\/#organization\"},\"potentialAction\":[{\"@type\":\"SearchAction\",\"target\":{\"@type\":\"EntryPoint\",\"urlTemplate\":\"https:\\\/\\\/unimetis.unime.it\\\/?s={search_term_string}\"},\"query-input\":{\"@type\":\"PropertyValueSpecification\",\"valueRequired\":true,\"valueName\":\"search_term_string\"}}],\"inLanguage\":\"it-IT\"},{\"@type\":\"Organization\",\"@id\":\"https:\\\/\\\/unimetis.unime.it\\\/#organization\",\"name\":\"UniMetis\",\"url\":\"https:\\\/\\\/unimetis.unime.it\\\/\",\"logo\":{\"@type\":\"ImageObject\",\"inLanguage\":\"it-IT\",\"@id\":\"https:\\\/\\\/unimetis.unime.it\\\/#\\\/schema\\\/logo\\\/image\\\/\",\"url\":\"https:\\\/\\\/portale2.unime.it\\\/unimetis\\\/wp-content\\\/uploads\\\/sites\\\/33\\\/2022\\\/12\\\/unimetis.png\",\"contentUrl\":\"https:\\\/\\\/portale2.unime.it\\\/unimetis\\\/wp-content\\\/uploads\\\/sites\\\/33\\\/2022\\\/12\\\/unimetis.png\",\"width\":510,\"height\":269,\"caption\":\"UniMetis\"},\"image\":{\"@id\":\"https:\\\/\\\/unimetis.unime.it\\\/#\\\/schema\\\/logo\\\/image\\\/\"}}]}<\/script>\n<!-- \/ Yoast SEO plugin. -->","yoast_head_json":{"title":"Guida per editori - UniMetis","robots":{"index":"index","follow":"follow","max-snippet":"max-snippet:-1","max-image-preview":"max-image-preview:large","max-video-preview":"max-video-preview:-1"},"canonical":"https:\/\/portale2.unime.it\/unimetis\/guida-2\/guida\/","og_locale":"it_IT","og_type":"article","og_title":"Guida per editori - UniMetis","og_description":"Gentile responsabile, se ha scelto questa sezione significa che \u00e8 la prima volta che si approccia al mondo di WordPress. Non si preoccupi, con questa guida potr\u00e0 imparare a gestire velocemente e semplicemente il suo sito web. Non dovr\u00e0 scrivere codici n\u00e8 programmare: il web ormai, attraverso software, applicazioni e plugin \u00e8 diventato sempre di&hellip; Continua a leggere Guida per editori","og_url":"https:\/\/portale2.unime.it\/unimetis\/guida-2\/guida\/","og_site_name":"UniMetis","article_modified_time":"2024-05-17T09:01:16+00:00","og_image":[{"url":"https:\/\/portale2.unime.it\/unimetis\/wp-content\/uploads\/sites\/33\/2023\/06\/b44149c2-716b-4506-954a-ba2ba2232225-1024x396.png","type":"","width":"","height":""}],"twitter_card":"summary_large_image","twitter_misc":{"Tempo di lettura stimato":"2 minuti"},"schema":{"@context":"https:\/\/schema.org","@graph":[{"@type":"WebPage","@id":"https:\/\/portale2.unime.it\/unimetis\/guida-2\/guida\/","url":"https:\/\/portale2.unime.it\/unimetis\/guida-2\/guida\/","name":"Guida per editori - UniMetis","isPartOf":{"@id":"https:\/\/unimetis.unime.it\/#website"},"primaryImageOfPage":{"@id":"https:\/\/portale2.unime.it\/unimetis\/guida-2\/guida\/#primaryimage"},"image":{"@id":"https:\/\/portale2.unime.it\/unimetis\/guida-2\/guida\/#primaryimage"},"thumbnailUrl":"https:\/\/portale2.unime.it\/unimetis\/wp-content\/uploads\/sites\/33\/2023\/06\/b44149c2-716b-4506-954a-ba2ba2232225-1024x396.png","datePublished":"2023-06-01T05:23:07+00:00","dateModified":"2024-05-17T09:01:16+00:00","breadcrumb":{"@id":"https:\/\/portale2.unime.it\/unimetis\/guida-2\/guida\/#breadcrumb"},"inLanguage":"it-IT","potentialAction":[{"@type":"ReadAction","target":["https:\/\/portale2.unime.it\/unimetis\/guida-2\/guida\/"]}]},{"@type":"ImageObject","inLanguage":"it-IT","@id":"https:\/\/portale2.unime.it\/unimetis\/guida-2\/guida\/#primaryimage","url":"https:\/\/portale2.unime.it\/unimetis\/wp-content\/uploads\/sites\/33\/2023\/06\/b44149c2-716b-4506-954a-ba2ba2232225.png","contentUrl":"https:\/\/portale2.unime.it\/unimetis\/wp-content\/uploads\/sites\/33\/2023\/06\/b44149c2-716b-4506-954a-ba2ba2232225.png","width":1200,"height":464},{"@type":"BreadcrumbList","@id":"https:\/\/portale2.unime.it\/unimetis\/guida-2\/guida\/#breadcrumb","itemListElement":[{"@type":"ListItem","position":1,"name":"Home","item":"https:\/\/portale2.unime.it\/unimetis\/"},{"@type":"ListItem","position":2,"name":"Guida","item":"https:\/\/portale2.unime.it\/unimetis\/guida-2\/"},{"@type":"ListItem","position":3,"name":"Guida per editori"}]},{"@type":"WebSite","@id":"https:\/\/unimetis.unime.it\/#website","url":"https:\/\/unimetis.unime.it\/","name":"UniMetis","description":"","publisher":{"@id":"https:\/\/unimetis.unime.it\/#organization"},"potentialAction":[{"@type":"SearchAction","target":{"@type":"EntryPoint","urlTemplate":"https:\/\/unimetis.unime.it\/?s={search_term_string}"},"query-input":{"@type":"PropertyValueSpecification","valueRequired":true,"valueName":"search_term_string"}}],"inLanguage":"it-IT"},{"@type":"Organization","@id":"https:\/\/unimetis.unime.it\/#organization","name":"UniMetis","url":"https:\/\/unimetis.unime.it\/","logo":{"@type":"ImageObject","inLanguage":"it-IT","@id":"https:\/\/unimetis.unime.it\/#\/schema\/logo\/image\/","url":"https:\/\/portale2.unime.it\/unimetis\/wp-content\/uploads\/sites\/33\/2022\/12\/unimetis.png","contentUrl":"https:\/\/portale2.unime.it\/unimetis\/wp-content\/uploads\/sites\/33\/2022\/12\/unimetis.png","width":510,"height":269,"caption":"UniMetis"},"image":{"@id":"https:\/\/unimetis.unime.it\/#\/schema\/logo\/image\/"}}]}},"acf":[],"_links":{"self":[{"href":"https:\/\/portale2.unime.it\/unimetis\/wp-json\/wp\/v2\/pages\/147","targetHints":{"allow":["GET"]}}],"collection":[{"href":"https:\/\/portale2.unime.it\/unimetis\/wp-json\/wp\/v2\/pages"}],"about":[{"href":"https:\/\/portale2.unime.it\/unimetis\/wp-json\/wp\/v2\/types\/page"}],"author":[{"embeddable":true,"href":"https:\/\/portale2.unime.it\/unimetis\/wp-json\/wp\/v2\/users\/1"}],"replies":[{"embeddable":true,"href":"https:\/\/portale2.unime.it\/unimetis\/wp-json\/wp\/v2\/comments?post=147"}],"version-history":[{"count":6,"href":"https:\/\/portale2.unime.it\/unimetis\/wp-json\/wp\/v2\/pages\/147\/revisions"}],"predecessor-version":[{"id":1667,"href":"https:\/\/portale2.unime.it\/unimetis\/wp-json\/wp\/v2\/pages\/147\/revisions\/1667"}],"up":[{"embeddable":true,"href":"https:\/\/portale2.unime.it\/unimetis\/wp-json\/wp\/v2\/pages\/160"}],"wp:attachment":[{"href":"https:\/\/portale2.unime.it\/unimetis\/wp-json\/wp\/v2\/media?parent=147"}],"curies":[{"name":"wp","href":"https:\/\/api.w.org\/{rel}","templated":true}]}}