{"id":160,"date":"2023-06-01T07:38:31","date_gmt":"2023-06-01T05:38:31","guid":{"rendered":"https:\/\/portale2.unime.it\/?page_id=160"},"modified":"2024-05-17T10:52:13","modified_gmt":"2024-05-17T08:52:13","slug":"guida-2","status":"publish","type":"page","link":"https:\/\/portale2.unime.it\/unimetis\/guida-2\/","title":{"rendered":"Guida"},"content":{"rendered":"\t\t<div data-elementor-type=\"wp-page\" data-elementor-id=\"160\" class=\"elementor elementor-160\">\n\t\t\t\t\t\t<section class=\"elementor-section elementor-top-section elementor-element elementor-element-76746a0 elementor-section-boxed elementor-section-height-default elementor-section-height-default\" data-id=\"76746a0\" data-element_type=\"section\" data-e-type=\"section\" data-settings=\"{&quot;background_background&quot;:&quot;classic&quot;}\">\n\t\t\t\t\t\t<div class=\"elementor-container elementor-column-gap-default\">\n\t\t\t\t\t<div class=\"elementor-column elementor-col-50 elementor-top-column elementor-element elementor-element-f209848\" data-id=\"f209848\" data-element_type=\"column\" data-e-type=\"column\">\n\t\t\t<div class=\"elementor-widget-wrap elementor-element-populated\">\n\t\t\t\t\t\t<div class=\"elementor-element elementor-element-0bbf8cb elementor-widget elementor-widget-image\" data-id=\"0bbf8cb\" data-element_type=\"widget\" data-e-type=\"widget\" data-widget_type=\"image.default\">\n\t\t\t\t<div class=\"elementor-widget-container\">\n\t\t\t\t\t\t\t\t\t\t\t\t\t\t\t<img fetchpriority=\"high\" decoding=\"async\" width=\"1024\" height=\"396\" src=\"https:\/\/portale2.unime.it\/unimetis\/wp-content\/uploads\/sites\/33\/2023\/06\/85f25039-b10c-492d-9895-44935e7a478d-1024x396.png\" class=\"attachment-large size-large wp-image-156\" alt=\"\" srcset=\"https:\/\/portale2.unime.it\/unimetis\/wp-content\/uploads\/sites\/33\/2023\/06\/85f25039-b10c-492d-9895-44935e7a478d-1024x396.png 1024w, https:\/\/portale2.unime.it\/unimetis\/wp-content\/uploads\/sites\/33\/2023\/06\/85f25039-b10c-492d-9895-44935e7a478d-300x116.png 300w, https:\/\/portale2.unime.it\/unimetis\/wp-content\/uploads\/sites\/33\/2023\/06\/85f25039-b10c-492d-9895-44935e7a478d-768x297.png 768w, https:\/\/portale2.unime.it\/unimetis\/wp-content\/uploads\/sites\/33\/2023\/06\/85f25039-b10c-492d-9895-44935e7a478d.png 1200w\" sizes=\"(max-width: 1024px) 100vw, 1024px\" style=\"width:100%;height:38.67%;max-width:1200px\" \/>\t\t\t\t\t\t\t\t\t\t\t\t\t\t\t<\/div>\n\t\t\t\t<\/div>\n\t\t\t\t<div class=\"elementor-element elementor-element-c1b30cc elementor-widget elementor-widget-text-editor\" data-id=\"c1b30cc\" data-element_type=\"widget\" data-e-type=\"widget\" data-widget_type=\"text-editor.default\">\n\t\t\t\t<div class=\"elementor-widget-container\">\n\t\t\t\t\t\t\t\t\t<h3 id=\"BENVENUTO\" data-renderer-start-pos=\"6\">BENVENUTO<\/h3><p data-renderer-start-pos=\"17\"><strong data-renderer-mark=\"true\"><span class=\"fabric-text-color-mark\" data-renderer-mark=\"true\" data-text-custom-color=\"#403294\">Gentile Responsabile, in questo spazio potr\u00e0 trovare le istruzioni per personalizzare e operare sul modello WordPress che abbiamo attivato sul suo sito web. <\/span><\/strong><span class=\"fabric-text-color-mark\" data-renderer-mark=\"true\" data-text-custom-color=\"#403294\">In base al suo grado di conoscenza dell\u2019applicativo, abbiamo sviluppato due guide: una per utenti che si approcciano per la prima volta e una per utenti pi\u00f9 esperti. <\/span><\/p><p data-renderer-start-pos=\"17\"><span class=\"fabric-text-color-mark\" data-renderer-mark=\"true\" data-text-custom-color=\"#403294\">\u00a0<\/span><\/p><p data-renderer-start-pos=\"342\"><span class=\"fabric-text-color-mark\" data-renderer-mark=\"true\" data-text-custom-color=\"#403294\">Dopo un\u2019attenta analisi su siti web simili per contenuto, e tenendo conto delle esigenze richieste in passato,<\/span> <span class=\"fabric-text-color-mark\" data-renderer-mark=\"true\" data-text-custom-color=\"#403294\">abbiamo creato 3 modelli (<\/span><em data-renderer-mark=\"true\"><strong data-renderer-mark=\"true\"><span class=\"fabric-text-color-mark\" data-renderer-mark=\"true\" data-text-custom-color=\"#403294\">MODELLO BASE PROGETTO DI RICERCA &#8211; MODELLO BASE GRUPPO DI RICERCA &#8211; MODELLO BASE CONVEGNO<\/span><\/strong><\/em><span class=\"fabric-text-color-mark\" data-renderer-mark=\"true\" data-text-custom-color=\"#403294\">) abbastanza intuitivi e di facile utilizzo, con pagine e men\u00f9 standard, che potranno essere modificati in perfetta autonomia anche da chi si approccia per la prima volta a WordPress.<\/span><\/p>\t\t\t\t\t\t\t\t<\/div>\n\t\t\t\t<\/div>\n\t\t\t\t\t<\/div>\n\t\t<\/div>\n\t\t\t\t<div class=\"elementor-column elementor-col-50 elementor-top-column elementor-element elementor-element-1b68fbc\" data-id=\"1b68fbc\" data-element_type=\"column\" data-e-type=\"column\" data-settings=\"{&quot;background_background&quot;:&quot;classic&quot;}\">\n\t\t\t<div class=\"elementor-widget-wrap elementor-element-populated\">\n\t\t\t\t\t\t<div class=\"elementor-element elementor-element-d3a7afb elementor-widget elementor-widget-sidebar\" data-id=\"d3a7afb\" data-element_type=\"widget\" data-e-type=\"widget\" data-widget_type=\"sidebar.default\">\n\t\t\t\t<div class=\"elementor-widget-container\">\n\t\t\t\t\t<section id=\"nav_menu-2\" class=\"widget widget_nav_menu\"><nav class=\"menu-menu-principale-container\" aria-label=\"Menu\"><ul id=\"menu-menu-principale\" class=\"menu\"><li id=\"menu-item-1479\" class=\"menu-item menu-item-type-post_type menu-item-object-page menu-item-has-children menu-item-1479\"><a href=\"https:\/\/portale2.unime.it\/unimetis\/guida-2\/\">GUIDA<\/a>\n<ul class=\"sub-menu\">\n\t<li id=\"menu-item-1652\" class=\"menu-item menu-item-type-post_type menu-item-object-page menu-item-has-children menu-item-1652\"><a href=\"https:\/\/portale2.unime.it\/unimetis\/guida-2\/guida\/\">Guida per editori<\/a>\n\t<ul class=\"sub-menu\">\n\t\t<li id=\"menu-item-1480\" class=\"menu-item menu-item-type-post_type menu-item-object-page menu-item-1480\"><a href=\"https:\/\/portale2.unime.it\/unimetis\/guida-2\/guida\/wordpress-premessa\/\">WordPress Premessa<\/a><\/li>\n\t\t<li id=\"menu-item-1482\" class=\"menu-item menu-item-type-post_type menu-item-object-page menu-item-1482\"><a href=\"https:\/\/portale2.unime.it\/unimetis\/guida-2\/guida\/step-1-2\/\">STEP 1<\/a><\/li>\n\t\t<li id=\"menu-item-1483\" class=\"menu-item menu-item-type-post_type menu-item-object-page menu-item-1483\"><a href=\"https:\/\/portale2.unime.it\/unimetis\/guida-2\/guida\/step-2\/\">STEP 2<\/a><\/li>\n\t\t<li id=\"menu-item-1481\" class=\"menu-item menu-item-type-post_type menu-item-object-page menu-item-1481\"><a href=\"https:\/\/portale2.unime.it\/unimetis\/guida-2\/guida\/step-3\/\">STEP 3<\/a><\/li>\n\t\t<li id=\"menu-item-1484\" class=\"menu-item menu-item-type-post_type menu-item-object-page menu-item-1484\"><a href=\"https:\/\/portale2.unime.it\/unimetis\/guida-2\/guida\/step-4\/\">STEP 4<\/a><\/li>\n\t\t<li id=\"menu-item-1485\" class=\"menu-item menu-item-type-post_type menu-item-object-page menu-item-1485\"><a href=\"https:\/\/portale2.unime.it\/unimetis\/guida-2\/guida\/step-5\/\">STEP 5<\/a><\/li>\n\t\t<li id=\"menu-item-1486\" class=\"menu-item menu-item-type-post_type menu-item-object-page menu-item-1486\"><a href=\"https:\/\/portale2.unime.it\/unimetis\/guida-2\/guida\/step-6\/\">STEP 6<\/a><\/li>\n\t<\/ul>\n<\/li>\n\t<li id=\"menu-item-1655\" class=\"menu-item menu-item-type-post_type menu-item-object-page menu-item-1655\"><a href=\"https:\/\/portale2.unime.it\/unimetis\/guida-2\/guida\/modello-convegno\/\">MODELLO CONVEGNO<\/a><\/li>\n\t<li id=\"menu-item-1654\" class=\"menu-item menu-item-type-post_type menu-item-object-page menu-item-1654\"><a href=\"https:\/\/portale2.unime.it\/unimetis\/guida-2\/guida-per-amministratori\/\">Guida per amministratori<\/a><\/li>\n<\/ul>\n<\/li>\n<li id=\"menu-item-1635\" class=\"menu-item menu-item-type-post_type menu-item-object-page menu-item-1635\"><a href=\"https:\/\/portale2.unime.it\/unimetis\/siti-realizzati\/\">SITI REALIZZATI<\/a><\/li>\n<\/ul><\/nav><\/section>\t\t\t\t<\/div>\n\t\t\t\t<\/div>\n\t\t\t\t\t<\/div>\n\t\t<\/div>\n\t\t\t\t\t<\/div>\n\t\t<\/section>\n\t\t\t\t<section class=\"elementor-section elementor-top-section elementor-element elementor-element-48c7414 elementor-section-boxed elementor-section-height-default elementor-section-height-default\" data-id=\"48c7414\" data-element_type=\"section\" data-e-type=\"section\" data-settings=\"{&quot;background_background&quot;:&quot;classic&quot;}\">\n\t\t\t\t\t\t<div class=\"elementor-container elementor-column-gap-default\">\n\t\t\t\t\t<div class=\"elementor-column elementor-col-100 elementor-top-column elementor-element elementor-element-5065e9b\" data-id=\"5065e9b\" data-element_type=\"column\" data-e-type=\"column\">\n\t\t\t<div class=\"elementor-widget-wrap elementor-element-populated\">\n\t\t\t\t\t\t<div class=\"elementor-element elementor-element-6a7c5b4 elementor-widget elementor-widget-text-editor\" data-id=\"6a7c5b4\" data-element_type=\"widget\" data-e-type=\"widget\" data-widget_type=\"text-editor.default\">\n\t\t\t\t<div class=\"elementor-widget-container\">\n\t\t\t\t\t\t\t\t\t<p data-renderer-start-pos=\"754\"><span class=\"fabric-text-color-mark\" data-renderer-mark=\"true\" data-text-custom-color=\"#403294\">Le guide sono state realizzate prendendo come esempio il <\/span><strong data-renderer-mark=\"true\"><span class=\"fabric-text-color-mark\" data-renderer-mark=\"true\" data-text-custom-color=\"#403294\">MODELLO PROGETTO DI RICERCA<\/span><\/strong><span class=\"fabric-text-color-mark\" data-renderer-mark=\"true\" data-text-custom-color=\"#403294\">, ma vedr\u00e0 che non appena avr\u00e0 capito il funzionamento, potr\u00e0 modificare con semplicit\u00e0 anche gli altri due modelli. <\/span><\/p><blockquote><p data-renderer-start-pos=\"958\"><span class=\"fabric-text-color-mark\" data-renderer-mark=\"true\" data-text-custom-color=\"#0747a6\">Se \u00e8 alla sua prima esperienza con WordPress la invitiamo a leggere la<\/span> <a class=\"css-tgpl01\" title=\"\/wiki\/spaces\/GMW\/pages\/569638924\" href=\"https:\/\/supporto-unime.atlassian.net\/wiki\/spaces\/GMW\/pages\/569638924\" data-testid=\"link-with-safety\" data-renderer-mark=\"true\"><strong data-renderer-mark=\"true\">GUIDA PER EDITORI<\/strong><\/a><br \/><span class=\"fabric-text-color-mark\" style=\"font-size: var(--quote--font-size); font-style: var(--quote--font-style); font-weight: var(--quote--font-weight);\" data-renderer-mark=\"true\" data-text-custom-color=\"#0747a6\">&gt;\u00a0<\/span><span class=\"fabric-text-color-mark\" style=\"font-family: var(--quote--font-family); font-size: var(--quote--font-size); font-style: var(--quote--font-style); font-weight: var(--quote--font-weight); letter-spacing: var(--heading--letter-spacing-h4);\" data-renderer-mark=\"true\" data-text-custom-color=\"#0747a6\">Se invece ha gi\u00e0 dimestichezza e conosce gi\u00e0 il mondo di WordPress la invitiamo a leggere la <\/span><a class=\"css-tgpl01\" style=\"font-family: var(--quote--font-family); font-size: var(--quote--font-size); font-style: var(--quote--font-style); font-weight: var(--quote--font-weight); letter-spacing: var(--heading--letter-spacing-h4); background-color: #e8e8e8;\" title=\"\/wiki\/spaces\/GMW\/pages\/569638965\" href=\"https:\/\/supporto-unime.atlassian.net\/wiki\/spaces\/GMW\/pages\/569638965\" data-testid=\"link-with-safety\" data-renderer-mark=\"true\"><strong data-renderer-mark=\"true\">GUIDA PER AMMINISTRATORI<\/strong><\/a><\/p><\/blockquote><p data-renderer-start-pos=\"958\">\u00a0<\/p><p data-renderer-start-pos=\"1178\"><strong>IMPORTANTE:<\/strong><\/p><p data-renderer-start-pos=\"1191\"><span class=\"fabric-text-color-mark\" data-renderer-mark=\"true\" data-text-custom-color=\"#bf2600\">Per accedere al pannello di controllo del suo sito, deve, per prima cosa, attivare la<\/span><strong data-renderer-mark=\"true\"><span class=\"fabric-text-color-mark\" data-renderer-mark=\"true\" data-text-custom-color=\"#bf2600\"> VPN DI ATENEO<\/span><\/strong><span class=\"fabric-text-color-mark\" data-renderer-mark=\"true\" data-text-custom-color=\"#bf2600\"> e in seguito digitare l\u2019indirizzo <\/span><a class=\"css-tgpl01\" title=\"https:\/\/portale.unime.it\/modellopersona\/wp-admin\/\" href=\"https:\/\/portale.unime.it\/modellopersona\/wp-admin\/\" data-testid=\"link-with-safety\" data-renderer-mark=\"true\">https:\/\/portale2.unime.it\/nomesitoscelto\/wp-admin\/<\/a><span class=\"fabric-text-color-mark\" data-renderer-mark=\"true\" data-text-custom-color=\"#bf2600\"> sostituendo il nome del suo sito al testo \u201cnomesitoscelto\u201d. Inserisca il nome utente e la password che le abbiamo inviato via mail per potere accedere nel backend di WordPress.<\/span><\/p><p data-renderer-start-pos=\"1191\"><span class=\"fabric-text-color-mark\" data-renderer-mark=\"true\" data-text-custom-color=\"#bf2600\">\u00a0<\/span><\/p><p data-renderer-start-pos=\"1191\">\u00a0<\/p><h2 id=\"BUONA-LETTURA!\" style=\"margin-top: 1.8em; font-size: 1.43em; line-height: 1.2; color: #172b4d; font-weight: 500; letter-spacing: -0.008em; scroll-margin-top: 56px; font-family: -apple-system, BlinkMacSystemFont, 'Segoe UI', Roboto, Oxygen, Ubuntu, 'Fira Sans', 'Droid Sans', 'Helvetica Neue', sans-serif; white-space: pre-wrap; background-color: #ffffff;\" data-renderer-start-pos=\"1555\"><em data-renderer-mark=\"true\"><strong data-renderer-mark=\"true\"><span class=\"fabric-text-color-mark\" style=\"color: var(--custom-palette-color, inherit); --custom-palette-color: var(--ds-text-accent-teal, #008DA6);\" data-renderer-mark=\"true\" data-text-custom-color=\"#008da6\">BUONA LETTURA!<\/span><\/strong><\/em><\/h2><p data-renderer-start-pos=\"1052\">\u00a0<\/p>\t\t\t\t\t\t\t\t<\/div>\n\t\t\t\t<\/div>\n\t\t\t\t\t<\/div>\n\t\t<\/div>\n\t\t\t\t\t<\/div>\n\t\t<\/section>\n\t\t\t\t<section class=\"elementor-section elementor-top-section elementor-element elementor-element-86ff097 elementor-section-boxed elementor-section-height-default elementor-section-height-default\" data-id=\"86ff097\" data-element_type=\"section\" data-e-type=\"section\">\n\t\t\t\t\t\t<div class=\"elementor-container elementor-column-gap-default\">\n\t\t\t\t\t<div class=\"elementor-column elementor-col-25 elementor-top-column elementor-element elementor-element-d489533\" data-id=\"d489533\" data-element_type=\"column\" data-e-type=\"column\">\n\t\t\t<div class=\"elementor-widget-wrap\">\n\t\t\t\t\t\t\t<\/div>\n\t\t<\/div>\n\t\t\t\t<div class=\"elementor-column elementor-col-50 elementor-top-column elementor-element elementor-element-a9285fe\" data-id=\"a9285fe\" data-element_type=\"column\" data-e-type=\"column\">\n\t\t\t<div class=\"elementor-widget-wrap\">\n\t\t\t\t\t\t\t<\/div>\n\t\t<\/div>\n\t\t\t\t<div class=\"elementor-column elementor-col-25 elementor-top-column elementor-element elementor-element-e948ac4\" data-id=\"e948ac4\" data-element_type=\"column\" data-e-type=\"column\">\n\t\t\t<div class=\"elementor-widget-wrap elementor-element-populated\">\n\t\t\t\t\t\t<div class=\"elementor-element elementor-element-903f1cc elementor-align-right elementor-widget elementor-widget-button\" data-id=\"903f1cc\" data-element_type=\"widget\" data-e-type=\"widget\" data-widget_type=\"button.default\">\n\t\t\t\t<div class=\"elementor-widget-container\">\n\t\t\t\t\t\t\t\t\t<div class=\"elementor-button-wrapper\">\n\t\t\t\t\t<a class=\"elementor-button elementor-button-link elementor-size-sm\" href=\"https:\/\/unimetis.unime.it\/guida-2\/guida\/\">\n\t\t\t\t\t\t<span class=\"elementor-button-content-wrapper\">\n\t\t\t\t\t\t\t\t\t<span class=\"elementor-button-text\">Guida per editori<\/span>\n\t\t\t\t\t<\/span>\n\t\t\t\t\t<\/a>\n\t\t\t\t<\/div>\n\t\t\t\t\t\t\t\t<\/div>\n\t\t\t\t<\/div>\n\t\t\t\t\t<\/div>\n\t\t<\/div>\n\t\t\t\t\t<\/div>\n\t\t<\/section>\n\t\t\t\t<\/div>\n\t\t","protected":false},"excerpt":{"rendered":"<p>BENVENUTO Gentile Responsabile, in questo spazio potr\u00e0 trovare le istruzioni per personalizzare e operare sul modello WordPress che abbiamo attivato sul suo sito web. In base al suo grado di conoscenza dell\u2019applicativo, abbiamo sviluppato due guide: una per utenti che si approcciano per la prima volta e una per utenti pi\u00f9 esperti. \u00a0 Dopo un\u2019attenta&hellip; <a class=\"more-link\" href=\"https:\/\/portale2.unime.it\/unimetis\/guida-2\/\">Continua a leggere <span class=\"screen-reader-text\">Guida<\/span><\/a><\/p>\n","protected":false},"author":1,"featured_media":0,"parent":0,"menu_order":0,"comment_status":"closed","ping_status":"closed","template":"elementor_header_footer","meta":{"_acf_changed":false,"footnotes":""},"class_list":["post-160","page","type-page","status-publish","hentry","entry"],"yoast_head":"<!-- This site is optimized with the Yoast SEO plugin v27.3 - https:\/\/yoast.com\/product\/yoast-seo-wordpress\/ -->\n<title>Guida - UniMetis<\/title>\n<meta name=\"robots\" content=\"index, follow, max-snippet:-1, max-image-preview:large, max-video-preview:-1\" \/>\n<link rel=\"canonical\" href=\"https:\/\/portale2.unime.it\/unimetis\/guida-2\/\" \/>\n<meta property=\"og:locale\" content=\"it_IT\" \/>\n<meta property=\"og:type\" content=\"article\" \/>\n<meta property=\"og:title\" content=\"Guida - UniMetis\" \/>\n<meta property=\"og:description\" content=\"BENVENUTO Gentile Responsabile, in questo spazio potr\u00e0 trovare le istruzioni per personalizzare e operare sul modello WordPress che abbiamo attivato sul suo sito web. In base al suo grado di conoscenza dell\u2019applicativo, abbiamo sviluppato due guide: una per utenti che si approcciano per la prima volta e una per utenti pi\u00f9 esperti. \u00a0 Dopo un\u2019attenta&hellip; Continua a leggere Guida\" \/>\n<meta property=\"og:url\" content=\"https:\/\/portale2.unime.it\/unimetis\/guida-2\/\" \/>\n<meta property=\"og:site_name\" content=\"UniMetis\" \/>\n<meta property=\"article:modified_time\" content=\"2024-05-17T08:52:13+00:00\" \/>\n<meta property=\"og:image\" content=\"https:\/\/portale2.unime.it\/unimetis\/wp-content\/uploads\/sites\/33\/2023\/06\/85f25039-b10c-492d-9895-44935e7a478d-1024x396.png\" \/>\n<meta name=\"twitter:card\" content=\"summary_large_image\" \/>\n<meta name=\"twitter:label1\" content=\"Tempo di lettura stimato\" \/>\n\t<meta name=\"twitter:data1\" content=\"2 minuti\" \/>\n<script type=\"application\/ld+json\" class=\"yoast-schema-graph\">{\"@context\":\"https:\\\/\\\/schema.org\",\"@graph\":[{\"@type\":\"WebPage\",\"@id\":\"https:\\\/\\\/portale2.unime.it\\\/unimetis\\\/guida-2\\\/\",\"url\":\"https:\\\/\\\/portale2.unime.it\\\/unimetis\\\/guida-2\\\/\",\"name\":\"Guida - UniMetis\",\"isPartOf\":{\"@id\":\"https:\\\/\\\/unimetis.unime.it\\\/#website\"},\"primaryImageOfPage\":{\"@id\":\"https:\\\/\\\/portale2.unime.it\\\/unimetis\\\/guida-2\\\/#primaryimage\"},\"image\":{\"@id\":\"https:\\\/\\\/portale2.unime.it\\\/unimetis\\\/guida-2\\\/#primaryimage\"},\"thumbnailUrl\":\"https:\\\/\\\/portale2.unime.it\\\/unimetis\\\/wp-content\\\/uploads\\\/sites\\\/33\\\/2023\\\/06\\\/85f25039-b10c-492d-9895-44935e7a478d-1024x396.png\",\"datePublished\":\"2023-06-01T05:38:31+00:00\",\"dateModified\":\"2024-05-17T08:52:13+00:00\",\"breadcrumb\":{\"@id\":\"https:\\\/\\\/portale2.unime.it\\\/unimetis\\\/guida-2\\\/#breadcrumb\"},\"inLanguage\":\"it-IT\",\"potentialAction\":[{\"@type\":\"ReadAction\",\"target\":[\"https:\\\/\\\/portale2.unime.it\\\/unimetis\\\/guida-2\\\/\"]}]},{\"@type\":\"ImageObject\",\"inLanguage\":\"it-IT\",\"@id\":\"https:\\\/\\\/portale2.unime.it\\\/unimetis\\\/guida-2\\\/#primaryimage\",\"url\":\"https:\\\/\\\/portale2.unime.it\\\/unimetis\\\/wp-content\\\/uploads\\\/sites\\\/33\\\/2023\\\/06\\\/85f25039-b10c-492d-9895-44935e7a478d.png\",\"contentUrl\":\"https:\\\/\\\/portale2.unime.it\\\/unimetis\\\/wp-content\\\/uploads\\\/sites\\\/33\\\/2023\\\/06\\\/85f25039-b10c-492d-9895-44935e7a478d.png\",\"width\":1200,\"height\":464},{\"@type\":\"BreadcrumbList\",\"@id\":\"https:\\\/\\\/portale2.unime.it\\\/unimetis\\\/guida-2\\\/#breadcrumb\",\"itemListElement\":[{\"@type\":\"ListItem\",\"position\":1,\"name\":\"Home\",\"item\":\"https:\\\/\\\/portale2.unime.it\\\/unimetis\\\/\"},{\"@type\":\"ListItem\",\"position\":2,\"name\":\"Guida\"}]},{\"@type\":\"WebSite\",\"@id\":\"https:\\\/\\\/unimetis.unime.it\\\/#website\",\"url\":\"https:\\\/\\\/unimetis.unime.it\\\/\",\"name\":\"UniMetis\",\"description\":\"\",\"publisher\":{\"@id\":\"https:\\\/\\\/unimetis.unime.it\\\/#organization\"},\"potentialAction\":[{\"@type\":\"SearchAction\",\"target\":{\"@type\":\"EntryPoint\",\"urlTemplate\":\"https:\\\/\\\/unimetis.unime.it\\\/?s={search_term_string}\"},\"query-input\":{\"@type\":\"PropertyValueSpecification\",\"valueRequired\":true,\"valueName\":\"search_term_string\"}}],\"inLanguage\":\"it-IT\"},{\"@type\":\"Organization\",\"@id\":\"https:\\\/\\\/unimetis.unime.it\\\/#organization\",\"name\":\"UniMetis\",\"url\":\"https:\\\/\\\/unimetis.unime.it\\\/\",\"logo\":{\"@type\":\"ImageObject\",\"inLanguage\":\"it-IT\",\"@id\":\"https:\\\/\\\/unimetis.unime.it\\\/#\\\/schema\\\/logo\\\/image\\\/\",\"url\":\"https:\\\/\\\/portale2.unime.it\\\/unimetis\\\/wp-content\\\/uploads\\\/sites\\\/33\\\/2022\\\/12\\\/unimetis.png\",\"contentUrl\":\"https:\\\/\\\/portale2.unime.it\\\/unimetis\\\/wp-content\\\/uploads\\\/sites\\\/33\\\/2022\\\/12\\\/unimetis.png\",\"width\":510,\"height\":269,\"caption\":\"UniMetis\"},\"image\":{\"@id\":\"https:\\\/\\\/unimetis.unime.it\\\/#\\\/schema\\\/logo\\\/image\\\/\"}}]}<\/script>\n<!-- \/ Yoast SEO plugin. -->","yoast_head_json":{"title":"Guida - UniMetis","robots":{"index":"index","follow":"follow","max-snippet":"max-snippet:-1","max-image-preview":"max-image-preview:large","max-video-preview":"max-video-preview:-1"},"canonical":"https:\/\/portale2.unime.it\/unimetis\/guida-2\/","og_locale":"it_IT","og_type":"article","og_title":"Guida - UniMetis","og_description":"BENVENUTO Gentile Responsabile, in questo spazio potr\u00e0 trovare le istruzioni per personalizzare e operare sul modello WordPress che abbiamo attivato sul suo sito web. In base al suo grado di conoscenza dell\u2019applicativo, abbiamo sviluppato due guide: una per utenti che si approcciano per la prima volta e una per utenti pi\u00f9 esperti. \u00a0 Dopo un\u2019attenta&hellip; Continua a leggere Guida","og_url":"https:\/\/portale2.unime.it\/unimetis\/guida-2\/","og_site_name":"UniMetis","article_modified_time":"2024-05-17T08:52:13+00:00","og_image":[{"url":"https:\/\/portale2.unime.it\/unimetis\/wp-content\/uploads\/sites\/33\/2023\/06\/85f25039-b10c-492d-9895-44935e7a478d-1024x396.png","type":"","width":"","height":""}],"twitter_card":"summary_large_image","twitter_misc":{"Tempo di lettura stimato":"2 minuti"},"schema":{"@context":"https:\/\/schema.org","@graph":[{"@type":"WebPage","@id":"https:\/\/portale2.unime.it\/unimetis\/guida-2\/","url":"https:\/\/portale2.unime.it\/unimetis\/guida-2\/","name":"Guida - UniMetis","isPartOf":{"@id":"https:\/\/unimetis.unime.it\/#website"},"primaryImageOfPage":{"@id":"https:\/\/portale2.unime.it\/unimetis\/guida-2\/#primaryimage"},"image":{"@id":"https:\/\/portale2.unime.it\/unimetis\/guida-2\/#primaryimage"},"thumbnailUrl":"https:\/\/portale2.unime.it\/unimetis\/wp-content\/uploads\/sites\/33\/2023\/06\/85f25039-b10c-492d-9895-44935e7a478d-1024x396.png","datePublished":"2023-06-01T05:38:31+00:00","dateModified":"2024-05-17T08:52:13+00:00","breadcrumb":{"@id":"https:\/\/portale2.unime.it\/unimetis\/guida-2\/#breadcrumb"},"inLanguage":"it-IT","potentialAction":[{"@type":"ReadAction","target":["https:\/\/portale2.unime.it\/unimetis\/guida-2\/"]}]},{"@type":"ImageObject","inLanguage":"it-IT","@id":"https:\/\/portale2.unime.it\/unimetis\/guida-2\/#primaryimage","url":"https:\/\/portale2.unime.it\/unimetis\/wp-content\/uploads\/sites\/33\/2023\/06\/85f25039-b10c-492d-9895-44935e7a478d.png","contentUrl":"https:\/\/portale2.unime.it\/unimetis\/wp-content\/uploads\/sites\/33\/2023\/06\/85f25039-b10c-492d-9895-44935e7a478d.png","width":1200,"height":464},{"@type":"BreadcrumbList","@id":"https:\/\/portale2.unime.it\/unimetis\/guida-2\/#breadcrumb","itemListElement":[{"@type":"ListItem","position":1,"name":"Home","item":"https:\/\/portale2.unime.it\/unimetis\/"},{"@type":"ListItem","position":2,"name":"Guida"}]},{"@type":"WebSite","@id":"https:\/\/unimetis.unime.it\/#website","url":"https:\/\/unimetis.unime.it\/","name":"UniMetis","description":"","publisher":{"@id":"https:\/\/unimetis.unime.it\/#organization"},"potentialAction":[{"@type":"SearchAction","target":{"@type":"EntryPoint","urlTemplate":"https:\/\/unimetis.unime.it\/?s={search_term_string}"},"query-input":{"@type":"PropertyValueSpecification","valueRequired":true,"valueName":"search_term_string"}}],"inLanguage":"it-IT"},{"@type":"Organization","@id":"https:\/\/unimetis.unime.it\/#organization","name":"UniMetis","url":"https:\/\/unimetis.unime.it\/","logo":{"@type":"ImageObject","inLanguage":"it-IT","@id":"https:\/\/unimetis.unime.it\/#\/schema\/logo\/image\/","url":"https:\/\/portale2.unime.it\/unimetis\/wp-content\/uploads\/sites\/33\/2022\/12\/unimetis.png","contentUrl":"https:\/\/portale2.unime.it\/unimetis\/wp-content\/uploads\/sites\/33\/2022\/12\/unimetis.png","width":510,"height":269,"caption":"UniMetis"},"image":{"@id":"https:\/\/unimetis.unime.it\/#\/schema\/logo\/image\/"}}]}},"acf":[],"_links":{"self":[{"href":"https:\/\/portale2.unime.it\/unimetis\/wp-json\/wp\/v2\/pages\/160","targetHints":{"allow":["GET"]}}],"collection":[{"href":"https:\/\/portale2.unime.it\/unimetis\/wp-json\/wp\/v2\/pages"}],"about":[{"href":"https:\/\/portale2.unime.it\/unimetis\/wp-json\/wp\/v2\/types\/page"}],"author":[{"embeddable":true,"href":"https:\/\/portale2.unime.it\/unimetis\/wp-json\/wp\/v2\/users\/1"}],"replies":[{"embeddable":true,"href":"https:\/\/portale2.unime.it\/unimetis\/wp-json\/wp\/v2\/comments?post=160"}],"version-history":[{"count":3,"href":"https:\/\/portale2.unime.it\/unimetis\/wp-json\/wp\/v2\/pages\/160\/revisions"}],"predecessor-version":[{"id":1658,"href":"https:\/\/portale2.unime.it\/unimetis\/wp-json\/wp\/v2\/pages\/160\/revisions\/1658"}],"wp:attachment":[{"href":"https:\/\/portale2.unime.it\/unimetis\/wp-json\/wp\/v2\/media?parent=160"}],"curies":[{"name":"wp","href":"https:\/\/api.w.org\/{rel}","templated":true}]}}