{"id":1638,"date":"2024-05-17T10:24:45","date_gmt":"2024-05-17T08:24:45","guid":{"rendered":"https:\/\/portale2.unime.it\/unimetis\/?page_id=1638"},"modified":"2024-05-17T10:27:37","modified_gmt":"2024-05-17T08:27:37","slug":"modello-convegno","status":"publish","type":"page","link":"https:\/\/portale2.unime.it\/unimetis\/guida-2\/guida\/modello-convegno\/","title":{"rendered":"MODELLO CONVEGNO"},"content":{"rendered":"\t\t<div data-elementor-type=\"wp-page\" data-elementor-id=\"1638\" class=\"elementor elementor-1638\">\n\t\t\t\t\t\t<section class=\"elementor-section elementor-top-section elementor-element elementor-element-76746a0 elementor-section-boxed elementor-section-height-default elementor-section-height-default\" data-id=\"76746a0\" data-element_type=\"section\" data-e-type=\"section\" data-settings=\"{&quot;background_background&quot;:&quot;classic&quot;}\">\n\t\t\t\t\t\t<div class=\"elementor-container elementor-column-gap-default\">\n\t\t\t\t\t<div class=\"elementor-column elementor-col-50 elementor-top-column elementor-element elementor-element-f209848\" data-id=\"f209848\" data-element_type=\"column\" data-e-type=\"column\">\n\t\t\t<div class=\"elementor-widget-wrap elementor-element-populated\">\n\t\t\t\t\t\t<div class=\"elementor-element elementor-element-0bbf8cb elementor-widget elementor-widget-image\" data-id=\"0bbf8cb\" data-element_type=\"widget\" data-e-type=\"widget\" data-widget_type=\"image.default\">\n\t\t\t\t<div class=\"elementor-widget-container\">\n\t\t\t\t\t\t\t\t\t\t\t\t\t\t\t<img fetchpriority=\"high\" decoding=\"async\" width=\"980\" height=\"379\" src=\"https:\/\/portale2.unime.it\/unimetis\/wp-content\/uploads\/sites\/33\/2024\/05\/ca25e7d4-f6d5-48c0-b781-de60160d2ac8.jpg\" class=\"attachment-large size-large wp-image-1640\" alt=\"\" srcset=\"https:\/\/portale2.unime.it\/unimetis\/wp-content\/uploads\/sites\/33\/2024\/05\/ca25e7d4-f6d5-48c0-b781-de60160d2ac8.jpg 980w, https:\/\/portale2.unime.it\/unimetis\/wp-content\/uploads\/sites\/33\/2024\/05\/ca25e7d4-f6d5-48c0-b781-de60160d2ac8-300x116.jpg 300w, https:\/\/portale2.unime.it\/unimetis\/wp-content\/uploads\/sites\/33\/2024\/05\/ca25e7d4-f6d5-48c0-b781-de60160d2ac8-768x297.jpg 768w\" sizes=\"(max-width: 980px) 100vw, 980px\" style=\"width:100%;height:38.67%;max-width:980px\" \/>\t\t\t\t\t\t\t\t\t\t\t\t\t\t\t<\/div>\n\t\t\t\t<\/div>\n\t\t\t\t<div class=\"elementor-element elementor-element-c1b30cc elementor-widget elementor-widget-text-editor\" data-id=\"c1b30cc\" data-element_type=\"widget\" data-e-type=\"widget\" data-widget_type=\"text-editor.default\">\n\t\t\t\t<div class=\"elementor-widget-container\">\n\t\t\t\t\t\t\t\t\t<p data-renderer-start-pos=\"6\">Rispetto agli altri due modelli, il <strong data-renderer-mark=\"true\">modello CONVEGNO<\/strong> \u00e8 composto da pagine nuove (STORIA &#8211; PROGRAMMA &#8211; CALL FOR ABSTRACT) che, dopo aver letto la guida, pu\u00f2 modificare in perfetta autonomia. Abbiamo scelto di inserire, in questo modello, la pagina <strong data-renderer-mark=\"true\">REGISTRAZIONE<\/strong> che contiene un automatismo che da la possibilit\u00e0 agli utenti di registrarsi al convegno. Data la complessit\u00e0 del plugin di automazione, \u00e8 necessario che questa pagina venga modificata dal nostro personale interno.<\/p>\t\t\t\t\t\t\t\t<\/div>\n\t\t\t\t<\/div>\n\t\t\t\t\t<\/div>\n\t\t<\/div>\n\t\t\t\t<div class=\"elementor-column elementor-col-50 elementor-top-column elementor-element elementor-element-8d632ff\" data-id=\"8d632ff\" data-element_type=\"column\" data-e-type=\"column\" data-settings=\"{&quot;background_background&quot;:&quot;classic&quot;}\">\n\t\t\t<div class=\"elementor-widget-wrap elementor-element-populated\">\n\t\t\t\t\t\t<div class=\"elementor-element elementor-element-7252059 elementor-widget elementor-widget-sidebar\" data-id=\"7252059\" data-element_type=\"widget\" data-e-type=\"widget\" data-widget_type=\"sidebar.default\">\n\t\t\t\t<div class=\"elementor-widget-container\">\n\t\t\t\t\t<section id=\"nav_menu-2\" class=\"widget widget_nav_menu\"><nav class=\"menu-menu-principale-container\" aria-label=\"Menu\"><ul id=\"menu-menu-principale\" class=\"menu\"><li id=\"menu-item-1479\" class=\"menu-item menu-item-type-post_type menu-item-object-page menu-item-has-children menu-item-1479\"><a href=\"https:\/\/portale2.unime.it\/unimetis\/guida-2\/\">GUIDA<\/a>\n<ul class=\"sub-menu\">\n\t<li id=\"menu-item-1652\" class=\"menu-item menu-item-type-post_type menu-item-object-page menu-item-has-children menu-item-1652\"><a href=\"https:\/\/portale2.unime.it\/unimetis\/guida-2\/guida\/\">Guida per editori<\/a>\n\t<ul class=\"sub-menu\">\n\t\t<li id=\"menu-item-1480\" class=\"menu-item menu-item-type-post_type menu-item-object-page menu-item-1480\"><a href=\"https:\/\/portale2.unime.it\/unimetis\/guida-2\/guida\/wordpress-premessa\/\">WordPress Premessa<\/a><\/li>\n\t\t<li id=\"menu-item-1482\" class=\"menu-item menu-item-type-post_type menu-item-object-page menu-item-1482\"><a href=\"https:\/\/portale2.unime.it\/unimetis\/guida-2\/guida\/step-1-2\/\">STEP 1<\/a><\/li>\n\t\t<li id=\"menu-item-1483\" class=\"menu-item menu-item-type-post_type menu-item-object-page menu-item-1483\"><a href=\"https:\/\/portale2.unime.it\/unimetis\/guida-2\/guida\/step-2\/\">STEP 2<\/a><\/li>\n\t\t<li id=\"menu-item-1481\" class=\"menu-item menu-item-type-post_type menu-item-object-page menu-item-1481\"><a href=\"https:\/\/portale2.unime.it\/unimetis\/guida-2\/guida\/step-3\/\">STEP 3<\/a><\/li>\n\t\t<li id=\"menu-item-1484\" class=\"menu-item menu-item-type-post_type menu-item-object-page menu-item-1484\"><a href=\"https:\/\/portale2.unime.it\/unimetis\/guida-2\/guida\/step-4\/\">STEP 4<\/a><\/li>\n\t\t<li id=\"menu-item-1485\" class=\"menu-item menu-item-type-post_type menu-item-object-page menu-item-1485\"><a href=\"https:\/\/portale2.unime.it\/unimetis\/guida-2\/guida\/step-5\/\">STEP 5<\/a><\/li>\n\t\t<li id=\"menu-item-1486\" class=\"menu-item menu-item-type-post_type menu-item-object-page menu-item-1486\"><a href=\"https:\/\/portale2.unime.it\/unimetis\/guida-2\/guida\/step-6\/\">STEP 6<\/a><\/li>\n\t<\/ul>\n<\/li>\n\t<li id=\"menu-item-1655\" class=\"menu-item menu-item-type-post_type menu-item-object-page menu-item-1655\"><a href=\"https:\/\/portale2.unime.it\/unimetis\/guida-2\/guida\/modello-convegno\/\">MODELLO CONVEGNO<\/a><\/li>\n\t<li id=\"menu-item-1654\" class=\"menu-item menu-item-type-post_type menu-item-object-page menu-item-1654\"><a href=\"https:\/\/portale2.unime.it\/unimetis\/guida-2\/guida-per-amministratori\/\">Guida per amministratori<\/a><\/li>\n<\/ul>\n<\/li>\n<li id=\"menu-item-1635\" class=\"menu-item menu-item-type-post_type menu-item-object-page menu-item-1635\"><a href=\"https:\/\/portale2.unime.it\/unimetis\/siti-realizzati\/\">SITI REALIZZATI<\/a><\/li>\n<\/ul><\/nav><\/section>\t\t\t\t<\/div>\n\t\t\t\t<\/div>\n\t\t\t\t\t<\/div>\n\t\t<\/div>\n\t\t\t\t\t<\/div>\n\t\t<\/section>\n\t\t\t\t<section class=\"elementor-section elementor-top-section elementor-element elementor-element-48c7414 elementor-section-boxed elementor-section-height-default elementor-section-height-default\" data-id=\"48c7414\" data-element_type=\"section\" data-e-type=\"section\" id=\"gruppo\" data-settings=\"{&quot;background_background&quot;:&quot;classic&quot;}\">\n\t\t\t\t\t\t<div class=\"elementor-container elementor-column-gap-default\">\n\t\t\t\t\t<div class=\"elementor-column elementor-col-100 elementor-top-column elementor-element elementor-element-5065e9b\" data-id=\"5065e9b\" data-element_type=\"column\" data-e-type=\"column\">\n\t\t\t<div class=\"elementor-widget-wrap elementor-element-populated\">\n\t\t\t\t\t\t<div class=\"elementor-element elementor-element-c68bd00 elementor-widget elementor-widget-image\" data-id=\"c68bd00\" data-element_type=\"widget\" data-e-type=\"widget\" data-widget_type=\"image.default\">\n\t\t\t\t<div class=\"elementor-widget-container\">\n\t\t\t\t\t\t\t\t\t\t\t\t\t\t\t<img decoding=\"async\" width=\"1024\" height=\"600\" src=\"https:\/\/portale2.unime.it\/unimetis\/wp-content\/uploads\/sites\/33\/2024\/05\/efe65567-08ed-4ed8-bc8c-216495b22d2b-1024x600.jpg\" class=\"attachment-large size-large wp-image-1641\" alt=\"\" srcset=\"https:\/\/portale2.unime.it\/unimetis\/wp-content\/uploads\/sites\/33\/2024\/05\/efe65567-08ed-4ed8-bc8c-216495b22d2b-1024x600.jpg 1024w, https:\/\/portale2.unime.it\/unimetis\/wp-content\/uploads\/sites\/33\/2024\/05\/efe65567-08ed-4ed8-bc8c-216495b22d2b-300x176.jpg 300w, https:\/\/portale2.unime.it\/unimetis\/wp-content\/uploads\/sites\/33\/2024\/05\/efe65567-08ed-4ed8-bc8c-216495b22d2b-768x450.jpg 768w, https:\/\/portale2.unime.it\/unimetis\/wp-content\/uploads\/sites\/33\/2024\/05\/efe65567-08ed-4ed8-bc8c-216495b22d2b-1536x900.jpg 1536w, https:\/\/portale2.unime.it\/unimetis\/wp-content\/uploads\/sites\/33\/2024\/05\/efe65567-08ed-4ed8-bc8c-216495b22d2b-1568x918.jpg 1568w, https:\/\/portale2.unime.it\/unimetis\/wp-content\/uploads\/sites\/33\/2024\/05\/efe65567-08ed-4ed8-bc8c-216495b22d2b.jpg 1890w\" sizes=\"(max-width: 1024px) 100vw, 1024px\" style=\"width:100%;height:58.57%;max-width:1890px\" \/>\t\t\t\t\t\t\t\t\t\t\t\t\t\t\t<\/div>\n\t\t\t\t<\/div>\n\t\t\t\t\t<\/div>\n\t\t<\/div>\n\t\t\t\t\t<\/div>\n\t\t<\/section>\n\t\t\t\t<section class=\"elementor-section elementor-top-section elementor-element elementor-element-c8f86de elementor-section-boxed elementor-section-height-default elementor-section-height-default\" data-id=\"c8f86de\" data-element_type=\"section\" data-e-type=\"section\" id=\"ricerca\" data-settings=\"{&quot;background_background&quot;:&quot;classic&quot;}\">\n\t\t\t\t\t\t<div class=\"elementor-container elementor-column-gap-default\">\n\t\t\t\t\t<div class=\"elementor-column elementor-col-100 elementor-top-column elementor-element elementor-element-57513b6\" data-id=\"57513b6\" data-element_type=\"column\" data-e-type=\"column\">\n\t\t\t<div class=\"elementor-widget-wrap\">\n\t\t\t\t\t\t\t<\/div>\n\t\t<\/div>\n\t\t\t\t\t<\/div>\n\t\t<\/section>\n\t\t\t\t<section class=\"elementor-section elementor-top-section elementor-element elementor-element-35fd968 elementor-section-boxed elementor-section-height-default elementor-section-height-default\" data-id=\"35fd968\" data-element_type=\"section\" data-e-type=\"section\">\n\t\t\t\t\t\t<div class=\"elementor-container elementor-column-gap-default\">\n\t\t\t\t\t<div class=\"elementor-column elementor-col-33 elementor-top-column elementor-element elementor-element-47295af\" data-id=\"47295af\" data-element_type=\"column\" data-e-type=\"column\">\n\t\t\t<div class=\"elementor-widget-wrap\">\n\t\t\t\t\t\t\t<\/div>\n\t\t<\/div>\n\t\t\t\t<div class=\"elementor-column elementor-col-33 elementor-top-column elementor-element elementor-element-a13dd29\" data-id=\"a13dd29\" data-element_type=\"column\" data-e-type=\"column\">\n\t\t\t<div class=\"elementor-widget-wrap\">\n\t\t\t\t\t\t\t<\/div>\n\t\t<\/div>\n\t\t\t\t<div class=\"elementor-column elementor-col-33 elementor-top-column elementor-element elementor-element-918985c\" data-id=\"918985c\" data-element_type=\"column\" data-e-type=\"column\">\n\t\t\t<div class=\"elementor-widget-wrap elementor-element-populated\">\n\t\t\t\t\t\t<div class=\"elementor-element elementor-element-bc9e5ee elementor-align-right elementor-widget elementor-widget-button\" data-id=\"bc9e5ee\" data-element_type=\"widget\" data-e-type=\"widget\" data-widget_type=\"button.default\">\n\t\t\t\t<div class=\"elementor-widget-container\">\n\t\t\t\t\t\t\t\t\t<div class=\"elementor-button-wrapper\">\n\t\t\t\t\t<a class=\"elementor-button elementor-button-link elementor-size-sm\" href=\"#\">\n\t\t\t\t\t\t<span class=\"elementor-button-content-wrapper\">\n\t\t\t\t\t\t\t\t\t<span class=\"elementor-button-text\">Vai allo STEP 7<\/span>\n\t\t\t\t\t<\/span>\n\t\t\t\t\t<\/a>\n\t\t\t\t<\/div>\n\t\t\t\t\t\t\t\t<\/div>\n\t\t\t\t<\/div>\n\t\t\t\t\t<\/div>\n\t\t<\/div>\n\t\t\t\t\t<\/div>\n\t\t<\/section>\n\t\t\t\t<\/div>\n\t\t","protected":false},"excerpt":{"rendered":"<p>Rispetto agli altri due modelli, il modello CONVEGNO \u00e8 composto da pagine nuove (STORIA &#8211; PROGRAMMA &#8211; CALL FOR ABSTRACT) che, dopo aver letto la guida, pu\u00f2 modificare in perfetta autonomia. Abbiamo scelto di inserire, in questo modello, la pagina REGISTRAZIONE che contiene un automatismo che da la possibilit\u00e0 agli utenti di registrarsi al convegno.&hellip; <a class=\"more-link\" href=\"https:\/\/portale2.unime.it\/unimetis\/guida-2\/guida\/modello-convegno\/\">Continua a leggere <span class=\"screen-reader-text\">MODELLO CONVEGNO<\/span><\/a><\/p>\n","protected":false},"author":1,"featured_media":0,"parent":147,"menu_order":0,"comment_status":"closed","ping_status":"closed","template":"elementor_header_footer","meta":{"_acf_changed":false,"footnotes":""},"class_list":["post-1638","page","type-page","status-publish","hentry","entry"],"yoast_head":"<!-- This site is optimized with the Yoast SEO plugin v27.3 - https:\/\/yoast.com\/product\/yoast-seo-wordpress\/ -->\n<title>MODELLO CONVEGNO - UniMetis<\/title>\n<meta name=\"robots\" content=\"index, follow, max-snippet:-1, max-image-preview:large, max-video-preview:-1\" \/>\n<link rel=\"canonical\" href=\"https:\/\/portale2.unime.it\/unimetis\/guida-2\/guida\/modello-convegno\/\" \/>\n<meta property=\"og:locale\" content=\"it_IT\" \/>\n<meta property=\"og:type\" content=\"article\" \/>\n<meta property=\"og:title\" content=\"MODELLO CONVEGNO - UniMetis\" \/>\n<meta property=\"og:description\" content=\"Rispetto agli altri due modelli, il modello CONVEGNO \u00e8 composto da pagine nuove (STORIA &#8211; PROGRAMMA &#8211; CALL FOR ABSTRACT) che, dopo aver letto la guida, pu\u00f2 modificare in perfetta autonomia. Abbiamo scelto di inserire, in questo modello, la pagina REGISTRAZIONE che contiene un automatismo che da la possibilit\u00e0 agli utenti di registrarsi al convegno.&hellip; Continua a leggere MODELLO CONVEGNO\" \/>\n<meta property=\"og:url\" content=\"https:\/\/portale2.unime.it\/unimetis\/guida-2\/guida\/modello-convegno\/\" \/>\n<meta property=\"og:site_name\" content=\"UniMetis\" \/>\n<meta property=\"article:modified_time\" content=\"2024-05-17T08:27:37+00:00\" \/>\n<meta property=\"og:image\" content=\"https:\/\/portale2.unime.it\/unimetis\/wp-content\/uploads\/sites\/33\/2024\/05\/ca25e7d4-f6d5-48c0-b781-de60160d2ac8.jpg\" \/>\n<meta name=\"twitter:card\" content=\"summary_large_image\" \/>\n<meta name=\"twitter:label1\" content=\"Tempo di lettura stimato\" \/>\n\t<meta name=\"twitter:data1\" content=\"1 minuto\" \/>\n<script type=\"application\/ld+json\" class=\"yoast-schema-graph\">{\"@context\":\"https:\\\/\\\/schema.org\",\"@graph\":[{\"@type\":\"WebPage\",\"@id\":\"https:\\\/\\\/portale2.unime.it\\\/unimetis\\\/guida-2\\\/guida\\\/modello-convegno\\\/\",\"url\":\"https:\\\/\\\/portale2.unime.it\\\/unimetis\\\/guida-2\\\/guida\\\/modello-convegno\\\/\",\"name\":\"MODELLO CONVEGNO - UniMetis\",\"isPartOf\":{\"@id\":\"https:\\\/\\\/unimetis.unime.it\\\/#website\"},\"primaryImageOfPage\":{\"@id\":\"https:\\\/\\\/portale2.unime.it\\\/unimetis\\\/guida-2\\\/guida\\\/modello-convegno\\\/#primaryimage\"},\"image\":{\"@id\":\"https:\\\/\\\/portale2.unime.it\\\/unimetis\\\/guida-2\\\/guida\\\/modello-convegno\\\/#primaryimage\"},\"thumbnailUrl\":\"https:\\\/\\\/portale2.unime.it\\\/unimetis\\\/wp-content\\\/uploads\\\/sites\\\/33\\\/2024\\\/05\\\/ca25e7d4-f6d5-48c0-b781-de60160d2ac8.jpg\",\"datePublished\":\"2024-05-17T08:24:45+00:00\",\"dateModified\":\"2024-05-17T08:27:37+00:00\",\"breadcrumb\":{\"@id\":\"https:\\\/\\\/portale2.unime.it\\\/unimetis\\\/guida-2\\\/guida\\\/modello-convegno\\\/#breadcrumb\"},\"inLanguage\":\"it-IT\",\"potentialAction\":[{\"@type\":\"ReadAction\",\"target\":[\"https:\\\/\\\/portale2.unime.it\\\/unimetis\\\/guida-2\\\/guida\\\/modello-convegno\\\/\"]}]},{\"@type\":\"ImageObject\",\"inLanguage\":\"it-IT\",\"@id\":\"https:\\\/\\\/portale2.unime.it\\\/unimetis\\\/guida-2\\\/guida\\\/modello-convegno\\\/#primaryimage\",\"url\":\"https:\\\/\\\/portale2.unime.it\\\/unimetis\\\/wp-content\\\/uploads\\\/sites\\\/33\\\/2024\\\/05\\\/ca25e7d4-f6d5-48c0-b781-de60160d2ac8.jpg\",\"contentUrl\":\"https:\\\/\\\/portale2.unime.it\\\/unimetis\\\/wp-content\\\/uploads\\\/sites\\\/33\\\/2024\\\/05\\\/ca25e7d4-f6d5-48c0-b781-de60160d2ac8.jpg\",\"width\":980,\"height\":379},{\"@type\":\"BreadcrumbList\",\"@id\":\"https:\\\/\\\/portale2.unime.it\\\/unimetis\\\/guida-2\\\/guida\\\/modello-convegno\\\/#breadcrumb\",\"itemListElement\":[{\"@type\":\"ListItem\",\"position\":1,\"name\":\"Home\",\"item\":\"https:\\\/\\\/portale2.unime.it\\\/unimetis\\\/\"},{\"@type\":\"ListItem\",\"position\":2,\"name\":\"Guida\",\"item\":\"https:\\\/\\\/portale2.unime.it\\\/unimetis\\\/guida-2\\\/\"},{\"@type\":\"ListItem\",\"position\":3,\"name\":\"Guida per editori\",\"item\":\"https:\\\/\\\/portale2.unime.it\\\/unimetis\\\/guida-2\\\/guida\\\/\"},{\"@type\":\"ListItem\",\"position\":4,\"name\":\"MODELLO CONVEGNO\"}]},{\"@type\":\"WebSite\",\"@id\":\"https:\\\/\\\/unimetis.unime.it\\\/#website\",\"url\":\"https:\\\/\\\/unimetis.unime.it\\\/\",\"name\":\"UniMetis\",\"description\":\"\",\"publisher\":{\"@id\":\"https:\\\/\\\/unimetis.unime.it\\\/#organization\"},\"potentialAction\":[{\"@type\":\"SearchAction\",\"target\":{\"@type\":\"EntryPoint\",\"urlTemplate\":\"https:\\\/\\\/unimetis.unime.it\\\/?s={search_term_string}\"},\"query-input\":{\"@type\":\"PropertyValueSpecification\",\"valueRequired\":true,\"valueName\":\"search_term_string\"}}],\"inLanguage\":\"it-IT\"},{\"@type\":\"Organization\",\"@id\":\"https:\\\/\\\/unimetis.unime.it\\\/#organization\",\"name\":\"UniMetis\",\"url\":\"https:\\\/\\\/unimetis.unime.it\\\/\",\"logo\":{\"@type\":\"ImageObject\",\"inLanguage\":\"it-IT\",\"@id\":\"https:\\\/\\\/unimetis.unime.it\\\/#\\\/schema\\\/logo\\\/image\\\/\",\"url\":\"https:\\\/\\\/portale2.unime.it\\\/unimetis\\\/wp-content\\\/uploads\\\/sites\\\/33\\\/2022\\\/12\\\/unimetis.png\",\"contentUrl\":\"https:\\\/\\\/portale2.unime.it\\\/unimetis\\\/wp-content\\\/uploads\\\/sites\\\/33\\\/2022\\\/12\\\/unimetis.png\",\"width\":510,\"height\":269,\"caption\":\"UniMetis\"},\"image\":{\"@id\":\"https:\\\/\\\/unimetis.unime.it\\\/#\\\/schema\\\/logo\\\/image\\\/\"}}]}<\/script>\n<!-- \/ Yoast SEO plugin. -->","yoast_head_json":{"title":"MODELLO CONVEGNO - UniMetis","robots":{"index":"index","follow":"follow","max-snippet":"max-snippet:-1","max-image-preview":"max-image-preview:large","max-video-preview":"max-video-preview:-1"},"canonical":"https:\/\/portale2.unime.it\/unimetis\/guida-2\/guida\/modello-convegno\/","og_locale":"it_IT","og_type":"article","og_title":"MODELLO CONVEGNO - UniMetis","og_description":"Rispetto agli altri due modelli, il modello CONVEGNO \u00e8 composto da pagine nuove (STORIA &#8211; PROGRAMMA &#8211; CALL FOR ABSTRACT) che, dopo aver letto la guida, pu\u00f2 modificare in perfetta autonomia. Abbiamo scelto di inserire, in questo modello, la pagina REGISTRAZIONE che contiene un automatismo che da la possibilit\u00e0 agli utenti di registrarsi al convegno.&hellip; Continua a leggere MODELLO CONVEGNO","og_url":"https:\/\/portale2.unime.it\/unimetis\/guida-2\/guida\/modello-convegno\/","og_site_name":"UniMetis","article_modified_time":"2024-05-17T08:27:37+00:00","og_image":[{"url":"https:\/\/portale2.unime.it\/unimetis\/wp-content\/uploads\/sites\/33\/2024\/05\/ca25e7d4-f6d5-48c0-b781-de60160d2ac8.jpg","type":"","width":"","height":""}],"twitter_card":"summary_large_image","twitter_misc":{"Tempo di lettura stimato":"1 minuto"},"schema":{"@context":"https:\/\/schema.org","@graph":[{"@type":"WebPage","@id":"https:\/\/portale2.unime.it\/unimetis\/guida-2\/guida\/modello-convegno\/","url":"https:\/\/portale2.unime.it\/unimetis\/guida-2\/guida\/modello-convegno\/","name":"MODELLO CONVEGNO - UniMetis","isPartOf":{"@id":"https:\/\/unimetis.unime.it\/#website"},"primaryImageOfPage":{"@id":"https:\/\/portale2.unime.it\/unimetis\/guida-2\/guida\/modello-convegno\/#primaryimage"},"image":{"@id":"https:\/\/portale2.unime.it\/unimetis\/guida-2\/guida\/modello-convegno\/#primaryimage"},"thumbnailUrl":"https:\/\/portale2.unime.it\/unimetis\/wp-content\/uploads\/sites\/33\/2024\/05\/ca25e7d4-f6d5-48c0-b781-de60160d2ac8.jpg","datePublished":"2024-05-17T08:24:45+00:00","dateModified":"2024-05-17T08:27:37+00:00","breadcrumb":{"@id":"https:\/\/portale2.unime.it\/unimetis\/guida-2\/guida\/modello-convegno\/#breadcrumb"},"inLanguage":"it-IT","potentialAction":[{"@type":"ReadAction","target":["https:\/\/portale2.unime.it\/unimetis\/guida-2\/guida\/modello-convegno\/"]}]},{"@type":"ImageObject","inLanguage":"it-IT","@id":"https:\/\/portale2.unime.it\/unimetis\/guida-2\/guida\/modello-convegno\/#primaryimage","url":"https:\/\/portale2.unime.it\/unimetis\/wp-content\/uploads\/sites\/33\/2024\/05\/ca25e7d4-f6d5-48c0-b781-de60160d2ac8.jpg","contentUrl":"https:\/\/portale2.unime.it\/unimetis\/wp-content\/uploads\/sites\/33\/2024\/05\/ca25e7d4-f6d5-48c0-b781-de60160d2ac8.jpg","width":980,"height":379},{"@type":"BreadcrumbList","@id":"https:\/\/portale2.unime.it\/unimetis\/guida-2\/guida\/modello-convegno\/#breadcrumb","itemListElement":[{"@type":"ListItem","position":1,"name":"Home","item":"https:\/\/portale2.unime.it\/unimetis\/"},{"@type":"ListItem","position":2,"name":"Guida","item":"https:\/\/portale2.unime.it\/unimetis\/guida-2\/"},{"@type":"ListItem","position":3,"name":"Guida per editori","item":"https:\/\/portale2.unime.it\/unimetis\/guida-2\/guida\/"},{"@type":"ListItem","position":4,"name":"MODELLO CONVEGNO"}]},{"@type":"WebSite","@id":"https:\/\/unimetis.unime.it\/#website","url":"https:\/\/unimetis.unime.it\/","name":"UniMetis","description":"","publisher":{"@id":"https:\/\/unimetis.unime.it\/#organization"},"potentialAction":[{"@type":"SearchAction","target":{"@type":"EntryPoint","urlTemplate":"https:\/\/unimetis.unime.it\/?s={search_term_string}"},"query-input":{"@type":"PropertyValueSpecification","valueRequired":true,"valueName":"search_term_string"}}],"inLanguage":"it-IT"},{"@type":"Organization","@id":"https:\/\/unimetis.unime.it\/#organization","name":"UniMetis","url":"https:\/\/unimetis.unime.it\/","logo":{"@type":"ImageObject","inLanguage":"it-IT","@id":"https:\/\/unimetis.unime.it\/#\/schema\/logo\/image\/","url":"https:\/\/portale2.unime.it\/unimetis\/wp-content\/uploads\/sites\/33\/2022\/12\/unimetis.png","contentUrl":"https:\/\/portale2.unime.it\/unimetis\/wp-content\/uploads\/sites\/33\/2022\/12\/unimetis.png","width":510,"height":269,"caption":"UniMetis"},"image":{"@id":"https:\/\/unimetis.unime.it\/#\/schema\/logo\/image\/"}}]}},"acf":[],"_links":{"self":[{"href":"https:\/\/portale2.unime.it\/unimetis\/wp-json\/wp\/v2\/pages\/1638","targetHints":{"allow":["GET"]}}],"collection":[{"href":"https:\/\/portale2.unime.it\/unimetis\/wp-json\/wp\/v2\/pages"}],"about":[{"href":"https:\/\/portale2.unime.it\/unimetis\/wp-json\/wp\/v2\/types\/page"}],"author":[{"embeddable":true,"href":"https:\/\/portale2.unime.it\/unimetis\/wp-json\/wp\/v2\/users\/1"}],"replies":[{"embeddable":true,"href":"https:\/\/portale2.unime.it\/unimetis\/wp-json\/wp\/v2\/comments?post=1638"}],"version-history":[{"count":4,"href":"https:\/\/portale2.unime.it\/unimetis\/wp-json\/wp\/v2\/pages\/1638\/revisions"}],"predecessor-version":[{"id":1644,"href":"https:\/\/portale2.unime.it\/unimetis\/wp-json\/wp\/v2\/pages\/1638\/revisions\/1644"}],"up":[{"embeddable":true,"href":"https:\/\/portale2.unime.it\/unimetis\/wp-json\/wp\/v2\/pages\/147"}],"wp:attachment":[{"href":"https:\/\/portale2.unime.it\/unimetis\/wp-json\/wp\/v2\/media?parent=1638"}],"curies":[{"name":"wp","href":"https:\/\/api.w.org\/{rel}","templated":true}]}}