{"id":1646,"date":"2024-05-17T10:35:42","date_gmt":"2024-05-17T08:35:42","guid":{"rendered":"https:\/\/portale2.unime.it\/unimetis\/?page_id=1646"},"modified":"2024-05-17T10:38:22","modified_gmt":"2024-05-17T08:38:22","slug":"guida-per-amministratori","status":"publish","type":"page","link":"https:\/\/portale2.unime.it\/unimetis\/guida-2\/guida-per-amministratori\/","title":{"rendered":"Guida per amministratori"},"content":{"rendered":"\t\t<div data-elementor-type=\"wp-page\" data-elementor-id=\"1646\" class=\"elementor elementor-1646\">\n\t\t\t\t\t\t<section class=\"elementor-section elementor-top-section elementor-element elementor-element-76746a0 elementor-section-boxed elementor-section-height-default elementor-section-height-default\" data-id=\"76746a0\" data-element_type=\"section\" data-e-type=\"section\" data-settings=\"{&quot;background_background&quot;:&quot;classic&quot;}\">\n\t\t\t\t\t\t<div class=\"elementor-container elementor-column-gap-default\">\n\t\t\t\t\t<div class=\"elementor-column elementor-col-50 elementor-top-column elementor-element elementor-element-f209848\" data-id=\"f209848\" data-element_type=\"column\" data-e-type=\"column\">\n\t\t\t<div class=\"elementor-widget-wrap elementor-element-populated\">\n\t\t\t\t\t\t<div class=\"elementor-element elementor-element-0bbf8cb elementor-widget elementor-widget-image\" data-id=\"0bbf8cb\" data-element_type=\"widget\" data-e-type=\"widget\" data-widget_type=\"image.default\">\n\t\t\t\t<div class=\"elementor-widget-container\">\n\t\t\t\t\t\t\t\t\t\t\t\t\t\t\t<img fetchpriority=\"high\" decoding=\"async\" width=\"1024\" height=\"396\" src=\"https:\/\/portale2.unime.it\/unimetis\/wp-content\/uploads\/sites\/33\/2024\/05\/c8e260db-7cca-49c6-bda5-de804ef65fb7-1024x396.jpg\" class=\"attachment-large size-large wp-image-1648\" alt=\"\" srcset=\"https:\/\/portale2.unime.it\/unimetis\/wp-content\/uploads\/sites\/33\/2024\/05\/c8e260db-7cca-49c6-bda5-de804ef65fb7-1024x396.jpg 1024w, https:\/\/portale2.unime.it\/unimetis\/wp-content\/uploads\/sites\/33\/2024\/05\/c8e260db-7cca-49c6-bda5-de804ef65fb7-300x116.jpg 300w, https:\/\/portale2.unime.it\/unimetis\/wp-content\/uploads\/sites\/33\/2024\/05\/c8e260db-7cca-49c6-bda5-de804ef65fb7-768x297.jpg 768w, https:\/\/portale2.unime.it\/unimetis\/wp-content\/uploads\/sites\/33\/2024\/05\/c8e260db-7cca-49c6-bda5-de804ef65fb7.jpg 1200w\" sizes=\"(max-width: 1024px) 100vw, 1024px\" style=\"width:100%;height:38.67%;max-width:1200px\" \/>\t\t\t\t\t\t\t\t\t\t\t\t\t\t\t<\/div>\n\t\t\t\t<\/div>\n\t\t\t\t<div class=\"elementor-element elementor-element-c1b30cc elementor-widget elementor-widget-text-editor\" data-id=\"c1b30cc\" data-element_type=\"widget\" data-e-type=\"widget\" data-widget_type=\"text-editor.default\">\n\t\t\t\t<div class=\"elementor-widget-container\">\n\t\t\t\t\t\t\t\t\t<div class=\"ak-editor-panel cc-1f60buh\" data-panel-type=\"info\"><div class=\"ak-editor-panel__content\"><p data-renderer-start-pos=\"7\"><span class=\"fabric-text-color-mark\" data-renderer-mark=\"true\" data-text-custom-color=\"#403294\">Se sta leggendo questa guida, allora ha gi\u00e0 utilizzato WordPress. Le abbiamo attivato un account Amministratore per fare in modo che possa anche lavorare sul template, attivare plugin che abbiamo installato, aggiungere sezioni all\u2019interno delle pagine, aggiungere pagine, inserire menu, etc. <\/span><\/p><\/div><\/div><p data-renderer-start-pos=\"302\">\u00a0<\/p><p data-renderer-start-pos=\"304\"><strong data-renderer-mark=\"true\"><span class=\"fabric-text-color-mark\" data-renderer-mark=\"true\" data-text-custom-color=\"#403294\">Per la costruzione delle pagine abbiamo utilizzato il Page Builder Elementor<\/span><\/strong><span class=\"fabric-text-color-mark\" data-renderer-mark=\"true\" data-text-custom-color=\"#403294\">. Un plugin facile, abbastanza intuitivo per chi si approccia per la prima volta al mondo WordPress. Abbiamo costruito della pagine standard per rendere la personalizzazione pi\u00f9 semplice, anche agli utenti meno esperti. <\/span><\/p><div class=\"ak-editor-panel cc-1f60buh\" data-panel-type=\"info\"><div class=\"ak-editor-panel__icon\">\u00a0<\/div><div class=\"ak-editor-panel__content\"><p data-renderer-start-pos=\"605\"><span class=\"fabric-text-color-mark\" data-renderer-mark=\"true\" data-text-custom-color=\"#403294\">Tuttavia se volesse aggiungere sezioni, modificare il layout delle pagine o approfondire Elementor, sul web \u00e8 possibile trovare tantissimi tutorial. <\/span><a class=\"cc-1rn59kg\" title=\"https:\/\/servizi-wp.it\/elementor-wordpress-page-builder\/\" href=\"https:\/\/servizi-wp.it\/elementor-wordpress-page-builder\/\" data-testid=\"link-with-safety\" data-renderer-mark=\"true\"><strong data-renderer-mark=\"true\">Cliccando qui<\/strong><\/a> <span class=\"fabric-text-color-mark\" data-renderer-mark=\"true\" data-text-custom-color=\"#403294\">ne trover\u00e0 uno molto adatto. <\/span><\/p><\/div><\/div><p data-renderer-start-pos=\"802\"><span class=\"fabric-text-color-mark\" data-renderer-mark=\"true\" data-text-custom-color=\"#403294\">Se invece volesse modificare il template usato (come colori, font, larghezza, etc) abbiamo installato il plugin <\/span><em data-renderer-mark=\"true\"><strong data-renderer-mark=\"true\"><span class=\"fabric-text-color-mark\" data-renderer-mark=\"true\" data-text-custom-color=\"#403294\">Twentig<\/span><\/strong><\/em><span class=\"fabric-text-color-mark\" data-renderer-mark=\"true\" data-text-custom-color=\"#403294\"> che permette la personalizzazione del template di sistema <\/span><strong data-renderer-mark=\"true\"><span class=\"fabric-text-color-mark\" data-renderer-mark=\"true\" data-text-custom-color=\"#403294\">TwentyTwentyOne<\/span><\/strong><span class=\"fabric-text-color-mark\" data-renderer-mark=\"true\" data-text-custom-color=\"#403294\">. Pu\u00f2 cliccare sulla voce di men\u00f9 Aspetto &#8211; Temi &#8211; Personalizza e tra le voci trover\u00e0 \u201cTwentig\u201d e vedr\u00e0 in tempo reale come \u00e8 facile modificare. Pu\u00f2 approfondire l\u2019utilizzo di questo plugin<\/span><a class=\"cc-1rn59kg\" title=\"https:\/\/www.manganogregorio.it\/twenty-twenty-wordpress-personalizzazione-avanzata-con-un-click\/\" href=\"https:\/\/www.manganogregorio.it\/twenty-twenty-wordpress-personalizzazione-avanzata-con-un-click\/\" data-testid=\"link-with-safety\" data-renderer-mark=\"true\"><strong data-renderer-mark=\"true\"> cliccando qui<\/strong><\/a><span class=\"fabric-text-color-mark\" data-renderer-mark=\"true\" data-text-custom-color=\"#403294\">. <\/span><\/p><p data-renderer-start-pos=\"1202\"><span class=\"fabric-text-color-mark\" data-renderer-mark=\"true\" data-text-custom-color=\"#403294\">Per lo slideshow abbiamo usato il plugin <\/span><strong data-renderer-mark=\"true\"><span class=\"fabric-text-color-mark\" data-renderer-mark=\"true\" data-text-custom-color=\"#403294\">Transition Slider<\/span><\/strong><span class=\"fabric-text-color-mark\" data-renderer-mark=\"true\" data-text-custom-color=\"#403294\">. Abbiamo inserito solo due slide che scorrono. per facilitare l\u2019inserimento. Se volesse inserire testo, effetti di testo, video e animazioni pu\u00f2 approfondire l\u2019utilizzo del plugin <\/span><a class=\"cc-1rn59kg\" title=\"https:\/\/www.greengeeks.com\/tutorials\/transition-slider-wordpress\/\" href=\"https:\/\/www.greengeeks.com\/tutorials\/transition-slider-wordpress\/\" data-testid=\"link-with-safety\" data-renderer-mark=\"true\"><strong data-renderer-mark=\"true\">cliccando qui<\/strong>. <\/a><\/p><p data-renderer-start-pos=\"1458\"><span class=\"fabric-text-color-mark\" data-renderer-mark=\"true\" data-text-custom-color=\"#403294\">Pu\u00f2 anche inserire dei moduli di contatto tramite il plugin <\/span><strong data-renderer-mark=\"true\"><span class=\"fabric-text-color-mark\" data-renderer-mark=\"true\" data-text-custom-color=\"#403294\">Wp-Forms, <\/span><\/strong><a class=\"cc-1rn59kg\" title=\"https:\/\/wpforms.com\/docs\/creating-first-form\/\" href=\"https:\/\/wpforms.com\/docs\/creating-first-form\/\" data-testid=\"link-with-safety\" data-renderer-mark=\"true\"><strong data-renderer-mark=\"true\">cliccando qui <\/strong><\/a><span class=\"fabric-text-color-mark\" data-renderer-mark=\"true\" data-text-custom-color=\"#403294\">pu\u00f2 leggere un interessante tutorial.<\/span><\/p>\t\t\t\t\t\t\t\t<\/div>\n\t\t\t\t<\/div>\n\t\t\t\t\t<\/div>\n\t\t<\/div>\n\t\t\t\t<div class=\"elementor-column elementor-col-50 elementor-top-column elementor-element elementor-element-9d106e9\" data-id=\"9d106e9\" data-element_type=\"column\" data-e-type=\"column\" data-settings=\"{&quot;background_background&quot;:&quot;classic&quot;}\">\n\t\t\t<div class=\"elementor-widget-wrap elementor-element-populated\">\n\t\t\t\t\t\t<div class=\"elementor-element elementor-element-efcf6f2 elementor-widget elementor-widget-sidebar\" data-id=\"efcf6f2\" data-element_type=\"widget\" data-e-type=\"widget\" data-widget_type=\"sidebar.default\">\n\t\t\t\t<div class=\"elementor-widget-container\">\n\t\t\t\t\t<section id=\"nav_menu-2\" class=\"widget widget_nav_menu\"><nav class=\"menu-menu-principale-container\" aria-label=\"Menu\"><ul id=\"menu-menu-principale\" class=\"menu\"><li id=\"menu-item-1479\" class=\"menu-item menu-item-type-post_type menu-item-object-page menu-item-has-children menu-item-1479\"><a href=\"https:\/\/portale2.unime.it\/unimetis\/guida-2\/\">GUIDA<\/a>\n<ul class=\"sub-menu\">\n\t<li id=\"menu-item-1652\" class=\"menu-item menu-item-type-post_type menu-item-object-page menu-item-has-children menu-item-1652\"><a href=\"https:\/\/portale2.unime.it\/unimetis\/guida-2\/guida\/\">Guida per editori<\/a>\n\t<ul class=\"sub-menu\">\n\t\t<li id=\"menu-item-1480\" class=\"menu-item menu-item-type-post_type menu-item-object-page menu-item-1480\"><a href=\"https:\/\/portale2.unime.it\/unimetis\/guida-2\/guida\/wordpress-premessa\/\">WordPress Premessa<\/a><\/li>\n\t\t<li id=\"menu-item-1482\" class=\"menu-item menu-item-type-post_type menu-item-object-page menu-item-1482\"><a href=\"https:\/\/portale2.unime.it\/unimetis\/guida-2\/guida\/step-1-2\/\">STEP 1<\/a><\/li>\n\t\t<li id=\"menu-item-1483\" class=\"menu-item menu-item-type-post_type menu-item-object-page menu-item-1483\"><a href=\"https:\/\/portale2.unime.it\/unimetis\/guida-2\/guida\/step-2\/\">STEP 2<\/a><\/li>\n\t\t<li id=\"menu-item-1481\" class=\"menu-item menu-item-type-post_type menu-item-object-page menu-item-1481\"><a href=\"https:\/\/portale2.unime.it\/unimetis\/guida-2\/guida\/step-3\/\">STEP 3<\/a><\/li>\n\t\t<li id=\"menu-item-1484\" class=\"menu-item menu-item-type-post_type menu-item-object-page menu-item-1484\"><a href=\"https:\/\/portale2.unime.it\/unimetis\/guida-2\/guida\/step-4\/\">STEP 4<\/a><\/li>\n\t\t<li id=\"menu-item-1485\" class=\"menu-item menu-item-type-post_type menu-item-object-page menu-item-1485\"><a href=\"https:\/\/portale2.unime.it\/unimetis\/guida-2\/guida\/step-5\/\">STEP 5<\/a><\/li>\n\t\t<li id=\"menu-item-1486\" class=\"menu-item menu-item-type-post_type menu-item-object-page menu-item-1486\"><a href=\"https:\/\/portale2.unime.it\/unimetis\/guida-2\/guida\/step-6\/\">STEP 6<\/a><\/li>\n\t<\/ul>\n<\/li>\n\t<li id=\"menu-item-1655\" class=\"menu-item menu-item-type-post_type menu-item-object-page menu-item-1655\"><a href=\"https:\/\/portale2.unime.it\/unimetis\/guida-2\/guida\/modello-convegno\/\">MODELLO CONVEGNO<\/a><\/li>\n\t<li id=\"menu-item-1654\" class=\"menu-item menu-item-type-post_type menu-item-object-page menu-item-1654\"><a href=\"https:\/\/portale2.unime.it\/unimetis\/guida-2\/guida-per-amministratori\/\">Guida per amministratori<\/a><\/li>\n<\/ul>\n<\/li>\n<li id=\"menu-item-1635\" class=\"menu-item menu-item-type-post_type menu-item-object-page menu-item-1635\"><a href=\"https:\/\/portale2.unime.it\/unimetis\/siti-realizzati\/\">SITI REALIZZATI<\/a><\/li>\n<\/ul><\/nav><\/section>\t\t\t\t<\/div>\n\t\t\t\t<\/div>\n\t\t\t\t\t<\/div>\n\t\t<\/div>\n\t\t\t\t\t<\/div>\n\t\t<\/section>\n\t\t\t\t<\/div>\n\t\t","protected":false},"excerpt":{"rendered":"<p>Se sta leggendo questa guida, allora ha gi\u00e0 utilizzato WordPress. Le abbiamo attivato un account Amministratore per fare in modo che possa anche lavorare sul template, attivare plugin che abbiamo installato, aggiungere sezioni all\u2019interno delle pagine, aggiungere pagine, inserire menu, etc. \u00a0 Per la costruzione delle pagine abbiamo utilizzato il Page Builder Elementor. Un plugin&hellip; <a class=\"more-link\" href=\"https:\/\/portale2.unime.it\/unimetis\/guida-2\/guida-per-amministratori\/\">Continua a leggere <span class=\"screen-reader-text\">Guida per amministratori<\/span><\/a><\/p>\n","protected":false},"author":1,"featured_media":0,"parent":160,"menu_order":0,"comment_status":"closed","ping_status":"closed","template":"elementor_header_footer","meta":{"_acf_changed":false,"footnotes":""},"class_list":["post-1646","page","type-page","status-publish","hentry","entry"],"yoast_head":"<!-- This site is optimized with the Yoast SEO plugin v27.3 - https:\/\/yoast.com\/product\/yoast-seo-wordpress\/ -->\n<title>Guida per amministratori - UniMetis<\/title>\n<meta name=\"robots\" content=\"index, follow, max-snippet:-1, max-image-preview:large, max-video-preview:-1\" \/>\n<link rel=\"canonical\" href=\"https:\/\/portale2.unime.it\/unimetis\/guida-2\/guida-per-amministratori\/\" \/>\n<meta property=\"og:locale\" content=\"it_IT\" \/>\n<meta property=\"og:type\" content=\"article\" \/>\n<meta property=\"og:title\" content=\"Guida per amministratori - UniMetis\" \/>\n<meta property=\"og:description\" content=\"Se sta leggendo questa guida, allora ha gi\u00e0 utilizzato WordPress. Le abbiamo attivato un account Amministratore per fare in modo che possa anche lavorare sul template, attivare plugin che abbiamo installato, aggiungere sezioni all\u2019interno delle pagine, aggiungere pagine, inserire menu, etc. \u00a0 Per la costruzione delle pagine abbiamo utilizzato il Page Builder Elementor. Un plugin&hellip; Continua a leggere Guida per amministratori\" \/>\n<meta property=\"og:url\" content=\"https:\/\/portale2.unime.it\/unimetis\/guida-2\/guida-per-amministratori\/\" \/>\n<meta property=\"og:site_name\" content=\"UniMetis\" \/>\n<meta property=\"article:modified_time\" content=\"2024-05-17T08:38:22+00:00\" \/>\n<meta property=\"og:image\" content=\"https:\/\/portale2.unime.it\/unimetis\/wp-content\/uploads\/sites\/33\/2024\/05\/c8e260db-7cca-49c6-bda5-de804ef65fb7-1024x396.jpg\" \/>\n<meta name=\"twitter:card\" content=\"summary_large_image\" \/>\n<meta name=\"twitter:label1\" content=\"Tempo di lettura stimato\" \/>\n\t<meta name=\"twitter:data1\" content=\"2 minuti\" \/>\n<script type=\"application\/ld+json\" class=\"yoast-schema-graph\">{\"@context\":\"https:\\\/\\\/schema.org\",\"@graph\":[{\"@type\":\"WebPage\",\"@id\":\"https:\\\/\\\/portale2.unime.it\\\/unimetis\\\/guida-2\\\/guida-per-amministratori\\\/\",\"url\":\"https:\\\/\\\/portale2.unime.it\\\/unimetis\\\/guida-2\\\/guida-per-amministratori\\\/\",\"name\":\"Guida per amministratori - UniMetis\",\"isPartOf\":{\"@id\":\"https:\\\/\\\/unimetis.unime.it\\\/#website\"},\"primaryImageOfPage\":{\"@id\":\"https:\\\/\\\/portale2.unime.it\\\/unimetis\\\/guida-2\\\/guida-per-amministratori\\\/#primaryimage\"},\"image\":{\"@id\":\"https:\\\/\\\/portale2.unime.it\\\/unimetis\\\/guida-2\\\/guida-per-amministratori\\\/#primaryimage\"},\"thumbnailUrl\":\"https:\\\/\\\/portale2.unime.it\\\/unimetis\\\/wp-content\\\/uploads\\\/sites\\\/33\\\/2024\\\/05\\\/c8e260db-7cca-49c6-bda5-de804ef65fb7-1024x396.jpg\",\"datePublished\":\"2024-05-17T08:35:42+00:00\",\"dateModified\":\"2024-05-17T08:38:22+00:00\",\"breadcrumb\":{\"@id\":\"https:\\\/\\\/portale2.unime.it\\\/unimetis\\\/guida-2\\\/guida-per-amministratori\\\/#breadcrumb\"},\"inLanguage\":\"it-IT\",\"potentialAction\":[{\"@type\":\"ReadAction\",\"target\":[\"https:\\\/\\\/portale2.unime.it\\\/unimetis\\\/guida-2\\\/guida-per-amministratori\\\/\"]}]},{\"@type\":\"ImageObject\",\"inLanguage\":\"it-IT\",\"@id\":\"https:\\\/\\\/portale2.unime.it\\\/unimetis\\\/guida-2\\\/guida-per-amministratori\\\/#primaryimage\",\"url\":\"https:\\\/\\\/portale2.unime.it\\\/unimetis\\\/wp-content\\\/uploads\\\/sites\\\/33\\\/2024\\\/05\\\/c8e260db-7cca-49c6-bda5-de804ef65fb7.jpg\",\"contentUrl\":\"https:\\\/\\\/portale2.unime.it\\\/unimetis\\\/wp-content\\\/uploads\\\/sites\\\/33\\\/2024\\\/05\\\/c8e260db-7cca-49c6-bda5-de804ef65fb7.jpg\",\"width\":1200,\"height\":464},{\"@type\":\"BreadcrumbList\",\"@id\":\"https:\\\/\\\/portale2.unime.it\\\/unimetis\\\/guida-2\\\/guida-per-amministratori\\\/#breadcrumb\",\"itemListElement\":[{\"@type\":\"ListItem\",\"position\":1,\"name\":\"Home\",\"item\":\"https:\\\/\\\/portale2.unime.it\\\/unimetis\\\/\"},{\"@type\":\"ListItem\",\"position\":2,\"name\":\"Guida\",\"item\":\"https:\\\/\\\/portale2.unime.it\\\/unimetis\\\/guida-2\\\/\"},{\"@type\":\"ListItem\",\"position\":3,\"name\":\"Guida per amministratori\"}]},{\"@type\":\"WebSite\",\"@id\":\"https:\\\/\\\/unimetis.unime.it\\\/#website\",\"url\":\"https:\\\/\\\/unimetis.unime.it\\\/\",\"name\":\"UniMetis\",\"description\":\"\",\"publisher\":{\"@id\":\"https:\\\/\\\/unimetis.unime.it\\\/#organization\"},\"potentialAction\":[{\"@type\":\"SearchAction\",\"target\":{\"@type\":\"EntryPoint\",\"urlTemplate\":\"https:\\\/\\\/unimetis.unime.it\\\/?s={search_term_string}\"},\"query-input\":{\"@type\":\"PropertyValueSpecification\",\"valueRequired\":true,\"valueName\":\"search_term_string\"}}],\"inLanguage\":\"it-IT\"},{\"@type\":\"Organization\",\"@id\":\"https:\\\/\\\/unimetis.unime.it\\\/#organization\",\"name\":\"UniMetis\",\"url\":\"https:\\\/\\\/unimetis.unime.it\\\/\",\"logo\":{\"@type\":\"ImageObject\",\"inLanguage\":\"it-IT\",\"@id\":\"https:\\\/\\\/unimetis.unime.it\\\/#\\\/schema\\\/logo\\\/image\\\/\",\"url\":\"https:\\\/\\\/portale2.unime.it\\\/unimetis\\\/wp-content\\\/uploads\\\/sites\\\/33\\\/2022\\\/12\\\/unimetis.png\",\"contentUrl\":\"https:\\\/\\\/portale2.unime.it\\\/unimetis\\\/wp-content\\\/uploads\\\/sites\\\/33\\\/2022\\\/12\\\/unimetis.png\",\"width\":510,\"height\":269,\"caption\":\"UniMetis\"},\"image\":{\"@id\":\"https:\\\/\\\/unimetis.unime.it\\\/#\\\/schema\\\/logo\\\/image\\\/\"}}]}<\/script>\n<!-- \/ Yoast SEO plugin. -->","yoast_head_json":{"title":"Guida per amministratori - UniMetis","robots":{"index":"index","follow":"follow","max-snippet":"max-snippet:-1","max-image-preview":"max-image-preview:large","max-video-preview":"max-video-preview:-1"},"canonical":"https:\/\/portale2.unime.it\/unimetis\/guida-2\/guida-per-amministratori\/","og_locale":"it_IT","og_type":"article","og_title":"Guida per amministratori - UniMetis","og_description":"Se sta leggendo questa guida, allora ha gi\u00e0 utilizzato WordPress. Le abbiamo attivato un account Amministratore per fare in modo che possa anche lavorare sul template, attivare plugin che abbiamo installato, aggiungere sezioni all\u2019interno delle pagine, aggiungere pagine, inserire menu, etc. \u00a0 Per la costruzione delle pagine abbiamo utilizzato il Page Builder Elementor. Un plugin&hellip; Continua a leggere Guida per amministratori","og_url":"https:\/\/portale2.unime.it\/unimetis\/guida-2\/guida-per-amministratori\/","og_site_name":"UniMetis","article_modified_time":"2024-05-17T08:38:22+00:00","og_image":[{"url":"https:\/\/portale2.unime.it\/unimetis\/wp-content\/uploads\/sites\/33\/2024\/05\/c8e260db-7cca-49c6-bda5-de804ef65fb7-1024x396.jpg","type":"","width":"","height":""}],"twitter_card":"summary_large_image","twitter_misc":{"Tempo di lettura stimato":"2 minuti"},"schema":{"@context":"https:\/\/schema.org","@graph":[{"@type":"WebPage","@id":"https:\/\/portale2.unime.it\/unimetis\/guida-2\/guida-per-amministratori\/","url":"https:\/\/portale2.unime.it\/unimetis\/guida-2\/guida-per-amministratori\/","name":"Guida per amministratori - UniMetis","isPartOf":{"@id":"https:\/\/unimetis.unime.it\/#website"},"primaryImageOfPage":{"@id":"https:\/\/portale2.unime.it\/unimetis\/guida-2\/guida-per-amministratori\/#primaryimage"},"image":{"@id":"https:\/\/portale2.unime.it\/unimetis\/guida-2\/guida-per-amministratori\/#primaryimage"},"thumbnailUrl":"https:\/\/portale2.unime.it\/unimetis\/wp-content\/uploads\/sites\/33\/2024\/05\/c8e260db-7cca-49c6-bda5-de804ef65fb7-1024x396.jpg","datePublished":"2024-05-17T08:35:42+00:00","dateModified":"2024-05-17T08:38:22+00:00","breadcrumb":{"@id":"https:\/\/portale2.unime.it\/unimetis\/guida-2\/guida-per-amministratori\/#breadcrumb"},"inLanguage":"it-IT","potentialAction":[{"@type":"ReadAction","target":["https:\/\/portale2.unime.it\/unimetis\/guida-2\/guida-per-amministratori\/"]}]},{"@type":"ImageObject","inLanguage":"it-IT","@id":"https:\/\/portale2.unime.it\/unimetis\/guida-2\/guida-per-amministratori\/#primaryimage","url":"https:\/\/portale2.unime.it\/unimetis\/wp-content\/uploads\/sites\/33\/2024\/05\/c8e260db-7cca-49c6-bda5-de804ef65fb7.jpg","contentUrl":"https:\/\/portale2.unime.it\/unimetis\/wp-content\/uploads\/sites\/33\/2024\/05\/c8e260db-7cca-49c6-bda5-de804ef65fb7.jpg","width":1200,"height":464},{"@type":"BreadcrumbList","@id":"https:\/\/portale2.unime.it\/unimetis\/guida-2\/guida-per-amministratori\/#breadcrumb","itemListElement":[{"@type":"ListItem","position":1,"name":"Home","item":"https:\/\/portale2.unime.it\/unimetis\/"},{"@type":"ListItem","position":2,"name":"Guida","item":"https:\/\/portale2.unime.it\/unimetis\/guida-2\/"},{"@type":"ListItem","position":3,"name":"Guida per amministratori"}]},{"@type":"WebSite","@id":"https:\/\/unimetis.unime.it\/#website","url":"https:\/\/unimetis.unime.it\/","name":"UniMetis","description":"","publisher":{"@id":"https:\/\/unimetis.unime.it\/#organization"},"potentialAction":[{"@type":"SearchAction","target":{"@type":"EntryPoint","urlTemplate":"https:\/\/unimetis.unime.it\/?s={search_term_string}"},"query-input":{"@type":"PropertyValueSpecification","valueRequired":true,"valueName":"search_term_string"}}],"inLanguage":"it-IT"},{"@type":"Organization","@id":"https:\/\/unimetis.unime.it\/#organization","name":"UniMetis","url":"https:\/\/unimetis.unime.it\/","logo":{"@type":"ImageObject","inLanguage":"it-IT","@id":"https:\/\/unimetis.unime.it\/#\/schema\/logo\/image\/","url":"https:\/\/portale2.unime.it\/unimetis\/wp-content\/uploads\/sites\/33\/2022\/12\/unimetis.png","contentUrl":"https:\/\/portale2.unime.it\/unimetis\/wp-content\/uploads\/sites\/33\/2022\/12\/unimetis.png","width":510,"height":269,"caption":"UniMetis"},"image":{"@id":"https:\/\/unimetis.unime.it\/#\/schema\/logo\/image\/"}}]}},"acf":[],"_links":{"self":[{"href":"https:\/\/portale2.unime.it\/unimetis\/wp-json\/wp\/v2\/pages\/1646","targetHints":{"allow":["GET"]}}],"collection":[{"href":"https:\/\/portale2.unime.it\/unimetis\/wp-json\/wp\/v2\/pages"}],"about":[{"href":"https:\/\/portale2.unime.it\/unimetis\/wp-json\/wp\/v2\/types\/page"}],"author":[{"embeddable":true,"href":"https:\/\/portale2.unime.it\/unimetis\/wp-json\/wp\/v2\/users\/1"}],"replies":[{"embeddable":true,"href":"https:\/\/portale2.unime.it\/unimetis\/wp-json\/wp\/v2\/comments?post=1646"}],"version-history":[{"count":4,"href":"https:\/\/portale2.unime.it\/unimetis\/wp-json\/wp\/v2\/pages\/1646\/revisions"}],"predecessor-version":[{"id":1651,"href":"https:\/\/portale2.unime.it\/unimetis\/wp-json\/wp\/v2\/pages\/1646\/revisions\/1651"}],"up":[{"embeddable":true,"href":"https:\/\/portale2.unime.it\/unimetis\/wp-json\/wp\/v2\/pages\/160"}],"wp:attachment":[{"href":"https:\/\/portale2.unime.it\/unimetis\/wp-json\/wp\/v2\/media?parent=1646"}],"curies":[{"name":"wp","href":"https:\/\/api.w.org\/{rel}","templated":true}]}}